{"id":8366,"date":"2021-04-19T00:09:59","date_gmt":"2021-04-18T22:09:59","guid":{"rendered":"https:\/\/revertia.com\/?page_id=8366"},"modified":"2025-10-08T13:07:53","modified_gmt":"2025-10-08T11:07:53","slug":"calcula-tu-huella-de-carbono","status":"publish","type":"page","link":"https:\/\/revertia.com\/pt\/calcula-tu-huella-de-carbono\/","title":{"rendered":"Calcule sua pegada de carbono"},"content":{"rendered":"<p>[vc_row full_width=&#8221;stretch_row&#8221; css=&#8221;.vc_custom_1705998002804{margin-bottom: -25px !important;padding-top: 50px !important;padding-bottom: 100px !important;background-image: url(https:\/\/revertia.com\/wp-content\/uploads\/2024\/01\/HUELLA_3.png?id=29081) !important;background-position: center !important;background-repeat: no-repeat !important;background-size: cover !important;}&#8221;][vc_column][vc_single_image image=&#8221;8388&#8243; img_size=&#8221;full&#8221; css=&#8221;.vc_custom_1684497689450{background-position: center !important;background-repeat: no-repeat !important;background-size: cover !important;}&#8221;][vc_row_inner][vc_column_inner width=&#8221;2\/3&#8243; css=&#8221;.vc_custom_1705998019192{padding-right: 35px !important;background-position: center !important;background-repeat: no-repeat !important;background-size: contain !important;}&#8221;][vc_custom_heading text=&#8221;Um \u00fanico equipamento inform\u00e1tico reutilizado evita a emiss\u00e3o de 191 kg de CO2 na atmosfera&#8221; font_container=&#8221;tag:p|font_size:16|text_align:left|color:%23ffffff&#8221; google_fonts=&#8221;font_family:Raleway%3A100%2C200%2C300%2Cregular%2C500%2C600%2C700%2C800%2C900|font_style:400%20regular%3A400%3Anormal&#8221; css_animation=&#8221;fadeIn&#8221;][vc_custom_heading text=&#8221;CALCULE SUA PEGADA DE CARBONO&#8221; font_container=&#8221;tag:h1|font_size:40|text_align:left|color:%23ffffff&#8221; google_fonts=&#8221;font_family:Raleway%3A100%2C200%2C300%2Cregular%2C500%2C600%2C700%2C800%2C900|font_style:400%20regular%3A400%3Anormal&#8221; css_animation=&#8221;fadeIn&#8221;][vc_custom_heading text=&#8221;Quer saber quantos quilos de CO2 evitaria emitir para a atmosfera com uma gest\u00e3o respons\u00e1vel dos seus REEE?&#8221; font_container=&#8221;tag:h2|font_size:35|text_align:left|color:%23ffffff&#8221; google_fonts=&#8221;font_family:Raleway%3A100%2C200%2C300%2Cregular%2C500%2C600%2C700%2C800%2C900|font_style:400%20regular%3A400%3Anormal&#8221; css_animation=&#8221;fadeIn&#8221;][vc_empty_space height=&#8221;50&#8243;][vc_empty_space height=&#8221;50&#8243;][\/vc_column_inner][vc_column_inner width=&#8221;1\/3&#8243; css=&#8221;.vc_custom_1705568131164{margin-top: -50px !important;margin-bottom: -50px !important;border-top-width: 3px !important;border-right-width: 3px !important;border-bottom-width: 3px !important;border-left-width: 3px !important;background-color: rgba(255,255,255,0.73) !important;background-position: center !important;background-repeat: no-repeat !important;background-size: cover !important;*background-color: rgb(255,255,255) !important;border-radius: 10px !important;}&#8221;][vc_single_image image=&#8221;29082&#8243; img_size=&#8221;200&#215;200&#8243; alignment=&#8221;center&#8221;][vc_empty_space height=&#8221;20&#8243;][vc_column_text]<\/p>\n<p style=\"text-align: center;\"><a href=\"https:\/\/revertia.com\/es\/calcula-tu-huella-de-carbono\/\" target=\"_blank\" rel=\"noopener noreferrer\">Dispon\u00edvel apenas em espanhol<\/a><\/p>\n<p>[\/vc_column_text][\/vc_column_inner][\/vc_row_inner][vc_empty_space height=&#8221;30&#8243;][\/vc_column][\/vc_row]<\/p>","protected":false},"excerpt":{"rendered":"<p>[vc_row full_width=&#8221;stretch_row&#8221; css=&#8221;.vc_custom_1705998002804{margin-bottom: -25px !important;padding-top: 50px !important;padding-bottom: 100px !important;background-image: url(https:\/\/revertia.com\/wp-content\/uploads\/2024\/01\/HUELLA_3.png?id=29081) !important;background-position: center !important;background-repeat: no-repeat !important;background-size: cover !important;}&#8221;][vc_column][vc_single_image image=&#8221;8388&#8243; img_size=&#8221;full&#8221; css=&#8221;.vc_custom_1684497689450{background-position: center !important;background-repeat: no-repeat !important;background-size: cover !important;}&#8221;][vc_row_inner][vc_column_inner width=&#8221;2\/3&#8243; css=&#8221;.vc_custom_1705998019192{padding-right: 35px !important;background-position: center !important;background-repeat: no-repeat !important;background-size: contain !important;}&#8221;][vc_custom_heading text=&#8221;Um \u00fanico equipamento inform\u00e1tico reutilizado evita a emiss\u00e3o de 191 kg de CO2 na atmosfera&#8221; font_container=&#8221;tag:p|font_size:16|text_align:left|color:%23ffffff&#8221; google_fonts=&#8221;font_family:Raleway%3A100%2C200%2C300%2Cregular%2C500%2C600%2C700%2C800%2C900|font_style:400%20regular%3A400%3Anormal&#8221; css_animation=&#8221;fadeIn&#8221;][vc_custom_heading text=&#8221;CALCULE [&hellip;]<\/p>\n","protected":false},"author":3,"featured_media":29082,"parent":0,"menu_order":0,"comment_status":"closed","ping_status":"closed","template":"","meta":{"_acf_changed":false,"inline_featured_image":false,"footnotes":""},"acf":[],"yoast_head":"<!-- This site is optimized with the Yoast SEO plugin v22.8 - https:\/\/yoast.com\/wordpress\/plugins\/seo\/ -->\n<title>Calcula tu huella de carbono, \u00bfcu\u00e1nto CO2 emites a la atm\u00f3sfera?<\/title>\n<meta name=\"description\" content=\"\u00bfQuieres saber cu\u00e1ntos kilos de CO2 evitar\u00edas emitir a la atm\u00f3sfera con una gesti\u00f3n responsable de tus RAEES?\" \/>\n<meta name=\"robots\" content=\"index, follow, max-snippet:-1, max-image-preview:large, max-video-preview:-1\" \/>\n<link rel=\"canonical\" href=\"https:\/\/revertia.com\/calcula-tu-huella-de-carbono\/\" \/>\n<meta property=\"og:locale\" content=\"pt_PT\" \/>\n<meta property=\"og:type\" content=\"article\" \/>\n<meta property=\"og:title\" content=\"Calcula tu huella de carbono\" \/>\n<meta property=\"og:description\" content=\"\u00bfQuieres saber cu\u00e1ntos kilos de CO2 evitar\u00edas emitir a la atm\u00f3sfera con una gesti\u00f3n responsable de tus RAEES?\" \/>\n<meta property=\"og:url\" content=\"https:\/\/revertia.com\/calcula-tu-huella-de-carbono\/\" \/>\n<meta property=\"og:site_name\" content=\"Revertia\" \/>\n<meta property=\"article:publisher\" content=\"https:\/\/www.facebook.com\/revertiaresiduos\/\" \/>\n<meta property=\"article:modified_time\" content=\"2025-10-08T11:07:53+00:00\" \/>\n<meta property=\"og:image\" content=\"https:\/\/revertia.com\/wp-content\/uploads\/2024\/01\/sello_huella_carbono.png\" \/>\n\t<meta property=\"og:image:width\" content=\"711\" \/>\n\t<meta property=\"og:image:height\" content=\"766\" \/>\n\t<meta property=\"og:image:type\" content=\"image\/png\" \/>\n<meta name=\"twitter:card\" content=\"summary_large_image\" \/>\n<meta name=\"twitter:title\" content=\"Calcula tu huella de carbono\" \/>\n<meta name=\"twitter:description\" content=\"\u00bfCu\u00e1nto CO2 emites a la atm\u00f3sfera?\" \/>\n<meta name=\"twitter:image\" content=\"https:\/\/revertia.com\/wp-content\/uploads\/2024\/01\/sello_huella_carbono.png\" \/>\n<meta name=\"twitter:site\" content=\"@revertia\" \/>\n<meta name=\"twitter:label1\" content=\"Tempo estimado de leitura\" \/>\n\t<meta name=\"twitter:data1\" content=\"2 minutos\" \/>\n<script type=\"application\/ld+json\" class=\"yoast-schema-graph\">{\"@context\":\"https:\/\/schema.org\",\"@graph\":[{\"@type\":\"WebPage\",\"@id\":\"https:\/\/revertia.com\/calcula-tu-huella-de-carbono\/\",\"url\":\"https:\/\/revertia.com\/calcula-tu-huella-de-carbono\/\",\"name\":\"Calcula tu huella de carbono, \u00bfcu\u00e1nto CO2 emites a la atm\u00f3sfera?\",\"isPartOf\":{\"@id\":\"https:\/\/revertia.com\/es\/#website\"},\"primaryImageOfPage\":{\"@id\":\"https:\/\/revertia.com\/calcula-tu-huella-de-carbono\/#primaryimage\"},\"image\":{\"@id\":\"https:\/\/revertia.com\/calcula-tu-huella-de-carbono\/#primaryimage\"},\"thumbnailUrl\":\"https:\/\/revertia.com\/wp-content\/uploads\/2024\/01\/sello_huella_carbono.png\",\"datePublished\":\"2021-04-18T22:09:59+00:00\",\"dateModified\":\"2025-10-08T11:07:53+00:00\",\"description\":\"\u00bfQuieres saber cu\u00e1ntos kilos de CO2 evitar\u00edas emitir a la atm\u00f3sfera con una gesti\u00f3n responsable de tus RAEES?\",\"breadcrumb\":{\"@id\":\"https:\/\/revertia.com\/calcula-tu-huella-de-carbono\/#breadcrumb\"},\"inLanguage\":\"pt-PT\",\"potentialAction\":[{\"@type\":\"ReadAction\",\"target\":[\"https:\/\/revertia.com\/calcula-tu-huella-de-carbono\/\"]}]},{\"@type\":\"ImageObject\",\"inLanguage\":\"pt-PT\",\"@id\":\"https:\/\/revertia.com\/calcula-tu-huella-de-carbono\/#primaryimage\",\"url\":\"https:\/\/revertia.com\/wp-content\/uploads\/2024\/01\/sello_huella_carbono.png\",\"contentUrl\":\"https:\/\/revertia.com\/wp-content\/uploads\/2024\/01\/sello_huella_carbono.png\",\"width\":711,\"height\":766},{\"@type\":\"BreadcrumbList\",\"@id\":\"https:\/\/revertia.com\/calcula-tu-huella-de-carbono\/#breadcrumb\",\"itemListElement\":[{\"@type\":\"ListItem\",\"position\":1,\"name\":\"Portada\",\"item\":\"https:\/\/revertia.com\/\"},{\"@type\":\"ListItem\",\"position\":2,\"name\":\"Calcula tu huella de carbono\"}]},{\"@type\":\"WebSite\",\"@id\":\"https:\/\/revertia.com\/es\/#website\",\"url\":\"https:\/\/revertia.com\/es\/\",\"name\":\"Revertia\",\"description\":\"\",\"publisher\":{\"@id\":\"https:\/\/revertia.com\/es\/#organization\"},\"potentialAction\":[{\"@type\":\"SearchAction\",\"target\":{\"@type\":\"EntryPoint\",\"urlTemplate\":\"https:\/\/revertia.com\/es\/?s={search_term_string}\"},\"query-input\":\"required name=search_term_string\"}],\"inLanguage\":\"pt-PT\"},{\"@type\":\"Organization\",\"@id\":\"https:\/\/revertia.com\/es\/#organization\",\"name\":\"Revertia\",\"url\":\"https:\/\/revertia.com\/es\/\",\"logo\":{\"@type\":\"ImageObject\",\"inLanguage\":\"pt-PT\",\"@id\":\"https:\/\/revertia.com\/es\/#\/schema\/logo\/image\/\",\"url\":\"https:\/\/revertia.com\/wp-content\/uploads\/2018\/08\/logo-revertia.png\",\"contentUrl\":\"https:\/\/revertia.com\/wp-content\/uploads\/2018\/08\/logo-revertia.png\",\"width\":199,\"height\":38,\"caption\":\"Revertia\"},\"image\":{\"@id\":\"https:\/\/revertia.com\/es\/#\/schema\/logo\/image\/\"},\"sameAs\":[\"https:\/\/www.facebook.com\/revertiaresiduos\/\",\"https:\/\/x.com\/revertia\",\"https:\/\/www.linkedin.com\/company\/revertia\",\"https:\/\/www.youtube.com\/user\/revertia\"]}]}<\/script>\n<!-- \/ Yoast SEO plugin. -->","yoast_head_json":{"title":"Calcula tu huella de carbono, \u00bfcu\u00e1nto CO2 emites a la atm\u00f3sfera?","description":"\u00bfQuieres saber cu\u00e1ntos kilos de CO2 evitar\u00edas emitir a la atm\u00f3sfera con una gesti\u00f3n responsable de tus RAEES?","robots":{"index":"index","follow":"follow","max-snippet":"max-snippet:-1","max-image-preview":"max-image-preview:large","max-video-preview":"max-video-preview:-1"},"canonical":"https:\/\/revertia.com\/calcula-tu-huella-de-carbono\/","og_locale":"pt_PT","og_type":"article","og_title":"Calcula tu huella de carbono","og_description":"\u00bfQuieres saber cu\u00e1ntos kilos de CO2 evitar\u00edas emitir a la atm\u00f3sfera con una gesti\u00f3n responsable de tus RAEES?","og_url":"https:\/\/revertia.com\/calcula-tu-huella-de-carbono\/","og_site_name":"Revertia","article_publisher":"https:\/\/www.facebook.com\/revertiaresiduos\/","article_modified_time":"2025-10-08T11:07:53+00:00","og_image":[{"width":711,"height":766,"url":"https:\/\/revertia.com\/wp-content\/uploads\/2024\/01\/sello_huella_carbono.png","type":"image\/png"}],"twitter_card":"summary_large_image","twitter_title":"Calcula tu huella de carbono","twitter_description":"\u00bfCu\u00e1nto CO2 emites a la atm\u00f3sfera?","twitter_image":"https:\/\/revertia.com\/wp-content\/uploads\/2024\/01\/sello_huella_carbono.png","twitter_site":"@revertia","twitter_misc":{"Tempo estimado de leitura":"2 minutos"},"schema":{"@context":"https:\/\/schema.org","@graph":[{"@type":"WebPage","@id":"https:\/\/revertia.com\/calcula-tu-huella-de-carbono\/","url":"https:\/\/revertia.com\/calcula-tu-huella-de-carbono\/","name":"Calcula tu huella de carbono, \u00bfcu\u00e1nto CO2 emites a la atm\u00f3sfera?","isPartOf":{"@id":"https:\/\/revertia.com\/es\/#website"},"primaryImageOfPage":{"@id":"https:\/\/revertia.com\/calcula-tu-huella-de-carbono\/#primaryimage"},"image":{"@id":"https:\/\/revertia.com\/calcula-tu-huella-de-carbono\/#primaryimage"},"thumbnailUrl":"https:\/\/revertia.com\/wp-content\/uploads\/2024\/01\/sello_huella_carbono.png","datePublished":"2021-04-18T22:09:59+00:00","dateModified":"2025-10-08T11:07:53+00:00","description":"\u00bfQuieres saber cu\u00e1ntos kilos de CO2 evitar\u00edas emitir a la atm\u00f3sfera con una gesti\u00f3n responsable de tus RAEES?","breadcrumb":{"@id":"https:\/\/revertia.com\/calcula-tu-huella-de-carbono\/#breadcrumb"},"inLanguage":"pt-PT","potentialAction":[{"@type":"ReadAction","target":["https:\/\/revertia.com\/calcula-tu-huella-de-carbono\/"]}]},{"@type":"ImageObject","inLanguage":"pt-PT","@id":"https:\/\/revertia.com\/calcula-tu-huella-de-carbono\/#primaryimage","url":"https:\/\/revertia.com\/wp-content\/uploads\/2024\/01\/sello_huella_carbono.png","contentUrl":"https:\/\/revertia.com\/wp-content\/uploads\/2024\/01\/sello_huella_carbono.png","width":711,"height":766},{"@type":"BreadcrumbList","@id":"https:\/\/revertia.com\/calcula-tu-huella-de-carbono\/#breadcrumb","itemListElement":[{"@type":"ListItem","position":1,"name":"Portada","item":"https:\/\/revertia.com\/"},{"@type":"ListItem","position":2,"name":"Calcula tu huella de carbono"}]},{"@type":"WebSite","@id":"https:\/\/revertia.com\/es\/#website","url":"https:\/\/revertia.com\/es\/","name":"Revertia","description":"","publisher":{"@id":"https:\/\/revertia.com\/es\/#organization"},"potentialAction":[{"@type":"SearchAction","target":{"@type":"EntryPoint","urlTemplate":"https:\/\/revertia.com\/es\/?s={search_term_string}"},"query-input":"required name=search_term_string"}],"inLanguage":"pt-PT"},{"@type":"Organization","@id":"https:\/\/revertia.com\/es\/#organization","name":"Revertia","url":"https:\/\/revertia.com\/es\/","logo":{"@type":"ImageObject","inLanguage":"pt-PT","@id":"https:\/\/revertia.com\/es\/#\/schema\/logo\/image\/","url":"https:\/\/revertia.com\/wp-content\/uploads\/2018\/08\/logo-revertia.png","contentUrl":"https:\/\/revertia.com\/wp-content\/uploads\/2018\/08\/logo-revertia.png","width":199,"height":38,"caption":"Revertia"},"image":{"@id":"https:\/\/revertia.com\/es\/#\/schema\/logo\/image\/"},"sameAs":["https:\/\/www.facebook.com\/revertiaresiduos\/","https:\/\/x.com\/revertia","https:\/\/www.linkedin.com\/company\/revertia","https:\/\/www.youtube.com\/user\/revertia"]}]}},"_links":{"self":[{"href":"https:\/\/revertia.com\/pt\/wp-json\/wp\/v2\/pages\/8366"}],"collection":[{"href":"https:\/\/revertia.com\/pt\/wp-json\/wp\/v2\/pages"}],"about":[{"href":"https:\/\/revertia.com\/pt\/wp-json\/wp\/v2\/types\/page"}],"author":[{"embeddable":true,"href":"https:\/\/revertia.com\/pt\/wp-json\/wp\/v2\/users\/3"}],"replies":[{"embeddable":true,"href":"https:\/\/revertia.com\/pt\/wp-json\/wp\/v2\/comments?post=8366"}],"version-history":[{"count":86,"href":"https:\/\/revertia.com\/pt\/wp-json\/wp\/v2\/pages\/8366\/revisions"}],"predecessor-version":[{"id":61423,"href":"https:\/\/revertia.com\/pt\/wp-json\/wp\/v2\/pages\/8366\/revisions\/61423"}],"wp:featuredmedia":[{"embeddable":true,"href":"https:\/\/revertia.com\/pt\/wp-json\/wp\/v2\/media\/29082"}],"wp:attachment":[{"href":"https:\/\/revertia.com\/pt\/wp-json\/wp\/v2\/media?parent=8366"}],"curies":[{"name":"wp","href":"https:\/\/api.w.org\/{rel}","templated":true}]}}