{"id":7314,"date":"2020-02-19T12:46:21","date_gmt":"2020-02-19T11:46:21","guid":{"rendered":"https:\/\/revertia.com\/?page_id=7314"},"modified":"2020-05-08T19:37:59","modified_gmt":"2020-05-08T17:37:59","slug":"declaracion-de-cookies","status":"publish","type":"page","link":"https:\/\/revertia.com\/pt\/declaracion-de-cookies\/","title":{"rendered":"Declara\u00e7\u00e3o de cookie"},"content":{"rendered":"<p><\/p>\n<h3 id=\"sobre-la-politica-de-privacidad\"><span>Sobre a pol\u00edtica de privacidade<\/span><\/h3>\n<div><span>Os cookies deste site s\u00e3o usados \u200b\u200bpara personalizar conte\u00fado e an\u00fancios, oferecer recursos de m\u00eddia social e analisar o tr\u00e1fego.\u00a0Al\u00e9m disso, compartilhamos informa\u00e7\u00f5es sobre o uso do site com nossos parceiros de m\u00eddia social, publicidade e an\u00e1lise da web, que podem combin\u00e1-lo com outras informa\u00e7\u00f5es que voc\u00ea forneceu ou coletou com o uso de seus servi\u00e7os.<\/span><\/div>\n<div><span>Seu consentimento se aplica aos seguintes dom\u00ednios: revertia.com<\/span><\/div>\n<h3 id=\"que-son-las-cookies\"><span>O que s\u00e3o cookies?<\/span><\/h3>\n<div>\n<p><span>Cookies s\u00e3o pequenos arquivos de texto que as p\u00e1ginas da Web podem usar para tornar a experi\u00eancia do usu\u00e1rio mais eficiente.\u00a0A lei estabelece que podemos armazenar cookies no seu dispositivo, se forem estritamente necess\u00e1rios para a opera\u00e7\u00e3o desta p\u00e1gina.\u00a0Para todos os outros tipos de cookies, precisamos da sua permiss\u00e3o.\u00a0Voc\u00ea pode alterar ou retirar seu consentimento a qualquer momento da Declara\u00e7\u00e3o de Cookies em nosso site.\u00a0Saiba mais sobre quem somos, como voc\u00ea pode entrar em contato conosco e como processamos dados pessoais em nossa Pol\u00edtica de Privacidade.\u00a0Ao entrar em contato conosco sobre o seu consentimento, indique o ID e a data do seu consentimento.<\/span><\/p>\n<\/div>\n<h3 id=\"como-usamos-las-cookies\"><span>Como usamos cookies?<\/span><\/h3>\n<div>\n<p><span>Esta p\u00e1gina usa diferentes tipos de cookies.\u00a0Alguns cookies s\u00e3o colocados por servi\u00e7os de terceiros que aparecem em nossas p\u00e1ginas.<\/span><\/p>\n<\/div>\n<h3 id=\"que-tipos-de-cookies-usamos\"><span>Que tipos de cookies usamos?<\/span><\/h3>\n<div>\n<p><strong><span>Necess\u00e1rio<\/span><\/strong><span>\u00a0: Os cookies necess\u00e1rios ajudam a tornar uma p\u00e1gina da web utiliz\u00e1vel, ativando fun\u00e7\u00f5es b\u00e1sicas, como navega\u00e7\u00e3o na p\u00e1gina e acesso a \u00e1reas seguras da p\u00e1gina.\u00a0O site n\u00e3o pode funcionar corretamente sem esses cookies.<\/span><\/p>\n<p><strong><span>Prefer\u00eancias<\/span><\/strong><span>\u00a0: os cookies de\u00a0<strong>prefer\u00eancia<\/strong>\u00a0permitem que o site lembre-se de informa\u00e7\u00f5es que alteram a forma como a p\u00e1gina se comporta ou a apar\u00eancia, como o idioma preferido ou a regi\u00e3o em que voc\u00ea est\u00e1 localizado.<\/span><\/p>\n<p><strong><span>Estat\u00edsticas<\/span><\/strong><span>\u00a0: os cookies\u00a0<strong>estat\u00edsticos<\/strong>\u00a0ajudam os propriet\u00e1rios de p\u00e1ginas da web a entender como os visitantes interagem com as p\u00e1ginas, coletando e fornecendo informa\u00e7\u00f5es anonimamente.<\/span><\/p>\n<p><strong><span>Marketing<\/span><\/strong><span>\u00a0: os cookies de\u00a0<strong>marketing<\/strong>\u00a0s\u00e3o usados \u200b\u200bpara rastrear visitantes nas p\u00e1ginas da web.\u00a0A inten\u00e7\u00e3o \u00e9 mostrar an\u00fancios relevantes e atraentes para o usu\u00e1rio individual e, portanto, mais valiosos para editores e anunciantes de terceiros.<\/span><\/p>\n<p><strong><span>N\u00e3o classificados<\/span><\/strong><span>\u00a0: cookies\u00a0<strong>n\u00e3o classificados<\/strong>\u00a0s\u00e3o cookies para os quais ainda estamos no processo de classifica\u00e7\u00e3o, junto com provedores de cookies individuais.<\/span><\/p>\n<p><span>Lista de cookies em nosso portal:<\/span><\/p>\n<\/div>\n<table class=\"cookielawinfo-row-cat-table cookielawinfo-classic\">\n<thead>\n<tr>\n<th class=\"cookielawinfo-column-1\"><span>BISCOITO<\/span><\/th>\n<th class=\"cookielawinfo-column-4\"><span>DESCRI\u00c7\u00c3O DO PRODUTO<\/span><\/th>\n<\/tr>\n<\/thead>\n<tbody>\n<tr class=\"cookielawinfo-row\">\n<td class=\"cookielawinfo-column-1\"><span>__qca<\/span><\/td>\n<td class=\"cookielawinfo-column-4\"><span>Ele coleta dados relacionados \u00e0s visitas do usu\u00e1rio ao site, como o n\u00famero de visitas, o tempo m\u00e9dio gasto no site e quais p\u00e1ginas foram carregadas, com o objetivo de gerar relat\u00f3rios para otimizar o conte\u00fado do site.<\/span><\/td>\n<\/tr>\n<tr class=\"cookielawinfo-row\">\n<td class=\"cookielawinfo-column-1\"><span>_ga<\/span><\/td>\n<td class=\"cookielawinfo-column-4\"><span>Este cookie \u00e9 instalado pelo Google Analytics.\u00a0O cookie \u00e9 usado para calcular visitantes, sess\u00f5es, dados da campanha e rastrear o uso do site para o relat\u00f3rio de an\u00e1lise do site.\u00a0Os cookies armazenam informa\u00e7\u00f5es anonimamente e atribuem um n\u00famero gerado aleatoriamente para identificar visitantes \u00fanicos.<\/span><\/td>\n<\/tr>\n<tr class=\"cookielawinfo-row\">\n<td class=\"cookielawinfo-column-1\"><span>_gat<\/span><\/td>\n<td class=\"cookielawinfo-column-4\"><span>O Google Universal Analytics instala esses cookies para reduzir a velocidade das solicita\u00e7\u00f5es e limitar a coleta de dados em sites de alto tr\u00e1fego.<\/span><\/td>\n<\/tr>\n<tr class=\"cookielawinfo-row\">\n<td class=\"cookielawinfo-column-1\"><span>_gid<\/span><\/td>\n<td class=\"cookielawinfo-column-4\"><span>Este cookie \u00e9 instalado pelo Google Analytics.\u00a0O cookie \u00e9 usado para armazenar informa\u00e7\u00f5es sobre como os visitantes usam um site e ajuda a criar um relat\u00f3rio anal\u00edtico sobre como o site funciona.\u00a0Os dados coletados, incluindo o n\u00famero de visitantes, a fonte de origem e as p\u00e1ginas, apareceram anonimamente.<\/span><\/td>\n<\/tr>\n<tr class=\"cookielawinfo-row\">\n<td class=\"cookielawinfo-column-1\"><span>ARRAffinity<\/span><\/td>\n<td class=\"cookielawinfo-column-4\"><span>Usado para distribuir o tr\u00e1fego para o site em v\u00e1rios servidores para otimizar os tempos de resposta.<\/span><\/td>\n<\/tr>\n<tr class=\"cookielawinfo-row\">\n<td class=\"cookielawinfo-column-1\"><span>bcookie<\/span><\/td>\n<td class=\"cookielawinfo-column-4\"><span>Usado pelo servi\u00e7o de rede social LinkedIn para rastrear o uso de servi\u00e7os incorporados.<\/span><\/td>\n<\/tr>\n<tr class=\"cookielawinfo-row\">\n<td class=\"cookielawinfo-column-1\"><span>dextp<\/span><\/td>\n<td class=\"cookielawinfo-column-4\"><span>O administrador da audi\u00eancia define esse cookie para determinar a hora e a frequ\u00eancia da sincroniza\u00e7\u00e3o de dados do visitante.\u00a0A sincroniza\u00e7\u00e3o do cookie de dados \u00e9 usada para sincronizar e coletar dados de visitantes de v\u00e1rios sites.<\/span><\/td>\n<\/tr>\n<tr class=\"cookielawinfo-row\">\n<td class=\"cookielawinfo-column-1\"><span>flowplayerTestStorage<\/span><\/td>\n<td class=\"cookielawinfo-column-4\"><span>Esse cookie \u00e9 usado para armazenar dados no status do Flowplayer do visitante, que determina se o visitante pode acessar o conte\u00fado multim\u00eddia no site.<\/span><\/td>\n<\/tr>\n<tr class=\"cookielawinfo-row\">\n<td class=\"cookielawinfo-column-1\"><span>lang<\/span><\/td>\n<td class=\"cookielawinfo-column-4\"><span>Lembre-se do idioma selecionado por um usu\u00e1rio com o qual visualizar uma p\u00e1gina da web<\/span><\/td>\n<\/tr>\n<tr class=\"cookielawinfo-row\">\n<td class=\"cookielawinfo-column-1\"><span>N\u00c3O<\/span><\/td>\n<td class=\"cookielawinfo-column-4\"><span>Este cookie \u00e9 usado para um perfil com base no interesse do usu\u00e1rio e exibe an\u00fancios personalizados para os usu\u00e1rios.<\/span><\/td>\n<\/tr>\n<tr class=\"cookielawinfo-row\">\n<td class=\"cookielawinfo-column-1\"><span>pdomid<\/span><\/td>\n<td class=\"cookielawinfo-column-4\"><span>Ele registra qual grupo de servidores est\u00e1 atendendo ao visitante.\u00a0Isso \u00e9 usado em conjunto com o balanceamento de carga para otimizar a experi\u00eancia do usu\u00e1rio.<\/span><\/td>\n<\/tr>\n<tr class=\"cookielawinfo-row\">\n<td class=\"cookielawinfo-column-1\"><span>qtrans_front_language<\/span><\/td>\n<td class=\"cookielawinfo-column-4\"><span>Este cookie \u00e9 configurado atrav\u00e9s do plugin qTranslate do WordPress.\u00a0O cookie \u00e9 usado para gerenciar o idioma preferido do visitante.<\/span><\/td>\n<\/tr>\n<tr class=\"cookielawinfo-row\">\n<td class=\"cookielawinfo-column-1\"><span>sessionPageNumbers<\/span><\/td>\n<td class=\"cookielawinfo-column-4\"><span>Defina um identificador para a sess\u00e3o.\u00a0Isso permite que o site obtenha dados sobre o comportamento do visitante para fins estat\u00edsticos.<\/span><\/td>\n<\/tr>\n<tr class=\"cookielawinfo-row\">\n<td class=\"cookielawinfo-column-1\"><span>sessionStartTime<\/span><\/td>\n<td class=\"cookielawinfo-column-4\"><span>Este cookie \u00e9 usado para determinar a \u00faltima vez que o visitante visitou as diferentes subp\u00e1ginas no site.\u00a0O cookie tamb\u00e9m define um registro de data e hora no momento da sess\u00e3o.<\/span><\/td>\n<\/tr>\n<tr class=\"cookielawinfo-row\">\n<td class=\"cookielawinfo-column-1\"><span>VISITOR_INFO1_LIVE<\/span><\/td>\n<td class=\"cookielawinfo-column-4\"><span>Tente calcular a largura de banda do usu\u00e1rio em p\u00e1ginas com v\u00eddeos incorporados no YouTube.<\/span><\/td>\n<\/tr>\n<tr class=\"cookielawinfo-row\">\n<td class=\"cookielawinfo-column-1\"><span>YSC<\/span><\/td>\n<td class=\"cookielawinfo-column-4\"><span>Registra um ID exclusivo para manter as estat\u00edsticas dos v\u00eddeos do YouTube que o usu\u00e1rio visualizou. &#8220;&gt; Registra uma identifica\u00e7\u00e3o exclusiva para manter as estat\u00edsticas dos v\u00eddeos do YouTube que o usu\u00e1rio visualizou.<\/span><\/td>\n<\/tr>\n<tr class=\"cookielawinfo-row\">\n<td class=\"cookielawinfo-column-1\"><span>yt-remote-cast-instalado<\/span><\/td>\n<td class=\"cookielawinfo-column-4\"><span>Grava as prefer\u00eancias do player de v\u00eddeo do usu\u00e1rio ao assistir v\u00eddeos incorporados do YouTube<\/span><\/td>\n<\/tr>\n<tr class=\"cookielawinfo-row\">\n<td class=\"cookielawinfo-column-1\"><span>zc<\/span><\/td>\n<td class=\"cookielawinfo-column-4\"><span>Ele registra dados de visitantes de v\u00e1rias visitas e de v\u00e1rios sites.\u00a0Esta informa\u00e7\u00e3o \u00e9 usada para medir a efici\u00eancia da publicidade na web<\/span><\/td>\n<\/tr>\n<tr class=\"cookielawinfo-row\">\n<td class=\"cookielawinfo-column-1\"><span>cookielawinfo-checkbox-non-needed<\/span><\/td>\n<td class=\"cookielawinfo-column-4\"><span>Este cookie \u00e9 configurado pelo plug-in de consentimento de cookies do GDPR.\u00a0Os cookies s\u00e3o usados \u200b\u200bpara armazenar o consentimento do usu\u00e1rio para os cookies na categoria &#8220;N\u00e3o obrigat\u00f3rio&#8221;.<\/span><\/td>\n<\/tr>\n<\/tbody>\n<\/table>\n<h3 id=\"como-controlar-las-cookies\"><span>Como controlar cookies<\/span><\/h3>\n<div>\n<p><span>Quando voc\u00ea visita um site, ele pode armazenar ou recuperar informa\u00e7\u00f5es no seu navegador, principalmente na forma de cookies.\u00a0Essas informa\u00e7\u00f5es podem ser sobre voc\u00ea, suas prefer\u00eancias ou seu dispositivo e s\u00e3o usadas principalmente para fazer o site funcionar conforme o esperado.\u00a0As informa\u00e7\u00f5es geralmente n\u00e3o o identificam diretamente, mas podem fornecer uma experi\u00eancia na web mais personalizada.\u00a0Como respeitamos sua privacidade, voc\u00ea pode optar por excluir alguns tipos de cookies.\u00a0Voc\u00ea pode clicar nos diferentes t\u00edtulos de categoria para obter mais informa\u00e7\u00f5es e alterar nossas configura\u00e7\u00f5es padr\u00e3o.\u00a0No entanto, se voc\u00ea bloquear alguns tipos de cookies, sua experi\u00eancia de uso do site poder\u00e1 ser afetada e tamb\u00e9m os servi\u00e7os que podemos oferecer.<\/span><\/p>\n<p><span>Para mais informa\u00e7\u00f5es sobre manipula\u00e7\u00e3o e exclus\u00e3o de cookies, visite\u00a0\u00a0<\/span><a href=\"https:\/\/es.wikipedia.org\/wiki\/Wikipedia:Portada\" target=\"_blank\" rel=\"noopener noreferrer\"><span>wikipedia.org<\/span><\/a><span>\u00a0,\u00a0\u00a0<\/span><a href=\"https:\/\/www.allaboutcookies.org\/\" target=\"_blank\" rel=\"noopener noreferrer\"><span>www.allaboutcookies.org<\/span><\/a><span>\u00a0.<\/span><\/p>\n<\/div>\n<p><\/p>","protected":false},"excerpt":{"rendered":"<p>Sobre a pol\u00edtica de privacidade Os cookies deste site s\u00e3o usados \u200b\u200bpara personalizar conte\u00fado e an\u00fancios, oferecer recursos de m\u00eddia social e analisar o tr\u00e1fego.\u00a0Al\u00e9m disso, compartilhamos informa\u00e7\u00f5es sobre o uso do site com nossos parceiros de m\u00eddia social, publicidade e an\u00e1lise da web, que podem combin\u00e1-lo com outras informa\u00e7\u00f5es que voc\u00ea forneceu ou coletou [&hellip;]<\/p>\n","protected":false},"author":3,"featured_media":0,"parent":0,"menu_order":0,"comment_status":"closed","ping_status":"closed","template":"","meta":{"_acf_changed":false,"inline_featured_image":false,"footnotes":""},"acf":[],"yoast_head":"<!-- This site is optimized with the Yoast SEO plugin v22.8 - https:\/\/yoast.com\/wordpress\/plugins\/seo\/ -->\n<title>Declara\u00e7\u00e3o de cookie - Revertia<\/title>\n<meta name=\"robots\" content=\"index, follow, max-snippet:-1, max-image-preview:large, max-video-preview:-1\" \/>\n<link rel=\"canonical\" href=\"https:\/\/revertia.com\/es\/declaracion-de-cookies\/\" \/>\n<meta property=\"og:locale\" content=\"pt_PT\" \/>\n<meta property=\"og:type\" content=\"article\" \/>\n<meta property=\"og:title\" content=\"[:es]Declaraci\u00f3n de cookies[:en]Cookie statement[:pt]Declara\u00e7\u00e3o de cookie[:] - Revertia\" \/>\n<meta property=\"og:description\" content=\"Sobre a pol\u00edtica de privacidade Os cookies deste site s\u00e3o usados \u200b\u200bpara personalizar conte\u00fado e an\u00fancios, oferecer recursos de m\u00eddia social e analisar o tr\u00e1fego.\u00a0Al\u00e9m disso, compartilhamos informa\u00e7\u00f5es sobre o uso do site com nossos parceiros de m\u00eddia social, publicidade e an\u00e1lise da web, que podem combin\u00e1-lo com outras informa\u00e7\u00f5es que voc\u00ea forneceu ou coletou [&hellip;]\" \/>\n<meta property=\"og:url\" content=\"https:\/\/revertia.com\/es\/declaracion-de-cookies\/\" \/>\n<meta property=\"og:site_name\" content=\"Revertia\" \/>\n<meta property=\"article:publisher\" content=\"https:\/\/www.facebook.com\/revertiaresiduos\/\" \/>\n<meta property=\"article:modified_time\" content=\"2020-05-08T17:37:59+00:00\" \/>\n<meta name=\"twitter:card\" content=\"summary_large_image\" \/>\n<meta name=\"twitter:site\" content=\"@revertia\" \/>\n<meta name=\"twitter:label1\" content=\"Tempo estimado de leitura\" \/>\n\t<meta name=\"twitter:data1\" content=\"14 minutos\" \/>\n<script type=\"application\/ld+json\" class=\"yoast-schema-graph\">{\"@context\":\"https:\/\/schema.org\",\"@graph\":[{\"@type\":\"WebPage\",\"@id\":\"https:\/\/revertia.com\/es\/declaracion-de-cookies\/\",\"url\":\"https:\/\/revertia.com\/es\/declaracion-de-cookies\/\",\"name\":\"[:es]Declaraci\u00f3n de cookies[:en]Cookie statement[:pt]Declara\u00e7\u00e3o de cookie[:] - Revertia\",\"isPartOf\":{\"@id\":\"https:\/\/revertia.com\/es\/#website\"},\"datePublished\":\"2020-02-19T11:46:21+00:00\",\"dateModified\":\"2020-05-08T17:37:59+00:00\",\"breadcrumb\":{\"@id\":\"https:\/\/revertia.com\/es\/declaracion-de-cookies\/#breadcrumb\"},\"inLanguage\":\"pt-PT\",\"potentialAction\":[{\"@type\":\"ReadAction\",\"target\":[\"https:\/\/revertia.com\/es\/declaracion-de-cookies\/\"]}]},{\"@type\":\"BreadcrumbList\",\"@id\":\"https:\/\/revertia.com\/es\/declaracion-de-cookies\/#breadcrumb\",\"itemListElement\":[{\"@type\":\"ListItem\",\"position\":1,\"name\":\"Portada\",\"item\":\"https:\/\/revertia.com\/\"},{\"@type\":\"ListItem\",\"position\":2,\"name\":\"Declaraci\u00f3n de cookies\"}]},{\"@type\":\"WebSite\",\"@id\":\"https:\/\/revertia.com\/es\/#website\",\"url\":\"https:\/\/revertia.com\/es\/\",\"name\":\"Revertia\",\"description\":\"\",\"publisher\":{\"@id\":\"https:\/\/revertia.com\/es\/#organization\"},\"potentialAction\":[{\"@type\":\"SearchAction\",\"target\":{\"@type\":\"EntryPoint\",\"urlTemplate\":\"https:\/\/revertia.com\/es\/?s={search_term_string}\"},\"query-input\":\"required name=search_term_string\"}],\"inLanguage\":\"pt-PT\"},{\"@type\":\"Organization\",\"@id\":\"https:\/\/revertia.com\/es\/#organization\",\"name\":\"Revertia\",\"url\":\"https:\/\/revertia.com\/es\/\",\"logo\":{\"@type\":\"ImageObject\",\"inLanguage\":\"pt-PT\",\"@id\":\"https:\/\/revertia.com\/es\/#\/schema\/logo\/image\/\",\"url\":\"https:\/\/revertia.com\/wp-content\/uploads\/2018\/08\/logo-revertia.png\",\"contentUrl\":\"https:\/\/revertia.com\/wp-content\/uploads\/2018\/08\/logo-revertia.png\",\"width\":199,\"height\":38,\"caption\":\"Revertia\"},\"image\":{\"@id\":\"https:\/\/revertia.com\/es\/#\/schema\/logo\/image\/\"},\"sameAs\":[\"https:\/\/www.facebook.com\/revertiaresiduos\/\",\"https:\/\/x.com\/revertia\",\"https:\/\/www.linkedin.com\/company\/revertia\",\"https:\/\/www.youtube.com\/user\/revertia\"]}]}<\/script>\n<!-- \/ Yoast SEO plugin. -->","yoast_head_json":{"title":"[:es]Declaraci\u00f3n de cookies[:en]Cookie statement[:pt]Declara\u00e7\u00e3o de cookie[:] - Revertia","robots":{"index":"index","follow":"follow","max-snippet":"max-snippet:-1","max-image-preview":"max-image-preview:large","max-video-preview":"max-video-preview:-1"},"canonical":"https:\/\/revertia.com\/es\/declaracion-de-cookies\/","og_locale":"pt_PT","og_type":"article","og_title":"[:es]Declaraci\u00f3n de cookies[:en]Cookie statement[:pt]Declara\u00e7\u00e3o de cookie[:] - Revertia","og_description":"Sobre a pol\u00edtica de privacidade Os cookies deste site s\u00e3o usados \u200b\u200bpara personalizar conte\u00fado e an\u00fancios, oferecer recursos de m\u00eddia social e analisar o tr\u00e1fego.\u00a0Al\u00e9m disso, compartilhamos informa\u00e7\u00f5es sobre o uso do site com nossos parceiros de m\u00eddia social, publicidade e an\u00e1lise da web, que podem combin\u00e1-lo com outras informa\u00e7\u00f5es que voc\u00ea forneceu ou coletou [&hellip;]","og_url":"https:\/\/revertia.com\/es\/declaracion-de-cookies\/","og_site_name":"Revertia","article_publisher":"https:\/\/www.facebook.com\/revertiaresiduos\/","article_modified_time":"2020-05-08T17:37:59+00:00","twitter_card":"summary_large_image","twitter_site":"@revertia","twitter_misc":{"Tempo estimado de leitura":"14 minutos"},"schema":{"@context":"https:\/\/schema.org","@graph":[{"@type":"WebPage","@id":"https:\/\/revertia.com\/es\/declaracion-de-cookies\/","url":"https:\/\/revertia.com\/es\/declaracion-de-cookies\/","name":"[:es]Declaraci\u00f3n de cookies[:en]Cookie statement[:pt]Declara\u00e7\u00e3o de cookie[:] - Revertia","isPartOf":{"@id":"https:\/\/revertia.com\/es\/#website"},"datePublished":"2020-02-19T11:46:21+00:00","dateModified":"2020-05-08T17:37:59+00:00","breadcrumb":{"@id":"https:\/\/revertia.com\/es\/declaracion-de-cookies\/#breadcrumb"},"inLanguage":"pt-PT","potentialAction":[{"@type":"ReadAction","target":["https:\/\/revertia.com\/es\/declaracion-de-cookies\/"]}]},{"@type":"BreadcrumbList","@id":"https:\/\/revertia.com\/es\/declaracion-de-cookies\/#breadcrumb","itemListElement":[{"@type":"ListItem","position":1,"name":"Portada","item":"https:\/\/revertia.com\/"},{"@type":"ListItem","position":2,"name":"Declaraci\u00f3n de cookies"}]},{"@type":"WebSite","@id":"https:\/\/revertia.com\/es\/#website","url":"https:\/\/revertia.com\/es\/","name":"Revertia","description":"","publisher":{"@id":"https:\/\/revertia.com\/es\/#organization"},"potentialAction":[{"@type":"SearchAction","target":{"@type":"EntryPoint","urlTemplate":"https:\/\/revertia.com\/es\/?s={search_term_string}"},"query-input":"required name=search_term_string"}],"inLanguage":"pt-PT"},{"@type":"Organization","@id":"https:\/\/revertia.com\/es\/#organization","name":"Revertia","url":"https:\/\/revertia.com\/es\/","logo":{"@type":"ImageObject","inLanguage":"pt-PT","@id":"https:\/\/revertia.com\/es\/#\/schema\/logo\/image\/","url":"https:\/\/revertia.com\/wp-content\/uploads\/2018\/08\/logo-revertia.png","contentUrl":"https:\/\/revertia.com\/wp-content\/uploads\/2018\/08\/logo-revertia.png","width":199,"height":38,"caption":"Revertia"},"image":{"@id":"https:\/\/revertia.com\/es\/#\/schema\/logo\/image\/"},"sameAs":["https:\/\/www.facebook.com\/revertiaresiduos\/","https:\/\/x.com\/revertia","https:\/\/www.linkedin.com\/company\/revertia","https:\/\/www.youtube.com\/user\/revertia"]}]}},"_links":{"self":[{"href":"https:\/\/revertia.com\/pt\/wp-json\/wp\/v2\/pages\/7314"}],"collection":[{"href":"https:\/\/revertia.com\/pt\/wp-json\/wp\/v2\/pages"}],"about":[{"href":"https:\/\/revertia.com\/pt\/wp-json\/wp\/v2\/types\/page"}],"author":[{"embeddable":true,"href":"https:\/\/revertia.com\/pt\/wp-json\/wp\/v2\/users\/3"}],"replies":[{"embeddable":true,"href":"https:\/\/revertia.com\/pt\/wp-json\/wp\/v2\/comments?post=7314"}],"version-history":[{"count":13,"href":"https:\/\/revertia.com\/pt\/wp-json\/wp\/v2\/pages\/7314\/revisions"}],"predecessor-version":[{"id":29223,"href":"https:\/\/revertia.com\/pt\/wp-json\/wp\/v2\/pages\/7314\/revisions\/29223"}],"wp:attachment":[{"href":"https:\/\/revertia.com\/pt\/wp-json\/wp\/v2\/media?parent=7314"}],"curies":[{"name":"wp","href":"https:\/\/api.w.org\/{rel}","templated":true}]}}