{"id":6012,"date":"2018-05-29T11:42:35","date_gmt":"2018-05-29T09:42:35","guid":{"rendered":"https:\/\/revertia.com\/?page_id=6012"},"modified":"2024-06-20T21:47:21","modified_gmt":"2024-06-20T19:47:21","slug":"politica-de-privacidad","status":"publish","type":"page","link":"https:\/\/revertia.com\/pt\/politica-de-privacidad\/","title":{"rendered":"Pol\u00edtica de privacidade"},"content":{"rendered":"<p>[vc_row][vc_column][vc_empty_space height=&#8221;50&#8243;][vc_column_text]<strong>\u00bfQui\u00e9n es el Responsable del tratamiento de sus datos?<\/strong><\/p>\n<p>Denominaci\u00f3n Social: Revertia Reusing and Recycling, S.L.<\/p>\n<p>Nombre Comercial: Revertia<\/p>\n<p>Domicilio Social: c\/ Pontevedra 1 piso 2, 36201, Vigo (Pontevedra)<\/p>\n<p>CIF: B27769768<\/p>\n<p>Tel\u00e9fono: 986 060 766 o 606 505 103<\/p>\n<p>e-Mail: info@revertia.com<\/p>\n<p>Nombre de dominio: www.revertia.com<\/p>\n<p>El presente aviso de privacidad establece nuestras pr\u00e1cticas con respecto a la recopilaci\u00f3n y uso de informaci\u00f3n \u00fanicamente para el sitio web ubicado en www.revertia.com (el &#8220;sitio web&#8221;).<\/p>\n<p>Al aceptar nuestros T\u00e9rminos y Condiciones, confirmas que has le\u00eddo y entendido esta pol\u00edtica, incluyendo c\u00f3mo y por qu\u00e9 usamos la informaci\u00f3n que nos facilitas. Si no quieres que recopilemos ni procesemos tu informaci\u00f3n personal de las formas que describimos a continuaci\u00f3n, no deber\u00e1s usar nuestros servicios.<\/p>\n<p><strong>\u00bfPara qu\u00e9 tratamos sus datos personales desde Revertia?<\/strong><\/p>\n<ul>\n<li>\u201cContacto\u201d Revertia. Con el fin de atender su solicitud, Revertia tratar\u00e1 sus datos y as\u00ed poder gestionar su petici\u00f3n. Este tratamiento Revertia lo realizar\u00e1 en base a su propia petici\u00f3n\/consentimiento.<\/li>\n<li>Solicitud de informaci\u00f3n sobre nuestros servicios a trav\u00e9s del sitio web. Bolet\u00edn de noticias. Tras la recepci\u00f3n de su solicitud para el env\u00edo de comunicaciones sobre ofertas de Revertia, \u00e9sta le remitir\u00e1 las ofertas de sus servicios.<\/li>\n<li>Remisi\u00f3n de comunicaciones comerciales publicitarias por e-mail, fax, SMS, MMS, redes sociales o cualesquier otro medio electr\u00f3nico o f\u00edsico. Dichas comunicaciones comerciales ser\u00e1n relacionadas sobre los servicios ofrecidos por Revertia, as\u00ed como por parte de los colaboradores o partners con los que \u00e9ste hubiera alcanzado alg\u00fan acuerdo de promoci\u00f3n comercial entre sus clientes. En este caso, los terceros nunca ser\u00e1n cesionarios de los datos personales. En todo caso las comunicaciones comerciales ser\u00e1n realizadas por parte de Revertia y ser\u00e1n de productos y servicios relacionados con el sector.<\/li>\n<li>Realizaci\u00f3n de estudios estad\u00edsticos a trav\u00e9s de datos anonimizados.<\/li>\n<li>En el curso de nuestras operaciones comerciales, recopilamos y procesamos datos personales de diversas formas. Podemos recopilar los datos personales que nos proporcione directamente, pero tambi\u00e9n mediante el registro de su interacci\u00f3n con nuestros servicios, por ejemplo, utilizando las cookies de nuestro sitio web. Estos \u201cDatos de Uso\u201d incluyen informaci\u00f3n sobre c\u00f3mo usa nuestro sitio web y nuestros servicios as\u00ed como datos t\u00e9cnicos sobre su equipo, acciones de exploraci\u00f3n y patrones.<\/li>\n<li>Cookies y otras tecnolog\u00edas: el sitio web puede usar cookies, un tipo de tecnolog\u00eda que instala una peque\u00f1a cantidad de informaci\u00f3n en el ordenador de un usuario u otro dispositivo para permitir que un sitio web, por ejemplo, reconozca futuras visitas usando ese ordenador o dispositivo. El sitio web puede usar otras tecnolog\u00edas similares (incluidas, entre otros, p\u00edxeles de seguimiento, y otros identificadores an\u00f3nimos).<\/li>\n<\/ul>\n<p>Todos los datos solicitados a trav\u00e9s del sitio web son obligatorios, ya que son necesarios para la prestaci\u00f3n de un servicio \u00f3ptimo al usuario. En caso de que no sean facilitados todos los datos, Revertia no garantiza que la informaci\u00f3n y servicios facilitados sean completamente ajustados a sus necesidades.<\/p>\n<p>Utilizamos la informaci\u00f3n descrita anteriormente solo para fines espec\u00edficos y cuando la ley lo permita. Principalmente, usaremos su informaci\u00f3n personal en las siguientes circunstancias:<\/p>\n<ul>\n<li>Para prestarle nuestros servicios espec\u00edficos que haya solicitado (de conformidad con nuestros T\u00e9rminos); crear y gestionar su registro y su cuenta (lo que incluye el acceso a nuestro sitio web y el uso que hace de \u00e9l) u intereses leg\u00edtimos.<\/li>\n<li>Para responder a consultas y solicitudes espec\u00edficas.<\/li>\n<li>Para desarrollar y gestionar nuestro negocio y nuestras actividades comerciales, operaciones promocionales u operaciones de marketing.<\/li>\n<li>Cuando necesitemos cumplir con una obligaci\u00f3n legal o regulatoria.<\/li>\n<\/ul>\n<p><strong>\u00bfPor cu\u00e1nto tiempo conservaremos sus datos?<\/strong><\/p>\n<p>Los datos relativos a la solicitud de informaci\u00f3n acerca de los servicios que presta Revertia ser\u00e1n conservados hasta el plazo de prescripci\u00f3n de las acciones legales que pudieran corresponder. En los casos que Ud. haya solicitado expresamente la recepci\u00f3n de informaci\u00f3n de Revertia, Revertia entender\u00e1 que Ud. sigue interesado en la recepci\u00f3n de este tipo de comunicaciones hasta que Ud. no ejercite su derecho de oposici\u00f3n a la recepci\u00f3n de las mismas o bien el derecho de cancelaci\u00f3n de sus datos. En cada comunicaci\u00f3n que Ud. reciba de Revertia se detallar\u00e1 el medio para darse de baja en dichas comunicaciones.<\/p>\n<p><strong>\u00bfA qui\u00e9nes cedemos sus datos?<\/strong><\/p>\n<p>Revertia, como consecuencia de los servicios que presta puede ceder datos a autoridades administrativas y fiscales como consecuencia de la gesti\u00f3n de RAEE y, de conformidad con la legislaci\u00f3n vigente aplicable en cada Comunidad Aut\u00f3noma en lo que a la gesti\u00f3n de residuos se refiere.<br \/>\nPor otro lado, Revertia cuenta con colaboradores prestadores de servicios, como puede ser compa\u00f1\u00edas de mantenimiento inform\u00e1tico y web que, con motivo de la prestaci\u00f3n de sus servicios, acceden a datos de car\u00e1cter de Revertia. Revertia hace una meticulosa selecci\u00f3n y control de estos terceros con los que tiene suscritos unos acuerdos de protecci\u00f3n de datos, d\u00f3nde estos se obligan a seguir una serie de obligaciones en materia de protecci\u00f3n de datos.<br \/>\nFuera de los supuestos anteriores, Revertia no comunica sus datos personales a ning\u00fan tercero adicional.<\/p>\n<p><strong>Medidas de Seguridad<\/strong><\/p>\n<p>Revertia declara que ha adoptado todas las medidas de seguridad necesarias para asegurar la integridad, seguridad y conservaci\u00f3n de los datos personales almacenados en sus sistemas, de conformidad con lo dispuesto en la normativa vigente en materia de protecci\u00f3n de datos, reconociendo y apreciando la importancia del uso responsable de esta informaci\u00f3n.<\/p>\n<p>Este sitio web utiliza t\u00e9cnicas de seguridad de la informaci\u00f3n generalmente aceptadas en la industria, tales como firewalls, procedimientos de control de acceso y mecanismos criptogr\u00e1ficos, todo ello con el objeto de evitar el acceso no autorizado a los datos. Para lograr estos fines, el usuario\/cliente queda informado que Revertia Reusing and Recycling, S.L. obtenga datos para efectos de la correspondiente autenticaci\u00f3n de los controles de acceso.<\/p>\n<p><strong>\u00bfCu\u00e1les son sus derechos cuando nos facilite sus datos y c\u00f3mo puede ejercitarlos?<\/strong><\/p>\n<p>Ud. podr\u00e1, en los t\u00e9rminos establecidos en la normativa sobre protecci\u00f3n de datos, revocar en cualquier momento la autorizaci\u00f3n concedida para el tratamiento y la cesi\u00f3n de los datos personales, as\u00ed como ejercitar los derechos de acceso, rectificaci\u00f3n, oposici\u00f3n, limitaci\u00f3n, supresi\u00f3n, portabilidad y a no ser objeto de decisiones automatizadas enviando una comunicaci\u00f3n con su solicitud y junto con una copia de su DNI, a Revertia Reusing and Recycling, S.L., c\/ Pontevedra 1, piso 2, 36201, Vigo (Pontevedra).<\/p>\n<p><strong>\u00bfAnte qui\u00e9n puede hacer valer sus derechos en materia de protecci\u00f3n de datos?<\/strong><\/p>\n<p>En el caso que Ud. entienda que se ha visto vulnerado alguno de sus derechos en protecci\u00f3n de datos, Ud. podr\u00e1 contactar con Revertia con el fin de que \u00e9sta pueda rectificar o poner fin a su inquietud en la materia ante la direcci\u00f3n mencionada en el apartado anterior. En cualquier caso, siempre podr\u00e1 dirigirse ante la Agencia Espa\u00f1ola de Protecci\u00f3n de Datos, autoridad de control en la materia, con domicilio en calle Jorge Juan, 6, 28001, Madrid, con el fin de salvaguardar sus derechos.[\/vc_column_text][\/vc_column][\/vc_row]<\/p>","protected":false},"excerpt":{"rendered":"<p>[vc_row][vc_column][vc_empty_space height=&#8221;50&#8243;][vc_column_text]\u00bfQui\u00e9n es el Responsable del tratamiento de sus datos? Denominaci\u00f3n Social: Revertia Reusing and Recycling, S.L. Nombre Comercial: Revertia Domicilio Social: c\/ Pontevedra 1 piso 2, 36201, Vigo (Pontevedra) CIF: B27769768 Tel\u00e9fono: 986 060 766 o 606 505 103 e-Mail: info@revertia.com Nombre de dominio: www.revertia.com El presente aviso de privacidad establece nuestras pr\u00e1cticas con [&hellip;]<\/p>\n","protected":false},"author":4,"featured_media":0,"parent":0,"menu_order":0,"comment_status":"closed","ping_status":"closed","template":"","meta":{"_acf_changed":false,"inline_featured_image":false,"footnotes":""},"acf":[],"yoast_head":"<!-- This site is optimized with the Yoast SEO plugin v22.8 - https:\/\/yoast.com\/wordpress\/plugins\/seo\/ -->\n<title>Pol\u00edtica de privacidade - Revertia<\/title>\n<meta name=\"description\" content=\"Revertia garantiza la integridad de los datos personales almacenados en sus sistemas, seg\u00fan la normativa vigente en materia de protecci\u00f3n de datos.\" \/>\n<meta name=\"robots\" content=\"index, follow, max-snippet:-1, max-image-preview:large, max-video-preview:-1\" \/>\n<link rel=\"canonical\" href=\"https:\/\/revertia.com\/politica-de-privacidad\/\" \/>\n<meta property=\"og:locale\" content=\"pt_PT\" \/>\n<meta property=\"og:type\" content=\"article\" \/>\n<meta property=\"og:title\" content=\"[:es]Pol\u00edtica de privacidad[:en]Privacy policy[:pt]Pol\u00edtica de privacidade[:] - Revertia\" \/>\n<meta property=\"og:description\" content=\"Revertia garantiza la integridad de los datos personales almacenados en sus sistemas, seg\u00fan la normativa vigente en materia de protecci\u00f3n de datos.\" \/>\n<meta property=\"og:url\" content=\"https:\/\/revertia.com\/politica-de-privacidad\/\" \/>\n<meta property=\"og:site_name\" content=\"Revertia\" \/>\n<meta property=\"article:publisher\" content=\"https:\/\/www.facebook.com\/revertiaresiduos\/\" \/>\n<meta property=\"article:modified_time\" content=\"2024-06-20T19:47:21+00:00\" \/>\n<meta name=\"twitter:card\" content=\"summary_large_image\" \/>\n<meta name=\"twitter:site\" content=\"@revertia\" \/>\n<meta name=\"twitter:label1\" content=\"Tempo estimado de leitura\" \/>\n\t<meta name=\"twitter:data1\" content=\"6 minutos\" \/>\n<script type=\"application\/ld+json\" class=\"yoast-schema-graph\">{\"@context\":\"https:\/\/schema.org\",\"@graph\":[{\"@type\":\"WebPage\",\"@id\":\"https:\/\/revertia.com\/politica-de-privacidad\/\",\"url\":\"https:\/\/revertia.com\/politica-de-privacidad\/\",\"name\":\"[:es]Pol\u00edtica de privacidad[:en]Privacy policy[:pt]Pol\u00edtica de privacidade[:] - Revertia\",\"isPartOf\":{\"@id\":\"https:\/\/revertia.com\/es\/#website\"},\"datePublished\":\"2018-05-29T09:42:35+00:00\",\"dateModified\":\"2024-06-20T19:47:21+00:00\",\"description\":\"Revertia garantiza la integridad de los datos personales almacenados en sus sistemas, seg\u00fan la normativa vigente en materia de protecci\u00f3n de datos.\",\"breadcrumb\":{\"@id\":\"https:\/\/revertia.com\/politica-de-privacidad\/#breadcrumb\"},\"inLanguage\":\"pt-PT\",\"potentialAction\":[{\"@type\":\"ReadAction\",\"target\":[\"https:\/\/revertia.com\/politica-de-privacidad\/\"]}]},{\"@type\":\"BreadcrumbList\",\"@id\":\"https:\/\/revertia.com\/politica-de-privacidad\/#breadcrumb\",\"itemListElement\":[{\"@type\":\"ListItem\",\"position\":1,\"name\":\"Portada\",\"item\":\"https:\/\/revertia.com\/\"},{\"@type\":\"ListItem\",\"position\":2,\"name\":\"Pol\u00edtica de privacidad\"}]},{\"@type\":\"WebSite\",\"@id\":\"https:\/\/revertia.com\/es\/#website\",\"url\":\"https:\/\/revertia.com\/es\/\",\"name\":\"Revertia\",\"description\":\"\",\"publisher\":{\"@id\":\"https:\/\/revertia.com\/es\/#organization\"},\"potentialAction\":[{\"@type\":\"SearchAction\",\"target\":{\"@type\":\"EntryPoint\",\"urlTemplate\":\"https:\/\/revertia.com\/es\/?s={search_term_string}\"},\"query-input\":\"required name=search_term_string\"}],\"inLanguage\":\"pt-PT\"},{\"@type\":\"Organization\",\"@id\":\"https:\/\/revertia.com\/es\/#organization\",\"name\":\"Revertia\",\"url\":\"https:\/\/revertia.com\/es\/\",\"logo\":{\"@type\":\"ImageObject\",\"inLanguage\":\"pt-PT\",\"@id\":\"https:\/\/revertia.com\/es\/#\/schema\/logo\/image\/\",\"url\":\"https:\/\/revertia.com\/wp-content\/uploads\/2018\/08\/logo-revertia.png\",\"contentUrl\":\"https:\/\/revertia.com\/wp-content\/uploads\/2018\/08\/logo-revertia.png\",\"width\":199,\"height\":38,\"caption\":\"Revertia\"},\"image\":{\"@id\":\"https:\/\/revertia.com\/es\/#\/schema\/logo\/image\/\"},\"sameAs\":[\"https:\/\/www.facebook.com\/revertiaresiduos\/\",\"https:\/\/x.com\/revertia\",\"https:\/\/www.linkedin.com\/company\/revertia\",\"https:\/\/www.youtube.com\/user\/revertia\"]}]}<\/script>\n<!-- \/ Yoast SEO plugin. -->","yoast_head_json":{"title":"[:es]Pol\u00edtica de privacidad[:en]Privacy policy[:pt]Pol\u00edtica de privacidade[:] - Revertia","description":"Revertia garantiza la integridad de los datos personales almacenados en sus sistemas, seg\u00fan la normativa vigente en materia de protecci\u00f3n de datos.","robots":{"index":"index","follow":"follow","max-snippet":"max-snippet:-1","max-image-preview":"max-image-preview:large","max-video-preview":"max-video-preview:-1"},"canonical":"https:\/\/revertia.com\/politica-de-privacidad\/","og_locale":"pt_PT","og_type":"article","og_title":"[:es]Pol\u00edtica de privacidad[:en]Privacy policy[:pt]Pol\u00edtica de privacidade[:] - Revertia","og_description":"Revertia garantiza la integridad de los datos personales almacenados en sus sistemas, seg\u00fan la normativa vigente en materia de protecci\u00f3n de datos.","og_url":"https:\/\/revertia.com\/politica-de-privacidad\/","og_site_name":"Revertia","article_publisher":"https:\/\/www.facebook.com\/revertiaresiduos\/","article_modified_time":"2024-06-20T19:47:21+00:00","twitter_card":"summary_large_image","twitter_site":"@revertia","twitter_misc":{"Tempo estimado de leitura":"6 minutos"},"schema":{"@context":"https:\/\/schema.org","@graph":[{"@type":"WebPage","@id":"https:\/\/revertia.com\/politica-de-privacidad\/","url":"https:\/\/revertia.com\/politica-de-privacidad\/","name":"[:es]Pol\u00edtica de privacidad[:en]Privacy policy[:pt]Pol\u00edtica de privacidade[:] - Revertia","isPartOf":{"@id":"https:\/\/revertia.com\/es\/#website"},"datePublished":"2018-05-29T09:42:35+00:00","dateModified":"2024-06-20T19:47:21+00:00","description":"Revertia garantiza la integridad de los datos personales almacenados en sus sistemas, seg\u00fan la normativa vigente en materia de protecci\u00f3n de datos.","breadcrumb":{"@id":"https:\/\/revertia.com\/politica-de-privacidad\/#breadcrumb"},"inLanguage":"pt-PT","potentialAction":[{"@type":"ReadAction","target":["https:\/\/revertia.com\/politica-de-privacidad\/"]}]},{"@type":"BreadcrumbList","@id":"https:\/\/revertia.com\/politica-de-privacidad\/#breadcrumb","itemListElement":[{"@type":"ListItem","position":1,"name":"Portada","item":"https:\/\/revertia.com\/"},{"@type":"ListItem","position":2,"name":"Pol\u00edtica de privacidad"}]},{"@type":"WebSite","@id":"https:\/\/revertia.com\/es\/#website","url":"https:\/\/revertia.com\/es\/","name":"Revertia","description":"","publisher":{"@id":"https:\/\/revertia.com\/es\/#organization"},"potentialAction":[{"@type":"SearchAction","target":{"@type":"EntryPoint","urlTemplate":"https:\/\/revertia.com\/es\/?s={search_term_string}"},"query-input":"required name=search_term_string"}],"inLanguage":"pt-PT"},{"@type":"Organization","@id":"https:\/\/revertia.com\/es\/#organization","name":"Revertia","url":"https:\/\/revertia.com\/es\/","logo":{"@type":"ImageObject","inLanguage":"pt-PT","@id":"https:\/\/revertia.com\/es\/#\/schema\/logo\/image\/","url":"https:\/\/revertia.com\/wp-content\/uploads\/2018\/08\/logo-revertia.png","contentUrl":"https:\/\/revertia.com\/wp-content\/uploads\/2018\/08\/logo-revertia.png","width":199,"height":38,"caption":"Revertia"},"image":{"@id":"https:\/\/revertia.com\/es\/#\/schema\/logo\/image\/"},"sameAs":["https:\/\/www.facebook.com\/revertiaresiduos\/","https:\/\/x.com\/revertia","https:\/\/www.linkedin.com\/company\/revertia","https:\/\/www.youtube.com\/user\/revertia"]}]}},"_links":{"self":[{"href":"https:\/\/revertia.com\/pt\/wp-json\/wp\/v2\/pages\/6012"}],"collection":[{"href":"https:\/\/revertia.com\/pt\/wp-json\/wp\/v2\/pages"}],"about":[{"href":"https:\/\/revertia.com\/pt\/wp-json\/wp\/v2\/types\/page"}],"author":[{"embeddable":true,"href":"https:\/\/revertia.com\/pt\/wp-json\/wp\/v2\/users\/4"}],"replies":[{"embeddable":true,"href":"https:\/\/revertia.com\/pt\/wp-json\/wp\/v2\/comments?post=6012"}],"version-history":[{"count":21,"href":"https:\/\/revertia.com\/pt\/wp-json\/wp\/v2\/pages\/6012\/revisions"}],"predecessor-version":[{"id":36342,"href":"https:\/\/revertia.com\/pt\/wp-json\/wp\/v2\/pages\/6012\/revisions\/36342"}],"wp:attachment":[{"href":"https:\/\/revertia.com\/pt\/wp-json\/wp\/v2\/media?parent=6012"}],"curies":[{"name":"wp","href":"https:\/\/api.w.org\/{rel}","templated":true}]}}