{"id":39287,"date":"2024-09-12T10:32:29","date_gmt":"2024-09-12T08:32:29","guid":{"rendered":"https:\/\/revertia.com\/?page_id=39287"},"modified":"2025-12-09T18:43:29","modified_gmt":"2025-12-09T17:43:29","slug":"nuestras-colaboraciones","status":"publish","type":"page","link":"https:\/\/revertia.com\/pt\/nuestras-colaboraciones\/","title":{"rendered":"Parcerias"},"content":{"rendered":"<p>[vc_row full_width=&#8221;stretch_row&#8221; equal_height=&#8221;yes&#8221; css=&#8221;.vc_custom_1726074673138{margin-top: -80px !important;padding-top: 50px !important;padding-bottom: 50px !important;background-image: url(https:\/\/revertia.com\/wp-content\/uploads\/2024\/07\/EXPLICIT.jpg?id=37700) !important;background-position: center !important;background-repeat: no-repeat !important;background-size: cover !important;}&#8221;][vc_column css=&#8221;.vc_custom_1715173683858{margin-top: 50px !important;margin-bottom: 50px !important;padding-top: 50px !important;padding-right: 100px !important;padding-bottom: 50px !important;padding-left: 100px !important;background-color: rgba(255,255,255,0.86) !important;background-position: center !important;background-repeat: no-repeat !important;background-size: contain !important;*background-color: rgb(255,255,255) !important;border-radius: 25px !important;}&#8221;][vc_custom_heading text=&#8221;PARCERIAS&#8221; font_container=&#8221;tag:h4|font_size:30|text_align:center|color:%230b3646&#8243; google_fonts=&#8221;font_family:Raleway%3A100%2C200%2C300%2Cregular%2C500%2C600%2C700%2C800%2C900|font_style:500%20bold%20regular%3A500%3Anormal&#8221; css_animation=&#8221;fadeIn&#8221; css=&#8221;.vc_custom_1726154444954{background-position: center !important;background-repeat: no-repeat !important;background-size: cover !important;}&#8221;][vc_custom_heading text=&#8221;Promovemos sinergias entre empresas, administra\u00e7\u00f5es e organismos p\u00fablicos e outras entidades e institui\u00e7\u00f5es que nos permitem compreender melhor as necessidades do nosso setor e as tend\u00eancias futuras.&#8221; font_container=&#8221;tag:p|font_size:18|text_align:center|color:%230b3646&#8243; use_theme_fonts=&#8221;yes&#8221; css_animation=&#8221;fadeIn&#8221; css=&#8221;.vc_custom_1726154463699{background-position: center !important;background-repeat: no-repeat !important;background-size: cover !important;}&#8221;][\/vc_column][\/vc_row][vc_row full_width=&#8221;stretch_row&#8221; equal_height=&#8221;yes&#8221; css=&#8221;.vc_custom_1726133797053{padding-top: 50px !important;}&#8221;][vc_column width=&#8221;1\/3&#8243; css=&#8221;.vc_custom_1724143794699{background-position: center !important;background-repeat: no-repeat !important;background-size: contain !important;}&#8221;][vc_custom_heading text=&#8221;ASSOCIA\u00c7OES&#8221; font_container=&#8221;tag:h4|font_size:35|text_align:left|color:%230b3646&#8243; google_fonts=&#8221;font_family:Oswald%3A300%2Cregular%2C700|font_style:300%20light%20regular%3A300%3Anormal&#8221; css_animation=&#8221;none&#8221; css=&#8221;.vc_custom_1726154515005{background-position: center !important;background-repeat: no-repeat !important;background-size: cover !important;}&#8221;][vc_column_text]<\/p>\n<div class=\"page\" title=\"Page 5\">\n<div class=\"section\">\n<div class=\"layoutArea\">\n<div class=\"column\">\n<p>Somos s\u00f3cios e participamos de maneira ativa nas seguintes associa\u00e7\u00f5es empresariais relacionadas com a nossa atividade.<\/p>\n<p>&nbsp;<\/p>\n<\/div>\n<\/div>\n<\/div>\n<\/div>\n<p>[\/vc_column_text][\/vc_column][vc_column width=&#8221;2\/3&#8243;][vc_row_inner][vc_column_inner width=&#8221;1\/2&#8243;][vc_single_image image=&#8221;38758&#8243; img_size=&#8221;200&#215;100&#8243; alignment=&#8221;center&#8221; onclick=&#8221;custom_link&#8221; img_link_target=&#8221;_blank&#8221; link=&#8221;https:\/\/www.recuperacion.org\/&#8221;][\/vc_column_inner][vc_column_inner width=&#8221;1\/2&#8243;][vc_single_image image=&#8221;38759&#8243; img_size=&#8221;270&#215;100&#8243; alignment=&#8221;center&#8221; onclick=&#8221;custom_link&#8221; link=&#8221;https:\/\/www.aproema.com\/&#8221;][\/vc_column_inner][\/vc_row_inner][\/vc_column][\/vc_row][vc_row full_width=&#8221;stretch_row&#8221;][vc_column width=&#8221;1\/3&#8243; css=&#8221;.vc_custom_1724143794699{background-position: center !important;background-repeat: no-repeat !important;background-size: contain !important;}&#8221;][vc_custom_heading text=&#8221; UNIVERSIDADE E CENTROS DE FORMA\u00c7\u00e3O&#8221; font_container=&#8221;tag:h4|font_size:35|text_align:left|color:%230b3646&#8243; google_fonts=&#8221;font_family:Oswald%3A300%2Cregular%2C700|font_style:300%20light%20regular%3A300%3Anormal&#8221; css_animation=&#8221;none&#8221; css=&#8221;.vc_custom_1726154689586{background-position: center !important;background-repeat: no-repeat !important;background-size: cover !important;}&#8221;][vc_column_text]Os per\u00edodos de est\u00e1gio nas nossas instala\u00e7\u00f5es e outros acordos de colabora\u00e7\u00e3o com escolas de forma\u00e7\u00e3o profissional facilitam o contacto dos alunos e o acesso ao mercado de trabalho.[\/vc_column_text][\/vc_column][vc_column width=&#8221;2\/3&#8243;][vc_row_inner][vc_column_inner][vc_empty_space height=&#8221;50&#8243;][\/vc_column_inner][\/vc_row_inner][vc_row_inner][vc_column_inner][vc_empty_space height=&#8221;50&#8243;][\/vc_column_inner][\/vc_row_inner][vc_row_inner][vc_column_inner width=&#8221;1\/2&#8243;][vc_single_image image=&#8221;3278&#8243; img_size=&#8221;full&#8221; alignment=&#8221;center&#8221; onclick=&#8221;custom_link&#8221; img_link_target=&#8221;_blank&#8221; link=&#8221;https:\/\/www.uvigo.gal\/es&#8221;][\/vc_column_inner][vc_column_inner width=&#8221;1\/2&#8243;][vc_single_image image=&#8221;4782&#8243; img_size=&#8221;full&#8221; alignment=&#8221;center&#8221; onclick=&#8221;custom_link&#8221; img_link_target=&#8221;_blank&#8221; link=&#8221;https:\/\/www.afundacion.org\/&#8221;][\/vc_column_inner][\/vc_row_inner][vc_row_inner][vc_column_inner width=&#8221;1\/2&#8243;][vc_single_image image=&#8221;39313&#8243; img_size=&#8221;full&#8221; alignment=&#8221;center&#8221; onclick=&#8221;custom_link&#8221; img_link_target=&#8221;_blank&#8221; link=&#8221;https:\/\/energylab.es\/&#8221;][\/vc_column_inner][vc_column_inner width=&#8221;1\/2&#8243;][vc_single_image image=&#8221;39312&#8243; img_size=&#8221;full&#8221; alignment=&#8221;center&#8221; onclick=&#8221;custom_link&#8221; img_link_target=&#8221;_blank&#8221; link=&#8221;https:\/\/www.aimen.es\/&#8221;][\/vc_column_inner][\/vc_row_inner][\/vc_column][\/vc_row][vc_row full_width=&#8221;stretch_row&#8221; css=&#8221;.vc_custom_1726130166713{padding-top: 50px !important;padding-bottom: 50px !important;}&#8221;][vc_column width=&#8221;1\/3&#8243; css=&#8221;.vc_custom_1724143794699{background-position: center !important;background-repeat: no-repeat !important;background-size: contain !important;}&#8221;][vc_custom_heading text=&#8221;SCRAPS E FUNDA\u00c7\u00d5ES&#8221; font_container=&#8221;tag:h4|font_size:35|text_align:left|color:%230b3646&#8243; google_fonts=&#8221;font_family:Oswald%3A300%2Cregular%2C700|font_style:300%20light%20regular%3A300%3Anormal&#8221; css_animation=&#8221;none&#8221; css=&#8221;.vc_custom_1726154751396{background-position: center !important;background-repeat: no-repeat !important;background-size: cover !important;}&#8221;][vc_column_text]Assinamos acordos com os principais fabricantes de equipamentos, atrav\u00e9s dos Sistemas Coletivos de Responsabilidade Estendida do Produtor (SCRAP) para cumprir as obriga\u00e7\u00f5es estabelecidas pela regulamenta\u00e7\u00e3o vigente.<br \/>\n[\/vc_column_text][\/vc_column][vc_column width=&#8221;2\/3&#8243;][vc_row_inner][vc_column_inner][vc_empty_space][\/vc_column_inner][\/vc_row_inner][vc_row_inner][vc_column_inner width=&#8221;1\/2&#8243;][vc_single_image image=&#8221;4291&#8243; img_size=&#8221;200&#215;100&#8243; alignment=&#8221;center&#8221; onclick=&#8221;custom_link&#8221; img_link_target=&#8221;_blank&#8221; link=&#8221;https:\/\/www.recyclia.es\/&#8221;][\/vc_column_inner][vc_column_inner width=&#8221;1\/2&#8243;][vc_single_image image=&#8221;4600&#8243; img_size=&#8221;200&#215;100&#8243; alignment=&#8221;center&#8221; onclick=&#8221;custom_link&#8221; img_link_target=&#8221;_blank&#8221; link=&#8221;https:\/\/ecolec.es\/&#8221;][\/vc_column_inner][\/vc_row_inner][vc_row_inner][vc_column_inner width=&#8221;1\/2&#8243;][vc_single_image image=&#8221;4601&#8243; img_size=&#8221;200&#215;100&#8243; alignment=&#8221;center&#8221; onclick=&#8221;custom_link&#8221; img_link_target=&#8221;_blank&#8221; link=&#8221;https:\/\/erp-recycling.org\/es-es\/&#8221;][\/vc_column_inner][vc_column_inner width=&#8221;1\/2&#8243;][vc_single_image image=&#8221;39343&#8243; img_size=&#8221;200&#215;80&#8243; alignment=&#8221;center&#8221; onclick=&#8221;custom_link&#8221; img_link_target=&#8221;_blank&#8221; link=&#8221;https:\/\/ecotic.es\/&#8221;][\/vc_column_inner][\/vc_row_inner][\/vc_column][\/vc_row][vc_row full_width=&#8221;stretch_row&#8221;][vc_column width=&#8221;1\/3&#8243; css=&#8221;.vc_custom_1724143794699{background-position: center !important;background-repeat: no-repeat !important;background-size: contain !important;}&#8221;][vc_custom_heading text=&#8221;PARTNERS&#8221; font_container=&#8221;tag:h4|font_size:35|text_align:left|color:%230b3646&#8243; google_fonts=&#8221;font_family:Oswald%3A300%2Cregular%2C700|font_style:300%20light%20regular%3A300%3Anormal&#8221; css_animation=&#8221;none&#8221; css=&#8221;.vc_custom_1726132007737{background-position: center !important;background-repeat: no-repeat !important;background-size: cover !important;}&#8221;][vc_column_text]Para melhorar a qualidade dos nossos servi\u00e7os contamos com a colabora\u00e7\u00e3o de outras empresas do sector e marcas certificadas.[\/vc_column_text][\/vc_column][vc_column width=&#8221;2\/3&#8243;][vc_row_inner][vc_column_inner][vc_empty_space][\/vc_column_inner][\/vc_row_inner][vc_row_inner][vc_column_inner width=&#8221;1\/2&#8243;][vc_single_image image=&#8221;39353&#8243; img_size=&#8221;200&#215;100&#8243; alignment=&#8221;center&#8221; onclick=&#8221;custom_link&#8221; img_link_target=&#8221;_blank&#8221; link=&#8221;https:\/\/www.remsa.net\/&#8221;][\/vc_column_inner][vc_column_inner width=&#8221;1\/2&#8243;][vc_single_image image=&#8221;39348&#8243; img_size=&#8221;220&#215;100&#8243; alignment=&#8221;center&#8221; onclick=&#8221;custom_link&#8221; img_link_target=&#8221;_blank&#8221; link=&#8221;https:\/\/www.blancco.com\/&#8221;][\/vc_column_inner][\/vc_row_inner][vc_row_inner][vc_column_inner width=&#8221;1\/2&#8243;][\/vc_column_inner][vc_column_inner width=&#8221;1\/2&#8243;][\/vc_column_inner][\/vc_row_inner][\/vc_column][\/vc_row][vc_row full_width=&#8221;stretch_row&#8221; gap=&#8221;5&#8243; equal_height=&#8221;yes&#8221; css=&#8221;.vc_custom_1726133555143{margin-top: 50px !important;margin-bottom: -50px !important;padding-top: 50px !important;background-color: #ffffff !important;background-position: center !important;background-repeat: no-repeat !important;background-size: cover !important;}&#8221;][vc_column width=&#8221;1\/4&#8243; css=&#8221;.vc_custom_1713969469625{background: rgba(216,216,216,0.4) url(https:\/\/revertia.com\/wp-content\/uploads\/2023\/06\/fondo_memoria_sostenibilidad.jpg?id=24590) !important;background-position: center !important;background-repeat: no-repeat !important;background-size: cover !important;*background-color: rgb(216,216,216) !important;border-radius: 25px !important;}&#8221;][vc_empty_space height=&#8221;60&#8243;][vc_icon icon_fontawesome=&#8221;fa fa-clipboard&#8221; color=&#8221;custom&#8221; align=&#8221;center&#8221; custom_color=&#8221;#f7f7f7&#8243; link=&#8221;url:https%3A%2F%2Frevertia.com%2Fmemoria-de-sostenibilidad%2F|title:%5B%3Aes%5DMemoria%20de%20sostenibilidad%5B%3A%5D|target:%20_blank|&#8221;][vc_custom_heading text=&#8221;SOSTENIBILIDAD&#8221; font_container=&#8221;tag:h2|font_size:24|text_align:center|color:%23f2f2f2&#8243; google_fonts=&#8221;font_family:Raleway%3A100%2C200%2C300%2Cregular%2C500%2C600%2C700%2C800%2C900|font_style:500%20bold%20regular%3A500%3Anormal&#8221;][vc_empty_space height=&#8221;60&#8243;][\/vc_column][vc_column width=&#8221;1\/4&#8243; css=&#8221;.vc_custom_1713980173416{background: rgba(66,66,66,0.43) url(https:\/\/revertia.com\/wp-content\/uploads\/2023\/05\/emisionescero_elcambioclimaticoesreal.png?id=24497) !important;*background-color: rgb(66,66,66) !important;border-radius: 25px !important;}&#8221;][vc_empty_space height=&#8221;60&#8243;][vc_icon icon_fontawesome=&#8221;fa fa-certificate&#8221; color=&#8221;custom&#8221; align=&#8221;center&#8221; custom_color=&#8221;#f7f7f7&#8243; link=&#8221;url:https%3A%2F%2Frevertia.com%2Fnuestra-huella-de-carbono%2F|title:%5B%3Aes%5DMemoria%20de%20sostenibilidad%5B%3A%5D|target:%20_blank|&#8221;][vc_custom_heading text=&#8221;NEUTROS EN C02&#8243; font_container=&#8221;tag:h2|font_size:24|text_align:center|color:%23f2f2f2&#8243; google_fonts=&#8221;font_family:Raleway%3A100%2C200%2C300%2Cregular%2C500%2C600%2C700%2C800%2C900|font_style:500%20bold%20regular%3A500%3Anormal&#8221;][vc_empty_space height=&#8221;60&#8243;][\/vc_column][vc_column css_animation=&#8221;none&#8221; width=&#8221;1\/4&#8243; css=&#8221;.vc_custom_1713981272219{background: rgba(104,104,104,0.47) url(https:\/\/revertia.com\/wp-content\/uploads\/2023\/04\/revertia_galeria_3.jpg?id=23252) !important;background-position: center !important;background-repeat: no-repeat !important;background-size: cover !important;*background-color: rgb(104,104,104) !important;border-radius: 25px !important;}&#8221;][vc_empty_space height=&#8221;60&#8243;][vc_icon icon_fontawesome=&#8221;fa fa-check&#8221; color=&#8221;custom&#8221; align=&#8221;center&#8221; custom_color=&#8221;#f7f7f7&#8243; link=&#8221;url:https%3A%2F%2Frevertia.com%2Fcertificaciones-de-revertia%2F|title:%5B%3Aes%5DMemoria%20de%20sostenibilidad%5B%3A%5D|target:%20_blank|&#8221;][vc_custom_heading text=&#8221;CERTIFICACIONES&#8221; font_container=&#8221;tag:h2|font_size:24|text_align:center|color:%23f2f2f2&#8243; google_fonts=&#8221;font_family:Raleway%3A100%2C200%2C300%2Cregular%2C500%2C600%2C700%2C800%2C900|font_style:500%20bold%20regular%3A500%3Anormal&#8221;][vc_empty_space height=&#8221;60&#8243;][\/vc_column][vc_column width=&#8221;1\/4&#8243; css=&#8221;.vc_custom_1713981183477{background: rgba(86,86,86,0.48) url(https:\/\/revertia.com\/wp-content\/uploads\/2023\/02\/REVERTIA_3.jpg?id=21391) !important;background-position: center !important;background-repeat: no-repeat !important;background-size: cover !important;*background-color: rgb(86,86,86) !important;border-radius: 25px !important;}&#8221;][vc_empty_space height=&#8221;60&#8243;][vc_icon icon_fontawesome=&#8221;fa fa-newspaper-o&#8221; color=&#8221;custom&#8221; align=&#8221;center&#8221; custom_color=&#8221;#f7f7f7&#8243; link=&#8221;url:%20https%3A%2F%2Frevertia.com%2Frecursos-documentos-normativa%2F||target:%20_blank|&#8221;][vc_custom_heading text=&#8221;RECURSOS&#8221; font_container=&#8221;tag:h2|font_size:24|text_align:center|color:%23f2f2f2&#8243; google_fonts=&#8221;font_family:Raleway%3A100%2C200%2C300%2Cregular%2C500%2C600%2C700%2C800%2C900|font_style:500%20bold%20regular%3A500%3Anormal&#8221;][vc_empty_space height=&#8221;60&#8243;][\/vc_column][vc_column][vc_row_inner][vc_column_inner][\/vc_column_inner][\/vc_row_inner][\/vc_column][\/vc_row]<\/p>","protected":false},"excerpt":{"rendered":"<p>[vc_row full_width=&#8221;stretch_row&#8221; equal_height=&#8221;yes&#8221; css=&#8221;.vc_custom_1726074673138{margin-top: -80px !important;padding-top: 50px !important;padding-bottom: 50px !important;background-image: url(https:\/\/revertia.com\/wp-content\/uploads\/2024\/07\/EXPLICIT.jpg?id=37700) !important;background-position: center !important;background-repeat: no-repeat !important;background-size: cover !important;}&#8221;][vc_column css=&#8221;.vc_custom_1715173683858{margin-top: 50px !important;margin-bottom: 50px !important;padding-top: 50px !important;padding-right: 100px !important;padding-bottom: 50px !important;padding-left: 100px !important;background-color: rgba(255,255,255,0.86) !important;background-position: center !important;background-repeat: no-repeat !important;background-size: contain !important;*background-color: rgb(255,255,255) !important;border-radius: 25px !important;}&#8221;][vc_custom_heading text=&#8221;PARCERIAS&#8221; font_container=&#8221;tag:h4|font_size:30|text_align:center|color:%230b3646&#8243; google_fonts=&#8221;font_family:Raleway%3A100%2C200%2C300%2Cregular%2C500%2C600%2C700%2C800%2C900|font_style:500%20bold%20regular%3A500%3Anormal&#8221; css_animation=&#8221;fadeIn&#8221; css=&#8221;.vc_custom_1726154444954{background-position: center !important;background-repeat: no-repeat !important;background-size: cover !important;}&#8221;][vc_custom_heading text=&#8221;Promovemos [&hellip;]<\/p>\n","protected":false},"author":3,"featured_media":0,"parent":0,"menu_order":0,"comment_status":"closed","ping_status":"closed","template":"","meta":{"_acf_changed":false,"inline_featured_image":false,"footnotes":""},"acf":[],"yoast_head":"<!-- This site is optimized with the Yoast SEO plugin v22.8 - https:\/\/yoast.com\/wordpress\/plugins\/seo\/ -->\n<title>Colaboraciones - Revertia<\/title>\n<meta name=\"description\" content=\"Potenciamos la sinergia entre empresas, administraciones y organismos p\u00fablicos y otras entidades e instituciones.\" \/>\n<meta name=\"robots\" content=\"index, follow, max-snippet:-1, max-image-preview:large, max-video-preview:-1\" \/>\n<link rel=\"canonical\" href=\"https:\/\/revertia.com\/nuestras-colaboraciones\/\" \/>\n<meta property=\"og:locale\" content=\"pt_PT\" \/>\n<meta property=\"og:type\" content=\"article\" \/>\n<meta property=\"og:title\" content=\"Colaboraciones - Revertia\" \/>\n<meta property=\"og:description\" content=\"Potenciamos la sinergia entre empresas, administraciones y organismos p\u00fablicos y otras entidades e instituciones.\" \/>\n<meta property=\"og:url\" content=\"https:\/\/revertia.com\/nuestras-colaboraciones\/\" \/>\n<meta property=\"og:site_name\" content=\"Revertia\" \/>\n<meta property=\"article:publisher\" content=\"https:\/\/www.facebook.com\/revertiaresiduos\/\" \/>\n<meta property=\"article:modified_time\" content=\"2025-12-09T17:43:29+00:00\" \/>\n<meta name=\"twitter:card\" content=\"summary_large_image\" \/>\n<meta name=\"twitter:site\" content=\"@revertia\" \/>\n<meta name=\"twitter:label1\" content=\"Tempo estimado de leitura\" \/>\n\t<meta name=\"twitter:data1\" content=\"3 minutos\" \/>\n<script type=\"application\/ld+json\" class=\"yoast-schema-graph\">{\"@context\":\"https:\/\/schema.org\",\"@graph\":[{\"@type\":\"WebPage\",\"@id\":\"https:\/\/revertia.com\/nuestras-colaboraciones\/\",\"url\":\"https:\/\/revertia.com\/nuestras-colaboraciones\/\",\"name\":\"Colaboraciones - Revertia\",\"isPartOf\":{\"@id\":\"https:\/\/revertia.com\/es\/#website\"},\"datePublished\":\"2024-09-12T08:32:29+00:00\",\"dateModified\":\"2025-12-09T17:43:29+00:00\",\"description\":\"Potenciamos la sinergia entre empresas, administraciones y organismos p\u00fablicos y otras entidades e instituciones.\",\"breadcrumb\":{\"@id\":\"https:\/\/revertia.com\/nuestras-colaboraciones\/#breadcrumb\"},\"inLanguage\":\"pt-PT\",\"potentialAction\":[{\"@type\":\"ReadAction\",\"target\":[\"https:\/\/revertia.com\/nuestras-colaboraciones\/\"]}]},{\"@type\":\"BreadcrumbList\",\"@id\":\"https:\/\/revertia.com\/nuestras-colaboraciones\/#breadcrumb\",\"itemListElement\":[{\"@type\":\"ListItem\",\"position\":1,\"name\":\"Portada\",\"item\":\"https:\/\/revertia.com\/\"},{\"@type\":\"ListItem\",\"position\":2,\"name\":\"Nuestras colaboraciones\"}]},{\"@type\":\"WebSite\",\"@id\":\"https:\/\/revertia.com\/es\/#website\",\"url\":\"https:\/\/revertia.com\/es\/\",\"name\":\"Revertia\",\"description\":\"\",\"publisher\":{\"@id\":\"https:\/\/revertia.com\/es\/#organization\"},\"potentialAction\":[{\"@type\":\"SearchAction\",\"target\":{\"@type\":\"EntryPoint\",\"urlTemplate\":\"https:\/\/revertia.com\/es\/?s={search_term_string}\"},\"query-input\":\"required name=search_term_string\"}],\"inLanguage\":\"pt-PT\"},{\"@type\":\"Organization\",\"@id\":\"https:\/\/revertia.com\/es\/#organization\",\"name\":\"Revertia\",\"url\":\"https:\/\/revertia.com\/es\/\",\"logo\":{\"@type\":\"ImageObject\",\"inLanguage\":\"pt-PT\",\"@id\":\"https:\/\/revertia.com\/es\/#\/schema\/logo\/image\/\",\"url\":\"https:\/\/revertia.com\/wp-content\/uploads\/2018\/08\/logo-revertia.png\",\"contentUrl\":\"https:\/\/revertia.com\/wp-content\/uploads\/2018\/08\/logo-revertia.png\",\"width\":199,\"height\":38,\"caption\":\"Revertia\"},\"image\":{\"@id\":\"https:\/\/revertia.com\/es\/#\/schema\/logo\/image\/\"},\"sameAs\":[\"https:\/\/www.facebook.com\/revertiaresiduos\/\",\"https:\/\/x.com\/revertia\",\"https:\/\/www.linkedin.com\/company\/revertia\",\"https:\/\/www.youtube.com\/user\/revertia\"]}]}<\/script>\n<!-- \/ Yoast SEO plugin. -->","yoast_head_json":{"title":"Colaboraciones - Revertia","description":"Potenciamos la sinergia entre empresas, administraciones y organismos p\u00fablicos y otras entidades e instituciones.","robots":{"index":"index","follow":"follow","max-snippet":"max-snippet:-1","max-image-preview":"max-image-preview:large","max-video-preview":"max-video-preview:-1"},"canonical":"https:\/\/revertia.com\/nuestras-colaboraciones\/","og_locale":"pt_PT","og_type":"article","og_title":"Colaboraciones - Revertia","og_description":"Potenciamos la sinergia entre empresas, administraciones y organismos p\u00fablicos y otras entidades e instituciones.","og_url":"https:\/\/revertia.com\/nuestras-colaboraciones\/","og_site_name":"Revertia","article_publisher":"https:\/\/www.facebook.com\/revertiaresiduos\/","article_modified_time":"2025-12-09T17:43:29+00:00","twitter_card":"summary_large_image","twitter_site":"@revertia","twitter_misc":{"Tempo estimado de leitura":"3 minutos"},"schema":{"@context":"https:\/\/schema.org","@graph":[{"@type":"WebPage","@id":"https:\/\/revertia.com\/nuestras-colaboraciones\/","url":"https:\/\/revertia.com\/nuestras-colaboraciones\/","name":"Colaboraciones - Revertia","isPartOf":{"@id":"https:\/\/revertia.com\/es\/#website"},"datePublished":"2024-09-12T08:32:29+00:00","dateModified":"2025-12-09T17:43:29+00:00","description":"Potenciamos la sinergia entre empresas, administraciones y organismos p\u00fablicos y otras entidades e instituciones.","breadcrumb":{"@id":"https:\/\/revertia.com\/nuestras-colaboraciones\/#breadcrumb"},"inLanguage":"pt-PT","potentialAction":[{"@type":"ReadAction","target":["https:\/\/revertia.com\/nuestras-colaboraciones\/"]}]},{"@type":"BreadcrumbList","@id":"https:\/\/revertia.com\/nuestras-colaboraciones\/#breadcrumb","itemListElement":[{"@type":"ListItem","position":1,"name":"Portada","item":"https:\/\/revertia.com\/"},{"@type":"ListItem","position":2,"name":"Nuestras colaboraciones"}]},{"@type":"WebSite","@id":"https:\/\/revertia.com\/es\/#website","url":"https:\/\/revertia.com\/es\/","name":"Revertia","description":"","publisher":{"@id":"https:\/\/revertia.com\/es\/#organization"},"potentialAction":[{"@type":"SearchAction","target":{"@type":"EntryPoint","urlTemplate":"https:\/\/revertia.com\/es\/?s={search_term_string}"},"query-input":"required name=search_term_string"}],"inLanguage":"pt-PT"},{"@type":"Organization","@id":"https:\/\/revertia.com\/es\/#organization","name":"Revertia","url":"https:\/\/revertia.com\/es\/","logo":{"@type":"ImageObject","inLanguage":"pt-PT","@id":"https:\/\/revertia.com\/es\/#\/schema\/logo\/image\/","url":"https:\/\/revertia.com\/wp-content\/uploads\/2018\/08\/logo-revertia.png","contentUrl":"https:\/\/revertia.com\/wp-content\/uploads\/2018\/08\/logo-revertia.png","width":199,"height":38,"caption":"Revertia"},"image":{"@id":"https:\/\/revertia.com\/es\/#\/schema\/logo\/image\/"},"sameAs":["https:\/\/www.facebook.com\/revertiaresiduos\/","https:\/\/x.com\/revertia","https:\/\/www.linkedin.com\/company\/revertia","https:\/\/www.youtube.com\/user\/revertia"]}]}},"_links":{"self":[{"href":"https:\/\/revertia.com\/pt\/wp-json\/wp\/v2\/pages\/39287"}],"collection":[{"href":"https:\/\/revertia.com\/pt\/wp-json\/wp\/v2\/pages"}],"about":[{"href":"https:\/\/revertia.com\/pt\/wp-json\/wp\/v2\/types\/page"}],"author":[{"embeddable":true,"href":"https:\/\/revertia.com\/pt\/wp-json\/wp\/v2\/users\/3"}],"replies":[{"embeddable":true,"href":"https:\/\/revertia.com\/pt\/wp-json\/wp\/v2\/comments?post=39287"}],"version-history":[{"count":88,"href":"https:\/\/revertia.com\/pt\/wp-json\/wp\/v2\/pages\/39287\/revisions"}],"predecessor-version":[{"id":65276,"href":"https:\/\/revertia.com\/pt\/wp-json\/wp\/v2\/pages\/39287\/revisions\/65276"}],"wp:attachment":[{"href":"https:\/\/revertia.com\/pt\/wp-json\/wp\/v2\/media?parent=39287"}],"curies":[{"name":"wp","href":"https:\/\/api.w.org\/{rel}","templated":true}]}}