{"id":23265,"date":"2023-04-18T13:30:08","date_gmt":"2023-04-18T11:30:08","guid":{"rendered":"https:\/\/revertia.com\/?page_id=23265"},"modified":"2025-08-22T12:26:29","modified_gmt":"2025-08-22T10:26:29","slug":"contacto","status":"publish","type":"page","link":"https:\/\/revertia.com\/pt\/contacto\/","title":{"rendered":"Contacto"},"content":{"rendered":"<p>[vc_row full_width=&#8221;stretch_row&#8221; equal_height=&#8221;yes&#8221; css=&#8221;.vc_custom_1683215787067{padding-top: 50px !important;padding-bottom: 50px !important;background-color: #ffffff !important;background-position: center !important;background-repeat: no-repeat !important;background-size: cover !important;}&#8221;][vc_column width=&#8221;1\/3&#8243;][vc_column_text]<\/p>\n<h4><a href=\"mailto:info@revertia.com\"><img loading=\"lazy\" decoding=\"async\" class=\"wp-image-19216 aligncenter\" src=\"https:\/\/revertia.com\/wp-content\/uploads\/2022\/10\/hogares.svg\" alt=\"\" width=\"50\" height=\"50\" \/><\/a><\/h4>\n<h4 style=\"text-align: center;\"><a href=\"mailto:info@revertia.com\">info@revertia.com<\/a><\/h4>\n<p>[\/vc_column_text][\/vc_column][vc_column width=&#8221;1\/3&#8243;][vc_column_text]<\/p>\n<h4><a href=\"mailto:info@revertia.com\"><img loading=\"lazy\" decoding=\"async\" class=\"wp-image-19223 aligncenter\" src=\"https:\/\/revertia.com\/wp-content\/uploads\/2022\/10\/medio-ambiente.svg\" alt=\"\" width=\"50\" height=\"50\" \/><\/a><\/h4>\n<p style=\"text-align: center;\">Pol\u00edgono Oceanis Nave 5.12 Cataboy &#8211; 36418<br \/>\nO Porri\u00f1o, Pontevedra<br \/>\n<strong>Telf. 986 060 766<\/strong><\/p>\n<p>[\/vc_column_text][\/vc_column][vc_column width=&#8221;1\/3&#8243;][vc_column_text]<\/p>\n<h4><a href=\"mailto:info@revertia.com\"><img loading=\"lazy\" decoding=\"async\" class=\"wp-image-19223 aligncenter\" src=\"https:\/\/revertia.com\/wp-content\/uploads\/2022\/10\/medio-ambiente.svg\" alt=\"\" width=\"50\" height=\"50\" \/><\/a><\/h4>\n<p style=\"text-align: center;\">Av. de los Montes de Oca, 7 Nave 10 &#8211; 28703<br \/>\nSan Sebasti\u00e1n de los Reyes, Madrid<br \/>\n<strong>Telf. 914 388 356<\/strong><\/p>\n<p>&nbsp;<\/p>\n<p>[\/vc_column_text][\/vc_column][\/vc_row][vc_row full_width=&#8221;stretch_row&#8221; css=&#8221;.vc_custom_1681818050163{padding-top: 50px !important;padding-bottom: 50px !important;background-color: #f7f7f7 !important;background-position: center !important;background-repeat: no-repeat !important;background-size: cover !important;}&#8221;][vc_column width=&#8221;1\/6&#8243;][\/vc_column][vc_column width=&#8221;2\/3&#8243;][vc_column_text]<\/p>\n<h4><a href=\"mailto:info@revertia.com\"><img loading=\"lazy\" decoding=\"async\" class=\"wp-image-19210 aligncenter\" src=\"https:\/\/revertia.com\/wp-content\/uploads\/2022\/10\/consultoria.svg\" alt=\"\" width=\"50\" height=\"50\" \/><\/a><\/h4>\n<p>[\/vc_column_text][vc_custom_heading text=&#8221;A SUA CONSULTA&#8221; font_container=&#8221;tag:h3|font_size:30|text_align:center|color:%230b3646&#8243; google_fonts=&#8221;font_family:Raleway%3A100%2C200%2C300%2Cregular%2C500%2C600%2C700%2C800%2C900|font_style:600%20bold%20regular%3A600%3Anormal&#8221;]\n<div class=\"wpcf7 no-js\" id=\"wpcf7-f4461-o3\" lang=\"es-ES\" dir=\"ltr\">\n<div class=\"screen-reader-response\"><p role=\"status\" aria-live=\"polite\" aria-atomic=\"true\"><\/p> <ul><\/ul><\/div>\n<form action=\"\/pt\/wp-json\/wp\/v2\/pages\/23265#wpcf7-f4461-o3\" method=\"post\" class=\"wpcf7-form init\" aria-label=\"Formulario de contacto\" novalidate=\"novalidate\" data-status=\"init\">\n<div style=\"display: none;\">\n<input type=\"hidden\" name=\"_wpcf7\" value=\"4461\" \/>\n<input type=\"hidden\" name=\"_wpcf7_version\" value=\"5.9.5\" \/>\n<input type=\"hidden\" name=\"_wpcf7_locale\" value=\"es_ES\" \/>\n<input type=\"hidden\" name=\"_wpcf7_unit_tag\" value=\"wpcf7-f4461-o3\" \/>\n<input type=\"hidden\" name=\"_wpcf7_container_post\" value=\"0\" \/>\n<input type=\"hidden\" name=\"_wpcf7_posted_data_hash\" value=\"\" \/>\n<input type=\"hidden\" name=\"_wpcf7_recaptcha_response\" value=\"\" \/>\n<\/div>\n<p>&nbsp;\n<\/p>\n<div class=\"formulario-material\">\n\t<p><span class=\"wpcf7-form-control-wrap\" data-name=\"your-name\"><input size=\"40\" class=\"wpcf7-form-control wpcf7-text wpcf7-validates-as-required form-control floating-label\" aria-required=\"true\" aria-invalid=\"false\" placeholder=\"Nome\" value=\"\" type=\"text\" name=\"your-name\" \/><\/span>\n\t<\/p>\n\t<p><span class=\"wpcf7-form-control-wrap\" data-name=\"your-email\"><input size=\"40\" class=\"wpcf7-form-control wpcf7-email wpcf7-validates-as-required wpcf7-text wpcf7-validates-as-email form-control floating-label\" aria-required=\"true\" aria-invalid=\"false\" placeholder=\"Email*\" value=\"\" type=\"email\" name=\"your-email\" \/><\/span>\n\t<\/p>\n\t<p><span class=\"wpcf7-form-control-wrap\" data-name=\"your-subject\"><input size=\"40\" class=\"wpcf7-form-control wpcf7-text wpcf7-validates-as-required form-control floating-label\" aria-required=\"true\" aria-invalid=\"false\" placeholder=\"Assunto*\" value=\"\" type=\"text\" name=\"your-subject\" \/><\/span>\n\t<\/p>\n\t<p><span class=\"wpcf7-form-control-wrap\" data-name=\"your-message\"><textarea cols=\"40\" rows=\"10\" class=\"wpcf7-form-control wpcf7-textarea form-control floating-label\" aria-invalid=\"false\" placeholder=\"Mensagem*\" name=\"your-message\"><\/textarea><\/span>\n\t<\/p>\n\t<p class=\"politica-legal\"><br \/>\n<span class=\"wpcf7-form-control-wrap\" data-name=\"acceptance-173\"><span class=\"wpcf7-form-control wpcf7-acceptance\"><span class=\"wpcf7-list-item\"><input type=\"checkbox\" name=\"acceptance-173\" value=\"1\" aria-invalid=\"false\" \/><\/span><\/span><\/span> Aceito os <a href=\"https:\/\/revertia.com\/aviso-legal\/\">Termos e Condi\u00e7\u00f5es<\/a>\n\t<\/p>\n\t<p class=\"Recibir ofertas\"><br \/>\n<span class=\"wpcf7-form-control-wrap\" data-name=\"acceptance-929\"><span class=\"wpcf7-form-control wpcf7-acceptance optional\"><span class=\"wpcf7-list-item\"><input type=\"checkbox\" name=\"acceptance-929\" value=\"1\" aria-invalid=\"false\" \/><\/span><\/span><\/span> Desejo receber informa\u00e7\u00f5es sobre servi\u00e7os e ofertas da Revertia\n\t<\/p>\n\t<div style=\"font-size:10px;\">\n\t\t<p>Revertia Reusing and Recycling S.L., con domicilio en Pol\u00edgono Oceanis Nave 5.12 Cataboy \u2013 36418 O Porri\u00f1o, Pontevedra es el responsable del tratamiento de los datos personales contenidos en este formulario con el fin de atender su consulta. De igual forma, si est\u00e1s interesado en permitir que Revertia\/Reboots te env\u00ede informaci\u00f3n sobre promociones, puedes dar tu consentimiento marcando la casilla reservada a tal efecto. Puede ejercitar los derechos de acceso, rectificaci\u00f3n, supresi\u00f3n, restricci\u00f3n, cesi\u00f3n, oposici\u00f3n a trav\u00e9s de la direcci\u00f3n info@revertia.com. Puede encontrar informaci\u00f3n m\u00e1s detallada sobre el procesamiento de datos personales en el documento pol\u00edtica de privacidad.\n\t\t<\/p>\n\t<\/div>\n\t<p><input class=\"wpcf7-form-control wpcf7-submit has-spinner btn btn-verde\" type=\"submit\" value=\"Enviar\" \/>\n\t<\/p>\n<\/div><div class=\"wpcf7-response-output\" aria-hidden=\"true\"><\/div>\n<\/form>\n<\/div>\n[\/vc_column][vc_column width=&#8221;1\/6&#8243;][\/vc_column][\/vc_row][vc_row full_width=&#8221;stretch_row&#8221; equal_height=&#8221;yes&#8221; css=&#8221;.vc_custom_1681848532589{margin-top: 20px !important;margin-bottom: 20px !important;}&#8221;][vc_column width=&#8221;1\/3&#8243;][vc_single_image image=&#8221;23319&#8243; img_size=&#8221;full&#8221;][vc_single_image image=&#8221;23602&#8243; img_size=&#8221;full&#8221;][\/vc_column][vc_column width=&#8221;1\/3&#8243;][vc_single_image image=&#8221;23251&#8243; img_size=&#8221;full&#8221;][vc_single_image image=&#8221;23597&#8243; img_size=&#8221;full&#8221; css=&#8221;.vc_custom_1683215173278{margin-right: px !important;}&#8221;][\/vc_column][vc_column width=&#8221;1\/3&#8243;][vc_single_image image=&#8221;23606&#8243; img_size=&#8221;full&#8221;][vc_single_image image=&#8221;23609&#8243; img_size=&#8221;full&#8221;][\/vc_column][\/vc_row][vc_row full_width=&#8221;stretch_row&#8221; css=&#8221;.vc_custom_1681826355346{background-color: #f7f7f7 !important;background-position: center !important;background-repeat: no-repeat !important;background-size: cover !important;}&#8221;][vc_column][vc_empty_space][vc_column_text]<\/p>\n<h4 style=\"text-align: center;\"><strong><img loading=\"lazy\" decoding=\"async\" class=\"wp-image-19206 aligncenter\" src=\"https:\/\/revertia.com\/wp-content\/uploads\/2022\/10\/borrado-2.svg\" alt=\"\" width=\"50\" height=\"50\" \/><\/strong><\/h4>\n<p>[\/vc_column_text][vc_custom_heading text=&#8221;CENTROS&#8221; font_container=&#8221;tag:h3|font_size:30|text_align:center|color:%230b3646&#8243; google_fonts=&#8221;font_family:Raleway%3A100%2C200%2C300%2Cregular%2C500%2C600%2C700%2C800%2C900|font_style:600%20bold%20regular%3A600%3Anormal&#8221;][vc_empty_space][vc_column_text]<\/p>\n<p>[\/vc_column_text][vc_empty_space][vc_row_inner equal_height=&#8221;yes&#8221;][vc_column_inner width=&#8221;1\/3&#8243;][vc_empty_space][vc_column_text]<\/p>\n<p style=\"text-align: center;\"><strong>Pontevedra:<\/strong><br \/>\nPol\u00edgono Oceanis Nave 5.12 Cataboi &#8211; Atios 36418 &#8211; O Porri\u00f1o (Pontevedra)<br \/>\nT. 986 060 766\u00a0\/\u00a0<span class=\"s1\">606 505 103<\/span><\/p>\n<p>[\/vc_column_text][vc_empty_space][\/vc_column_inner][vc_column_inner width=&#8221;1\/3&#8243;][vc_empty_space][vc_column_text]<\/p>\n<p style=\"text-align: center;\"><strong>Madrid:<br \/>\n<\/strong>Av. de los Montes de Oca, 7 &#8211; 28703 San Sebasti\u00e1n de los Reyes<br \/>\nT. 91 43 88 356<\/p>\n<p>[\/vc_column_text][vc_empty_space][\/vc_column_inner][vc_column_inner width=&#8221;1\/3&#8243;][vc_empty_space][vc_column_text]<\/p>\n<p style=\"text-align: center;\"><strong>M\u00e9xico &#8211; \u00a0<\/strong><a href=\"https:\/\/reciclaelectronicos.com\/\"><img loading=\"lazy\" decoding=\"async\" class=\"alignnone wp-image-6894\" src=\"https:\/\/revertia.com\/wp-content\/uploads\/2019\/05\/logo_remsa.jpg\" alt=\"\" width=\"70\" height=\"27\" \/><\/a><strong><br \/>\n<\/strong>H\u00e9rcules 401 &#8211; A, nave 2, Pol\u00edgono Empresarial Santa Rosa J\u00e1uregui Quer\u00e9taro, Qro., M\u00e9xico., 76220.<\/p>\n<p>[\/vc_column_text][vc_empty_space][\/vc_column_inner][\/vc_row_inner][\/vc_column][\/vc_row][vc_row full_width=&#8221;stretch_row_content_no_spaces&#8221; css=&#8221;.vc_custom_1681816638782{margin-top: -50px !important;margin-bottom: -80px !important;}&#8221;][vc_column][vc_column_text]<iframe loading=\"lazy\" src=\"https:\/\/revertia.com\/wp-content\/themes\/Revertia_2016\/map.html\" width=\"100%\" height=\"500\" frameborder=\"0\" data-mce-fragment=\"1\"><\/iframe>[\/vc_column_text][\/vc_column][\/vc_row]<\/p>","protected":false},"excerpt":{"rendered":"<p>[vc_row full_width=&#8221;stretch_row&#8221; equal_height=&#8221;yes&#8221; css=&#8221;.vc_custom_1683215787067{padding-top: 50px !important;padding-bottom: 50px !important;background-color: #ffffff !important;background-position: center !important;background-repeat: no-repeat !important;background-size: cover !important;}&#8221;][vc_column width=&#8221;1\/3&#8243;][vc_column_text] info@revertia.com [\/vc_column_text][\/vc_column][vc_column width=&#8221;1\/3&#8243;][vc_column_text] Pol\u00edgono Oceanis Nave 5.12 Cataboy &#8211; 36418 O Porri\u00f1o, Pontevedra Telf. 986 060 766 [\/vc_column_text][\/vc_column][vc_column width=&#8221;1\/3&#8243;][vc_column_text] Av. de los Montes de Oca, 7 Nave 10 &#8211; 28703 San Sebasti\u00e1n de los Reyes, Madrid Telf. 914 [&hellip;]<\/p>\n","protected":false},"author":3,"featured_media":0,"parent":0,"menu_order":0,"comment_status":"closed","ping_status":"closed","template":"","meta":{"_acf_changed":false,"inline_featured_image":false,"footnotes":""},"acf":[],"yoast_head":"<!-- This site is optimized with the Yoast SEO plugin v22.8 - https:\/\/yoast.com\/wordpress\/plugins\/seo\/ -->\n<title>Contacto y localizaciones de nuestros centros - Revertia<\/title>\n<meta name=\"description\" content=\"Consulta toda la informaci\u00f3n sobre nuestro servicio integral de gesti\u00f3n de residuos y nuestro compromiso con el medio ambiente.\" \/>\n<meta name=\"robots\" content=\"index, follow, max-snippet:-1, max-image-preview:large, max-video-preview:-1\" \/>\n<link rel=\"canonical\" href=\"https:\/\/revertia.com\/contacto\/\" \/>\n<meta property=\"og:locale\" content=\"pt_PT\" \/>\n<meta property=\"og:type\" content=\"article\" \/>\n<meta property=\"og:title\" content=\"[:es]Contacto[:en]GET IN TOUCH[:pt]Contacto[:] y localizaciones de nuestros centros - Revertia\" \/>\n<meta property=\"og:description\" content=\"Consulta toda la informaci\u00f3n sobre nuestro servicio integral de gesti\u00f3n de residuos y nuestro compromiso con el medio ambiente.\" \/>\n<meta property=\"og:url\" content=\"https:\/\/revertia.com\/contacto\/\" \/>\n<meta property=\"og:site_name\" content=\"Revertia\" \/>\n<meta property=\"article:publisher\" content=\"https:\/\/www.facebook.com\/revertiaresiduos\/\" \/>\n<meta property=\"article:modified_time\" content=\"2025-08-22T10:26:29+00:00\" \/>\n<meta property=\"og:image\" content=\"https:\/\/revertia.com\/wp-content\/uploads\/2022\/10\/hogares.svg\" \/>\n<meta name=\"twitter:card\" content=\"summary_large_image\" \/>\n<meta name=\"twitter:site\" content=\"@revertia\" \/>\n<meta name=\"twitter:label1\" content=\"Tempo estimado de leitura\" \/>\n\t<meta name=\"twitter:data1\" content=\"3 minutos\" \/>\n<script type=\"application\/ld+json\" class=\"yoast-schema-graph\">{\"@context\":\"https:\/\/schema.org\",\"@graph\":[{\"@type\":\"WebPage\",\"@id\":\"https:\/\/revertia.com\/contacto\/\",\"url\":\"https:\/\/revertia.com\/contacto\/\",\"name\":\"[:es]Contacto[:en]GET IN TOUCH[:pt]Contacto[:] y localizaciones de nuestros centros - Revertia\",\"isPartOf\":{\"@id\":\"https:\/\/revertia.com\/es\/#website\"},\"primaryImageOfPage\":{\"@id\":\"https:\/\/revertia.com\/contacto\/#primaryimage\"},\"image\":{\"@id\":\"https:\/\/revertia.com\/contacto\/#primaryimage\"},\"thumbnailUrl\":\"https:\/\/revertia.com\/wp-content\/uploads\/2022\/10\/hogares.svg\",\"datePublished\":\"2023-04-18T11:30:08+00:00\",\"dateModified\":\"2025-08-22T10:26:29+00:00\",\"description\":\"Consulta toda la informaci\u00f3n sobre nuestro servicio integral de gesti\u00f3n de residuos y nuestro compromiso con el medio ambiente.\",\"breadcrumb\":{\"@id\":\"https:\/\/revertia.com\/contacto\/#breadcrumb\"},\"inLanguage\":\"pt-PT\",\"potentialAction\":[{\"@type\":\"ReadAction\",\"target\":[\"https:\/\/revertia.com\/contacto\/\"]}]},{\"@type\":\"ImageObject\",\"inLanguage\":\"pt-PT\",\"@id\":\"https:\/\/revertia.com\/contacto\/#primaryimage\",\"url\":\"https:\/\/revertia.com\/wp-content\/uploads\/2022\/10\/hogares.svg\",\"contentUrl\":\"https:\/\/revertia.com\/wp-content\/uploads\/2022\/10\/hogares.svg\"},{\"@type\":\"BreadcrumbList\",\"@id\":\"https:\/\/revertia.com\/contacto\/#breadcrumb\",\"itemListElement\":[{\"@type\":\"ListItem\",\"position\":1,\"name\":\"Portada\",\"item\":\"https:\/\/revertia.com\/\"},{\"@type\":\"ListItem\",\"position\":2,\"name\":\"Contacto\"}]},{\"@type\":\"WebSite\",\"@id\":\"https:\/\/revertia.com\/es\/#website\",\"url\":\"https:\/\/revertia.com\/es\/\",\"name\":\"Revertia\",\"description\":\"\",\"publisher\":{\"@id\":\"https:\/\/revertia.com\/es\/#organization\"},\"potentialAction\":[{\"@type\":\"SearchAction\",\"target\":{\"@type\":\"EntryPoint\",\"urlTemplate\":\"https:\/\/revertia.com\/es\/?s={search_term_string}\"},\"query-input\":\"required name=search_term_string\"}],\"inLanguage\":\"pt-PT\"},{\"@type\":\"Organization\",\"@id\":\"https:\/\/revertia.com\/es\/#organization\",\"name\":\"Revertia\",\"url\":\"https:\/\/revertia.com\/es\/\",\"logo\":{\"@type\":\"ImageObject\",\"inLanguage\":\"pt-PT\",\"@id\":\"https:\/\/revertia.com\/es\/#\/schema\/logo\/image\/\",\"url\":\"https:\/\/revertia.com\/wp-content\/uploads\/2018\/08\/logo-revertia.png\",\"contentUrl\":\"https:\/\/revertia.com\/wp-content\/uploads\/2018\/08\/logo-revertia.png\",\"width\":199,\"height\":38,\"caption\":\"Revertia\"},\"image\":{\"@id\":\"https:\/\/revertia.com\/es\/#\/schema\/logo\/image\/\"},\"sameAs\":[\"https:\/\/www.facebook.com\/revertiaresiduos\/\",\"https:\/\/x.com\/revertia\",\"https:\/\/www.linkedin.com\/company\/revertia\",\"https:\/\/www.youtube.com\/user\/revertia\"]}]}<\/script>\n<!-- \/ Yoast SEO plugin. -->","yoast_head_json":{"title":"[:es]Contacto[:en]GET IN TOUCH[:pt]Contacto[:] y localizaciones de nuestros centros - Revertia","description":"Consulta toda la informaci\u00f3n sobre nuestro servicio integral de gesti\u00f3n de residuos y nuestro compromiso con el medio ambiente.","robots":{"index":"index","follow":"follow","max-snippet":"max-snippet:-1","max-image-preview":"max-image-preview:large","max-video-preview":"max-video-preview:-1"},"canonical":"https:\/\/revertia.com\/contacto\/","og_locale":"pt_PT","og_type":"article","og_title":"[:es]Contacto[:en]GET IN TOUCH[:pt]Contacto[:] y localizaciones de nuestros centros - Revertia","og_description":"Consulta toda la informaci\u00f3n sobre nuestro servicio integral de gesti\u00f3n de residuos y nuestro compromiso con el medio ambiente.","og_url":"https:\/\/revertia.com\/contacto\/","og_site_name":"Revertia","article_publisher":"https:\/\/www.facebook.com\/revertiaresiduos\/","article_modified_time":"2025-08-22T10:26:29+00:00","og_image":[{"url":"https:\/\/revertia.com\/wp-content\/uploads\/2022\/10\/hogares.svg"}],"twitter_card":"summary_large_image","twitter_site":"@revertia","twitter_misc":{"Tempo estimado de leitura":"3 minutos"},"schema":{"@context":"https:\/\/schema.org","@graph":[{"@type":"WebPage","@id":"https:\/\/revertia.com\/contacto\/","url":"https:\/\/revertia.com\/contacto\/","name":"[:es]Contacto[:en]GET IN TOUCH[:pt]Contacto[:] y localizaciones de nuestros centros - Revertia","isPartOf":{"@id":"https:\/\/revertia.com\/es\/#website"},"primaryImageOfPage":{"@id":"https:\/\/revertia.com\/contacto\/#primaryimage"},"image":{"@id":"https:\/\/revertia.com\/contacto\/#primaryimage"},"thumbnailUrl":"https:\/\/revertia.com\/wp-content\/uploads\/2022\/10\/hogares.svg","datePublished":"2023-04-18T11:30:08+00:00","dateModified":"2025-08-22T10:26:29+00:00","description":"Consulta toda la informaci\u00f3n sobre nuestro servicio integral de gesti\u00f3n de residuos y nuestro compromiso con el medio ambiente.","breadcrumb":{"@id":"https:\/\/revertia.com\/contacto\/#breadcrumb"},"inLanguage":"pt-PT","potentialAction":[{"@type":"ReadAction","target":["https:\/\/revertia.com\/contacto\/"]}]},{"@type":"ImageObject","inLanguage":"pt-PT","@id":"https:\/\/revertia.com\/contacto\/#primaryimage","url":"https:\/\/revertia.com\/wp-content\/uploads\/2022\/10\/hogares.svg","contentUrl":"https:\/\/revertia.com\/wp-content\/uploads\/2022\/10\/hogares.svg"},{"@type":"BreadcrumbList","@id":"https:\/\/revertia.com\/contacto\/#breadcrumb","itemListElement":[{"@type":"ListItem","position":1,"name":"Portada","item":"https:\/\/revertia.com\/"},{"@type":"ListItem","position":2,"name":"Contacto"}]},{"@type":"WebSite","@id":"https:\/\/revertia.com\/es\/#website","url":"https:\/\/revertia.com\/es\/","name":"Revertia","description":"","publisher":{"@id":"https:\/\/revertia.com\/es\/#organization"},"potentialAction":[{"@type":"SearchAction","target":{"@type":"EntryPoint","urlTemplate":"https:\/\/revertia.com\/es\/?s={search_term_string}"},"query-input":"required name=search_term_string"}],"inLanguage":"pt-PT"},{"@type":"Organization","@id":"https:\/\/revertia.com\/es\/#organization","name":"Revertia","url":"https:\/\/revertia.com\/es\/","logo":{"@type":"ImageObject","inLanguage":"pt-PT","@id":"https:\/\/revertia.com\/es\/#\/schema\/logo\/image\/","url":"https:\/\/revertia.com\/wp-content\/uploads\/2018\/08\/logo-revertia.png","contentUrl":"https:\/\/revertia.com\/wp-content\/uploads\/2018\/08\/logo-revertia.png","width":199,"height":38,"caption":"Revertia"},"image":{"@id":"https:\/\/revertia.com\/es\/#\/schema\/logo\/image\/"},"sameAs":["https:\/\/www.facebook.com\/revertiaresiduos\/","https:\/\/x.com\/revertia","https:\/\/www.linkedin.com\/company\/revertia","https:\/\/www.youtube.com\/user\/revertia"]}]}},"_links":{"self":[{"href":"https:\/\/revertia.com\/pt\/wp-json\/wp\/v2\/pages\/23265"}],"collection":[{"href":"https:\/\/revertia.com\/pt\/wp-json\/wp\/v2\/pages"}],"about":[{"href":"https:\/\/revertia.com\/pt\/wp-json\/wp\/v2\/types\/page"}],"author":[{"embeddable":true,"href":"https:\/\/revertia.com\/pt\/wp-json\/wp\/v2\/users\/3"}],"replies":[{"embeddable":true,"href":"https:\/\/revertia.com\/pt\/wp-json\/wp\/v2\/comments?post=23265"}],"version-history":[{"count":91,"href":"https:\/\/revertia.com\/pt\/wp-json\/wp\/v2\/pages\/23265\/revisions"}],"predecessor-version":[{"id":58084,"href":"https:\/\/revertia.com\/pt\/wp-json\/wp\/v2\/pages\/23265\/revisions\/58084"}],"wp:attachment":[{"href":"https:\/\/revertia.com\/pt\/wp-json\/wp\/v2\/media?parent=23265"}],"curies":[{"name":"wp","href":"https:\/\/api.w.org\/{rel}","templated":true}]}}