{"id":22762,"date":"2023-03-23T18:52:14","date_gmt":"2023-03-23T17:52:14","guid":{"rendered":"https:\/\/revertia.com\/?page_id=22762"},"modified":"2025-09-17T14:47:44","modified_gmt":"2025-09-17T12:47:44","slug":"publicaciones","status":"publish","type":"page","link":"https:\/\/revertia.com\/pt\/publicaciones\/","title":{"rendered":"Recursos"},"content":{"rendered":"<p>[vc_row full_width=&#8221;stretch_row&#8221; css=&#8221;.vc_custom_1678957951631{margin-top: -80px !important;background-color: #ffffff !important;background-position: center !important;background-repeat: no-repeat !important;background-size: cover !important;}&#8221;][vc_column parallax=&#8221;content-moving&#8221; parallax_speed_bg=&#8221;1&#8243; css=&#8221;.vc_custom_1678957870443{margin-top: 100px !important;background-position: center !important;background-repeat: no-repeat !important;background-size: contain !important;}&#8221;][vc_single_image image=&#8221;19213&#8243; img_size=&#8221;50&#215;50&#8243; alignment=&#8221;center&#8221; css=&#8221;.vc_custom_1678958954126{margin-top: -80px !important;}&#8221;][vc_custom_heading text=&#8221;NORMATIVA&#8221; font_container=&#8221;tag:p|font_size:30|text_align:center|color:%230b3646&#8243; use_theme_fonts=&#8221;yes&#8221; css_animation=&#8221;none&#8221; css=&#8221;.vc_custom_1715192939129{margin-top: -20px !important;background-position: center !important;background-repeat: no-repeat !important;background-size: cover !important;}&#8221;][vc_column_text css=&#8221;.vc_custom_1678959181854{margin-top: -20px !important;padding-left: 50px !important;}&#8221;]<\/p>\n<ul>\n<li><a href=\"https:\/\/www.boe.es\/buscar\/pdf\/2022\/BOE-A-2022-5809-consolidado.pdf\" target=\"_blank\" rel=\"noopener noreferrer\">Ley 7\/2022, de 8 de abril, de residuos y suelos contaminados para una econom\u00eda circular, con la que se pretende avanzar en la reducci\u00f3n, la recogida y la correcta separaci\u00f3n de todos los residuos.<\/a><\/li>\n<li><a href=\"https:\/\/www.boe.es\/buscar\/act.php?id=BOE-A-2020-6422\" target=\"_blank\" rel=\"noopener noreferrer\">Real Decreto 553\/2020, de 2 de junio, por el que se regula el traslado de residuos en el interior del territorio del Estado.<\/a><\/li>\n<li><a href=\"https:\/\/revertia.com\/wp-content\/uploads\/2016\/06\/Ley-22_2011-de-residuos.pdf\" target=\"_blank\" rel=\"noopener noreferrer\">Ley 22\/2011, de 28 de julio, de Residuos y Suelos Contaminados.<\/a><\/li>\n<li><a href=\"https:\/\/revertia.com\/wp-content\/uploads\/2016\/06\/RD-110_2015-RAEES.pdf\" target=\"_blank\" rel=\"noopener noreferrer\">Real Decreto 110\/2015, de 20 de febrero, sobre Residuos de Aparatos El\u00e9ctricos y Electr\u00f3nicos.<\/a><\/li>\n<\/ul>\n<p>[\/vc_column_text][\/vc_column][\/vc_row][vc_row full_width=&#8221;stretch_row&#8221; gap=&#8221;20&#8243; equal_height=&#8221;yes&#8221; css=&#8221;.vc_custom_1678959412636{margin-top: 20px !important;margin-bottom: 20px !important;padding-top: 50px !important;padding-bottom: 50px !important;background-color: #e8e8e8 !important;background-position: center !important;background-repeat: no-repeat !important;background-size: cover !important;}&#8221;][vc_column][vc_single_image image=&#8221;19223&#8243; img_size=&#8221;50&#215;50&#8243; alignment=&#8221;center&#8221;][vc_custom_heading text=&#8221;NORMATIVA COMUNITARIA&#8221; font_container=&#8221;tag:p|font_size:30|text_align:center|color:%230b3646&#8243; use_theme_fonts=&#8221;yes&#8221; css_animation=&#8221;none&#8221; css=&#8221;.vc_custom_1715192946715{margin-top: -20px !important;background-position: center !important;background-repeat: no-repeat !important;background-size: cover !important;}&#8221;][vc_column_text css=&#8221;.vc_custom_1678959425120{padding-left: 50px !important;}&#8221;]<\/p>\n<ul>\n<li>La normativa en materia de residuos es muy amplia y compleja. En el \u00e1mbito comunitario, est\u00e1 en vigor la\u00a0<span style=\"color: #0c3049;\"><a style=\"color: #0c3049;\" href=\"https:\/\/eur-lex.europa.eu\/legal-content\/ES\/TXT\/PDF\/?uri=CELEX:32008L0098&amp;from=ES\"><u>Directiva Marco 2008\/98\/CE, de 19 de noviembre<\/u><\/a><\/span>, a la que le suceden multitud de actos comunitarios centrados en problem\u00e1ticas concretas y residuos que precisan de un r\u00e9gimen jur\u00eddico especial.<\/li>\n<li>En materia de residuos de aparatos el\u00e9ctricos y electr\u00f3nicos est\u00e1 en vigor la\u00a0<span style=\"color: #0c3049;\"><a style=\"color: #0c3049;\" href=\"https:\/\/revertia.com\/wp-content\/uploads\/2016\/06\/Directiva-RAEE.pdf\" target=\"_blank\" rel=\"noopener noreferrer\"><u>Directiva 2012\/19\/UE del Parlamento Europeo y del Consejo, de 4 de julio de 2012 sobre residuos de aparatos el\u00e9ctricos y electr\u00f3nicos (RAEE).<\/u><\/a><\/span><\/li>\n<li>Igualmente nuestro compromiso ambiental puede evidenciarse a trav\u00e9s de la <span style=\"color: #0c3049;\"><a style=\"color: #0c3049;\" href=\"https:\/\/revertia.com\/wp-content\/uploads\/2022\/03\/Informacion-Ambiental-2021.-Ed.pdf\"><u>Informaci\u00f3n Ambiental<\/u><\/a><\/span> de nuestro sistema integrado de gesti\u00f3n.<\/li>\n<\/ul>\n<p>[\/vc_column_text][vc_empty_space height=&#8221;100&#8243;][\/vc_column][\/vc_row][vc_row full_width=&#8221;stretch_row&#8221; equal_height=&#8221;yes&#8221; css=&#8221;.vc_custom_1678960076166{margin-top: 20px !important;background-color: #ffffff !important;background-position: center !important;background-repeat: no-repeat !important;background-size: cover !important;}&#8221;][vc_column parallax=&#8221;content-moving&#8221; parallax_speed_bg=&#8221;1&#8243; css=&#8221;.vc_custom_1678957870443{margin-top: 100px !important;background-position: center !important;background-repeat: no-repeat !important;background-size: contain !important;}&#8221;][vc_single_image image=&#8221;19206&#8243; img_size=&#8221;50&#215;50&#8243; alignment=&#8221;center&#8221; css=&#8221;.vc_custom_1678959550813{margin-top: -80px !important;}&#8221;][vc_custom_heading text=&#8221;BORRADO DE DATOS&#8221; font_container=&#8221;tag:p|font_size:30|text_align:center|color:%230b3646&#8243; use_theme_fonts=&#8221;yes&#8221; css_animation=&#8221;none&#8221; css=&#8221;.vc_custom_1715192955579{background-position: center !important;background-repeat: no-repeat !important;background-size: cover !important;}&#8221;][vc_column_text css=&#8221;.vc_custom_1678959767707{padding-left: 50px !important;}&#8221;]<\/p>\n<p style=\"text-align: center;\">Este sistema sobreescribe la informaci\u00f3n con ceros y emite un certificado en el que se incluyen la fecha de borrado, el n\u00famero de serie, la capacidad del disco y la duraci\u00f3n del procedimiento de borrado. Puedes consultar el documento que presentamos y que <a href=\"https:\/\/revertia.com\/pdf\/certificado_borrado.pdf\" target=\"_blank\" rel=\"noopener noreferrer\">certifica el borrado de datos.\u00a0<\/a><\/p>\n<p>[\/vc_column_text][vc_empty_space height=&#8221;100&#8243;][\/vc_column][\/vc_row][vc_row full_width=&#8221;stretch_row&#8221; gap=&#8221;20&#8243; equal_height=&#8221;yes&#8221; css=&#8221;.vc_custom_1678728965108{margin-top: 20px !important;margin-bottom: 20px !important;padding-top: 50px !important;padding-bottom: 50px !important;background-color: #e8e8e8 !important;background-position: center !important;background-repeat: no-repeat !important;background-size: cover !important;}&#8221;][vc_column][vc_single_image image=&#8221;19224&#8243; img_size=&#8221;50&#215;50&#8243; alignment=&#8221;center&#8221;][vc_custom_heading text=&#8221;SOLICITUD RECOGIDA RAEE&#8221; font_container=&#8221;tag:p|font_size:30|text_align:center|color:%230b3646&#8243; use_theme_fonts=&#8221;yes&#8221; css_animation=&#8221;none&#8221; css=&#8221;.vc_custom_1715192964529{background-position: center !important;background-repeat: no-repeat !important;background-size: cover !important;}&#8221;][vc_column_text css=&#8221;.vc_custom_1678960109656{margin-top: -50px !important;}&#8221;]<\/p>\n<p class=\" align-center black\" style=\"text-align: center;\">RESIDUOS DE APARATOS ELECTR\u00d3NICOS Y EL\u00c9CTRICOS<\/p>\n<div class=\" pi-text-center\">\n<p>&nbsp;<\/p>\n<\/div>\n<p>[\/vc_column_text][vc_single_image image=&#8221;8112&#8243; img_size=&#8221;medium&#8221; alignment=&#8221;center&#8221; onclick=&#8221;custom_link&#8221; img_link_target=&#8221;_blank&#8221; link=&#8221;https:\/\/revertia.com\/wp-content\/uploads\/2017\/02\/2017_Solicitud-de-retirada.pdf&#8221;][\/vc_column][\/vc_row][vc_row full_width=&#8221;stretch_row&#8221;][vc_column parallax=&#8221;content-moving&#8221; parallax_speed_bg=&#8221;&#8221; css=&#8221;.vc_custom_1678960691983{background-position: center !important;background-repeat: no-repeat !important;background-size: contain !important;}&#8221;][vc_single_image image=&#8221;19226&#8243; img_size=&#8221;50&#215;50&#8243; alignment=&#8221;center&#8221;][vc_custom_heading text=&#8221;GU\u00cdA OBLIGACIONES PRODUCTOR DE RESIDUOS&#8221; font_container=&#8221;tag:p|font_size:30|text_align:center|color:%230b3646&#8243; use_theme_fonts=&#8221;yes&#8221; css_animation=&#8221;none&#8221; css=&#8221;.vc_custom_1715192973758{background-position: center !important;background-repeat: no-repeat !important;background-size: cover !important;}&#8221;][vc_row_inner][vc_column_inner width=&#8221;1\/6&#8243;][\/vc_column_inner][vc_column_inner width=&#8221;2\/3&#8243;][vc_column_text]<\/p>\n<div id=\"title-left\">\n<h3 style=\"color: #032a47;\"><img loading=\"lazy\" decoding=\"async\" class=\"wp-image-8287 aligncenter\" src=\"https:\/\/revertia.com\/wp-content\/uploads\/2021\/04\/guia_productores_residuos-212x300.png\" alt=\"\" width=\"149\" height=\"211\" srcset=\"https:\/\/revertia.com\/wp-content\/uploads\/2021\/04\/guia_productores_residuos-212x300.png 212w, https:\/\/revertia.com\/wp-content\/uploads\/2021\/04\/guia_productores_residuos.png 500w\" sizes=\"(max-width: 149px) 100vw, 149px\" \/><\/h3>\n<\/div>\n<div id=\"text-right\">\n<h3 style=\"color: #032a47;\">\u00bfCU\u00c1LES SON TUS OBLIGACIONES COMO PRODUCTOR DE RESIDUOS?<\/h3>\n<h3 style=\"color: #032a47;\">Hemos creado una gu\u00eda para <span class=\"verde\">ti<\/span><\/h3>\n<p style=\"color: #032a47;\">Muchas entidades desconocen sus obligaciones como productoras de residuos. \u00bfDebo inscribirme como productor? \u00bfC\u00f3mo debo hacer la gesti\u00f3n, el almacenamiento, etiquetado o traslado de los residuos que mi empresa genera? <strong>Es el momento. Te enviamos toda la informaci\u00f3n a tu buz\u00f3n de correo.<\/strong><\/p>\n<\/div>\n<p>[\/vc_column_text]\n<div class=\"wpcf7 no-js\" id=\"wpcf7-f8055-o2\" lang=\"es-ES\" dir=\"ltr\">\n<div class=\"screen-reader-response\"><p role=\"status\" aria-live=\"polite\" aria-atomic=\"true\"><\/p> <ul><\/ul><\/div>\n<form action=\"\/pt\/wp-json\/wp\/v2\/pages\/22762#wpcf7-f8055-o2\" method=\"post\" class=\"wpcf7-form init\" aria-label=\"Formulario de contacto\" novalidate=\"novalidate\" data-status=\"init\">\n<div style=\"display: none;\">\n<input type=\"hidden\" name=\"_wpcf7\" value=\"8055\" \/>\n<input type=\"hidden\" name=\"_wpcf7_version\" value=\"5.9.5\" \/>\n<input type=\"hidden\" name=\"_wpcf7_locale\" value=\"es_ES\" \/>\n<input type=\"hidden\" name=\"_wpcf7_unit_tag\" value=\"wpcf7-f8055-o2\" \/>\n<input type=\"hidden\" name=\"_wpcf7_container_post\" value=\"0\" \/>\n<input type=\"hidden\" name=\"_wpcf7_posted_data_hash\" value=\"\" \/>\n<input type=\"hidden\" name=\"_wpcf7_recaptcha_response\" value=\"\" \/>\n<\/div>\n<div class=\"formulario-material\">\n\t<p><span class=\"wpcf7-form-control-wrap\" data-name=\"your-name\"><input size=\"40\" class=\"wpcf7-form-control wpcf7-text wpcf7-validates-as-required form-control floating-label\" aria-required=\"true\" aria-invalid=\"false\" placeholder=\"Nome\" value=\"\" type=\"text\" name=\"your-name\" \/><\/span>\n\t<\/p>\n\t<p><span class=\"wpcf7-form-control-wrap\" data-name=\"your-email\"><input size=\"40\" class=\"wpcf7-form-control wpcf7-email wpcf7-validates-as-required wpcf7-text wpcf7-validates-as-email form-control floating-label\" aria-required=\"true\" aria-invalid=\"false\" placeholder=\"Email corporativo*\" value=\"\" type=\"email\" name=\"your-email\" \/><\/span>\n\t<\/p>\n\t<p><span class=\"wpcf7-form-control-wrap\" data-name=\"text-822\"><input size=\"40\" class=\"wpcf7-form-control wpcf7-text wpcf7-validates-as-required form-control floating-label\" aria-required=\"true\" aria-invalid=\"false\" placeholder=\"Empresa*\" value=\"\" type=\"text\" name=\"text-822\" \/><\/span>\n\t<\/p>\n\t<div style=\"font-size:12px;\">\n\t\t<p class=\"politica-legal\"><br \/>\n<span class=\"wpcf7-form-control-wrap\" data-name=\"acceptance-135\"><span class=\"wpcf7-form-control wpcf7-acceptance\"><span class=\"wpcf7-list-item\"><input type=\"checkbox\" name=\"acceptance-135\" value=\"1\" aria-invalid=\"false\" \/><\/span><\/span><\/span> Aceito os <a href=\"https:\/\/revertia.com\/aviso-legal\/\">Termos e Condi\u00e7\u00f5es<\/a><br \/>\n<span class=\"wpcf7-form-control-wrap\" data-name=\"acceptance-992\"><span class=\"wpcf7-form-control wpcf7-acceptance optional\"><span class=\"wpcf7-list-item\"><input type=\"checkbox\" name=\"acceptance-992\" value=\"1\" aria-invalid=\"false\" \/><\/span><\/span><\/span> Desejo receber informa\u00e7\u00f5es sobre servi\u00e7os e ofertas da Revertia\n\t\t<\/p>\n\t<\/div>\n\t<p><input class=\"wpcf7-form-control wpcf7-submit has-spinner btn btn-verde\" type=\"submit\" value=\"Enviar\" \/>\n\t<\/p>\n<\/div><div class=\"wpcf7-response-output\" aria-hidden=\"true\"><\/div>\n<\/form>\n<\/div>\n[vc_empty_space height=&#8221;100&#8243;][\/vc_column_inner][vc_column_inner width=&#8221;1\/6&#8243;][\/vc_column_inner][\/vc_row_inner][\/vc_column][\/vc_row][vc_row full_width=&#8221;stretch_row_content&#8221; equal_height=&#8221;yes&#8221; content_placement=&#8221;top&#8221;][vc_column css_animation=&#8221;fadeIn&#8221; width=&#8221;1\/2&#8243; css=&#8221;.vc_custom_1678668872830{padding-top: 35px !important;padding-right: 10% !important;padding-bottom: 40px !important;padding-left: 15% !important;background-image: url(https:\/\/revertia.com\/wp-content\/uploads\/2023\/02\/REVERTIA_3.jpg?id=21391) !important;background-position: center !important;background-repeat: no-repeat !important;background-size: cover !important;}&#8221;][vc_empty_space][\/vc_column][vc_column css_animation=&#8221;fadeIn&#8221; width=&#8221;1\/2&#8243; css=&#8221;.vc_custom_1677239672896{padding-top: 40px !important;padding-right: 10% !important;padding-bottom: 40px !important;padding-left: 15% !important;background-color: #1a2e3c !important;background-position: center !important;background-repeat: no-repeat !important;background-size: cover !important;}&#8221;][vc_empty_space][vc_column_text]<span style=\"color: #ffffff;\"><strong>Un solo equipo inform\u00e1tico reutilizado<br \/>\nevita la emisi\u00f3n de 191 kg de CO<sub>2<\/sub>\u00a0a la atm\u00f3sfera<\/strong><\/span>[\/vc_column_text][vc_column_text]<\/p>\n<div class=\"wpb_text_column wpb_content_element wpb_animate_when_almost_visible wpb_fadeIn fadeIn wpb_start_animation animated\">\n<div class=\"wpb_wrapper\">\n<h1><span style=\"color: #ffffff;\">\u00bfQUIERES SABER CU\u00c1NTOS KILOS DE CO<sub>2 <\/sub>EVITAR\u00cdAS EMITIR A LA ATM\u00d3SFERA<\/span><br \/>\n<span style=\"color: #ffffff;\">CON UNA GESTI\u00d3N RESPONSABLE DE<\/span><br \/>\n<span style=\"color: #ffffff;\">TUS RAEE?<\/span><\/h1>\n<\/div>\n<\/div>\n<div class=\"wpb_text_column wpb_content_element \">\n<div class=\"wpb_wrapper\"><\/div>\n<\/div>\n<p>[\/vc_column_text][vc_single_image image=&#8221;8730&#8243; img_size=&#8221;full&#8221; onclick=&#8221;custom_link&#8221; img_link_target=&#8221;_blank&#8221; css_animation=&#8221;rotateInUpLeft&#8221; link=&#8221;https:\/\/revertia.com\/es\/calcula-tu-huella-de-carbono\/&#8221;][\/vc_column][\/vc_row]<\/p>","protected":false},"excerpt":{"rendered":"<p>[vc_row full_width=&#8221;stretch_row&#8221; css=&#8221;.vc_custom_1678957951631{margin-top: -80px !important;background-color: #ffffff !important;background-position: center !important;background-repeat: no-repeat !important;background-size: cover !important;}&#8221;][vc_column parallax=&#8221;content-moving&#8221; parallax_speed_bg=&#8221;1&#8243; css=&#8221;.vc_custom_1678957870443{margin-top: 100px !important;background-position: center !important;background-repeat: no-repeat !important;background-size: contain !important;}&#8221;][vc_single_image image=&#8221;19213&#8243; img_size=&#8221;50&#215;50&#8243; alignment=&#8221;center&#8221; css=&#8221;.vc_custom_1678958954126{margin-top: -80px !important;}&#8221;][vc_custom_heading text=&#8221;NORMATIVA&#8221; font_container=&#8221;tag:p|font_size:30|text_align:center|color:%230b3646&#8243; use_theme_fonts=&#8221;yes&#8221; css_animation=&#8221;none&#8221; css=&#8221;.vc_custom_1715192939129{margin-top: -20px !important;background-position: center !important;background-repeat: no-repeat !important;background-size: cover !important;}&#8221;][vc_column_text css=&#8221;.vc_custom_1678959181854{margin-top: -20px !important;padding-left: 50px !important;}&#8221;] Ley 7\/2022, de 8 de abril, de [&hellip;]<\/p>\n","protected":false},"author":3,"featured_media":0,"parent":0,"menu_order":0,"comment_status":"closed","ping_status":"closed","template":"","meta":{"_acf_changed":false,"inline_featured_image":false,"footnotes":""},"acf":[],"yoast_head":"<!-- This site is optimized with the Yoast SEO plugin v22.8 - https:\/\/yoast.com\/wordpress\/plugins\/seo\/ -->\n<title>Descarga Recursos documentos y normativa - Revertia<\/title>\n<meta name=\"description\" content=\"Este es el espacio en nuestra web para conseguir recursos, documentos y normativa actualizada que puedes consultar y descargar.\" \/>\n<meta name=\"robots\" content=\"index, follow, max-snippet:-1, max-image-preview:large, max-video-preview:-1\" \/>\n<link rel=\"canonical\" href=\"https:\/\/revertia.com\/publicaciones\/\" \/>\n<meta property=\"og:locale\" content=\"pt_PT\" \/>\n<meta property=\"og:type\" content=\"article\" \/>\n<meta property=\"og:title\" content=\"Descarga [:es]Publicaciones [:en]Recursos[:pt]Recursos[:] documentos y normativa - Revertia\" \/>\n<meta property=\"og:description\" content=\"Este es el espacio en nuestra web para conseguir recursos, documentos y normativa actualizada que puedes consultar y descargar.\" \/>\n<meta property=\"og:url\" content=\"https:\/\/revertia.com\/publicaciones\/\" \/>\n<meta property=\"og:site_name\" content=\"Revertia\" \/>\n<meta property=\"article:publisher\" content=\"https:\/\/www.facebook.com\/revertiaresiduos\/\" \/>\n<meta property=\"article:modified_time\" content=\"2025-09-17T12:47:44+00:00\" \/>\n<meta property=\"og:image\" content=\"https:\/\/revertia.com\/wp-content\/uploads\/2021\/04\/guia_productores_residuos-212x300.png\" \/>\n<meta name=\"twitter:card\" content=\"summary_large_image\" \/>\n<meta name=\"twitter:site\" content=\"@revertia\" \/>\n<meta name=\"twitter:label1\" content=\"Tempo estimado de leitura\" \/>\n\t<meta name=\"twitter:data1\" content=\"2 minutos\" \/>\n<script type=\"application\/ld+json\" class=\"yoast-schema-graph\">{\"@context\":\"https:\/\/schema.org\",\"@graph\":[{\"@type\":\"WebPage\",\"@id\":\"https:\/\/revertia.com\/publicaciones\/\",\"url\":\"https:\/\/revertia.com\/publicaciones\/\",\"name\":\"Descarga [:es]Publicaciones [:en]Recursos[:pt]Recursos[:] documentos y normativa - Revertia\",\"isPartOf\":{\"@id\":\"https:\/\/revertia.com\/es\/#website\"},\"primaryImageOfPage\":{\"@id\":\"https:\/\/revertia.com\/publicaciones\/#primaryimage\"},\"image\":{\"@id\":\"https:\/\/revertia.com\/publicaciones\/#primaryimage\"},\"thumbnailUrl\":\"https:\/\/revertia.com\/wp-content\/uploads\/2021\/04\/guia_productores_residuos-212x300.png\",\"datePublished\":\"2023-03-23T17:52:14+00:00\",\"dateModified\":\"2025-09-17T12:47:44+00:00\",\"description\":\"Este es el espacio en nuestra web para conseguir recursos, documentos y normativa actualizada que puedes consultar y descargar.\",\"breadcrumb\":{\"@id\":\"https:\/\/revertia.com\/publicaciones\/#breadcrumb\"},\"inLanguage\":\"pt-PT\",\"potentialAction\":[{\"@type\":\"ReadAction\",\"target\":[\"https:\/\/revertia.com\/publicaciones\/\"]}]},{\"@type\":\"ImageObject\",\"inLanguage\":\"pt-PT\",\"@id\":\"https:\/\/revertia.com\/publicaciones\/#primaryimage\",\"url\":\"https:\/\/revertia.com\/wp-content\/uploads\/2021\/04\/guia_productores_residuos-212x300.png\",\"contentUrl\":\"https:\/\/revertia.com\/wp-content\/uploads\/2021\/04\/guia_productores_residuos-212x300.png\"},{\"@type\":\"BreadcrumbList\",\"@id\":\"https:\/\/revertia.com\/publicaciones\/#breadcrumb\",\"itemListElement\":[{\"@type\":\"ListItem\",\"position\":1,\"name\":\"Portada\",\"item\":\"https:\/\/revertia.com\/\"},{\"@type\":\"ListItem\",\"position\":2,\"name\":\"Publicaciones\"}]},{\"@type\":\"WebSite\",\"@id\":\"https:\/\/revertia.com\/es\/#website\",\"url\":\"https:\/\/revertia.com\/es\/\",\"name\":\"Revertia\",\"description\":\"\",\"publisher\":{\"@id\":\"https:\/\/revertia.com\/es\/#organization\"},\"potentialAction\":[{\"@type\":\"SearchAction\",\"target\":{\"@type\":\"EntryPoint\",\"urlTemplate\":\"https:\/\/revertia.com\/es\/?s={search_term_string}\"},\"query-input\":\"required name=search_term_string\"}],\"inLanguage\":\"pt-PT\"},{\"@type\":\"Organization\",\"@id\":\"https:\/\/revertia.com\/es\/#organization\",\"name\":\"Revertia\",\"url\":\"https:\/\/revertia.com\/es\/\",\"logo\":{\"@type\":\"ImageObject\",\"inLanguage\":\"pt-PT\",\"@id\":\"https:\/\/revertia.com\/es\/#\/schema\/logo\/image\/\",\"url\":\"https:\/\/revertia.com\/wp-content\/uploads\/2018\/08\/logo-revertia.png\",\"contentUrl\":\"https:\/\/revertia.com\/wp-content\/uploads\/2018\/08\/logo-revertia.png\",\"width\":199,\"height\":38,\"caption\":\"Revertia\"},\"image\":{\"@id\":\"https:\/\/revertia.com\/es\/#\/schema\/logo\/image\/\"},\"sameAs\":[\"https:\/\/www.facebook.com\/revertiaresiduos\/\",\"https:\/\/x.com\/revertia\",\"https:\/\/www.linkedin.com\/company\/revertia\",\"https:\/\/www.youtube.com\/user\/revertia\"]}]}<\/script>\n<!-- \/ Yoast SEO plugin. -->","yoast_head_json":{"title":"Descarga [:es]Publicaciones [:en]Recursos[:pt]Recursos[:] documentos y normativa - Revertia","description":"Este es el espacio en nuestra web para conseguir recursos, documentos y normativa actualizada que puedes consultar y descargar.","robots":{"index":"index","follow":"follow","max-snippet":"max-snippet:-1","max-image-preview":"max-image-preview:large","max-video-preview":"max-video-preview:-1"},"canonical":"https:\/\/revertia.com\/publicaciones\/","og_locale":"pt_PT","og_type":"article","og_title":"Descarga [:es]Publicaciones [:en]Recursos[:pt]Recursos[:] documentos y normativa - Revertia","og_description":"Este es el espacio en nuestra web para conseguir recursos, documentos y normativa actualizada que puedes consultar y descargar.","og_url":"https:\/\/revertia.com\/publicaciones\/","og_site_name":"Revertia","article_publisher":"https:\/\/www.facebook.com\/revertiaresiduos\/","article_modified_time":"2025-09-17T12:47:44+00:00","og_image":[{"url":"https:\/\/revertia.com\/wp-content\/uploads\/2021\/04\/guia_productores_residuos-212x300.png"}],"twitter_card":"summary_large_image","twitter_site":"@revertia","twitter_misc":{"Tempo estimado de leitura":"2 minutos"},"schema":{"@context":"https:\/\/schema.org","@graph":[{"@type":"WebPage","@id":"https:\/\/revertia.com\/publicaciones\/","url":"https:\/\/revertia.com\/publicaciones\/","name":"Descarga [:es]Publicaciones [:en]Recursos[:pt]Recursos[:] documentos y normativa - Revertia","isPartOf":{"@id":"https:\/\/revertia.com\/es\/#website"},"primaryImageOfPage":{"@id":"https:\/\/revertia.com\/publicaciones\/#primaryimage"},"image":{"@id":"https:\/\/revertia.com\/publicaciones\/#primaryimage"},"thumbnailUrl":"https:\/\/revertia.com\/wp-content\/uploads\/2021\/04\/guia_productores_residuos-212x300.png","datePublished":"2023-03-23T17:52:14+00:00","dateModified":"2025-09-17T12:47:44+00:00","description":"Este es el espacio en nuestra web para conseguir recursos, documentos y normativa actualizada que puedes consultar y descargar.","breadcrumb":{"@id":"https:\/\/revertia.com\/publicaciones\/#breadcrumb"},"inLanguage":"pt-PT","potentialAction":[{"@type":"ReadAction","target":["https:\/\/revertia.com\/publicaciones\/"]}]},{"@type":"ImageObject","inLanguage":"pt-PT","@id":"https:\/\/revertia.com\/publicaciones\/#primaryimage","url":"https:\/\/revertia.com\/wp-content\/uploads\/2021\/04\/guia_productores_residuos-212x300.png","contentUrl":"https:\/\/revertia.com\/wp-content\/uploads\/2021\/04\/guia_productores_residuos-212x300.png"},{"@type":"BreadcrumbList","@id":"https:\/\/revertia.com\/publicaciones\/#breadcrumb","itemListElement":[{"@type":"ListItem","position":1,"name":"Portada","item":"https:\/\/revertia.com\/"},{"@type":"ListItem","position":2,"name":"Publicaciones"}]},{"@type":"WebSite","@id":"https:\/\/revertia.com\/es\/#website","url":"https:\/\/revertia.com\/es\/","name":"Revertia","description":"","publisher":{"@id":"https:\/\/revertia.com\/es\/#organization"},"potentialAction":[{"@type":"SearchAction","target":{"@type":"EntryPoint","urlTemplate":"https:\/\/revertia.com\/es\/?s={search_term_string}"},"query-input":"required name=search_term_string"}],"inLanguage":"pt-PT"},{"@type":"Organization","@id":"https:\/\/revertia.com\/es\/#organization","name":"Revertia","url":"https:\/\/revertia.com\/es\/","logo":{"@type":"ImageObject","inLanguage":"pt-PT","@id":"https:\/\/revertia.com\/es\/#\/schema\/logo\/image\/","url":"https:\/\/revertia.com\/wp-content\/uploads\/2018\/08\/logo-revertia.png","contentUrl":"https:\/\/revertia.com\/wp-content\/uploads\/2018\/08\/logo-revertia.png","width":199,"height":38,"caption":"Revertia"},"image":{"@id":"https:\/\/revertia.com\/es\/#\/schema\/logo\/image\/"},"sameAs":["https:\/\/www.facebook.com\/revertiaresiduos\/","https:\/\/x.com\/revertia","https:\/\/www.linkedin.com\/company\/revertia","https:\/\/www.youtube.com\/user\/revertia"]}]}},"_links":{"self":[{"href":"https:\/\/revertia.com\/pt\/wp-json\/wp\/v2\/pages\/22762"}],"collection":[{"href":"https:\/\/revertia.com\/pt\/wp-json\/wp\/v2\/pages"}],"about":[{"href":"https:\/\/revertia.com\/pt\/wp-json\/wp\/v2\/types\/page"}],"author":[{"embeddable":true,"href":"https:\/\/revertia.com\/pt\/wp-json\/wp\/v2\/users\/3"}],"replies":[{"embeddable":true,"href":"https:\/\/revertia.com\/pt\/wp-json\/wp\/v2\/comments?post=22762"}],"version-history":[{"count":137,"href":"https:\/\/revertia.com\/pt\/wp-json\/wp\/v2\/pages\/22762\/revisions"}],"predecessor-version":[{"id":60027,"href":"https:\/\/revertia.com\/pt\/wp-json\/wp\/v2\/pages\/22762\/revisions\/60027"}],"wp:attachment":[{"href":"https:\/\/revertia.com\/pt\/wp-json\/wp\/v2\/media?parent=22762"}],"curies":[{"name":"wp","href":"https:\/\/api.w.org\/{rel}","templated":true}]}}