{"id":22528,"date":"2023-03-16T18:57:52","date_gmt":"2023-03-16T17:57:52","guid":{"rendered":"https:\/\/revertia.com\/?page_id=22528"},"modified":"2025-12-10T19:12:28","modified_gmt":"2025-12-10T18:12:28","slug":"cumplimiento-normativo","status":"publish","type":"page","link":"https:\/\/revertia.com\/pt\/cumplimiento-normativo\/","title":{"rendered":"LEGISLA\u00c7\u00c3O APLIC\u00c1VEL"},"content":{"rendered":"<p>[vc_row full_width=&#8221;stretch_row&#8221; equal_height=&#8221;yes&#8221; css=&#8221;.vc_custom_1683211151089{background-color: #ffffff !important;background-position: center !important;background-repeat: no-repeat !important;background-size: cover !important;}&#8221;][vc_column width=&#8221;1\/2&#8243; css=&#8221;.vc_custom_1678805518111{background-color: #f3f5f6 !important;background-position: center !important;background-repeat: no-repeat !important;background-size: cover !important;}&#8221;][vc_empty_space height=&#8221;100&#8243;][vc_single_image image=&#8221;21264&#8243; img_size=&#8221;medium&#8221; alignment=&#8221;center&#8221; css_animation=&#8221;fadeIn&#8221; css=&#8221;.vc_custom_1678988931713{margin-top: -80px !important;}&#8221;][vc_custom_heading text=&#8221;Vamos ajud\u00e1-lo a entender as suas<br \/>\nobriga\u00e7\u00f5es enquanto produtor de res\u00edduos&#8221; font_container=&#8221;tag:h4|font_size:30|text_align:center|color:%235b7389&#8243; google_fonts=&#8221;font_family:Oswald%3A300%2Cregular%2C700|font_style:300%20light%20regular%3A300%3Anormal&#8221; css_animation=&#8221;fadeIn&#8221;][vc_custom_heading text=&#8221;Das d\u00favidas ao controlo&#8221; font_container=&#8221;tag:p|font_size:18|text_align:center|color:%235b7389&#8243; google_fonts=&#8221;font_family:Oswald%3A300%2Cregular%2C700|font_style:300%20light%20regular%3A300%3Anormal&#8221; css_animation=&#8221;fadeIn&#8221;][vc_single_image image=&#8221;18940&#8243; img_size=&#8221;full&#8221;][\/vc_column][vc_column width=&#8221;1\/2&#8243;][vc_custom_heading text=&#8221;1. Aconselhamento legislativo&#8221; font_container=&#8221;tag:h4|font_size:35|text_align:left|color:%230b3646&#8243; google_fonts=&#8221;font_family:Oswald%3A300%2Cregular%2C700|font_style:300%20light%20regular%3A300%3Anormal&#8221; css_animation=&#8221;fadeIn&#8221; css=&#8221;.vc_custom_1684231699269{padding-top: 10px !important;padding-bottom: 10px !important;padding-left: 20px !important;background-position: center !important;background-repeat: no-repeat !important;background-size: cover !important;}&#8221;][vc_column_text css=&#8221;.vc_custom_1684231792828{padding-top: 20px !important;}&#8221;]<\/p>\n<section class=\"css-1as894j\">\n<div class=\"css-4dagdj\">\n<ul>\n<li>\n<p class=\"p1\"><span class=\"s1\">Vamos esclarecer as suas obriga\u00e7\u00f5es enquanto produtor dos RAEE para poder cumprir com a legisla\u00e7\u00e3o aplic\u00e1vel.<\/span><\/p>\n<\/li>\n<li>\n<p class=\"p1\"><span class=\"s1\">Vamos aconselh\u00e1-lo relativamente \u00e0s suas obriga\u00e7\u00f5es acerca do armazenamento e etiquetagem dos res\u00edduos.<\/span><\/p>\n<\/li>\n<li>\n<p class=\"p1\"><span class=\"s1\">Vamos avis\u00e1-lo sempre que haja uma atualiza\u00e7\u00e3o legislativa que o possa eventualmente afetar.<\/span><\/p>\n<\/li>\n<li>\n<p class=\"p1\"><span class=\"s1\">Criamos planos de minimiza\u00e7\u00e3o de res\u00edduos.<\/span><\/p>\n<\/li>\n<\/ul>\n<\/div>\n<\/section>\n<p>[\/vc_column_text][vc_custom_heading text=&#8221;2. Gest\u00e3o documental&#8221; font_container=&#8221;tag:h4|font_size:35|text_align:left|color:%230b3646&#8243; google_fonts=&#8221;font_family:Oswald%3A300%2Cregular%2C700|font_style:300%20light%20regular%3A300%3Anormal&#8221; css_animation=&#8221;fadeIn&#8221; css=&#8221;.vc_custom_1684231810621{padding-top: 10px !important;padding-bottom: 10px !important;padding-left: 20px !important;background-position: center !important;background-repeat: no-repeat !important;background-size: cover !important;}&#8221;][vc_column_text css=&#8221;.vc_custom_1684231901973{padding-left: 20px !important;}&#8221;]<\/p>\n<div class=\"css-1cyfir7 aos-init aos-animate\" data-aos=\"fade-in\">\n<div class=\"css-0\">\n<p>A Revertia ser\u00e1 a respons\u00e1vel de toda a gest\u00e3o burocr\u00e1tica e documental:<\/p>\n<ul>\n<li>Vamos ajud\u00e1-lo na sua inscri\u00e7\u00e3o na qualidade de produtor de res\u00edduos nas plataformas locais, seja pequeno ou grande produtor de res\u00edduos.<\/li>\n<li>Identificamos e codificamos os res\u00edduos que gera atrav\u00e9s dos c\u00f3digos LER RAEE.<\/li>\n<li>Vamos ajud\u00e1-lo a obter o n\u00famero de identifica\u00e7\u00e3o ambiental (NIMA), obrigat\u00f3rio para cada centro produtor de res\u00edduos.<\/li>\n<li>Vamos igualmente ajud\u00e1-lo a manter o seu arquivo cronol\u00f3gico atualizado.<\/li>\n<\/ul>\n<\/div>\n<\/div>\n<p>[\/vc_column_text][\/vc_column][\/vc_row][vc_row equal_height=&#8221;yes&#8221; css=&#8221;.vc_custom_1678996023110{margin-top: 50px !important;padding-top: 50px !important;padding-bottom: 50px !important;padding-left: 50px !important;background-color: #f3f5f6 !important;}&#8221;][vc_column css=&#8221;.vc_custom_1678970737766{background-position: center !important;background-repeat: no-repeat !important;background-size: contain !important;}&#8221;][vc_custom_heading text=&#8221;Apostamos pela qualidade e pela<br \/>\ninova\u00e7\u00e3o para melhorar os nossos processos&#8221; font_container=&#8221;tag:h4|font_size:30|text_align:left|color:%235b7389&#8243; google_fonts=&#8221;font_family:Oswald%3A300%2Cregular%2C700|font_style:300%20light%20regular%3A300%3Anormal&#8221; css_animation=&#8221;fadeIn&#8221;][vc_row_inner][vc_column_inner width=&#8221;2\/3&#8243;][vc_column_text]<\/p>\n<p style=\"text-align: left;\">Gra\u00e7as \u00e0s nossas certifica\u00e7\u00f5es, garantimos o melhor servi\u00e7o com uma aposta clara na senda da sustentabilidade. A qualidade, o compromisso ambiental e a seguran\u00e7a da informa\u00e7\u00e3o s\u00e3o essenciais na nossa estrat\u00e9gia empresarial.<\/p>\n<p style=\"text-align: left;\"><span style=\"color: #0b3646;\"><strong>Esta \u00e9 a nossa <a class=\"chakra-text css-bvm46n\" style=\"color: #0b3646;\" href=\"https:\/\/revertia.vercel.app\/pdf\/politica_SIG.pdf\" target=\"_blank\" rel=\"noopener noreferrer\">Pol\u00edtica de qualidade, meio ambiente e seguran\u00e7a da informa\u00e7\u00e3o<\/a><\/strong><\/span><\/p>\n<p>[\/vc_column_text][\/vc_column_inner][vc_column_inner width=&#8221;1\/3&#8243;][vc_single_image image=&#8221;40904&#8243; img_size=&#8221;medium&#8221; alignment=&#8221;center&#8221; css=&#8221;.vc_custom_1728906023575{background-position: center !important;background-repeat: no-repeat !important;background-size: contain !important;}&#8221;][\/vc_column_inner][\/vc_row_inner][\/vc_column][\/vc_row][vc_row full_width=&#8221;stretch_row_content&#8221; equal_height=&#8221;yes&#8221; css=&#8221;.vc_custom_1678971420440{background-color: #1a2e3c !important;}&#8221;][vc_column width=&#8221;1\/4&#8243; css=&#8221;.vc_custom_1678971462465{padding-left: 50px !important;background-position: center !important;background-repeat: no-repeat !important;background-size: contain !important;}&#8221;][\/vc_column][vc_column width=&#8221;1\/2&#8243; css=&#8221;.vc_custom_1678971425637{padding-left: 50px !important;background-position: center !important;background-repeat: no-repeat !important;background-size: cover !important;}&#8221;][vc_empty_space height=&#8221;50&#8243;][vc_column_text css_animation=&#8221;none&#8221;]<\/p>\n<h2 style=\"text-align: center; color: #fff;\">CONTACTE-NOS<\/h2>\n<p>[\/vc_column_text]\n<div class=\"wpcf7 no-js\" id=\"wpcf7-f21083-o3\" lang=\"es-ES\" dir=\"ltr\">\n<div class=\"screen-reader-response\"><p role=\"status\" aria-live=\"polite\" aria-atomic=\"true\"><\/p> <ul><\/ul><\/div>\n<form action=\"\/pt\/wp-json\/wp\/v2\/pages\/22528#wpcf7-f21083-o3\" method=\"post\" class=\"wpcf7-form init\" aria-label=\"Formulario de contacto\" novalidate=\"novalidate\" data-status=\"init\">\n<div style=\"display: none;\">\n<input type=\"hidden\" name=\"_wpcf7\" value=\"21083\" \/>\n<input type=\"hidden\" name=\"_wpcf7_version\" value=\"5.9.5\" \/>\n<input type=\"hidden\" name=\"_wpcf7_locale\" value=\"es_ES\" \/>\n<input type=\"hidden\" name=\"_wpcf7_unit_tag\" value=\"wpcf7-f21083-o3\" \/>\n<input type=\"hidden\" name=\"_wpcf7_container_post\" value=\"0\" \/>\n<input type=\"hidden\" name=\"_wpcf7_posted_data_hash\" value=\"\" \/>\n<input type=\"hidden\" name=\"_wpcf7_recaptcha_response\" value=\"\" \/>\n<\/div>\n<p>&nbsp;\n<\/p>\n<div class=\"formulario-material\">\n\t<p><span class=\"wpcf7-form-control-wrap\" data-name=\"your-name\"><input size=\"40\" class=\"wpcf7-form-control wpcf7-text wpcf7-validates-as-required form-control floating-label\" aria-required=\"true\" aria-invalid=\"false\" placeholder=\"Nome\" value=\"\" type=\"text\" name=\"your-name\" \/><\/span>\n\t<\/p>\n\t<p><span class=\"wpcf7-form-control-wrap\" data-name=\"your-email\"><input size=\"40\" class=\"wpcf7-form-control wpcf7-email wpcf7-validates-as-required wpcf7-text wpcf7-validates-as-email form-control floating-label\" aria-required=\"true\" aria-invalid=\"false\" placeholder=\"Email*\" value=\"\" type=\"email\" name=\"your-email\" \/><\/span>\n\t<\/p>\n\t<p><span class=\"wpcf7-form-control-wrap\" data-name=\"your-phone\"><input size=\"40\" class=\"wpcf7-form-control wpcf7-tel wpcf7-validates-as-required wpcf7-text wpcf7-validates-as-tel form-control floating-label\" aria-required=\"true\" aria-invalid=\"false\" placeholder=\"Assunto*\" value=\"\" type=\"tel\" name=\"your-phone\" \/><\/span>\n\t<\/p>\n\t<p><span class=\"wpcf7-form-control-wrap\" data-name=\"your-message\"><textarea cols=\"40\" rows=\"10\" class=\"wpcf7-form-control wpcf7-textarea form-control floating-label\" aria-invalid=\"false\" placeholder=\"Mensagem*\" name=\"your-message\"><\/textarea><\/span>\n\t<\/p>\n\t<font color=\"#ffffff\">\n\t\t<p><span class=\"wpcf7-form-control-wrap\" data-name=\"acceptance-173\"><span class=\"wpcf7-form-control wpcf7-acceptance\"><span class=\"wpcf7-list-item\"><input type=\"checkbox\" name=\"acceptance-173\" value=\"1\" aria-invalid=\"false\" \/><\/span><\/span><\/span> Aceito os <a href=\"https:\/\/revertia.com\/aviso-legal\/\">Termos e Condi\u00e7\u00f5es<\/a>\n\t\t<\/p>\n\t<\/font>\n\t<font color=\"#ffffff\">\n\t\t<p><span class=\"wpcf7-form-control-wrap\" data-name=\"acceptance-929\"><span class=\"wpcf7-form-control wpcf7-acceptance optional\"><span class=\"wpcf7-list-item\"><input type=\"checkbox\" name=\"acceptance-929\" value=\"1\" aria-invalid=\"false\" \/><\/span><\/span><\/span> Desejo receber informa\u00e7\u00f5es sobre servi\u00e7os e ofertas da Revertia\n\t\t<\/p>\n\t<\/font>\n\t<div style=\"font-size:10px;\">\n\t\t<font color=\"#ffffff\">Revertia Reusing and Recycling S.L., con domicilio en Pol\u00edgono Oceanis Nave 5.12 Cataboy \u2013 36418 O Porri\u00f1o, Pontevedra es el responsable del tratamiento de los datos personales contenidos en este formulario con el fin de atender su consulta. De igual forma, si est\u00e1s interesado en permitir que Revertia\/Reboots te env\u00ede informaci\u00f3n sobre promociones, puedes dar tu consentimiento marcando la casilla reservada a tal efecto. Puede ejercitar los derechos de acceso, rectificaci\u00f3n, supresi\u00f3n, restricci\u00f3n, cesi\u00f3n, oposici\u00f3n a trav\u00e9s de la direcci\u00f3n info@revertia.com. Puede encontrar informaci\u00f3n m\u00e1s detallada sobre el procesamiento de datos personales en el documento pol\u00edtica de privacidad.\n\t\t<\/font>\n\t<\/div>\n\t<p>&nbsp;\n\t<\/p>\n\t<p><input class=\"wpcf7-form-control wpcf7-submit has-spinner btn btn-verde\" type=\"submit\" value=\"Solicita informaci\u00f3n\" \/>\n\t<\/p>\n<\/div><div class=\"wpcf7-response-output\" aria-hidden=\"true\"><\/div>\n<\/form>\n<\/div>\n[vc_empty_space height=&#8221;100&#8243;][\/vc_column][vc_column width=&#8221;1\/4&#8243;][\/vc_column][\/vc_row]<\/p>","protected":false},"excerpt":{"rendered":"<p>[vc_row full_width=&#8221;stretch_row&#8221; equal_height=&#8221;yes&#8221; css=&#8221;.vc_custom_1683211151089{background-color: #ffffff !important;background-position: center !important;background-repeat: no-repeat !important;background-size: cover !important;}&#8221;][vc_column width=&#8221;1\/2&#8243; css=&#8221;.vc_custom_1678805518111{background-color: #f3f5f6 !important;background-position: center !important;background-repeat: no-repeat !important;background-size: cover !important;}&#8221;][vc_empty_space height=&#8221;100&#8243;][vc_single_image image=&#8221;21264&#8243; img_size=&#8221;medium&#8221; alignment=&#8221;center&#8221; css_animation=&#8221;fadeIn&#8221; css=&#8221;.vc_custom_1678988931713{margin-top: -80px !important;}&#8221;][vc_custom_heading text=&#8221;Vamos ajud\u00e1-lo a entender as suas obriga\u00e7\u00f5es enquanto produtor de res\u00edduos&#8221; font_container=&#8221;tag:h4|font_size:30|text_align:center|color:%235b7389&#8243; google_fonts=&#8221;font_family:Oswald%3A300%2Cregular%2C700|font_style:300%20light%20regular%3A300%3Anormal&#8221; css_animation=&#8221;fadeIn&#8221;][vc_custom_heading text=&#8221;Das d\u00favidas ao controlo&#8221; font_container=&#8221;tag:p|font_size:18|text_align:center|color:%235b7389&#8243; google_fonts=&#8221;font_family:Oswald%3A300%2Cregular%2C700|font_style:300%20light%20regular%3A300%3Anormal&#8221; css_animation=&#8221;fadeIn&#8221;][vc_single_image image=&#8221;18940&#8243; img_size=&#8221;full&#8221;][\/vc_column][vc_column width=&#8221;1\/2&#8243;][vc_custom_heading text=&#8221;1. [&hellip;]<\/p>\n","protected":false},"author":3,"featured_media":0,"parent":0,"menu_order":0,"comment_status":"closed","ping_status":"closed","template":"","meta":{"_acf_changed":false,"inline_featured_image":false,"footnotes":""},"acf":[],"yoast_head":"<!-- This site is optimized with the Yoast SEO plugin v22.8 - https:\/\/yoast.com\/wordpress\/plugins\/seo\/ -->\n<title>Servicios para el LEGISLA\u00c7\u00c3O APLIC\u00c1VEL - Revertia<\/title>\n<meta name=\"description\" content=\"Te ayudamos a entender tus obligaciones como productor de residuos cumpliendo la normativa. Asesoramiento y tramitaci\u00f3n.\" \/>\n<meta name=\"robots\" content=\"index, follow, max-snippet:-1, max-image-preview:large, max-video-preview:-1\" \/>\n<link rel=\"canonical\" href=\"https:\/\/revertia.com\/cumplimiento-normativo\/\" \/>\n<meta property=\"og:locale\" content=\"pt_PT\" \/>\n<meta property=\"og:type\" content=\"article\" \/>\n<meta property=\"og:title\" content=\"Servicios para el [:es]Cumplimiento normativo[:en]FULL REGULATORY COMPLIANCE[:pt]LEGISLA\u00c7\u00c3O APLIC\u00c1VEL[:] - Revertia\" \/>\n<meta property=\"og:description\" content=\"Te ayudamos a entender tus obligaciones como productor de residuos cumpliendo la normativa. Asesoramiento y tramitaci\u00f3n.\" \/>\n<meta property=\"og:url\" content=\"https:\/\/revertia.com\/cumplimiento-normativo\/\" \/>\n<meta property=\"og:site_name\" content=\"Revertia\" \/>\n<meta property=\"article:publisher\" content=\"https:\/\/www.facebook.com\/revertiaresiduos\/\" \/>\n<meta property=\"article:modified_time\" content=\"2025-12-10T18:12:28+00:00\" \/>\n<meta name=\"twitter:card\" content=\"summary_large_image\" \/>\n<meta name=\"twitter:site\" content=\"@revertia\" \/>\n<meta name=\"twitter:label1\" content=\"Tempo estimado de leitura\" \/>\n\t<meta name=\"twitter:data1\" content=\"5 minutos\" \/>\n<script type=\"application\/ld+json\" class=\"yoast-schema-graph\">{\"@context\":\"https:\/\/schema.org\",\"@graph\":[{\"@type\":\"WebPage\",\"@id\":\"https:\/\/revertia.com\/cumplimiento-normativo\/\",\"url\":\"https:\/\/revertia.com\/cumplimiento-normativo\/\",\"name\":\"Servicios para el [:es]Cumplimiento normativo[:en]FULL REGULATORY COMPLIANCE[:pt]LEGISLA\u00c7\u00c3O APLIC\u00c1VEL[:] - Revertia\",\"isPartOf\":{\"@id\":\"https:\/\/revertia.com\/es\/#website\"},\"datePublished\":\"2023-03-16T17:57:52+00:00\",\"dateModified\":\"2025-12-10T18:12:28+00:00\",\"description\":\"Te ayudamos a entender tus obligaciones como productor de residuos cumpliendo la normativa. Asesoramiento y tramitaci\u00f3n.\",\"breadcrumb\":{\"@id\":\"https:\/\/revertia.com\/cumplimiento-normativo\/#breadcrumb\"},\"inLanguage\":\"pt-PT\",\"potentialAction\":[{\"@type\":\"ReadAction\",\"target\":[\"https:\/\/revertia.com\/cumplimiento-normativo\/\"]}]},{\"@type\":\"BreadcrumbList\",\"@id\":\"https:\/\/revertia.com\/cumplimiento-normativo\/#breadcrumb\",\"itemListElement\":[{\"@type\":\"ListItem\",\"position\":1,\"name\":\"Portada\",\"item\":\"https:\/\/revertia.com\/\"},{\"@type\":\"ListItem\",\"position\":2,\"name\":\"Cumplimiento normativo\"}]},{\"@type\":\"WebSite\",\"@id\":\"https:\/\/revertia.com\/es\/#website\",\"url\":\"https:\/\/revertia.com\/es\/\",\"name\":\"Revertia\",\"description\":\"\",\"publisher\":{\"@id\":\"https:\/\/revertia.com\/es\/#organization\"},\"potentialAction\":[{\"@type\":\"SearchAction\",\"target\":{\"@type\":\"EntryPoint\",\"urlTemplate\":\"https:\/\/revertia.com\/es\/?s={search_term_string}\"},\"query-input\":\"required name=search_term_string\"}],\"inLanguage\":\"pt-PT\"},{\"@type\":\"Organization\",\"@id\":\"https:\/\/revertia.com\/es\/#organization\",\"name\":\"Revertia\",\"url\":\"https:\/\/revertia.com\/es\/\",\"logo\":{\"@type\":\"ImageObject\",\"inLanguage\":\"pt-PT\",\"@id\":\"https:\/\/revertia.com\/es\/#\/schema\/logo\/image\/\",\"url\":\"https:\/\/revertia.com\/wp-content\/uploads\/2018\/08\/logo-revertia.png\",\"contentUrl\":\"https:\/\/revertia.com\/wp-content\/uploads\/2018\/08\/logo-revertia.png\",\"width\":199,\"height\":38,\"caption\":\"Revertia\"},\"image\":{\"@id\":\"https:\/\/revertia.com\/es\/#\/schema\/logo\/image\/\"},\"sameAs\":[\"https:\/\/www.facebook.com\/revertiaresiduos\/\",\"https:\/\/x.com\/revertia\",\"https:\/\/www.linkedin.com\/company\/revertia\",\"https:\/\/www.youtube.com\/user\/revertia\"]}]}<\/script>\n<!-- \/ Yoast SEO plugin. -->","yoast_head_json":{"title":"Servicios para el [:es]Cumplimiento normativo[:en]FULL REGULATORY COMPLIANCE[:pt]LEGISLA\u00c7\u00c3O APLIC\u00c1VEL[:] - Revertia","description":"Te ayudamos a entender tus obligaciones como productor de residuos cumpliendo la normativa. Asesoramiento y tramitaci\u00f3n.","robots":{"index":"index","follow":"follow","max-snippet":"max-snippet:-1","max-image-preview":"max-image-preview:large","max-video-preview":"max-video-preview:-1"},"canonical":"https:\/\/revertia.com\/cumplimiento-normativo\/","og_locale":"pt_PT","og_type":"article","og_title":"Servicios para el [:es]Cumplimiento normativo[:en]FULL REGULATORY COMPLIANCE[:pt]LEGISLA\u00c7\u00c3O APLIC\u00c1VEL[:] - Revertia","og_description":"Te ayudamos a entender tus obligaciones como productor de residuos cumpliendo la normativa. Asesoramiento y tramitaci\u00f3n.","og_url":"https:\/\/revertia.com\/cumplimiento-normativo\/","og_site_name":"Revertia","article_publisher":"https:\/\/www.facebook.com\/revertiaresiduos\/","article_modified_time":"2025-12-10T18:12:28+00:00","twitter_card":"summary_large_image","twitter_site":"@revertia","twitter_misc":{"Tempo estimado de leitura":"5 minutos"},"schema":{"@context":"https:\/\/schema.org","@graph":[{"@type":"WebPage","@id":"https:\/\/revertia.com\/cumplimiento-normativo\/","url":"https:\/\/revertia.com\/cumplimiento-normativo\/","name":"Servicios para el [:es]Cumplimiento normativo[:en]FULL REGULATORY COMPLIANCE[:pt]LEGISLA\u00c7\u00c3O APLIC\u00c1VEL[:] - Revertia","isPartOf":{"@id":"https:\/\/revertia.com\/es\/#website"},"datePublished":"2023-03-16T17:57:52+00:00","dateModified":"2025-12-10T18:12:28+00:00","description":"Te ayudamos a entender tus obligaciones como productor de residuos cumpliendo la normativa. Asesoramiento y tramitaci\u00f3n.","breadcrumb":{"@id":"https:\/\/revertia.com\/cumplimiento-normativo\/#breadcrumb"},"inLanguage":"pt-PT","potentialAction":[{"@type":"ReadAction","target":["https:\/\/revertia.com\/cumplimiento-normativo\/"]}]},{"@type":"BreadcrumbList","@id":"https:\/\/revertia.com\/cumplimiento-normativo\/#breadcrumb","itemListElement":[{"@type":"ListItem","position":1,"name":"Portada","item":"https:\/\/revertia.com\/"},{"@type":"ListItem","position":2,"name":"Cumplimiento normativo"}]},{"@type":"WebSite","@id":"https:\/\/revertia.com\/es\/#website","url":"https:\/\/revertia.com\/es\/","name":"Revertia","description":"","publisher":{"@id":"https:\/\/revertia.com\/es\/#organization"},"potentialAction":[{"@type":"SearchAction","target":{"@type":"EntryPoint","urlTemplate":"https:\/\/revertia.com\/es\/?s={search_term_string}"},"query-input":"required name=search_term_string"}],"inLanguage":"pt-PT"},{"@type":"Organization","@id":"https:\/\/revertia.com\/es\/#organization","name":"Revertia","url":"https:\/\/revertia.com\/es\/","logo":{"@type":"ImageObject","inLanguage":"pt-PT","@id":"https:\/\/revertia.com\/es\/#\/schema\/logo\/image\/","url":"https:\/\/revertia.com\/wp-content\/uploads\/2018\/08\/logo-revertia.png","contentUrl":"https:\/\/revertia.com\/wp-content\/uploads\/2018\/08\/logo-revertia.png","width":199,"height":38,"caption":"Revertia"},"image":{"@id":"https:\/\/revertia.com\/es\/#\/schema\/logo\/image\/"},"sameAs":["https:\/\/www.facebook.com\/revertiaresiduos\/","https:\/\/x.com\/revertia","https:\/\/www.linkedin.com\/company\/revertia","https:\/\/www.youtube.com\/user\/revertia"]}]}},"_links":{"self":[{"href":"https:\/\/revertia.com\/pt\/wp-json\/wp\/v2\/pages\/22528"}],"collection":[{"href":"https:\/\/revertia.com\/pt\/wp-json\/wp\/v2\/pages"}],"about":[{"href":"https:\/\/revertia.com\/pt\/wp-json\/wp\/v2\/types\/page"}],"author":[{"embeddable":true,"href":"https:\/\/revertia.com\/pt\/wp-json\/wp\/v2\/users\/3"}],"replies":[{"embeddable":true,"href":"https:\/\/revertia.com\/pt\/wp-json\/wp\/v2\/comments?post=22528"}],"version-history":[{"count":112,"href":"https:\/\/revertia.com\/pt\/wp-json\/wp\/v2\/pages\/22528\/revisions"}],"predecessor-version":[{"id":65480,"href":"https:\/\/revertia.com\/pt\/wp-json\/wp\/v2\/pages\/22528\/revisions\/65480"}],"wp:attachment":[{"href":"https:\/\/revertia.com\/pt\/wp-json\/wp\/v2\/media?parent=22528"}],"curies":[{"name":"wp","href":"https:\/\/api.w.org\/{rel}","templated":true}]}}