{"id":21442,"date":"2023-02-24T13:35:21","date_gmt":"2023-02-24T12:35:21","guid":{"rendered":"https:\/\/revertia.com\/?page_id=21442"},"modified":"2025-12-09T18:40:24","modified_gmt":"2025-12-09T17:40:24","slug":"certificaciones-de-revertia","status":"publish","type":"page","link":"https:\/\/revertia.com\/pt\/certificaciones-de-revertia\/","title":{"rendered":"Certifica\u00e7\u00e3o de Revertia"},"content":{"rendered":"<p>[vc_row full_width=&#8221;stretch_row&#8221; equal_height=&#8221;yes&#8221; css=&#8221;.vc_custom_1683218709084{background-color: #ffffff !important;background-position: center !important;background-repeat: no-repeat !important;background-size: cover !important;}&#8221;][vc_column width=&#8221;1\/2&#8243; css=&#8221;.vc_custom_1678662863579{background-image: url(https:\/\/revertia.com\/wp-content\/uploads\/2023\/02\/especialistas-en-raee.jpg?id=21408) !important;background-position: center !important;background-repeat: no-repeat !important;background-size: cover !important;}&#8221;][vc_empty_space height=&#8221;200&#8243;][vc_custom_heading text=&#8221;Seguimos todos os<br \/>\nregulamentos para responder \u00e0s<br \/>\nnecessidades de gest\u00e3o<br \/>\ne tratamento do seu RAEE&#8221; font_container=&#8221;tag:h2|font_size:40|text_align:left|color:%23f2f2f2&#8243; google_fonts=&#8221;font_family:Oswald%3A300%2Cregular%2C700|font_style:400%20regular%3A400%3Anormal&#8221; css_animation=&#8221;fadeIn&#8221; css=&#8221;.vc_custom_1684236178161{padding-left: 50px !important;}&#8221;][vc_custom_heading text=&#8221;(Res\u00edduos de equipamentos el\u00e9tricos e eletr\u00f3nico)&#8221; font_container=&#8221;tag:p|font_size:20|text_align:left|color:%23f2f2f2&#8243; google_fonts=&#8221;font_family:Oswald%3A300%2Cregular%2C700|font_style:400%20regular%3A400%3Anormal&#8221; css_animation=&#8221;fadeIn&#8221; css=&#8221;.vc_custom_1684236249568{padding-left: 50px !important;}&#8221;][vc_empty_space height=&#8221;200&#8243;][\/vc_column][vc_column width=&#8221;1\/2&#8243;][vc_empty_space height=&#8221;100&#8243;][vc_column_text css=&#8221;.vc_custom_1678664486449{padding-left: 50px !important;}&#8221;]<span style=\"color: #4c5561;\"><img loading=\"lazy\" decoding=\"async\" class=\"alignnone wp-image-19227\" src=\"https:\/\/revertia.com\/wp-content\/uploads\/2022\/10\/normativas.svg\" alt=\"\" width=\"24\" height=\"24\" \/>\u00a0<\/span>[\/vc_column_text][vc_custom_heading text=&#8221;A Revertia tem toda a certifica\u00e7\u00e3o<br \/>\nambiental que a autoriza a preparar<br \/>\nos RAEE para a sua posterior reutiliza\u00e7\u00e3o,<br \/>\nde acordo com o Real Decreto 110\/2015.&#8221; font_container=&#8221;tag:p|font_size:18|text_align:left|color:%234c5561&#8243; use_theme_fonts=&#8221;yes&#8221; css_animation=&#8221;fadeInRight&#8221; css=&#8221;.vc_custom_1684236312687{padding-left: 50px !important;}&#8221;][vc_empty_space height=&#8221;20&#8243;][vc_column_text css=&#8221;.vc_custom_1684236375845{padding-left: 50px !important;}&#8221;]<\/p>\n<h3>Pol\u00edtica de Qualidade, Meio Ambiente e Seguran\u00e7a da Informa\u00e7\u00e3o.<\/h3>\n<p><strong>A Revertia<\/strong>\u00a0aposta de forma firme e decidida pelo desenvolvimento sustent\u00e1vel, oferecendo a melhor qualidade nos servi\u00e7os disponibilizados e assumindo um compromisso de respeito e de prote\u00e7\u00e3o para com o meio ambiente. Tudo o que supra foi referido, est\u00e1 garantido pela seguran\u00e7a da informa\u00e7\u00e3o dos suportes recebidos. Por este motivo, implement\u00e1mos um Sistema Integrado de Qualidade, Meio Ambiente e Seguran\u00e7a da Informa\u00e7\u00e3o, baseado nas normas\u00a0<strong>UNE-EN ISO 9001<\/strong>,\u00a0<strong>UNE-EN IS0 1400<\/strong>1 y\u00a0<strong>UNE-ISO\/IEC 27001<\/strong>.[\/vc_column_text][vc_single_image image=&#8221;39404&#8243; img_size=&#8221;full&#8221; css=&#8221;.vc_custom_1726156265659{padding-left: 50px !important;}&#8221;][vc_empty_space height=&#8221;100&#8243;][\/vc_column][\/vc_row][vc_row full_width=&#8221;stretch_row_content&#8221; gap=&#8221;35&#8243; equal_height=&#8221;yes&#8221; css=&#8221;.vc_custom_1678664779856{background-color: #e8e8e8 !important;background-position: center !important;background-repeat: no-repeat !important;background-size: cover !important;}&#8221;][vc_column width=&#8221;1\/2&#8243;][vc_empty_space height=&#8221;50&#8243;][vc_column_text css=&#8221;.vc_custom_1684236501369{padding-left: 50px !important;}&#8221;]<\/p>\n<h3>Pol\u00edtica de Qualidade, Meio Ambiente e Seguran\u00e7a da Informa\u00e7\u00e3o.<\/h3>\n<p>Esta\u00a0<a href=\"https:\/\/revertia.com\/pdf\/politica_SIG.pdf\" target=\"_blank\" rel=\"noopener noreferrer\">pol\u00edtica de qualidade, meio ambiente e seguran\u00e7a da informa\u00e7\u00e3o<\/a>\u00a0\u00e9 posta em pr\u00e1tica, implementada e mantida atualizada a todos os n\u00edveis da organiza\u00e7\u00e3o por interm\u00e9dio da Dire\u00e7\u00e3o para que, com o esfor\u00e7o e dedica\u00e7\u00e3o de todas as pessoas envolvidas, possamos contribuir para o desenvolvimento sustent\u00e1vel da nossa sociedade.<\/p>\n<p>Da mesma forma, o nosso compromisso ambiental pode ser observado atrav\u00e9s da\u00a0<a href=\"https:\/\/revertia.com\/wp-content\/uploads\/2022\/03\/Informacion-Ambiental-2021.-Ed.pdf\">Informa\u00e7\u00e3o Ambiental<\/a> do nosso sistema integrado de gest\u00e3o.[\/vc_column_text][vc_empty_space height=&#8221;50&#8243;][\/vc_column][vc_column width=&#8221;1\/2&#8243;][vc_empty_space height=&#8221;50&#8243;][vc_column_text css=&#8221;.vc_custom_1684236560741{padding-left: 50px !important;}&#8221;]<\/p>\n<h3 class=\" align-center black\">Compromisso com os nossos fornecedores<\/h3>\n<div class=\" pi-text-center\">\n<p>Atrav\u00e9s da rela\u00e7\u00e3o com os nossos fornecedores, adquirimos uma s\u00e9rie de compromissos que garantem os padr\u00f5es de Qualidade, Meio Ambiente e Seguran\u00e7a da Informa\u00e7\u00e3o da nossa empresa. Compromissos estabelecidos para a sua sele\u00e7\u00e3o, acompanhamento e avalia\u00e7\u00e3o.<\/p>\n<p>Se em qualquer momento deste processo se produzir eventualmente alguma incid\u00eancia ou anomalia, esta ser\u00e1 comunicada e tida em considera\u00e7\u00e3o na sua homologa\u00e7\u00e3o como fornecedor. <a href=\"https:\/\/revertia.com\/wp-content\/uploads\/2022\/03\/COMUNICADO-A-PROVEEDORES.pdf\">Comunicado aos Fornecedores<\/a><\/p>\n<\/div>\n<p>[\/vc_column_text][vc_empty_space height=&#8221;50&#8243;][\/vc_column][\/vc_row][vc_row full_width=&#8221;stretch_row_content&#8221; equal_height=&#8221;yes&#8221;][vc_column width=&#8221;1\/2&#8243; css=&#8221;.vc_custom_1678665696763{padding-left: 50px !important;background-color: #c8d544 !important;background-position: center !important;background-repeat: no-repeat !important;background-size: contain !important;}&#8221;][vc_empty_space height=&#8221;200&#8243;][vc_custom_heading text=&#8221;Vamos demonstr\u00e1-lo:&#8221; font_container=&#8221;tag:h2|font_size:40|text_align:left|color:%23f2f2f2&#8243; google_fonts=&#8221;font_family:Oswald%3A300%2Cregular%2C700|font_style:400%20regular%3A400%3Anormal&#8221; css_animation=&#8221;fadeIn&#8221;][vc_custom_heading text=&#8221;No final do processo,<br \/>\nentregamos relat\u00f3rios e<br \/>\ncertificados que demonstram<br \/>\no tratamento adequado<br \/>\nde cada res\u00edduo.&#8221; font_container=&#8221;tag:h2|font_size:40|text_align:left|color:%234c5561&#8243; google_fonts=&#8221;font_family:Oswald%3A300%2Cregular%2C700|font_style:400%20regular%3A400%3Anormal&#8221; css_animation=&#8221;fadeIn&#8221;][vc_empty_space height=&#8221;200&#8243;][\/vc_column][vc_column width=&#8221;1\/2&#8243; css=&#8221;.vc_custom_1678663498978{padding-left: 50px !important;background-color: #1a2e3c !important;background-position: center !important;background-repeat: no-repeat !important;background-size: cover !important;}&#8221;][vc_empty_space height=&#8221;50&#8243;][vc_column_text css_animation=&#8221;none&#8221;]<\/p>\n<h2 style=\"text-align: center; color: #fff;\">CONTACTE-NOS<\/h2>\n<p>[\/vc_column_text]\n<div class=\"wpcf7 no-js\" id=\"wpcf7-f21083-o2\" lang=\"es-ES\" dir=\"ltr\">\n<div class=\"screen-reader-response\"><p role=\"status\" aria-live=\"polite\" aria-atomic=\"true\"><\/p> <ul><\/ul><\/div>\n<form action=\"\/pt\/wp-json\/wp\/v2\/pages\/21442#wpcf7-f21083-o2\" method=\"post\" class=\"wpcf7-form init\" aria-label=\"Formulario de contacto\" novalidate=\"novalidate\" data-status=\"init\">\n<div style=\"display: none;\">\n<input type=\"hidden\" name=\"_wpcf7\" value=\"21083\" \/>\n<input type=\"hidden\" name=\"_wpcf7_version\" value=\"5.9.5\" \/>\n<input type=\"hidden\" name=\"_wpcf7_locale\" value=\"es_ES\" \/>\n<input type=\"hidden\" name=\"_wpcf7_unit_tag\" value=\"wpcf7-f21083-o2\" \/>\n<input type=\"hidden\" name=\"_wpcf7_container_post\" value=\"0\" \/>\n<input type=\"hidden\" name=\"_wpcf7_posted_data_hash\" value=\"\" \/>\n<input type=\"hidden\" name=\"_wpcf7_recaptcha_response\" value=\"\" \/>\n<\/div>\n<p>&nbsp;\n<\/p>\n<div class=\"formulario-material\">\n\t<p><span class=\"wpcf7-form-control-wrap\" data-name=\"your-name\"><input size=\"40\" class=\"wpcf7-form-control wpcf7-text wpcf7-validates-as-required form-control floating-label\" aria-required=\"true\" aria-invalid=\"false\" placeholder=\"Nome\" value=\"\" type=\"text\" name=\"your-name\" \/><\/span>\n\t<\/p>\n\t<p><span class=\"wpcf7-form-control-wrap\" data-name=\"your-email\"><input size=\"40\" class=\"wpcf7-form-control wpcf7-email wpcf7-validates-as-required wpcf7-text wpcf7-validates-as-email form-control floating-label\" aria-required=\"true\" aria-invalid=\"false\" placeholder=\"Email*\" value=\"\" type=\"email\" name=\"your-email\" \/><\/span>\n\t<\/p>\n\t<p><span class=\"wpcf7-form-control-wrap\" data-name=\"your-phone\"><input size=\"40\" class=\"wpcf7-form-control wpcf7-tel wpcf7-validates-as-required wpcf7-text wpcf7-validates-as-tel form-control floating-label\" aria-required=\"true\" aria-invalid=\"false\" placeholder=\"Assunto*\" value=\"\" type=\"tel\" name=\"your-phone\" \/><\/span>\n\t<\/p>\n\t<p><span class=\"wpcf7-form-control-wrap\" data-name=\"your-message\"><textarea cols=\"40\" rows=\"10\" class=\"wpcf7-form-control wpcf7-textarea form-control floating-label\" aria-invalid=\"false\" placeholder=\"Mensagem*\" name=\"your-message\"><\/textarea><\/span>\n\t<\/p>\n\t<font color=\"#ffffff\">\n\t\t<p><span class=\"wpcf7-form-control-wrap\" data-name=\"acceptance-173\"><span class=\"wpcf7-form-control wpcf7-acceptance\"><span class=\"wpcf7-list-item\"><input type=\"checkbox\" name=\"acceptance-173\" value=\"1\" aria-invalid=\"false\" \/><\/span><\/span><\/span> Aceito os <a href=\"https:\/\/revertia.com\/aviso-legal\/\">Termos e Condi\u00e7\u00f5es<\/a>\n\t\t<\/p>\n\t<\/font>\n\t<font color=\"#ffffff\">\n\t\t<p><span class=\"wpcf7-form-control-wrap\" data-name=\"acceptance-929\"><span class=\"wpcf7-form-control wpcf7-acceptance optional\"><span class=\"wpcf7-list-item\"><input type=\"checkbox\" name=\"acceptance-929\" value=\"1\" aria-invalid=\"false\" \/><\/span><\/span><\/span> Desejo receber informa\u00e7\u00f5es sobre servi\u00e7os e ofertas da Revertia\n\t\t<\/p>\n\t<\/font>\n\t<div style=\"font-size:10px;\">\n\t\t<font color=\"#ffffff\">Revertia Reusing and Recycling S.L., con domicilio en Pol\u00edgono Oceanis Nave 5.12 Cataboy \u2013 36418 O Porri\u00f1o, Pontevedra es el responsable del tratamiento de los datos personales contenidos en este formulario con el fin de atender su consulta. De igual forma, si est\u00e1s interesado en permitir que Revertia\/Reboots te env\u00ede informaci\u00f3n sobre promociones, puedes dar tu consentimiento marcando la casilla reservada a tal efecto. Puede ejercitar los derechos de acceso, rectificaci\u00f3n, supresi\u00f3n, restricci\u00f3n, cesi\u00f3n, oposici\u00f3n a trav\u00e9s de la direcci\u00f3n info@revertia.com. Puede encontrar informaci\u00f3n m\u00e1s detallada sobre el procesamiento de datos personales en el documento pol\u00edtica de privacidad.\n\t\t<\/font>\n\t<\/div>\n\t<p>&nbsp;\n\t<\/p>\n\t<p><input class=\"wpcf7-form-control wpcf7-submit has-spinner btn btn-verde\" type=\"submit\" value=\"Solicita informaci\u00f3n\" \/>\n\t<\/p>\n<\/div><div class=\"wpcf7-response-output\" aria-hidden=\"true\"><\/div>\n<\/form>\n<\/div>\n[vc_empty_space height=&#8221;100&#8243;][\/vc_column][\/vc_row]<\/p>","protected":false},"excerpt":{"rendered":"<p>[vc_row full_width=&#8221;stretch_row&#8221; equal_height=&#8221;yes&#8221; css=&#8221;.vc_custom_1683218709084{background-color: #ffffff !important;background-position: center !important;background-repeat: no-repeat !important;background-size: cover !important;}&#8221;][vc_column width=&#8221;1\/2&#8243; css=&#8221;.vc_custom_1678662863579{background-image: url(https:\/\/revertia.com\/wp-content\/uploads\/2023\/02\/especialistas-en-raee.jpg?id=21408) !important;background-position: center !important;background-repeat: no-repeat !important;background-size: cover !important;}&#8221;][vc_empty_space height=&#8221;200&#8243;][vc_custom_heading text=&#8221;Seguimos todos os regulamentos para responder \u00e0s necessidades de gest\u00e3o e tratamento do seu RAEE&#8221; font_container=&#8221;tag:h2|font_size:40|text_align:left|color:%23f2f2f2&#8243; google_fonts=&#8221;font_family:Oswald%3A300%2Cregular%2C700|font_style:400%20regular%3A400%3Anormal&#8221; css_animation=&#8221;fadeIn&#8221; css=&#8221;.vc_custom_1684236178161{padding-left: 50px !important;}&#8221;][vc_custom_heading text=&#8221;(Res\u00edduos de equipamentos el\u00e9tricos e eletr\u00f3nico)&#8221; font_container=&#8221;tag:p|font_size:20|text_align:left|color:%23f2f2f2&#8243; google_fonts=&#8221;font_family:Oswald%3A300%2Cregular%2C700|font_style:400%20regular%3A400%3Anormal&#8221; css_animation=&#8221;fadeIn&#8221; css=&#8221;.vc_custom_1684236249568{padding-left: 50px [&hellip;]<\/p>\n","protected":false},"author":3,"featured_media":0,"parent":0,"menu_order":0,"comment_status":"closed","ping_status":"closed","template":"","meta":{"_acf_changed":false,"inline_featured_image":false,"footnotes":""},"acf":[],"yoast_head":"<!-- This site is optimized with the Yoast SEO plugin v22.8 - https:\/\/yoast.com\/wordpress\/plugins\/seo\/ -->\n<title>Certificaciones de calidad y medioambiente de revertia - Revertia<\/title>\n<meta name=\"description\" content=\"Revertia cuenta con certificaciones de Calidad, Medio Ambiente y Seguridad de la Informaci\u00f3n: UNE-EN ISO 9001, 14001 y UNE-ISO\/IEC 27001\" \/>\n<meta name=\"robots\" content=\"index, follow, max-snippet:-1, max-image-preview:large, max-video-preview:-1\" \/>\n<link rel=\"canonical\" href=\"https:\/\/revertia.com\/certificaciones-de-revertia\/\" \/>\n<meta property=\"og:locale\" content=\"pt_PT\" \/>\n<meta property=\"og:type\" content=\"article\" \/>\n<meta property=\"og:title\" content=\"Certificaciones de calidad y medioambiente de revertia - Revertia\" \/>\n<meta property=\"og:description\" content=\"Revertia cuenta con certificaciones de Calidad, Medio Ambiente y Seguridad de la Informaci\u00f3n: UNE-EN ISO 9001, 14001 y UNE-ISO\/IEC 27001\" \/>\n<meta property=\"og:url\" content=\"https:\/\/revertia.com\/certificaciones-de-revertia\/\" \/>\n<meta property=\"og:site_name\" content=\"Revertia\" \/>\n<meta property=\"article:publisher\" content=\"https:\/\/www.facebook.com\/revertiaresiduos\/\" \/>\n<meta property=\"article:modified_time\" content=\"2025-12-09T17:40:24+00:00\" \/>\n<meta property=\"og:image\" content=\"https:\/\/revertia.com\/wp-content\/uploads\/2022\/10\/normativas.svg\" \/>\n<meta name=\"twitter:card\" content=\"summary_large_image\" \/>\n<meta name=\"twitter:site\" content=\"@revertia\" \/>\n<meta name=\"twitter:label1\" content=\"Tempo estimado de leitura\" \/>\n\t<meta name=\"twitter:data1\" content=\"3 minutos\" \/>\n<script type=\"application\/ld+json\" class=\"yoast-schema-graph\">{\"@context\":\"https:\/\/schema.org\",\"@graph\":[{\"@type\":\"WebPage\",\"@id\":\"https:\/\/revertia.com\/certificaciones-de-revertia\/\",\"url\":\"https:\/\/revertia.com\/certificaciones-de-revertia\/\",\"name\":\"Certificaciones de calidad y medioambiente de revertia - Revertia\",\"isPartOf\":{\"@id\":\"https:\/\/revertia.com\/es\/#website\"},\"primaryImageOfPage\":{\"@id\":\"https:\/\/revertia.com\/certificaciones-de-revertia\/#primaryimage\"},\"image\":{\"@id\":\"https:\/\/revertia.com\/certificaciones-de-revertia\/#primaryimage\"},\"thumbnailUrl\":\"https:\/\/revertia.com\/wp-content\/uploads\/2022\/10\/normativas.svg\",\"datePublished\":\"2023-02-24T12:35:21+00:00\",\"dateModified\":\"2025-12-09T17:40:24+00:00\",\"description\":\"Revertia cuenta con certificaciones de Calidad, Medio Ambiente y Seguridad de la Informaci\u00f3n: UNE-EN ISO 9001, 14001 y UNE-ISO\/IEC 27001\",\"breadcrumb\":{\"@id\":\"https:\/\/revertia.com\/certificaciones-de-revertia\/#breadcrumb\"},\"inLanguage\":\"pt-PT\",\"potentialAction\":[{\"@type\":\"ReadAction\",\"target\":[\"https:\/\/revertia.com\/certificaciones-de-revertia\/\"]}]},{\"@type\":\"ImageObject\",\"inLanguage\":\"pt-PT\",\"@id\":\"https:\/\/revertia.com\/certificaciones-de-revertia\/#primaryimage\",\"url\":\"https:\/\/revertia.com\/wp-content\/uploads\/2022\/10\/normativas.svg\",\"contentUrl\":\"https:\/\/revertia.com\/wp-content\/uploads\/2022\/10\/normativas.svg\"},{\"@type\":\"BreadcrumbList\",\"@id\":\"https:\/\/revertia.com\/certificaciones-de-revertia\/#breadcrumb\",\"itemListElement\":[{\"@type\":\"ListItem\",\"position\":1,\"name\":\"Portada\",\"item\":\"https:\/\/revertia.com\/\"},{\"@type\":\"ListItem\",\"position\":2,\"name\":\"Certificaciones de Revertia\"}]},{\"@type\":\"WebSite\",\"@id\":\"https:\/\/revertia.com\/es\/#website\",\"url\":\"https:\/\/revertia.com\/es\/\",\"name\":\"Revertia\",\"description\":\"\",\"publisher\":{\"@id\":\"https:\/\/revertia.com\/es\/#organization\"},\"potentialAction\":[{\"@type\":\"SearchAction\",\"target\":{\"@type\":\"EntryPoint\",\"urlTemplate\":\"https:\/\/revertia.com\/es\/?s={search_term_string}\"},\"query-input\":\"required name=search_term_string\"}],\"inLanguage\":\"pt-PT\"},{\"@type\":\"Organization\",\"@id\":\"https:\/\/revertia.com\/es\/#organization\",\"name\":\"Revertia\",\"url\":\"https:\/\/revertia.com\/es\/\",\"logo\":{\"@type\":\"ImageObject\",\"inLanguage\":\"pt-PT\",\"@id\":\"https:\/\/revertia.com\/es\/#\/schema\/logo\/image\/\",\"url\":\"https:\/\/revertia.com\/wp-content\/uploads\/2018\/08\/logo-revertia.png\",\"contentUrl\":\"https:\/\/revertia.com\/wp-content\/uploads\/2018\/08\/logo-revertia.png\",\"width\":199,\"height\":38,\"caption\":\"Revertia\"},\"image\":{\"@id\":\"https:\/\/revertia.com\/es\/#\/schema\/logo\/image\/\"},\"sameAs\":[\"https:\/\/www.facebook.com\/revertiaresiduos\/\",\"https:\/\/x.com\/revertia\",\"https:\/\/www.linkedin.com\/company\/revertia\",\"https:\/\/www.youtube.com\/user\/revertia\"]}]}<\/script>\n<!-- \/ Yoast SEO plugin. -->","yoast_head_json":{"title":"Certificaciones de calidad y medioambiente de revertia - Revertia","description":"Revertia cuenta con certificaciones de Calidad, Medio Ambiente y Seguridad de la Informaci\u00f3n: UNE-EN ISO 9001, 14001 y UNE-ISO\/IEC 27001","robots":{"index":"index","follow":"follow","max-snippet":"max-snippet:-1","max-image-preview":"max-image-preview:large","max-video-preview":"max-video-preview:-1"},"canonical":"https:\/\/revertia.com\/certificaciones-de-revertia\/","og_locale":"pt_PT","og_type":"article","og_title":"Certificaciones de calidad y medioambiente de revertia - Revertia","og_description":"Revertia cuenta con certificaciones de Calidad, Medio Ambiente y Seguridad de la Informaci\u00f3n: UNE-EN ISO 9001, 14001 y UNE-ISO\/IEC 27001","og_url":"https:\/\/revertia.com\/certificaciones-de-revertia\/","og_site_name":"Revertia","article_publisher":"https:\/\/www.facebook.com\/revertiaresiduos\/","article_modified_time":"2025-12-09T17:40:24+00:00","og_image":[{"url":"https:\/\/revertia.com\/wp-content\/uploads\/2022\/10\/normativas.svg"}],"twitter_card":"summary_large_image","twitter_site":"@revertia","twitter_misc":{"Tempo estimado de leitura":"3 minutos"},"schema":{"@context":"https:\/\/schema.org","@graph":[{"@type":"WebPage","@id":"https:\/\/revertia.com\/certificaciones-de-revertia\/","url":"https:\/\/revertia.com\/certificaciones-de-revertia\/","name":"Certificaciones de calidad y medioambiente de revertia - Revertia","isPartOf":{"@id":"https:\/\/revertia.com\/es\/#website"},"primaryImageOfPage":{"@id":"https:\/\/revertia.com\/certificaciones-de-revertia\/#primaryimage"},"image":{"@id":"https:\/\/revertia.com\/certificaciones-de-revertia\/#primaryimage"},"thumbnailUrl":"https:\/\/revertia.com\/wp-content\/uploads\/2022\/10\/normativas.svg","datePublished":"2023-02-24T12:35:21+00:00","dateModified":"2025-12-09T17:40:24+00:00","description":"Revertia cuenta con certificaciones de Calidad, Medio Ambiente y Seguridad de la Informaci\u00f3n: UNE-EN ISO 9001, 14001 y UNE-ISO\/IEC 27001","breadcrumb":{"@id":"https:\/\/revertia.com\/certificaciones-de-revertia\/#breadcrumb"},"inLanguage":"pt-PT","potentialAction":[{"@type":"ReadAction","target":["https:\/\/revertia.com\/certificaciones-de-revertia\/"]}]},{"@type":"ImageObject","inLanguage":"pt-PT","@id":"https:\/\/revertia.com\/certificaciones-de-revertia\/#primaryimage","url":"https:\/\/revertia.com\/wp-content\/uploads\/2022\/10\/normativas.svg","contentUrl":"https:\/\/revertia.com\/wp-content\/uploads\/2022\/10\/normativas.svg"},{"@type":"BreadcrumbList","@id":"https:\/\/revertia.com\/certificaciones-de-revertia\/#breadcrumb","itemListElement":[{"@type":"ListItem","position":1,"name":"Portada","item":"https:\/\/revertia.com\/"},{"@type":"ListItem","position":2,"name":"Certificaciones de Revertia"}]},{"@type":"WebSite","@id":"https:\/\/revertia.com\/es\/#website","url":"https:\/\/revertia.com\/es\/","name":"Revertia","description":"","publisher":{"@id":"https:\/\/revertia.com\/es\/#organization"},"potentialAction":[{"@type":"SearchAction","target":{"@type":"EntryPoint","urlTemplate":"https:\/\/revertia.com\/es\/?s={search_term_string}"},"query-input":"required name=search_term_string"}],"inLanguage":"pt-PT"},{"@type":"Organization","@id":"https:\/\/revertia.com\/es\/#organization","name":"Revertia","url":"https:\/\/revertia.com\/es\/","logo":{"@type":"ImageObject","inLanguage":"pt-PT","@id":"https:\/\/revertia.com\/es\/#\/schema\/logo\/image\/","url":"https:\/\/revertia.com\/wp-content\/uploads\/2018\/08\/logo-revertia.png","contentUrl":"https:\/\/revertia.com\/wp-content\/uploads\/2018\/08\/logo-revertia.png","width":199,"height":38,"caption":"Revertia"},"image":{"@id":"https:\/\/revertia.com\/es\/#\/schema\/logo\/image\/"},"sameAs":["https:\/\/www.facebook.com\/revertiaresiduos\/","https:\/\/x.com\/revertia","https:\/\/www.linkedin.com\/company\/revertia","https:\/\/www.youtube.com\/user\/revertia"]}]}},"_links":{"self":[{"href":"https:\/\/revertia.com\/pt\/wp-json\/wp\/v2\/pages\/21442"}],"collection":[{"href":"https:\/\/revertia.com\/pt\/wp-json\/wp\/v2\/pages"}],"about":[{"href":"https:\/\/revertia.com\/pt\/wp-json\/wp\/v2\/types\/page"}],"author":[{"embeddable":true,"href":"https:\/\/revertia.com\/pt\/wp-json\/wp\/v2\/users\/3"}],"replies":[{"embeddable":true,"href":"https:\/\/revertia.com\/pt\/wp-json\/wp\/v2\/comments?post=21442"}],"version-history":[{"count":115,"href":"https:\/\/revertia.com\/pt\/wp-json\/wp\/v2\/pages\/21442\/revisions"}],"predecessor-version":[{"id":65272,"href":"https:\/\/revertia.com\/pt\/wp-json\/wp\/v2\/pages\/21442\/revisions\/65272"}],"wp:attachment":[{"href":"https:\/\/revertia.com\/pt\/wp-json\/wp\/v2\/media?parent=21442"}],"curies":[{"name":"wp","href":"https:\/\/api.w.org\/{rel}","templated":true}]}}