{"id":8366,"date":"2021-04-19T00:09:59","date_gmt":"2021-04-18T22:09:59","guid":{"rendered":"https:\/\/revertia.com\/?page_id=8366"},"modified":"2025-10-08T13:07:53","modified_gmt":"2025-10-08T11:07:53","slug":"calcula-tu-huella-de-carbono","status":"publish","type":"page","link":"https:\/\/revertia.com\/es\/calcula-tu-huella-de-carbono\/","title":{"rendered":"Calcula tu huella de carbono"},"content":{"rendered":"<p>[vc_row full_width=\u00bbstretch_row\u00bb css=\u00bb.vc_custom_1705568476344{padding-top: 50px !important;padding-bottom: 100px !important;background-image: url(https:\/\/revertia.com\/wp-content\/uploads\/2024\/01\/HUELLA_3.png?id=29081) !important;background-position: center !important;background-repeat: no-repeat !important;background-size: cover !important;}\u00bb][vc_column][vc_single_image image=\u00bb8388&#8243; img_size=\u00bbfull\u00bb onclick=\u00bbcustom_link\u00bb css=\u00bb.vc_custom_1728990205791{background-position: center !important;background-repeat: no-repeat !important;background-size: cover !important;}\u00bb link=\u00bbhttps:\/\/revertia.com\/es\/\u00bb][vc_row_inner][vc_column_inner width=\u00bb2\/3&#8243; css=\u00bb.vc_custom_1705412849330{background-position: center !important;background-repeat: no-repeat !important;background-size: contain !important;}\u00bb][vc_custom_heading text=\u00bb<strong>Un solo equipo inform\u00e1tico reutilizado evita la emisi\u00f3n de 191 kg de CO2 a la atm\u00f3sfera<\/strong>\u00bb font_container=\u00bbtag:p|font_size:16|text_align:left|color:%23ffffff\u00bb google_fonts=\u00bbfont_family:Raleway%3A100%2C200%2C300%2Cregular%2C500%2C600%2C700%2C800%2C900|font_style:400%20regular%3A400%3Anormal\u00bb css_animation=\u00bbfadeIn\u00bb][vc_custom_heading text=\u00bbCALCULA TU HUELLA DE CARBONO\u00bb font_container=\u00bbtag:h2|font_size:40|text_align:left|color:%23ffffff\u00bb google_fonts=\u00bbfont_family:Raleway%3A100%2C200%2C300%2Cregular%2C500%2C600%2C700%2C800%2C900|font_style:400%20regular%3A400%3Anormal\u00bb css_animation=\u00bbfadeIn\u00bb][vc_custom_heading text=\u00bb\u00bfQuieres saber cu\u00e1ntos kilos de CO2 evitar\u00edas emitir a la atm\u00f3sfera con una gesti\u00f3n responsable de tus RAEE?\u00bb font_container=\u00bbtag:p|font_size:32|text_align:left|color:%23ffffff|line_height:1&#8243; google_fonts=\u00bbfont_family:Raleway%3A100%2C200%2C300%2Cregular%2C500%2C600%2C700%2C800%2C900|font_style:400%20regular%3A400%3Anormal\u00bb css_animation=\u00bbfadeIn\u00bb][vc_empty_space height=\u00bb50&#8243;][vc_column_text]<\/p>\n<p class=\"reveal-20\" data-sr-id=\"14\"><span style=\"color: #ffffff;\">Gestionar tus <strong>residuos<\/strong> de forma segura\u200b garantiza:<\/span><\/p>\n<ul class=\"reveal-20\" data-sr-id=\"15\">\n<li><span style=\"color: #ffffff;\"><strong>Reducir<\/strong>\u00a0emisiones contaminantes.<\/span><\/li>\n<li><span style=\"color: #ffffff;\"><strong>Ahorrar<\/strong> materias primas.<\/span><\/li>\n<li><span style=\"color: #ffffff;\"><strong>A\u00f1adir <\/strong>valor al residuo.<\/span><\/li>\n<\/ul>\n<p>[\/vc_column_text][vc_empty_space height=\u00bb50&#8243;][\/vc_column_inner][vc_column_inner width=\u00bb1\/3&#8243; css=\u00bb.vc_custom_1705568131164{margin-top: -50px !important;margin-bottom: -50px !important;border-top-width: 3px !important;border-right-width: 3px !important;border-bottom-width: 3px !important;border-left-width: 3px !important;background-color: rgba(255,255,255,0.73) !important;background-position: center !important;background-repeat: no-repeat !important;background-size: cover !important;*background-color: rgb(255,255,255) !important;border-radius: 10px !important;}\u00bb][vc_single_image image=\u00bb29082&#8243; img_size=\u00bb200&#215;200&#8243; alignment=\u00bbcenter\u00bb][vc_empty_space height=\u00bb20&#8243;]\n<div class=\"wpcf7 no-js\" id=\"wpcf7-f8365-o1\" lang=\"es-ES\" dir=\"ltr\">\n<div class=\"screen-reader-response\"><p role=\"status\" aria-live=\"polite\" aria-atomic=\"true\"><\/p> <ul><\/ul><\/div>\n<form action=\"\/es\/wp-json\/wp\/v2\/pages\/8366#wpcf7-f8365-o1\" method=\"post\" class=\"wpcf7-form init\" aria-label=\"Formulario de contacto\" novalidate=\"novalidate\" data-status=\"init\">\n<div style=\"display: none;\">\n<input type=\"hidden\" name=\"_wpcf7\" value=\"8365\" \/>\n<input type=\"hidden\" name=\"_wpcf7_version\" value=\"5.9.5\" \/>\n<input type=\"hidden\" name=\"_wpcf7_locale\" value=\"es_ES\" \/>\n<input type=\"hidden\" name=\"_wpcf7_unit_tag\" value=\"wpcf7-f8365-o1\" \/>\n<input type=\"hidden\" name=\"_wpcf7_container_post\" value=\"0\" \/>\n<input type=\"hidden\" name=\"_wpcf7_posted_data_hash\" value=\"\" \/>\n<input type=\"hidden\" name=\"_wpcf7_recaptcha_response\" value=\"\" \/>\n<\/div>\n<div class=\"formulario-material\">\n\t<p><span class=\"wpcf7-form-control-wrap\" data-name=\"your-name\"><input size=\"40\" class=\"wpcf7-form-control wpcf7-text wpcf7-validates-as-required form-control floating-label\" aria-required=\"true\" aria-invalid=\"false\" placeholder=\"Nombre*\" value=\"\" type=\"text\" name=\"your-name\" \/><\/span>\n\t<\/p>\n\t<p><span class=\"wpcf7-form-control-wrap\" data-name=\"your-email\"><input size=\"40\" class=\"wpcf7-form-control wpcf7-email wpcf7-validates-as-required wpcf7-text wpcf7-validates-as-email form-control floating-label\" aria-required=\"true\" aria-invalid=\"false\" placeholder=\"Email*\" value=\"\" type=\"email\" name=\"your-email\" \/><\/span>\n\t<\/p>\n\t<p><strong>Residuos electr\u00f3nicos anuales en Kg:<\/strong><span class=\"wpcf7-form-control-wrap\" data-name=\"number-327\"><input class=\"wpcf7-form-control wpcf7-number wpcf7-validates-as-required wpcf7-validates-as-number\" aria-required=\"true\" aria-invalid=\"false\" value=\"\" type=\"number\" name=\"number-327\" \/><\/span>\n\t<\/p>\n\t<div style=\"font-size:12px;\">\n\t\t<p class=\"politica-legal\"><br \/>\n<span class=\"wpcf7-form-control-wrap\" data-name=\"acceptance-135\"><span class=\"wpcf7-form-control wpcf7-acceptance\"><span class=\"wpcf7-list-item\"><input type=\"checkbox\" name=\"acceptance-135\" value=\"1\" aria-invalid=\"false\" \/><\/span><\/span><\/span> Acepto los <a href=\"https:\/\/revertia.com\/aviso-legal\/\">T\u00e9rminos y condiciones<\/a> y <a href=\"\/es\/politica-de-privacidad\/\">la pol\u00edtica de privacidad.<\/a><br \/>\n<span class=\"wpcf7-form-control-wrap\" data-name=\"acceptance-992\"><span class=\"wpcf7-form-control wpcf7-acceptance optional\"><span class=\"wpcf7-list-item\"><input type=\"checkbox\" name=\"acceptance-992\" value=\"1\" aria-invalid=\"false\" \/><\/span><\/span><\/span> Estoy de acuerdo en recibir comunicaciones comerciales de revertia.\n\t\t<\/p>\n\t<\/div>\n\t<p><input class=\"wpcf7-form-control wpcf7-submit has-spinner btn btn-verde\" type=\"submit\" value=\"Calcula tu huella de carbono\" \/>\n\t<\/p>\n<\/div><div class=\"wpcf7-response-output\" aria-hidden=\"true\"><\/div>\n<\/form>\n<\/div>\n[\/vc_column_inner][\/vc_row_inner][vc_empty_space height=\u00bb30&#8243;][\/vc_column][\/vc_row][vc_row full_width=\u00bbstretch_row\u00bb css=\u00bb.vc_custom_1705429172045{background-color: #0b3646 !important;}\u00bb][vc_column][vc_empty_space height=\u00bb30&#8243;][vc_row_inner][vc_column_inner width=\u00bb1\/6&#8243;][\/vc_column_inner][vc_column_inner width=\u00bb2\/3&#8243;][vc_custom_heading text=\u00bbDesde un enfoque de ciclo de vida, en revertia proporcionamos a nuestros clientes indicadores ambientales contrastados como resultado de las actividades de reutilizaci\u00f3n de equipamiento IT, entre ellos, el impacto positivo en emisiones de CO<sub>2<\/sub> evitadas.\u00bb font_container=\u00bbtag:p|font_size:20|text_align:left|color:%23ffffff\u00bb google_fonts=\u00bbfont_family:Roboto%3A100%2C100italic%2C300%2C300italic%2Cregular%2Citalic%2C500%2C500italic%2C700%2C700italic%2C900%2C900italic|font_style:400%20regular%3A400%3Anormal\u00bb][\/vc_column_inner][vc_column_inner width=\u00bb1\/6&#8243;][\/vc_column_inner][\/vc_row_inner][vc_empty_space height=\u00bb30&#8243;][\/vc_column][\/vc_row][vc_row full_width=\u00bbstretch_row\u00bb css=\u00bb.vc_custom_1618294660231{background-position: center !important;background-repeat: no-repeat !important;background-size: cover !important;}\u00bb][vc_column][vc_empty_space][vc_column_text]<\/p>\n<h2 class=\"reveal-2\" style=\"text-align: center;\" data-sr-id=\"2\">YA CONF\u00cdAN EN NOSOTROS<\/h2>\n<p>[\/vc_column_text][vc_empty_space][vc_row_inner][vc_column_inner width=\u00bb1\/4&#8243;][vc_single_image image=\u00bb8591&#8243; img_size=\u00bbfull\u00bb alignment=\u00bbcenter\u00bb][\/vc_column_inner][vc_column_inner width=\u00bb1\/4&#8243;][vc_single_image image=\u00bb8592&#8243; img_size=\u00bbfull\u00bb alignment=\u00bbcenter\u00bb][\/vc_column_inner][vc_column_inner width=\u00bb1\/4&#8243;][vc_single_image image=\u00bb8597&#8243; img_size=\u00bbfull\u00bb alignment=\u00bbcenter\u00bb][\/vc_column_inner][vc_column_inner width=\u00bb1\/4&#8243;][vc_single_image image=\u00bb8593&#8243; img_size=\u00bbfull\u00bb alignment=\u00bbcenter\u00bb][\/vc_column_inner][\/vc_row_inner][vc_row_inner][vc_column_inner width=\u00bb1\/4&#8243;][vc_single_image image=\u00bb8596&#8243; img_size=\u00bbfull\u00bb alignment=\u00bbcenter\u00bb][\/vc_column_inner][vc_column_inner width=\u00bb1\/4&#8243;][vc_single_image image=\u00bb8594&#8243; img_size=\u00bbfull\u00bb alignment=\u00bbcenter\u00bb][\/vc_column_inner][vc_column_inner width=\u00bb1\/4&#8243;][vc_single_image image=\u00bb8598&#8243; img_size=\u00bbfull\u00bb alignment=\u00bbcenter\u00bb][\/vc_column_inner][vc_column_inner width=\u00bb1\/4&#8243;][vc_single_image image=\u00bb8595&#8243; img_size=\u00bbfull\u00bb alignment=\u00bbcenter\u00bb][\/vc_column_inner][\/vc_row_inner][vc_empty_space][\/vc_column][\/vc_row][vc_row full_width=\u00bbstretch_row\u00bb css=\u00bb.vc_custom_1705430250454{margin-bottom: -30px !important;background-color: #f2f2f2 !important;background-position: center !important;background-repeat: no-repeat !important;background-size: cover !important;}\u00bb][vc_column width=\u00bb1\/6&#8243;][\/vc_column][vc_column width=\u00bb2\/3&#8243;][vc_column_text]<\/p>\n<h2 class=\"reveal-2\" style=\"text-align: center;\" data-sr-id=\"2\">TU \u00c9XITO ES NUESTRA SATISFACCI\u00d3N<\/h2>\n<p>[\/vc_column_text][vc_custom_heading text=\u00bb\u00abA trav\u00e9s del An\u00e1lisis de Ciclo de Vida de los procesos de reutilizaci\u00f3n que realiza revertia podemos saber que en los dos \u00faltimos a\u00f1os hemos evitado la emisi\u00f3n de 53 toneladas de CO<sub>2<\/sub> que de otra manera se hubieran liberado a la atm\u00f3sfera\u201d\u00bb font_container=\u00bbtag:h2|font_size:30|text_align:center|color:%23c1d72e\u00bb use_theme_fonts=\u00bbyes\u00bb][vc_row_inner][vc_column_inner width=\u00bb1\/6&#8243;][\/vc_column_inner][vc_column_inner width=\u00bb2\/3&#8243;][vc_single_image image=\u00bb8375&#8243; img_size=\u00bbfull\u00bb alignment=\u00bbcenter\u00bb][\/vc_column_inner][vc_column_inner width=\u00bb1\/6&#8243;][\/vc_column_inner][\/vc_row_inner][vc_empty_space height=\u00bb80&#8243;][\/vc_column][vc_column width=\u00bb1\/6&#8243;][\/vc_column][\/vc_row]<\/p>","protected":false},"excerpt":{"rendered":"<p>[vc_row full_width=\u00bbstretch_row\u00bb css=\u00bb.vc_custom_1705568476344{padding-top: 50px !important;padding-bottom: 100px !important;background-image: url(https:\/\/revertia.com\/wp-content\/uploads\/2024\/01\/HUELLA_3.png?id=29081) !important;background-position: center !important;background-repeat: no-repeat !important;background-size: cover !important;}\u00bb][vc_column][vc_single_image image=\u00bb8388&#8243; img_size=\u00bbfull\u00bb onclick=\u00bbcustom_link\u00bb css=\u00bb.vc_custom_1728990205791{background-position: center !important;background-repeat: no-repeat !important;background-size: cover !important;}\u00bb link=\u00bbhttps:\/\/revertia.com\/es\/\u00bb][vc_row_inner][vc_column_inner width=\u00bb2\/3&#8243; css=\u00bb.vc_custom_1705412849330{background-position: center !important;background-repeat: no-repeat !important;background-size: contain !important;}\u00bb][vc_custom_heading text=\u00bbUn solo equipo inform\u00e1tico reutilizado evita la emisi\u00f3n de 191 kg de CO2 a la atm\u00f3sfera\u00bb font_container=\u00bbtag:p|font_size:16|text_align:left|color:%23ffffff\u00bb google_fonts=\u00bbfont_family:Raleway%3A100%2C200%2C300%2Cregular%2C500%2C600%2C700%2C800%2C900|font_style:400%20regular%3A400%3Anormal\u00bb css_animation=\u00bbfadeIn\u00bb][vc_custom_heading text=\u00bbCALCULA TU [&hellip;]<\/p>\n","protected":false},"author":3,"featured_media":29082,"parent":0,"menu_order":0,"comment_status":"closed","ping_status":"closed","template":"","meta":{"_acf_changed":false,"inline_featured_image":false,"footnotes":""},"acf":[],"yoast_head":"<!-- This site is optimized with the Yoast SEO plugin v22.8 - https:\/\/yoast.com\/wordpress\/plugins\/seo\/ -->\n<title>Calcula tu huella de carbono, \u00bfcu\u00e1nto CO2 emites a la atm\u00f3sfera?<\/title>\n<meta name=\"description\" content=\"\u00bfQuieres saber cu\u00e1ntos kilos de CO2 evitar\u00edas emitir a la atm\u00f3sfera con una gesti\u00f3n responsable de tus RAEES?\" \/>\n<meta name=\"robots\" content=\"index, follow, max-snippet:-1, max-image-preview:large, max-video-preview:-1\" \/>\n<link rel=\"canonical\" href=\"https:\/\/revertia.com\/calcula-tu-huella-de-carbono\/\" \/>\n<meta property=\"og:locale\" content=\"es_ES\" \/>\n<meta property=\"og:type\" content=\"article\" \/>\n<meta property=\"og:title\" content=\"Calcula tu huella de carbono\" \/>\n<meta property=\"og:description\" content=\"\u00bfQuieres saber cu\u00e1ntos kilos de CO2 evitar\u00edas emitir a la atm\u00f3sfera con una gesti\u00f3n responsable de tus RAEES?\" \/>\n<meta property=\"og:url\" content=\"https:\/\/revertia.com\/calcula-tu-huella-de-carbono\/\" \/>\n<meta property=\"og:site_name\" content=\"Revertia\" \/>\n<meta property=\"article:publisher\" content=\"https:\/\/www.facebook.com\/revertiaresiduos\/\" \/>\n<meta property=\"article:modified_time\" content=\"2025-10-08T11:07:53+00:00\" \/>\n<meta property=\"og:image\" content=\"https:\/\/revertia.com\/wp-content\/uploads\/2024\/01\/sello_huella_carbono.png\" \/>\n\t<meta property=\"og:image:width\" content=\"711\" \/>\n\t<meta property=\"og:image:height\" content=\"766\" \/>\n\t<meta property=\"og:image:type\" content=\"image\/png\" \/>\n<meta name=\"twitter:card\" content=\"summary_large_image\" \/>\n<meta name=\"twitter:title\" content=\"Calcula tu huella de carbono\" \/>\n<meta name=\"twitter:description\" content=\"\u00bfCu\u00e1nto CO2 emites a la atm\u00f3sfera?\" \/>\n<meta name=\"twitter:image\" content=\"https:\/\/revertia.com\/wp-content\/uploads\/2024\/01\/sello_huella_carbono.png\" \/>\n<meta name=\"twitter:site\" content=\"@revertia\" \/>\n<meta name=\"twitter:label1\" content=\"Tiempo de lectura\" \/>\n\t<meta name=\"twitter:data1\" content=\"2 minutos\" \/>\n<script type=\"application\/ld+json\" class=\"yoast-schema-graph\">{\"@context\":\"https:\/\/schema.org\",\"@graph\":[{\"@type\":\"WebPage\",\"@id\":\"https:\/\/revertia.com\/calcula-tu-huella-de-carbono\/\",\"url\":\"https:\/\/revertia.com\/calcula-tu-huella-de-carbono\/\",\"name\":\"Calcula tu huella de carbono, \u00bfcu\u00e1nto CO2 emites a la atm\u00f3sfera?\",\"isPartOf\":{\"@id\":\"https:\/\/revertia.com\/es\/#website\"},\"primaryImageOfPage\":{\"@id\":\"https:\/\/revertia.com\/calcula-tu-huella-de-carbono\/#primaryimage\"},\"image\":{\"@id\":\"https:\/\/revertia.com\/calcula-tu-huella-de-carbono\/#primaryimage\"},\"thumbnailUrl\":\"https:\/\/revertia.com\/wp-content\/uploads\/2024\/01\/sello_huella_carbono.png\",\"datePublished\":\"2021-04-18T22:09:59+00:00\",\"dateModified\":\"2025-10-08T11:07:53+00:00\",\"description\":\"\u00bfQuieres saber cu\u00e1ntos kilos de CO2 evitar\u00edas emitir a la atm\u00f3sfera con una gesti\u00f3n responsable de tus RAEES?\",\"breadcrumb\":{\"@id\":\"https:\/\/revertia.com\/calcula-tu-huella-de-carbono\/#breadcrumb\"},\"inLanguage\":\"es\",\"potentialAction\":[{\"@type\":\"ReadAction\",\"target\":[\"https:\/\/revertia.com\/calcula-tu-huella-de-carbono\/\"]}]},{\"@type\":\"ImageObject\",\"inLanguage\":\"es\",\"@id\":\"https:\/\/revertia.com\/calcula-tu-huella-de-carbono\/#primaryimage\",\"url\":\"https:\/\/revertia.com\/wp-content\/uploads\/2024\/01\/sello_huella_carbono.png\",\"contentUrl\":\"https:\/\/revertia.com\/wp-content\/uploads\/2024\/01\/sello_huella_carbono.png\",\"width\":711,\"height\":766},{\"@type\":\"BreadcrumbList\",\"@id\":\"https:\/\/revertia.com\/calcula-tu-huella-de-carbono\/#breadcrumb\",\"itemListElement\":[{\"@type\":\"ListItem\",\"position\":1,\"name\":\"Portada\",\"item\":\"https:\/\/revertia.com\/\"},{\"@type\":\"ListItem\",\"position\":2,\"name\":\"Calcula tu huella de carbono\"}]},{\"@type\":\"WebSite\",\"@id\":\"https:\/\/revertia.com\/es\/#website\",\"url\":\"https:\/\/revertia.com\/es\/\",\"name\":\"Revertia\",\"description\":\"\",\"publisher\":{\"@id\":\"https:\/\/revertia.com\/es\/#organization\"},\"potentialAction\":[{\"@type\":\"SearchAction\",\"target\":{\"@type\":\"EntryPoint\",\"urlTemplate\":\"https:\/\/revertia.com\/es\/?s={search_term_string}\"},\"query-input\":\"required name=search_term_string\"}],\"inLanguage\":\"es\"},{\"@type\":\"Organization\",\"@id\":\"https:\/\/revertia.com\/es\/#organization\",\"name\":\"Revertia\",\"url\":\"https:\/\/revertia.com\/es\/\",\"logo\":{\"@type\":\"ImageObject\",\"inLanguage\":\"es\",\"@id\":\"https:\/\/revertia.com\/es\/#\/schema\/logo\/image\/\",\"url\":\"https:\/\/revertia.com\/wp-content\/uploads\/2018\/08\/logo-revertia.png\",\"contentUrl\":\"https:\/\/revertia.com\/wp-content\/uploads\/2018\/08\/logo-revertia.png\",\"width\":199,\"height\":38,\"caption\":\"Revertia\"},\"image\":{\"@id\":\"https:\/\/revertia.com\/es\/#\/schema\/logo\/image\/\"},\"sameAs\":[\"https:\/\/www.facebook.com\/revertiaresiduos\/\",\"https:\/\/x.com\/revertia\",\"https:\/\/www.linkedin.com\/company\/revertia\",\"https:\/\/www.youtube.com\/user\/revertia\"]}]}<\/script>\n<!-- \/ Yoast SEO plugin. -->","yoast_head_json":{"title":"Calcula tu huella de carbono, \u00bfcu\u00e1nto CO2 emites a la atm\u00f3sfera?","description":"\u00bfQuieres saber cu\u00e1ntos kilos de CO2 evitar\u00edas emitir a la atm\u00f3sfera con una gesti\u00f3n responsable de tus RAEES?","robots":{"index":"index","follow":"follow","max-snippet":"max-snippet:-1","max-image-preview":"max-image-preview:large","max-video-preview":"max-video-preview:-1"},"canonical":"https:\/\/revertia.com\/calcula-tu-huella-de-carbono\/","og_locale":"es_ES","og_type":"article","og_title":"Calcula tu huella de carbono","og_description":"\u00bfQuieres saber cu\u00e1ntos kilos de CO2 evitar\u00edas emitir a la atm\u00f3sfera con una gesti\u00f3n responsable de tus RAEES?","og_url":"https:\/\/revertia.com\/calcula-tu-huella-de-carbono\/","og_site_name":"Revertia","article_publisher":"https:\/\/www.facebook.com\/revertiaresiduos\/","article_modified_time":"2025-10-08T11:07:53+00:00","og_image":[{"width":711,"height":766,"url":"https:\/\/revertia.com\/wp-content\/uploads\/2024\/01\/sello_huella_carbono.png","type":"image\/png"}],"twitter_card":"summary_large_image","twitter_title":"Calcula tu huella de carbono","twitter_description":"\u00bfCu\u00e1nto CO2 emites a la atm\u00f3sfera?","twitter_image":"https:\/\/revertia.com\/wp-content\/uploads\/2024\/01\/sello_huella_carbono.png","twitter_site":"@revertia","twitter_misc":{"Tiempo de lectura":"2 minutos"},"schema":{"@context":"https:\/\/schema.org","@graph":[{"@type":"WebPage","@id":"https:\/\/revertia.com\/calcula-tu-huella-de-carbono\/","url":"https:\/\/revertia.com\/calcula-tu-huella-de-carbono\/","name":"Calcula tu huella de carbono, \u00bfcu\u00e1nto CO2 emites a la atm\u00f3sfera?","isPartOf":{"@id":"https:\/\/revertia.com\/es\/#website"},"primaryImageOfPage":{"@id":"https:\/\/revertia.com\/calcula-tu-huella-de-carbono\/#primaryimage"},"image":{"@id":"https:\/\/revertia.com\/calcula-tu-huella-de-carbono\/#primaryimage"},"thumbnailUrl":"https:\/\/revertia.com\/wp-content\/uploads\/2024\/01\/sello_huella_carbono.png","datePublished":"2021-04-18T22:09:59+00:00","dateModified":"2025-10-08T11:07:53+00:00","description":"\u00bfQuieres saber cu\u00e1ntos kilos de CO2 evitar\u00edas emitir a la atm\u00f3sfera con una gesti\u00f3n responsable de tus RAEES?","breadcrumb":{"@id":"https:\/\/revertia.com\/calcula-tu-huella-de-carbono\/#breadcrumb"},"inLanguage":"es","potentialAction":[{"@type":"ReadAction","target":["https:\/\/revertia.com\/calcula-tu-huella-de-carbono\/"]}]},{"@type":"ImageObject","inLanguage":"es","@id":"https:\/\/revertia.com\/calcula-tu-huella-de-carbono\/#primaryimage","url":"https:\/\/revertia.com\/wp-content\/uploads\/2024\/01\/sello_huella_carbono.png","contentUrl":"https:\/\/revertia.com\/wp-content\/uploads\/2024\/01\/sello_huella_carbono.png","width":711,"height":766},{"@type":"BreadcrumbList","@id":"https:\/\/revertia.com\/calcula-tu-huella-de-carbono\/#breadcrumb","itemListElement":[{"@type":"ListItem","position":1,"name":"Portada","item":"https:\/\/revertia.com\/"},{"@type":"ListItem","position":2,"name":"Calcula tu huella de carbono"}]},{"@type":"WebSite","@id":"https:\/\/revertia.com\/es\/#website","url":"https:\/\/revertia.com\/es\/","name":"Revertia","description":"","publisher":{"@id":"https:\/\/revertia.com\/es\/#organization"},"potentialAction":[{"@type":"SearchAction","target":{"@type":"EntryPoint","urlTemplate":"https:\/\/revertia.com\/es\/?s={search_term_string}"},"query-input":"required name=search_term_string"}],"inLanguage":"es"},{"@type":"Organization","@id":"https:\/\/revertia.com\/es\/#organization","name":"Revertia","url":"https:\/\/revertia.com\/es\/","logo":{"@type":"ImageObject","inLanguage":"es","@id":"https:\/\/revertia.com\/es\/#\/schema\/logo\/image\/","url":"https:\/\/revertia.com\/wp-content\/uploads\/2018\/08\/logo-revertia.png","contentUrl":"https:\/\/revertia.com\/wp-content\/uploads\/2018\/08\/logo-revertia.png","width":199,"height":38,"caption":"Revertia"},"image":{"@id":"https:\/\/revertia.com\/es\/#\/schema\/logo\/image\/"},"sameAs":["https:\/\/www.facebook.com\/revertiaresiduos\/","https:\/\/x.com\/revertia","https:\/\/www.linkedin.com\/company\/revertia","https:\/\/www.youtube.com\/user\/revertia"]}]}},"_links":{"self":[{"href":"https:\/\/revertia.com\/es\/wp-json\/wp\/v2\/pages\/8366"}],"collection":[{"href":"https:\/\/revertia.com\/es\/wp-json\/wp\/v2\/pages"}],"about":[{"href":"https:\/\/revertia.com\/es\/wp-json\/wp\/v2\/types\/page"}],"author":[{"embeddable":true,"href":"https:\/\/revertia.com\/es\/wp-json\/wp\/v2\/users\/3"}],"replies":[{"embeddable":true,"href":"https:\/\/revertia.com\/es\/wp-json\/wp\/v2\/comments?post=8366"}],"version-history":[{"count":86,"href":"https:\/\/revertia.com\/es\/wp-json\/wp\/v2\/pages\/8366\/revisions"}],"predecessor-version":[{"id":61423,"href":"https:\/\/revertia.com\/es\/wp-json\/wp\/v2\/pages\/8366\/revisions\/61423"}],"wp:featuredmedia":[{"embeddable":true,"href":"https:\/\/revertia.com\/es\/wp-json\/wp\/v2\/media\/29082"}],"wp:attachment":[{"href":"https:\/\/revertia.com\/es\/wp-json\/wp\/v2\/media?parent=8366"}],"curies":[{"name":"wp","href":"https:\/\/api.w.org\/{rel}","templated":true}]}}