{"id":8128,"date":"2021-04-12T18:32:55","date_gmt":"2021-04-12T16:32:55","guid":{"rendered":"https:\/\/revertia.com\/?page_id=8128"},"modified":"2024-10-15T13:04:28","modified_gmt":"2024-10-15T11:04:28","slug":"guia-obligaciones-productor-residuos","status":"publish","type":"page","link":"https:\/\/revertia.com\/es\/guia-obligaciones-productor-residuos\/","title":{"rendered":"Gu\u00eda con las obligaciones del productor de residuos"},"content":{"rendered":"<p><\/p>\n<p>[vc_row full_width=\u00bbstretch_row\u00bb css=\u00bb.vc_custom_1705570811829{margin-top: 50px !important;}\u00bb][vc_column][vc_single_image image=\u00bb8253&#8243; img_size=\u00bbfull\u00bb onclick=\u00bbcustom_link\u00bb link=\u00bbhttps:\/\/revertia.com\/es\/\u00bb][\/vc_column][\/vc_row][vc_row full_width=\u00bbstretch_row\u00bb css=\u00bb.vc_custom_1716807507529{margin-bottom: -50px !important;}\u00bb][vc_column width=\u00bb2\/3&#8243;][vc_empty_space height=\u00bb30&#8243;][vc_custom_heading text=\u00bb\u00bfCU\u00c1LES SON TUS OBLIGACIONES<br \/>\nCOMO PRODUCTOR DE RESIDUOS?\u00bb font_container=\u00bbtag:h2|font_size:35|text_align:center|color:%230b3646&#8243; google_fonts=\u00bbfont_family:Raleway%3A100%2C200%2C300%2Cregular%2C500%2C600%2C700%2C800%2C900|font_style:500%20bold%20regular%3A500%3Anormal\u00bb][vc_column_text]<\/p>\n<h4 style=\"text-align: center;\">Esta gu\u00eda te dar\u00e1 las claves para cumplir la normativa si eres productor de residuos.<\/h4>\n<p>[\/vc_column_text][vc_single_image image=\u00bb35679&#8243; img_size=\u00bb600&#215;387&#8243; alignment=\u00bbcenter\u00bb css_animation=\u00bbfadeIn\u00bb][\/vc_column][vc_column width=\u00bb1\/3&#8243; css=\u00bb.vc_custom_1716807743275{padding-right: 25px !important;padding-left: 25px !important;background-color: rgba(188,202,132,0.93) !important;background-position: center !important;background-repeat: no-repeat !important;background-size: cover !important;*background-color: rgb(188,202,132) !important;border-radius: 10px !important;}\u00bb][vc_empty_space height=\u00bb30&#8243;][vc_custom_heading text=\u00bbGU\u00cdA PARA UNA CORRECTA GESTI\u00d3N DE LOS RESIDUOS\u00bb font_container=\u00bbtag:p|font_size:25|text_align:center|color:%230b3646|line_height:1&#8243; google_fonts=\u00bbfont_family:Raleway%3A100%2C200%2C300%2Cregular%2C500%2C600%2C700%2C800%2C900|font_style:600%20bold%20regular%3A600%3Anormal\u00bb][vc_column_text]<\/p>\n<p style=\"text-align: left;\">Un gran n\u00famero de empresas desconocen sus obligaciones como productores de residuos. Te enviamos nuestra gu\u00eda a tu buz\u00f3n de correo.<\/p>\n<p>[\/vc_column_text]\n<div class=\"wpcf7 no-js\" id=\"wpcf7-f8055-o1\" lang=\"es-ES\" dir=\"ltr\">\n<div class=\"screen-reader-response\"><p role=\"status\" aria-live=\"polite\" aria-atomic=\"true\"><\/p> <ul><\/ul><\/div>\n<form action=\"\/es\/wp-json\/wp\/v2\/pages\/8128#wpcf7-f8055-o1\" method=\"post\" class=\"wpcf7-form init\" aria-label=\"Formulario de contacto\" novalidate=\"novalidate\" data-status=\"init\">\n<div style=\"display: none;\">\n<input type=\"hidden\" name=\"_wpcf7\" value=\"8055\" \/>\n<input type=\"hidden\" name=\"_wpcf7_version\" value=\"5.9.5\" \/>\n<input type=\"hidden\" name=\"_wpcf7_locale\" value=\"es_ES\" \/>\n<input type=\"hidden\" name=\"_wpcf7_unit_tag\" value=\"wpcf7-f8055-o1\" \/>\n<input type=\"hidden\" name=\"_wpcf7_container_post\" value=\"0\" \/>\n<input type=\"hidden\" name=\"_wpcf7_posted_data_hash\" value=\"\" \/>\n<input type=\"hidden\" name=\"_wpcf7_recaptcha_response\" value=\"\" \/>\n<\/div>\n<div class=\"formulario-material\">\n\t<p><span class=\"wpcf7-form-control-wrap\" data-name=\"your-name\"><input size=\"40\" class=\"wpcf7-form-control wpcf7-text wpcf7-validates-as-required form-control floating-label\" aria-required=\"true\" aria-invalid=\"false\" placeholder=\"Nombre*\" value=\"\" type=\"text\" name=\"your-name\" \/><\/span>\n\t<\/p>\n\t<p><span class=\"wpcf7-form-control-wrap\" data-name=\"your-email\"><input size=\"40\" class=\"wpcf7-form-control wpcf7-email wpcf7-validates-as-required wpcf7-text wpcf7-validates-as-email form-control floating-label\" aria-required=\"true\" aria-invalid=\"false\" placeholder=\"Email corporativo*\" value=\"\" type=\"email\" name=\"your-email\" \/><\/span>\n\t<\/p>\n\t<p><span class=\"wpcf7-form-control-wrap\" data-name=\"text-822\"><input size=\"40\" class=\"wpcf7-form-control wpcf7-text wpcf7-validates-as-required form-control floating-label\" aria-required=\"true\" aria-invalid=\"false\" placeholder=\"Empresa*\" value=\"\" type=\"text\" name=\"text-822\" \/><\/span>\n\t<\/p>\n\t<div style=\"font-size:12px;\">\n\t\t<p class=\"politica-legal\"><br \/>\n<span class=\"wpcf7-form-control-wrap\" data-name=\"acceptance-135\"><span class=\"wpcf7-form-control wpcf7-acceptance\"><span class=\"wpcf7-list-item\"><input type=\"checkbox\" name=\"acceptance-135\" value=\"1\" aria-invalid=\"false\" \/><\/span><\/span><\/span> Acepto los <a href=\"https:\/\/revertia.com\/aviso-legal\/\">T\u00e9rminos y condiciones<\/a> y <a href=\"\/es\/politica-de-privacidad\/\">la pol\u00edtica de privacidad.<\/a><br \/>\n<span class=\"wpcf7-form-control-wrap\" data-name=\"acceptance-992\"><span class=\"wpcf7-form-control wpcf7-acceptance optional\"><span class=\"wpcf7-list-item\"><input type=\"checkbox\" name=\"acceptance-992\" value=\"1\" aria-invalid=\"false\" \/><\/span><\/span><\/span> Estoy de acuerdo en recibir comunicaciones comerciales de revertia.\n\t\t<\/p>\n\t<\/div>\n\t<p><input class=\"wpcf7-form-control wpcf7-submit has-spinner btn btn-verde\" type=\"submit\" value=\"Enviar\" \/>\n\t<\/p>\n<\/div><div class=\"wpcf7-response-output\" aria-hidden=\"true\"><\/div>\n<\/form>\n<\/div>\n[vc_empty_space height=\u00bb50&#8243;][\/vc_column][\/vc_row][vc_row full_width=\u00bbstretch_row\u00bb css=\u00bb.vc_custom_1618265348963{background-color: #0b3646 !important;}\u00bb][vc_column][vc_empty_space height=\u00bb30&#8243;][vc_column_text]<\/p>\n<h3 class=\"reveal-20\" style=\"text-align: center;\" data-sr-id=\"14\"><span style=\"color: #ffffff;\">Muchas entidades desconocen sus obligaciones como productoras de residuos. \u00bfDebo inscribirme c\u00f3mo productor? \u00bfC\u00f3mo debo hacer la gesti\u00f3n, el almacenamiento, etiquetado o traslado de los residuos que mi empresa genera?<\/span><\/h3>\n<p>[\/vc_column_text][vc_empty_space height=\u00bb30&#8243;][\/vc_column][\/vc_row][vc_row full_width=\u00bbstretch_row\u00bb css=\u00bb.vc_custom_1618294660231{background-position: center !important;background-repeat: no-repeat !important;background-size: cover !important;}\u00bb][vc_column width=\u00bb1\/3&#8243;][vc_column_text css=\u00bb.vc_custom_1654789083091{border-right-width: 2px !important;padding-top: 15px !important;padding-right: 15px !important;padding-bottom: 15px !important;padding-left: 15px !important;border-right-color: #0b3646 !important;border-right-style: solid !important;border-radius: 3px !important;}\u00bb]<\/p>\n<h3 style=\"text-align: left;\">Ley 7\/2022, de residuos y suelos contaminados para una Econom\u00eda Circular y Real Decreto 553\/2020, de traslado de residuos<\/h3>\n<p>[\/vc_column_text][\/vc_column][vc_column width=\u00bb2\/3&#8243;][vc_column_text]<\/p>\n<ul>\n<li>Nuestra gu\u00eda es una herramienta pr\u00e1ctica que te permitir\u00e1 saber las obligaciones que te afectan como productor de residuos.<\/li>\n<li>Conoce si tu empresa\/entidad debe inscribirse en el registro de productores de residuos.<\/li>\n<li>Te detallamos las obligaciones respecto a la gesti\u00f3n, almacenamiento, etiquetado y traslado de tus residuos.<\/li>\n<li>Conoce los documentos que debes gestionar: Contrato de tratamiento, Notificaciones de traslados, NIMA, etc.<\/li>\n<\/ul>\n<p>[\/vc_column_text][\/vc_column][\/vc_row][vc_row][vc_column width=\u00bb1\/4&#8243;][\/vc_column][vc_column width=\u00bb1\/2&#8243;][vc_column_text]<\/p>\n<h3 style=\"text-align: center;\"><img loading=\"lazy\" decoding=\"async\" class=\" wp-image-8293 aligncenter\" src=\"https:\/\/revertia.com\/wp-content\/uploads\/2021\/04\/revertia_calltoaction-220x300.png\" alt=\"Logo Revertia\" width=\"167\" height=\"228\" srcset=\"https:\/\/revertia.com\/wp-content\/uploads\/2021\/04\/revertia_calltoaction-220x300.png 220w, https:\/\/revertia.com\/wp-content\/uploads\/2021\/04\/revertia_calltoaction.png 300w\" sizes=\"(max-width: 167px) 100vw, 167px\" \/>Si quieres conocer c\u00faales son tus obligaciones como productor, solicita nuestra gu\u00eda de forma gratuita.<\/h3>\n<p>[\/vc_column_text][\/vc_column][vc_column width=\u00bb1\/4&#8243;][\/vc_column][\/vc_row][vc_row full_width=\u00bbstretch_row\u00bb css=\u00bb.vc_custom_1689756024182{margin-bottom: -30px !important;background-color: #bcca84 !important;background-position: center !important;background-repeat: no-repeat !important;background-size: cover !important;}\u00bb][vc_column width=\u00bb1\/4&#8243;][\/vc_column][vc_column width=\u00bb1\/2&#8243;][vc_column_text]<\/p>\n<p style=\"text-align: center;\">Te enviamos toda la info a tu buz\u00f3n de correo.<\/p>\n<p>[\/vc_column_text]\n<div class=\"wpcf7 no-js\" id=\"wpcf7-f8055-o2\" lang=\"es-ES\" dir=\"ltr\">\n<div class=\"screen-reader-response\"><p role=\"status\" aria-live=\"polite\" aria-atomic=\"true\"><\/p> <ul><\/ul><\/div>\n<form action=\"\/es\/wp-json\/wp\/v2\/pages\/8128#wpcf7-f8055-o2\" method=\"post\" class=\"wpcf7-form init\" aria-label=\"Formulario de contacto\" novalidate=\"novalidate\" data-status=\"init\">\n<div style=\"display: none;\">\n<input type=\"hidden\" name=\"_wpcf7\" value=\"8055\" \/>\n<input type=\"hidden\" name=\"_wpcf7_version\" value=\"5.9.5\" \/>\n<input type=\"hidden\" name=\"_wpcf7_locale\" value=\"es_ES\" \/>\n<input type=\"hidden\" name=\"_wpcf7_unit_tag\" value=\"wpcf7-f8055-o2\" \/>\n<input type=\"hidden\" name=\"_wpcf7_container_post\" value=\"0\" \/>\n<input type=\"hidden\" name=\"_wpcf7_posted_data_hash\" value=\"\" \/>\n<input type=\"hidden\" name=\"_wpcf7_recaptcha_response\" value=\"\" \/>\n<\/div>\n<div class=\"formulario-material\">\n\t<p><span class=\"wpcf7-form-control-wrap\" data-name=\"your-name\"><input size=\"40\" class=\"wpcf7-form-control wpcf7-text wpcf7-validates-as-required form-control floating-label\" aria-required=\"true\" aria-invalid=\"false\" placeholder=\"Nombre*\" value=\"\" type=\"text\" name=\"your-name\" \/><\/span>\n\t<\/p>\n\t<p><span class=\"wpcf7-form-control-wrap\" data-name=\"your-email\"><input size=\"40\" class=\"wpcf7-form-control wpcf7-email wpcf7-validates-as-required wpcf7-text wpcf7-validates-as-email form-control floating-label\" aria-required=\"true\" aria-invalid=\"false\" placeholder=\"Email corporativo*\" value=\"\" type=\"email\" name=\"your-email\" \/><\/span>\n\t<\/p>\n\t<p><span class=\"wpcf7-form-control-wrap\" data-name=\"text-822\"><input size=\"40\" class=\"wpcf7-form-control wpcf7-text wpcf7-validates-as-required form-control floating-label\" aria-required=\"true\" aria-invalid=\"false\" placeholder=\"Empresa*\" value=\"\" type=\"text\" name=\"text-822\" \/><\/span>\n\t<\/p>\n\t<div style=\"font-size:12px;\">\n\t\t<p class=\"politica-legal\"><br \/>\n<span class=\"wpcf7-form-control-wrap\" data-name=\"acceptance-135\"><span class=\"wpcf7-form-control wpcf7-acceptance\"><span class=\"wpcf7-list-item\"><input type=\"checkbox\" name=\"acceptance-135\" value=\"1\" aria-invalid=\"false\" \/><\/span><\/span><\/span> Acepto los <a href=\"https:\/\/revertia.com\/aviso-legal\/\">T\u00e9rminos y condiciones<\/a> y <a href=\"\/es\/politica-de-privacidad\/\">la pol\u00edtica de privacidad.<\/a><br \/>\n<span class=\"wpcf7-form-control-wrap\" data-name=\"acceptance-992\"><span class=\"wpcf7-form-control wpcf7-acceptance optional\"><span class=\"wpcf7-list-item\"><input type=\"checkbox\" name=\"acceptance-992\" value=\"1\" aria-invalid=\"false\" \/><\/span><\/span><\/span> Estoy de acuerdo en recibir comunicaciones comerciales de revertia.\n\t\t<\/p>\n\t<\/div>\n\t<p><input class=\"wpcf7-form-control wpcf7-submit has-spinner btn btn-verde\" type=\"submit\" value=\"Enviar\" \/>\n\t<\/p>\n<\/div><div class=\"wpcf7-response-output\" aria-hidden=\"true\"><\/div>\n<\/form>\n<\/div>\n[\/vc_column][vc_column width=\u00bb1\/4&#8243;][\/vc_column][\/vc_row]<\/p>\n<p><\/p>","protected":false},"excerpt":{"rendered":"<p>[vc_row full_width=\u00bbstretch_row\u00bb css=\u00bb.vc_custom_1705570811829{margin-top: 50px !important;}\u00bb][vc_column][vc_single_image image=\u00bb8253&#8243; img_size=\u00bbfull\u00bb onclick=\u00bbcustom_link\u00bb link=\u00bbhttps:\/\/revertia.com\/es\/\u00bb][\/vc_column][\/vc_row][vc_row full_width=\u00bbstretch_row\u00bb css=\u00bb.vc_custom_1716807507529{margin-bottom: -50px !important;}\u00bb][vc_column width=\u00bb2\/3&#8243;][vc_empty_space height=\u00bb30&#8243;][vc_custom_heading text=\u00bb\u00bfCU\u00c1LES SON TUS OBLIGACIONES COMO PRODUCTOR DE RESIDUOS?\u00bb font_container=\u00bbtag:h2|font_size:35|text_align:center|color:%230b3646&#8243; google_fonts=\u00bbfont_family:Raleway%3A100%2C200%2C300%2Cregular%2C500%2C600%2C700%2C800%2C900|font_style:500%20bold%20regular%3A500%3Anormal\u00bb][vc_column_text] Esta gu\u00eda te dar\u00e1 las claves para cumplir la normativa si eres productor de residuos. [\/vc_column_text][vc_single_image image=\u00bb35679&#8243; img_size=\u00bb600&#215;387&#8243; alignment=\u00bbcenter\u00bb css_animation=\u00bbfadeIn\u00bb][\/vc_column][vc_column width=\u00bb1\/3&#8243; css=\u00bb.vc_custom_1716807743275{padding-right: 25px !important;padding-left: 25px !important;background-color: rgba(188,202,132,0.93) !important;background-position: center !important;background-repeat: [&hellip;]<\/p>\n","protected":false},"author":3,"featured_media":0,"parent":0,"menu_order":0,"comment_status":"closed","ping_status":"closed","template":"","meta":{"_acf_changed":false,"inline_featured_image":false,"footnotes":""},"acf":{"texto_izq_b1":"","texto_derecha_b1":"","nota":"","intro_bloque_b3":"","titulo_bloque_b5":"","texto_centrado_b6":"","pagina_de_noticias":"","boton_mas_informacion_enlace":""},"yoast_head":"<!-- This site is optimized with the Yoast SEO plugin v22.8 - https:\/\/yoast.com\/wordpress\/plugins\/seo\/ -->\n<title>Gu\u00eda con las obligaciones del productor de residuos - Revertia<\/title>\n<meta name=\"description\" content=\"Muchas entidades desconocen sus obligaciones como productoras de residuos. \u00bfDebo inscribirme c\u00f3mo productor?\" \/>\n<meta name=\"robots\" content=\"index, follow, max-snippet:-1, max-image-preview:large, max-video-preview:-1\" \/>\n<link rel=\"canonical\" href=\"https:\/\/revertia.com\/guia-obligaciones-productor-residuos\/\" \/>\n<meta property=\"og:locale\" content=\"es_ES\" \/>\n<meta property=\"og:type\" content=\"article\" \/>\n<meta property=\"og:title\" content=\"Gu\u00eda con las obligaciones del productor de residuos - Revertia\" \/>\n<meta property=\"og:description\" content=\"Muchas entidades desconocen sus obligaciones como productoras de residuos. \u00bfDebo inscribirme c\u00f3mo productor?\" \/>\n<meta property=\"og:url\" content=\"https:\/\/revertia.com\/guia-obligaciones-productor-residuos\/\" \/>\n<meta property=\"og:site_name\" content=\"Revertia\" \/>\n<meta property=\"article:publisher\" content=\"https:\/\/www.facebook.com\/revertiaresiduos\/\" \/>\n<meta property=\"article:modified_time\" content=\"2024-10-15T11:04:28+00:00\" \/>\n<meta property=\"og:image\" content=\"https:\/\/revertia.com\/wp-content\/uploads\/2021\/04\/revertia_calltoaction-220x300.png\" \/>\n<meta name=\"twitter:card\" content=\"summary_large_image\" \/>\n<meta name=\"twitter:site\" content=\"@revertia\" \/>\n<meta name=\"twitter:label1\" content=\"Tiempo de lectura\" \/>\n\t<meta name=\"twitter:data1\" content=\"2 minutos\" \/>\n<script type=\"application\/ld+json\" class=\"yoast-schema-graph\">{\"@context\":\"https:\/\/schema.org\",\"@graph\":[{\"@type\":\"WebPage\",\"@id\":\"https:\/\/revertia.com\/guia-obligaciones-productor-residuos\/\",\"url\":\"https:\/\/revertia.com\/guia-obligaciones-productor-residuos\/\",\"name\":\"Gu\u00eda con las obligaciones del productor de residuos - Revertia\",\"isPartOf\":{\"@id\":\"https:\/\/revertia.com\/es\/#website\"},\"primaryImageOfPage\":{\"@id\":\"https:\/\/revertia.com\/guia-obligaciones-productor-residuos\/#primaryimage\"},\"image\":{\"@id\":\"https:\/\/revertia.com\/guia-obligaciones-productor-residuos\/#primaryimage\"},\"thumbnailUrl\":\"https:\/\/revertia.com\/wp-content\/uploads\/2021\/04\/revertia_calltoaction-220x300.png\",\"datePublished\":\"2021-04-12T16:32:55+00:00\",\"dateModified\":\"2024-10-15T11:04:28+00:00\",\"description\":\"Muchas entidades desconocen sus obligaciones como productoras de residuos. \u00bfDebo inscribirme c\u00f3mo productor?\",\"breadcrumb\":{\"@id\":\"https:\/\/revertia.com\/guia-obligaciones-productor-residuos\/#breadcrumb\"},\"inLanguage\":\"es\",\"potentialAction\":[{\"@type\":\"ReadAction\",\"target\":[\"https:\/\/revertia.com\/guia-obligaciones-productor-residuos\/\"]}]},{\"@type\":\"ImageObject\",\"inLanguage\":\"es\",\"@id\":\"https:\/\/revertia.com\/guia-obligaciones-productor-residuos\/#primaryimage\",\"url\":\"https:\/\/revertia.com\/wp-content\/uploads\/2021\/04\/revertia_calltoaction-220x300.png\",\"contentUrl\":\"https:\/\/revertia.com\/wp-content\/uploads\/2021\/04\/revertia_calltoaction-220x300.png\"},{\"@type\":\"BreadcrumbList\",\"@id\":\"https:\/\/revertia.com\/guia-obligaciones-productor-residuos\/#breadcrumb\",\"itemListElement\":[{\"@type\":\"ListItem\",\"position\":1,\"name\":\"Portada\",\"item\":\"https:\/\/revertia.com\/\"},{\"@type\":\"ListItem\",\"position\":2,\"name\":\"Gu\u00eda con las obligaciones del productor de residuos\"}]},{\"@type\":\"WebSite\",\"@id\":\"https:\/\/revertia.com\/es\/#website\",\"url\":\"https:\/\/revertia.com\/es\/\",\"name\":\"Revertia\",\"description\":\"\",\"publisher\":{\"@id\":\"https:\/\/revertia.com\/es\/#organization\"},\"potentialAction\":[{\"@type\":\"SearchAction\",\"target\":{\"@type\":\"EntryPoint\",\"urlTemplate\":\"https:\/\/revertia.com\/es\/?s={search_term_string}\"},\"query-input\":\"required name=search_term_string\"}],\"inLanguage\":\"es\"},{\"@type\":\"Organization\",\"@id\":\"https:\/\/revertia.com\/es\/#organization\",\"name\":\"Revertia\",\"url\":\"https:\/\/revertia.com\/es\/\",\"logo\":{\"@type\":\"ImageObject\",\"inLanguage\":\"es\",\"@id\":\"https:\/\/revertia.com\/es\/#\/schema\/logo\/image\/\",\"url\":\"https:\/\/revertia.com\/wp-content\/uploads\/2018\/08\/logo-revertia.png\",\"contentUrl\":\"https:\/\/revertia.com\/wp-content\/uploads\/2018\/08\/logo-revertia.png\",\"width\":199,\"height\":38,\"caption\":\"Revertia\"},\"image\":{\"@id\":\"https:\/\/revertia.com\/es\/#\/schema\/logo\/image\/\"},\"sameAs\":[\"https:\/\/www.facebook.com\/revertiaresiduos\/\",\"https:\/\/x.com\/revertia\",\"https:\/\/www.linkedin.com\/company\/revertia\",\"https:\/\/www.youtube.com\/user\/revertia\"]}]}<\/script>\n<!-- \/ Yoast SEO plugin. -->","yoast_head_json":{"title":"Gu\u00eda con las obligaciones del productor de residuos - Revertia","description":"Muchas entidades desconocen sus obligaciones como productoras de residuos. \u00bfDebo inscribirme c\u00f3mo productor?","robots":{"index":"index","follow":"follow","max-snippet":"max-snippet:-1","max-image-preview":"max-image-preview:large","max-video-preview":"max-video-preview:-1"},"canonical":"https:\/\/revertia.com\/guia-obligaciones-productor-residuos\/","og_locale":"es_ES","og_type":"article","og_title":"Gu\u00eda con las obligaciones del productor de residuos - Revertia","og_description":"Muchas entidades desconocen sus obligaciones como productoras de residuos. \u00bfDebo inscribirme c\u00f3mo productor?","og_url":"https:\/\/revertia.com\/guia-obligaciones-productor-residuos\/","og_site_name":"Revertia","article_publisher":"https:\/\/www.facebook.com\/revertiaresiduos\/","article_modified_time":"2024-10-15T11:04:28+00:00","og_image":[{"url":"https:\/\/revertia.com\/wp-content\/uploads\/2021\/04\/revertia_calltoaction-220x300.png"}],"twitter_card":"summary_large_image","twitter_site":"@revertia","twitter_misc":{"Tiempo de lectura":"2 minutos"},"schema":{"@context":"https:\/\/schema.org","@graph":[{"@type":"WebPage","@id":"https:\/\/revertia.com\/guia-obligaciones-productor-residuos\/","url":"https:\/\/revertia.com\/guia-obligaciones-productor-residuos\/","name":"Gu\u00eda con las obligaciones del productor de residuos - Revertia","isPartOf":{"@id":"https:\/\/revertia.com\/es\/#website"},"primaryImageOfPage":{"@id":"https:\/\/revertia.com\/guia-obligaciones-productor-residuos\/#primaryimage"},"image":{"@id":"https:\/\/revertia.com\/guia-obligaciones-productor-residuos\/#primaryimage"},"thumbnailUrl":"https:\/\/revertia.com\/wp-content\/uploads\/2021\/04\/revertia_calltoaction-220x300.png","datePublished":"2021-04-12T16:32:55+00:00","dateModified":"2024-10-15T11:04:28+00:00","description":"Muchas entidades desconocen sus obligaciones como productoras de residuos. \u00bfDebo inscribirme c\u00f3mo productor?","breadcrumb":{"@id":"https:\/\/revertia.com\/guia-obligaciones-productor-residuos\/#breadcrumb"},"inLanguage":"es","potentialAction":[{"@type":"ReadAction","target":["https:\/\/revertia.com\/guia-obligaciones-productor-residuos\/"]}]},{"@type":"ImageObject","inLanguage":"es","@id":"https:\/\/revertia.com\/guia-obligaciones-productor-residuos\/#primaryimage","url":"https:\/\/revertia.com\/wp-content\/uploads\/2021\/04\/revertia_calltoaction-220x300.png","contentUrl":"https:\/\/revertia.com\/wp-content\/uploads\/2021\/04\/revertia_calltoaction-220x300.png"},{"@type":"BreadcrumbList","@id":"https:\/\/revertia.com\/guia-obligaciones-productor-residuos\/#breadcrumb","itemListElement":[{"@type":"ListItem","position":1,"name":"Portada","item":"https:\/\/revertia.com\/"},{"@type":"ListItem","position":2,"name":"Gu\u00eda con las obligaciones del productor de residuos"}]},{"@type":"WebSite","@id":"https:\/\/revertia.com\/es\/#website","url":"https:\/\/revertia.com\/es\/","name":"Revertia","description":"","publisher":{"@id":"https:\/\/revertia.com\/es\/#organization"},"potentialAction":[{"@type":"SearchAction","target":{"@type":"EntryPoint","urlTemplate":"https:\/\/revertia.com\/es\/?s={search_term_string}"},"query-input":"required name=search_term_string"}],"inLanguage":"es"},{"@type":"Organization","@id":"https:\/\/revertia.com\/es\/#organization","name":"Revertia","url":"https:\/\/revertia.com\/es\/","logo":{"@type":"ImageObject","inLanguage":"es","@id":"https:\/\/revertia.com\/es\/#\/schema\/logo\/image\/","url":"https:\/\/revertia.com\/wp-content\/uploads\/2018\/08\/logo-revertia.png","contentUrl":"https:\/\/revertia.com\/wp-content\/uploads\/2018\/08\/logo-revertia.png","width":199,"height":38,"caption":"Revertia"},"image":{"@id":"https:\/\/revertia.com\/es\/#\/schema\/logo\/image\/"},"sameAs":["https:\/\/www.facebook.com\/revertiaresiduos\/","https:\/\/x.com\/revertia","https:\/\/www.linkedin.com\/company\/revertia","https:\/\/www.youtube.com\/user\/revertia"]}]}},"_links":{"self":[{"href":"https:\/\/revertia.com\/es\/wp-json\/wp\/v2\/pages\/8128"}],"collection":[{"href":"https:\/\/revertia.com\/es\/wp-json\/wp\/v2\/pages"}],"about":[{"href":"https:\/\/revertia.com\/es\/wp-json\/wp\/v2\/types\/page"}],"author":[{"embeddable":true,"href":"https:\/\/revertia.com\/es\/wp-json\/wp\/v2\/users\/3"}],"replies":[{"embeddable":true,"href":"https:\/\/revertia.com\/es\/wp-json\/wp\/v2\/comments?post=8128"}],"version-history":[{"count":58,"href":"https:\/\/revertia.com\/es\/wp-json\/wp\/v2\/pages\/8128\/revisions"}],"predecessor-version":[{"id":35681,"href":"https:\/\/revertia.com\/es\/wp-json\/wp\/v2\/pages\/8128\/revisions\/35681"}],"wp:attachment":[{"href":"https:\/\/revertia.com\/es\/wp-json\/wp\/v2\/media?parent=8128"}],"curies":[{"name":"wp","href":"https:\/\/api.w.org\/{rel}","templated":true}]}}