{"id":7314,"date":"2020-02-19T12:46:21","date_gmt":"2020-02-19T11:46:21","guid":{"rendered":"https:\/\/revertia.com\/?page_id=7314"},"modified":"2020-05-08T19:37:59","modified_gmt":"2020-05-08T17:37:59","slug":"declaracion-de-cookies","status":"publish","type":"page","link":"https:\/\/revertia.com\/es\/declaracion-de-cookies\/","title":{"rendered":"Declaraci\u00f3n de cookies"},"content":{"rendered":"<p><\/p>\n<h3 id=\"sobre-la-politica-de-privacidad\">Sobre la pol\u00edtica de privacidad<\/h3>\n<div>Las cookies de este sitio web se usan para personalizar el contenido y los anuncios, ofrecer funciones de redes sociales y analizar el tr\u00e1fico. Adem\u00e1s, compartimos informaci\u00f3n sobre el uso que haga del sitio web con nuestros partners de redes sociales, publicidad y an\u00e1lisis web, quienes pueden combinarla con otra informaci\u00f3n que les haya proporcionado o que hayan recopilado a partir del uso que haya hecho de sus servicios.<\/div>\n<div>Tu consentimiento aplica a los siguientes dominios: revertia.com<\/div>\n<h3 id=\"que-son-las-cookies\">\u00bfQu\u00e9 son las cookies?<\/h3>\n<div>\n<p>Las cookies son peque\u00f1os archivos de texto que las p\u00e1ginas web pueden utilizar para hacer m\u00e1s eficiente la experiencia del usuario. La ley afirma que podemos almacenar cookies en su dispositivo si son estrictamente necesarias para el funcionamiento de esta p\u00e1gina. Para todos los dem\u00e1s tipos de cookies necesitamos su permiso. En cualquier momento puede cambiar o retirar su consentimiento desde la Declaraci\u00f3n de cookies en nuestro sitio web. Obtenga m\u00e1s informaci\u00f3n sobre qui\u00e9nes somos, c\u00f3mo puede contactarnos y c\u00f3mo procesamos los datos personales en nuestra Pol\u00edtica de privacidad. Al contactarnos respecto a su consentimiento, por favor, indique el ID y la fecha de su consentimiento.<\/p>\n<\/div>\n<h3 id=\"como-usamos-las-cookies\">\u00bfC\u00f3mo usamos las cookies?<\/h3>\n<div>\n<p>Esta p\u00e1gina utiliza tipos diferentes de cookies. Algunas cookies son colocadas por servicios de terceros que aparecen en nuestras p\u00e1ginas.<\/p>\n<\/div>\n<h3 id=\"que-tipos-de-cookies-usamos\">\u00bfQu\u00e9 tipos de cookies usamos?<\/h3>\n<div>\n<p><strong>Necesarias<\/strong>: Las cookies necesarias ayudan a hacer una p\u00e1gina web utilizable activando funciones b\u00e1sicas como la navegaci\u00f3n en la p\u00e1gina y el acceso a \u00e1reas seguras de la p\u00e1gina web. La p\u00e1gina web no puede funcionar adecuadamente sin estas cookies.<\/p>\n<p><strong>Preferencias<\/strong>: Las cookies de preferencias permiten a la p\u00e1gina web recordar informaci\u00f3n que cambia la forma en que la p\u00e1gina se comporta o el aspecto que tiene, como su idioma preferido o la regi\u00f3n en la que usted se encuentra.<\/p>\n<p><strong>Estad\u00edsticas<\/strong>: Las cookies estad\u00edsticas ayudan a los propietarios de p\u00e1ginas web a comprender c\u00f3mo interact\u00faan los visitantes con las p\u00e1ginas web reuniendo y proporcionando informaci\u00f3n de forma an\u00f3nima.<\/p>\n<p><strong>Marketing<\/strong>: Las cookies de marketing se utilizan para rastrear a los visitantes en las p\u00e1ginas web. La intenci\u00f3n es mostrar anuncios relevantes y atractivos para el usuario individual, y por lo tanto, m\u00e1s valiosos para los editores y terceros anunciantes.<\/p>\n<p><strong>No clasificadas<\/strong>: Las cookies no clasificadas son cookies para las que todav\u00eda estamos en proceso de clasificar, junto con los proveedores de cookies individuales.<\/p>\n<p>Listado de cookies en nuestro portal:<\/p>\n<\/div>\n<table class=\"cookielawinfo-row-cat-table cookielawinfo-classic\"><thead><tr><th class=\"cookielawinfo-column-1\">Cookie<\/th><th class=\"cookielawinfo-column-4\">Descripci\u00f3n<\/th><\/tr><\/thead><tbody><tr class=\"cookielawinfo-row\"><td class=\"cookielawinfo-column-1\">__qca<\/td><td class=\"cookielawinfo-column-4\">Recopila datos relacionados con las visitas del usuario al sitio web, como el n\u00famero de visitas, el tiempo medio pasado en el sitio web y qu\u00e9 p\u00e1ginas han sido cargadas, con el prop\u00f3sito de generar informes para optimizar el contenido del sitio web.<\/td><\/tr><tr class=\"cookielawinfo-row\"><td class=\"cookielawinfo-column-1\">_ga<\/td><td class=\"cookielawinfo-column-4\">Esta cookie es instalada por Google Analytics.\u00a0La cookie se utiliza para calcular los datos de visitantes, sesiones, campa\u00f1as y realizar un seguimiento del uso del sitio para el informe anal\u00edtico del sitio.\u00a0Las cookies almacenan informaci\u00f3n de forma an\u00f3nima y asignan un n\u00famero generado aleatoriamente para identificar visitantes \u00fanicos.<\/td><\/tr><tr class=\"cookielawinfo-row\"><td class=\"cookielawinfo-column-1\">_gat<\/td><td class=\"cookielawinfo-column-4\">Google Universal Analytics instala estas cookies para reducir la velocidad de solicitud y limitar la recopilaci\u00f3n de datos en sitios de alto tr\u00e1fico.<\/td><\/tr><tr class=\"cookielawinfo-row\"><td class=\"cookielawinfo-column-1\">_gid<\/td><td class=\"cookielawinfo-column-4\">Esta cookie es instalada por Google Analytics.\u00a0La cookie se utiliza para almacenar informaci\u00f3n sobre c\u00f3mo los visitantes usan un sitio web y ayuda a crear un informe anal\u00edtico de c\u00f3mo funciona el sitio web.\u00a0Los datos recopilados, incluidos el n\u00famero de visitantes, la fuente de donde provienen y las p\u00e1ginas, aparecieron de forma an\u00f3nima.<\/td><\/tr><tr class=\"cookielawinfo-row\"><td class=\"cookielawinfo-column-1\">ARRAffinity<\/td><td class=\"cookielawinfo-column-4\">Utilizada para distribuir el tr\u00e1fico al sitio web en varios servidores para optimizar los tiempos de respuesta.<\/td><\/tr><tr class=\"cookielawinfo-row\"><td class=\"cookielawinfo-column-1\">bcookie<\/td><td class=\"cookielawinfo-column-4\">Utilizada por el servicio de networking social LinkedIn para rastrear el uso de servicios incrustados.<\/td><\/tr><tr class=\"cookielawinfo-row\"><td class=\"cookielawinfo-column-1\">dextp<\/td><td class=\"cookielawinfo-column-4\">El administrador de audiencias configura esta cookie para determinar la hora y frecuencia de sincronizaci\u00f3n de datos del visitante. La sincronizaci\u00f3n de la cookie de datos sirve para sincronizar y reunir datos del visitante de diversos sitios web.<\/td><\/tr><tr class=\"cookielawinfo-row\"><td class=\"cookielawinfo-column-1\">flowplayerTestStorage<\/td><td class=\"cookielawinfo-column-4\">Esta cookie se utiliza para almacenar datos en el estado de Flowplayer del visitante, lo cual determina si el visitante puede acceder a contenidos multimedia en el sitio web.<\/td><\/tr><tr class=\"cookielawinfo-row\"><td class=\"cookielawinfo-column-1\">lang<\/td><td class=\"cookielawinfo-column-4\">Recuerda el idioma seleccionado por un usuario con el que visualizar una p\u00e1gina web<\/td><\/tr><tr class=\"cookielawinfo-row\"><td class=\"cookielawinfo-column-1\">NID<\/td><td class=\"cookielawinfo-column-4\">Esta cookie se utiliza para un perfil basado en el inter\u00e9s del usuario y muestra anuncios personalizados a los usuarios.<\/td><\/tr><tr class=\"cookielawinfo-row\"><td class=\"cookielawinfo-column-1\">pdomid<\/td><td class=\"cookielawinfo-column-4\">Registra que grupo de servidores est\u00e1 sirviendo al visitante. Esto se utiliza en relaci\u00f3n con el equilibrio de carga para optimizar la experiencia del usuario.<\/td><\/tr><tr class=\"cookielawinfo-row\"><td class=\"cookielawinfo-column-1\">qtrans_front_language<\/td><td class=\"cookielawinfo-column-4\">Esta cookie se configura mediante el complemento qTranslate de WordPress.\u00a0La cookie se usa para administrar el idioma preferido del visitante.<\/td><\/tr><tr class=\"cookielawinfo-row\"><td class=\"cookielawinfo-column-1\">sessionPageNumbers<\/td><td class=\"cookielawinfo-column-4\">Establece un identificador para la sesi\u00f3n. Esto permite a la web obtener datos del comportamiento del visitante con prop\u00f3sitos estad\u00edsticos.<\/td><\/tr><tr class=\"cookielawinfo-row\"><td class=\"cookielawinfo-column-1\">sessionStartTime<\/td><td class=\"cookielawinfo-column-4\">Esta cookie se utiliza para determinar la \u00faltima vez que el visitante visit\u00f3 las diferentes subp\u00e1ginas en el sitio web. La cookie tambi\u00e9n configura una marca de horario en el momento de iniciar la sesi\u00f3n.<\/td><\/tr><tr class=\"cookielawinfo-row\"><td class=\"cookielawinfo-column-1\">VISITOR_INFO1_LIVE<\/td><td class=\"cookielawinfo-column-4\">Intenta calcular el ancho de banda del usuario en p\u00e1ginas con v\u00eddeos de YouTube integrados.<\/td><\/tr><tr class=\"cookielawinfo-row\"><td class=\"cookielawinfo-column-1\">YSC<\/td><td class=\"cookielawinfo-column-4\">Registra una identificaci\u00f3n \u00fanica para mantener estad\u00edsticas de qu\u00e9 v\u00eddeos de YouTube ha visto el usuario.\"&gt;Registra una identificaci\u00f3n \u00fanica para mantener estad\u00edsticas de qu\u00e9 v\u00eddeos de YouTube ha visto el usuario.<\/td><\/tr><tr class=\"cookielawinfo-row\"><td class=\"cookielawinfo-column-1\">yt-remote-cast-installed<\/td><td class=\"cookielawinfo-column-4\">Registra las preferencias del reproductor de v\u00eddeo del usuario al ver v\u00eddeos incrustados de YouTube<\/td><\/tr><tr class=\"cookielawinfo-row\"><td class=\"cookielawinfo-column-1\">zc<\/td><td class=\"cookielawinfo-column-4\">Registra datos de visitantes de m\u00faltiples visitas y de m\u00faltiples webs. Esta informaci\u00f3n es utilizada para medir la eficiencia de la publicidad en las webs<\/td><\/tr><tr class=\"cookielawinfo-row\"><td class=\"cookielawinfo-column-1\">cookielawinfo-checkbox-non-necessary<\/td><td class=\"cookielawinfo-column-4\">Esta cookie est\u00e1 configurada por el complemento GDPR Cookie Consent.\u00a0Las cookies se utilizan para almacenar el consentimiento del usuario para las cookies en la categor\u00eda \u00abNo necesario\u00bb.<\/td><\/tr><\/tbody><\/table>\n<h3 id=\"como-controlar-las-cookies\">C\u00f3mo controlar las cookies<\/h3>\n<div>\n<p>Cuando visita un sitio web, este puede almacenar o recuperar informaci\u00f3n en su navegador, principalmente en forma de cookies. Esta informaci\u00f3n puede ser sobre usted, sus preferencias o su dispositivo y se utiliza principalmente para lograr que el sitio funcione como se espera. La informaci\u00f3n generalmente no lo identifica en forma directa, pero puede brindarle una experiencia web m\u00e1s personalizada. Como respetamos su privacidad, puede optar por excluir algunos tipos de cookies. Puede hacer clic en los diferentes encabezados de categor\u00eda para obtener m\u00e1s informaci\u00f3n y cambiar nuestra configuraci\u00f3n predeterminada. Sin embargo, si bloquea algunos tipos de cookies, su experiencia de uso en el sitio se puede ver afectada y tambi\u00e9n los servicios que podemos ofrecerle.<\/p>\n<p>Para m\u00e1s informaci\u00f3n sobre el manejo de cookies y su borrado, visita\u00a0<a href=\"https:\/\/es.wikipedia.org\/wiki\/Wikipedia:Portada\" target=\"_blank\" rel=\"noopener noreferrer\">wikipedia.org<\/a>,\u00a0<a href=\"https:\/\/www.allaboutcookies.org\/\" target=\"_blank\" rel=\"noopener noreferrer\">www.allaboutcookies.org<\/a>.<\/p>\n<\/div>\n<p><\/p>","protected":false},"excerpt":{"rendered":"<p>Sobre la pol\u00edtica de privacidad Las cookies de este sitio web se usan para personalizar el contenido y los anuncios, ofrecer funciones de redes sociales y analizar el tr\u00e1fico. Adem\u00e1s, compartimos informaci\u00f3n sobre el uso que haga del sitio web con nuestros partners de redes sociales, publicidad y an\u00e1lisis web, quienes pueden combinarla con otra [&hellip;]<\/p>\n","protected":false},"author":3,"featured_media":0,"parent":0,"menu_order":0,"comment_status":"closed","ping_status":"closed","template":"","meta":{"_acf_changed":false,"inline_featured_image":false,"footnotes":""},"acf":[],"yoast_head":"<!-- This site is optimized with the Yoast SEO plugin v22.8 - https:\/\/yoast.com\/wordpress\/plugins\/seo\/ -->\n<title>Declaraci\u00f3n de cookies - Revertia<\/title>\n<meta name=\"robots\" content=\"index, follow, max-snippet:-1, max-image-preview:large, max-video-preview:-1\" \/>\n<link rel=\"canonical\" href=\"https:\/\/revertia.com\/es\/declaracion-de-cookies\/\" \/>\n<meta property=\"og:locale\" content=\"es_ES\" \/>\n<meta property=\"og:type\" content=\"article\" \/>\n<meta property=\"og:title\" content=\"[:es]Declaraci\u00f3n de cookies[:en]Cookie statement[:pt]Declara\u00e7\u00e3o de cookie[:] - Revertia\" \/>\n<meta property=\"og:description\" content=\"Sobre la pol\u00edtica de privacidad Las cookies de este sitio web se usan para personalizar el contenido y los anuncios, ofrecer funciones de redes sociales y analizar el tr\u00e1fico. Adem\u00e1s, compartimos informaci\u00f3n sobre el uso que haga del sitio web con nuestros partners de redes sociales, publicidad y an\u00e1lisis web, quienes pueden combinarla con otra [&hellip;]\" \/>\n<meta property=\"og:url\" content=\"https:\/\/revertia.com\/es\/declaracion-de-cookies\/\" \/>\n<meta property=\"og:site_name\" content=\"Revertia\" \/>\n<meta property=\"article:publisher\" content=\"https:\/\/www.facebook.com\/revertiaresiduos\/\" \/>\n<meta property=\"article:modified_time\" content=\"2020-05-08T17:37:59+00:00\" \/>\n<meta name=\"twitter:card\" content=\"summary_large_image\" \/>\n<meta name=\"twitter:site\" content=\"@revertia\" \/>\n<meta name=\"twitter:label1\" content=\"Tiempo de lectura\" \/>\n\t<meta name=\"twitter:data1\" content=\"14 minutos\" \/>\n<script type=\"application\/ld+json\" class=\"yoast-schema-graph\">{\"@context\":\"https:\/\/schema.org\",\"@graph\":[{\"@type\":\"WebPage\",\"@id\":\"https:\/\/revertia.com\/es\/declaracion-de-cookies\/\",\"url\":\"https:\/\/revertia.com\/es\/declaracion-de-cookies\/\",\"name\":\"[:es]Declaraci\u00f3n de cookies[:en]Cookie statement[:pt]Declara\u00e7\u00e3o de cookie[:] - Revertia\",\"isPartOf\":{\"@id\":\"https:\/\/revertia.com\/es\/#website\"},\"datePublished\":\"2020-02-19T11:46:21+00:00\",\"dateModified\":\"2020-05-08T17:37:59+00:00\",\"breadcrumb\":{\"@id\":\"https:\/\/revertia.com\/es\/declaracion-de-cookies\/#breadcrumb\"},\"inLanguage\":\"es\",\"potentialAction\":[{\"@type\":\"ReadAction\",\"target\":[\"https:\/\/revertia.com\/es\/declaracion-de-cookies\/\"]}]},{\"@type\":\"BreadcrumbList\",\"@id\":\"https:\/\/revertia.com\/es\/declaracion-de-cookies\/#breadcrumb\",\"itemListElement\":[{\"@type\":\"ListItem\",\"position\":1,\"name\":\"Portada\",\"item\":\"https:\/\/revertia.com\/\"},{\"@type\":\"ListItem\",\"position\":2,\"name\":\"Declaraci\u00f3n de cookies\"}]},{\"@type\":\"WebSite\",\"@id\":\"https:\/\/revertia.com\/es\/#website\",\"url\":\"https:\/\/revertia.com\/es\/\",\"name\":\"Revertia\",\"description\":\"\",\"publisher\":{\"@id\":\"https:\/\/revertia.com\/es\/#organization\"},\"potentialAction\":[{\"@type\":\"SearchAction\",\"target\":{\"@type\":\"EntryPoint\",\"urlTemplate\":\"https:\/\/revertia.com\/es\/?s={search_term_string}\"},\"query-input\":\"required name=search_term_string\"}],\"inLanguage\":\"es\"},{\"@type\":\"Organization\",\"@id\":\"https:\/\/revertia.com\/es\/#organization\",\"name\":\"Revertia\",\"url\":\"https:\/\/revertia.com\/es\/\",\"logo\":{\"@type\":\"ImageObject\",\"inLanguage\":\"es\",\"@id\":\"https:\/\/revertia.com\/es\/#\/schema\/logo\/image\/\",\"url\":\"https:\/\/revertia.com\/wp-content\/uploads\/2018\/08\/logo-revertia.png\",\"contentUrl\":\"https:\/\/revertia.com\/wp-content\/uploads\/2018\/08\/logo-revertia.png\",\"width\":199,\"height\":38,\"caption\":\"Revertia\"},\"image\":{\"@id\":\"https:\/\/revertia.com\/es\/#\/schema\/logo\/image\/\"},\"sameAs\":[\"https:\/\/www.facebook.com\/revertiaresiduos\/\",\"https:\/\/x.com\/revertia\",\"https:\/\/www.linkedin.com\/company\/revertia\",\"https:\/\/www.youtube.com\/user\/revertia\"]}]}<\/script>\n<!-- \/ Yoast SEO plugin. -->","yoast_head_json":{"title":"[:es]Declaraci\u00f3n de cookies[:en]Cookie statement[:pt]Declara\u00e7\u00e3o de cookie[:] - Revertia","robots":{"index":"index","follow":"follow","max-snippet":"max-snippet:-1","max-image-preview":"max-image-preview:large","max-video-preview":"max-video-preview:-1"},"canonical":"https:\/\/revertia.com\/es\/declaracion-de-cookies\/","og_locale":"es_ES","og_type":"article","og_title":"[:es]Declaraci\u00f3n de cookies[:en]Cookie statement[:pt]Declara\u00e7\u00e3o de cookie[:] - Revertia","og_description":"Sobre la pol\u00edtica de privacidad Las cookies de este sitio web se usan para personalizar el contenido y los anuncios, ofrecer funciones de redes sociales y analizar el tr\u00e1fico. Adem\u00e1s, compartimos informaci\u00f3n sobre el uso que haga del sitio web con nuestros partners de redes sociales, publicidad y an\u00e1lisis web, quienes pueden combinarla con otra [&hellip;]","og_url":"https:\/\/revertia.com\/es\/declaracion-de-cookies\/","og_site_name":"Revertia","article_publisher":"https:\/\/www.facebook.com\/revertiaresiduos\/","article_modified_time":"2020-05-08T17:37:59+00:00","twitter_card":"summary_large_image","twitter_site":"@revertia","twitter_misc":{"Tiempo de lectura":"14 minutos"},"schema":{"@context":"https:\/\/schema.org","@graph":[{"@type":"WebPage","@id":"https:\/\/revertia.com\/es\/declaracion-de-cookies\/","url":"https:\/\/revertia.com\/es\/declaracion-de-cookies\/","name":"[:es]Declaraci\u00f3n de cookies[:en]Cookie statement[:pt]Declara\u00e7\u00e3o de cookie[:] - Revertia","isPartOf":{"@id":"https:\/\/revertia.com\/es\/#website"},"datePublished":"2020-02-19T11:46:21+00:00","dateModified":"2020-05-08T17:37:59+00:00","breadcrumb":{"@id":"https:\/\/revertia.com\/es\/declaracion-de-cookies\/#breadcrumb"},"inLanguage":"es","potentialAction":[{"@type":"ReadAction","target":["https:\/\/revertia.com\/es\/declaracion-de-cookies\/"]}]},{"@type":"BreadcrumbList","@id":"https:\/\/revertia.com\/es\/declaracion-de-cookies\/#breadcrumb","itemListElement":[{"@type":"ListItem","position":1,"name":"Portada","item":"https:\/\/revertia.com\/"},{"@type":"ListItem","position":2,"name":"Declaraci\u00f3n de cookies"}]},{"@type":"WebSite","@id":"https:\/\/revertia.com\/es\/#website","url":"https:\/\/revertia.com\/es\/","name":"Revertia","description":"","publisher":{"@id":"https:\/\/revertia.com\/es\/#organization"},"potentialAction":[{"@type":"SearchAction","target":{"@type":"EntryPoint","urlTemplate":"https:\/\/revertia.com\/es\/?s={search_term_string}"},"query-input":"required name=search_term_string"}],"inLanguage":"es"},{"@type":"Organization","@id":"https:\/\/revertia.com\/es\/#organization","name":"Revertia","url":"https:\/\/revertia.com\/es\/","logo":{"@type":"ImageObject","inLanguage":"es","@id":"https:\/\/revertia.com\/es\/#\/schema\/logo\/image\/","url":"https:\/\/revertia.com\/wp-content\/uploads\/2018\/08\/logo-revertia.png","contentUrl":"https:\/\/revertia.com\/wp-content\/uploads\/2018\/08\/logo-revertia.png","width":199,"height":38,"caption":"Revertia"},"image":{"@id":"https:\/\/revertia.com\/es\/#\/schema\/logo\/image\/"},"sameAs":["https:\/\/www.facebook.com\/revertiaresiduos\/","https:\/\/x.com\/revertia","https:\/\/www.linkedin.com\/company\/revertia","https:\/\/www.youtube.com\/user\/revertia"]}]}},"_links":{"self":[{"href":"https:\/\/revertia.com\/es\/wp-json\/wp\/v2\/pages\/7314"}],"collection":[{"href":"https:\/\/revertia.com\/es\/wp-json\/wp\/v2\/pages"}],"about":[{"href":"https:\/\/revertia.com\/es\/wp-json\/wp\/v2\/types\/page"}],"author":[{"embeddable":true,"href":"https:\/\/revertia.com\/es\/wp-json\/wp\/v2\/users\/3"}],"replies":[{"embeddable":true,"href":"https:\/\/revertia.com\/es\/wp-json\/wp\/v2\/comments?post=7314"}],"version-history":[{"count":13,"href":"https:\/\/revertia.com\/es\/wp-json\/wp\/v2\/pages\/7314\/revisions"}],"predecessor-version":[{"id":29223,"href":"https:\/\/revertia.com\/es\/wp-json\/wp\/v2\/pages\/7314\/revisions\/29223"}],"wp:attachment":[{"href":"https:\/\/revertia.com\/es\/wp-json\/wp\/v2\/media?parent=7314"}],"curies":[{"name":"wp","href":"https:\/\/api.w.org\/{rel}","templated":true}]}}