{"id":50997,"date":"2025-06-10T12:45:36","date_gmt":"2025-06-10T10:45:36","guid":{"rendered":"https:\/\/revertia.com\/?page_id=50997"},"modified":"2025-06-16T09:38:20","modified_gmt":"2025-06-16T07:38:20","slug":"digitalizacion-sostenible","status":"publish","type":"page","link":"https:\/\/revertia.com\/es\/digitalizacion-sostenible\/","title":{"rendered":"Digitalizaci\u00f3n Sostenible"},"content":{"rendered":"<p>[vc_row full_width=\u00bbstretch_row\u00bb equal_height=\u00bbyes\u00bb css=\u00bb.vc_custom_1749551203573{margin-top: -80px !important;padding-top: 50px !important;padding-bottom: 50px !important;background-image: url(https:\/\/revertia.com\/wp-content\/uploads\/2025\/06\/proyecto_digitalizacion_sostenible.jpg?id=51000) !important;background-position: center !important;background-repeat: no-repeat !important;background-size: cover !important;}\u00bb][vc_column css=\u00bb.vc_custom_1749551068025{margin-top: 50px !important;margin-bottom: 50px !important;padding-top: 50px !important;padding-right: 100px !important;padding-bottom: 50px !important;padding-left: 100px !important;background-color: #3a3a3a !important;background-position: center !important;background-repeat: no-repeat !important;background-size: contain !important;}\u00bb][vc_single_image image=\u00bb51002&#8243; img_size=\u00bb200&#215;100&#8243; alignment=\u00bbcenter\u00bb][vc_custom_heading text=\u00bbDigitalizaci\u00f3n Sostenible\u00bb font_container=\u00bbtag:h4|font_size:40|text_align:center|color:%23ffffff\u00bb google_fonts=\u00bbfont_family:Oswald%3A300%2Cregular%2C700|font_style:300%20light%20regular%3A300%3Anormal\u00bb css_animation=\u00bbfadeIn\u00bb css=\u00bb.vc_custom_1749550999919{background-position: center !important;background-repeat: no-repeat !important;background-size: cover !important;}\u00bb][vc_custom_heading text=\u00bbJuntos reducimos la brecha digital\u00bb font_container=\u00bbtag:p|font_size:24|text_align:center|color:%23ffffff\u00bb use_theme_fonts=\u00bbyes\u00bb css_animation=\u00bbfadeIn\u00bb css=\u00bb.vc_custom_1749551033809{background-position: center !important;background-repeat: no-repeat !important;background-size: cover !important;}\u00bb][\/vc_column][\/vc_row][vc_row full_width=\u00bbstretch_row\u00bb equal_height=\u00bbyes\u00bb css=\u00bb.vc_custom_1685088170793{padding-top: 50px !important;padding-bottom: 50px !important;background-color: #ededed !important;background-position: center !important;background-repeat: no-repeat !important;background-size: contain !important;}\u00bb][vc_column width=\u00bb1\/3&#8243;][vc_single_image image=\u00bb51007&#8243; img_size=\u00bb100&#215;116&#8243; alignment=\u00bbcenter\u00bb][vc_custom_heading text=\u00bb5\u00aa Edici\u00f3n<br \/>\nA\u00f1o 2025&#8243; font_container=\u00bbtag:h4|font_size:35|text_align:center|color:%235e5e5e\u00bb google_fonts=\u00bbfont_family:Oswald%3A300%2Cregular%2C700|font_style:300%20light%20regular%3A300%3Anormal\u00bb css_animation=\u00bbfadeIn\u00bb css=\u00bb.vc_custom_1749551840706{background-position: center !important;background-repeat: no-repeat !important;background-size: cover !important;}\u00bb][vc_empty_space height=\u00bb20&#8243;][\/vc_column][vc_column width=\u00bb2\/3&#8243;][vc_column_text]<\/p>\n<div class=\"page\" title=\"Page 5\">\n<div class=\"section\">\n<div class=\"layoutArea\">\n<div class=\"column\">\n<p class=\"p1\">Continuamos participando en esta iniciativa solidaria impulsada por la CEOE y los Sistemas Colectivos de Responsabilidad Ampliada del Productor (SCRAP) que tiene como objetivo, a trav\u00e9s de la correcta gesti\u00f3n de los residuos inform\u00e1ticos y tecnol\u00f3gicos, coordinar iniciativas solidarias para contribuir a reducir la brecha digital y fomentar el acceso universal a la tecnolog\u00eda.<\/p>\n<\/div>\n<\/div>\n<\/div>\n<\/div>\n<p>[\/vc_column_text][vc_column_text css=\u00bb.vc_custom_1749552056279{padding-top: 20px !important;padding-right: 20px !important;padding-bottom: 20px !important;padding-left: 20px !important;background-color: #d8d8d8 !important;background-position: center !important;background-repeat: no-repeat !important;background-size: cover !important;}\u00bb]<\/p>\n<div class=\"page\" title=\"Page 5\">\n<div class=\"section\">\n<div class=\"layoutArea\">\n<div class=\"column\"><\/div>\n<div class=\"page\" title=\"Page 11\">\n<div class=\"section\">\n<div class=\"layoutArea\">\n<div class=\"column\">\n<p>Nuestro papel en esta iniciativa es llevar a cabo los procesos de reutilizaci\u00f3n para dar una nueva vida a estos residuos y donarlos a diferentes entidades sociales.<\/p>\n<\/div>\n<\/div>\n<\/div>\n<\/div>\n<\/div>\n<\/div>\n<\/div>\n<p>[\/vc_column_text][vc_column_text css=\u00bb.vc_custom_1749552069226{margin-top: -25px !important;padding-top: 20px !important;padding-right: 20px !important;padding-bottom: 20px !important;padding-left: 20px !important;background-color: #d8d8d8 !important;background-position: center !important;background-repeat: no-repeat !important;background-size: cover !important;}\u00bb]<\/p>\n<div class=\"page\" title=\"Page 5\">\n<div class=\"section\">\n<div class=\"layoutArea\">\n<div class=\"column\"><\/div>\n<div class=\"page\" title=\"Page 11\">\n<div class=\"section\">\n<div class=\"layoutArea\">\n<div class=\"column\">\n<p>Nos ocupamos de reacondicionar y enviar los equipos, previamente donados, a las entidades receptoras.<\/p>\n<\/div>\n<\/div>\n<\/div>\n<\/div>\n<\/div>\n<\/div>\n<\/div>\n<p>[\/vc_column_text][\/vc_column][\/vc_row][vc_row full_width=\u00bbstretch_row\u00bb equal_height=\u00bbyes\u00bb css=\u00bb.vc_custom_1684798436693{margin-top: -150px !important;padding-top: 50px !important;padding-bottom: 50px !important;background-position: center !important;background-repeat: no-repeat !important;background-size: contain !important;}\u00bb][vc_column css=\u00bb.vc_custom_1678970737766{background-position: center !important;background-repeat: no-repeat !important;background-size: contain !important;}\u00bb][vc_icon icon_fontawesome=\u00bbfa fa-angle-double-down\u00bb color=\u00bbcustom\u00bb background_style=\u00bbrounded\u00bb size=\u00bbxl\u00bb align=\u00bbcenter\u00bb custom_color=\u00bb#282828&#8243;][vc_empty_space height=\u00bb50&#8243;][vc_row_inner equal_height=\u00bbyes\u00bb][vc_column_inner width=\u00bb1\/2&#8243;][vc_empty_space height=\u00bb50&#8243;][vc_custom_heading text=\u00bb<strong>Grandes resultados globales: <\/strong>\u00bb font_container=\u00bbtag:h4|font_size:24|text_align:left|color:%23282828&#8243; use_theme_fonts=\u00bbyes\u00bb css_animation=\u00bbfadeIn\u00bb css=\u00bb.vc_custom_1749565544182{background-position: center !important;background-repeat: no-repeat !important;background-size: cover !important;}\u00bb][vc_custom_heading text=\u00bbGracias a las donaciones de m\u00e1s de 130 empresas y aut\u00f3nomos, ya son 20.300 el n\u00famero de equipos recuperados y entregados y m\u00e1s de 34.720 personas beneficiadas.\u00bb font_container=\u00bbtag:h4|font_size:24|text_align:left|color:%23282828&#8243; google_fonts=\u00bbfont_family:Oswald%3A300%2Cregular%2C700|font_style:300%20light%20regular%3A300%3Anormal\u00bb css_animation=\u00bbfadeIn\u00bb css=\u00bb.vc_custom_1749565379933{background-position: center !important;background-repeat: no-repeat !important;background-size: cover !important;}\u00bb][vc_empty_space height=\u00bb50&#8243;][vc_column_text]<\/p>\n<div style=\"width: 640px;\" class=\"wp-video\"><!--[if lt IE 9]><script>document.createElement('video');<\/script><![endif]-->\n<video class=\"wp-video-shortcode\" id=\"video-50997-1\" width=\"640\" height=\"360\" preload=\"metadata\" controls=\"controls\"><source type=\"video\/mp4\" src=\"https:\/\/digitalysostenible.com\/assets\/img\/video\/DIGITALIZACIIONSOSTENIBLE_v5.mp4?_=1\" \/><a href=\"https:\/\/digitalysostenible.com\/assets\/img\/video\/DIGITALIZACIIONSOSTENIBLE_v5.mp4\">https:\/\/digitalysostenible.com\/assets\/img\/video\/DIGITALIZACIIONSOSTENIBLE_v5.mp4<\/a><\/video><\/div>\n<p>[\/vc_column_text][\/vc_column_inner][vc_column_inner width=\u00bb1\/2&#8243;][vc_empty_space height=\u00bb50&#8243;][vc_custom_heading text=\u00bb<strong>Alcance y crecimiento del papel de Revertia: <\/strong>\u00bb font_container=\u00bbtag:h4|font_size:24|text_align:left|color:%23282828&#8243; use_theme_fonts=\u00bbyes\u00bb css_animation=\u00bbfadeIn\u00bb css=\u00bb.vc_custom_1749565584144{background-position: center !important;background-repeat: no-repeat !important;background-size: cover !important;}\u00bb][vc_custom_heading text=\u00bbEstos son los resultados obtenidos en el a\u00f1o 2023 y 2024.\u00bb font_container=\u00bbtag:h4|font_size:24|text_align:left|color:%23282828&#8243; google_fonts=\u00bbfont_family:Oswald%3A300%2Cregular%2C700|font_style:300%20light%20regular%3A300%3Anormal\u00bb css_animation=\u00bbfadeIn\u00bb css=\u00bb.vc_custom_1750059498906{background-position: center !important;background-repeat: no-repeat !important;background-size: cover !important;}\u00bb][vc_line_chart style=\u00bbcustom\u00bb x_values=\u00bbPC\u00b4s; Port\u00e1tiles;\u00bb values=\u00bb%5B%7B%22title%22%3A%222023%22%2C%22y_values%22%3A%2233%3B89%22%2C%22color%22%3A%22grey%22%2C%22custom_color%22%3A%22%23bfbfbf%22%7D%2C%7B%22title%22%3A%222024%22%2C%22y_values%22%3A%221670%3B%20725%22%2C%22color%22%3A%22pink%22%2C%22custom_color%22%3A%22%23a6ce40%22%7D%5D\u00bb][\/vc_column_inner][\/vc_row_inner][\/vc_column][\/vc_row][vc_row full_width=\u00bbstretch_row\u00bb equal_height=\u00bbyes\u00bb css=\u00bb.vc_custom_1686045052088{margin-top: -50px !important;padding-top: 50px !important;padding-bottom: 50px !important;background-position: center !important;background-repeat: no-repeat !important;background-size: cover !important;}\u00bb][vc_column css=\u00bb.vc_custom_1678970737766{background-position: center !important;background-repeat: no-repeat !important;background-size: contain !important;}\u00bb][vc_custom_heading text=\u00bbNOTICIAS RELACIONADAS\u00bb font_container=\u00bbtag:h4|font_size:35|text_align:center|color:%23282828&#8243; google_fonts=\u00bbfont_family:Oswald%3A300%2Cregular%2C700|font_style:300%20light%20regular%3A300%3Anormal\u00bb css_animation=\u00bbfadeIn\u00bb css=\u00bb.vc_custom_1708598398916{background-position: center !important;background-repeat: no-repeat !important;background-size: cover !important;}\u00bb][vc_empty_space height=\u00bb50&#8243;][vc_basic_grid post_type=\u00bbpost\u00bb max_items=\u00bb8&#8243; item=\u00bb7266&#8243; grid_id=\u00bbvc_gid:1750059424855-04b96d74-4301-1&#8243; taxonomies=\u00bb59&#8243;][\/vc_column][\/vc_row]<\/p>","protected":false},"excerpt":{"rendered":"<p>[vc_row full_width=\u00bbstretch_row\u00bb equal_height=\u00bbyes\u00bb css=\u00bb.vc_custom_1749551203573{margin-top: -80px !important;padding-top: 50px !important;padding-bottom: 50px !important;background-image: url(https:\/\/revertia.com\/wp-content\/uploads\/2025\/06\/proyecto_digitalizacion_sostenible.jpg?id=51000) !important;background-position: center !important;background-repeat: no-repeat !important;background-size: cover !important;}\u00bb][vc_column css=\u00bb.vc_custom_1749551068025{margin-top: 50px !important;margin-bottom: 50px !important;padding-top: 50px !important;padding-right: 100px !important;padding-bottom: 50px !important;padding-left: 100px !important;background-color: #3a3a3a !important;background-position: center !important;background-repeat: no-repeat !important;background-size: contain !important;}\u00bb][vc_single_image image=\u00bb51002&#8243; img_size=\u00bb200&#215;100&#8243; alignment=\u00bbcenter\u00bb][vc_custom_heading text=\u00bbDigitalizaci\u00f3n Sostenible\u00bb font_container=\u00bbtag:h4|font_size:40|text_align:center|color:%23ffffff\u00bb google_fonts=\u00bbfont_family:Oswald%3A300%2Cregular%2C700|font_style:300%20light%20regular%3A300%3Anormal\u00bb css_animation=\u00bbfadeIn\u00bb css=\u00bb.vc_custom_1749550999919{background-position: center !important;background-repeat: no-repeat !important;background-size: cover !important;}\u00bb][vc_custom_heading text=\u00bbJuntos [&hellip;]<\/p>\n","protected":false},"author":10,"featured_media":0,"parent":0,"menu_order":0,"comment_status":"closed","ping_status":"closed","template":"","meta":{"_acf_changed":false,"inline_featured_image":false,"footnotes":""},"acf":[],"yoast_head":"<!-- This site is optimized with the Yoast SEO plugin v22.8 - https:\/\/yoast.com\/wordpress\/plugins\/seo\/ -->\n<title>Digitalizaci\u00f3n Sostenible - Revertia<\/title>\n<meta name=\"description\" content=\"Iniciativa solidaria impulsada por la CEOE y los Sistemas Colectivos de Responsabilidad Ampliada del Productor (SCRAP)\" \/>\n<meta name=\"robots\" content=\"index, follow, max-snippet:-1, max-image-preview:large, max-video-preview:-1\" \/>\n<link rel=\"canonical\" href=\"https:\/\/revertia.com\/digitalizacion-sostenible\/\" \/>\n<meta property=\"og:locale\" content=\"es_ES\" \/>\n<meta property=\"og:type\" content=\"article\" \/>\n<meta property=\"og:title\" content=\"[:es]Digitalizaci\u00f3n Sostenible[:] - Revertia\" \/>\n<meta property=\"og:description\" content=\"Iniciativa solidaria impulsada por la CEOE y los Sistemas Colectivos de Responsabilidad Ampliada del Productor (SCRAP)\" \/>\n<meta property=\"og:url\" content=\"https:\/\/revertia.com\/digitalizacion-sostenible\/\" \/>\n<meta property=\"og:site_name\" content=\"Revertia\" \/>\n<meta property=\"article:publisher\" content=\"https:\/\/www.facebook.com\/revertiaresiduos\/\" \/>\n<meta property=\"article:modified_time\" content=\"2025-06-16T07:38:20+00:00\" \/>\n<meta name=\"twitter:card\" content=\"summary_large_image\" \/>\n<meta name=\"twitter:site\" content=\"@revertia\" \/>\n<meta name=\"twitter:label1\" content=\"Tiempo de lectura\" \/>\n\t<meta name=\"twitter:data1\" content=\"2 minutos\" \/>\n<script type=\"application\/ld+json\" class=\"yoast-schema-graph\">{\"@context\":\"https:\/\/schema.org\",\"@graph\":[{\"@type\":\"WebPage\",\"@id\":\"https:\/\/revertia.com\/digitalizacion-sostenible\/\",\"url\":\"https:\/\/revertia.com\/digitalizacion-sostenible\/\",\"name\":\"[:es]Digitalizaci\u00f3n Sostenible[:] - Revertia\",\"isPartOf\":{\"@id\":\"https:\/\/revertia.com\/es\/#website\"},\"datePublished\":\"2025-06-10T10:45:36+00:00\",\"dateModified\":\"2025-06-16T07:38:20+00:00\",\"description\":\"Iniciativa solidaria impulsada por la CEOE y los Sistemas Colectivos de Responsabilidad Ampliada del Productor (SCRAP)\",\"breadcrumb\":{\"@id\":\"https:\/\/revertia.com\/digitalizacion-sostenible\/#breadcrumb\"},\"inLanguage\":\"es\",\"potentialAction\":[{\"@type\":\"ReadAction\",\"target\":[\"https:\/\/revertia.com\/digitalizacion-sostenible\/\"]}]},{\"@type\":\"BreadcrumbList\",\"@id\":\"https:\/\/revertia.com\/digitalizacion-sostenible\/#breadcrumb\",\"itemListElement\":[{\"@type\":\"ListItem\",\"position\":1,\"name\":\"Portada\",\"item\":\"https:\/\/revertia.com\/\"},{\"@type\":\"ListItem\",\"position\":2,\"name\":\"Digitalizaci\u00f3n Sostenible\"}]},{\"@type\":\"WebSite\",\"@id\":\"https:\/\/revertia.com\/es\/#website\",\"url\":\"https:\/\/revertia.com\/es\/\",\"name\":\"Revertia\",\"description\":\"\",\"publisher\":{\"@id\":\"https:\/\/revertia.com\/es\/#organization\"},\"potentialAction\":[{\"@type\":\"SearchAction\",\"target\":{\"@type\":\"EntryPoint\",\"urlTemplate\":\"https:\/\/revertia.com\/es\/?s={search_term_string}\"},\"query-input\":\"required name=search_term_string\"}],\"inLanguage\":\"es\"},{\"@type\":\"Organization\",\"@id\":\"https:\/\/revertia.com\/es\/#organization\",\"name\":\"Revertia\",\"url\":\"https:\/\/revertia.com\/es\/\",\"logo\":{\"@type\":\"ImageObject\",\"inLanguage\":\"es\",\"@id\":\"https:\/\/revertia.com\/es\/#\/schema\/logo\/image\/\",\"url\":\"https:\/\/revertia.com\/wp-content\/uploads\/2018\/08\/logo-revertia.png\",\"contentUrl\":\"https:\/\/revertia.com\/wp-content\/uploads\/2018\/08\/logo-revertia.png\",\"width\":199,\"height\":38,\"caption\":\"Revertia\"},\"image\":{\"@id\":\"https:\/\/revertia.com\/es\/#\/schema\/logo\/image\/\"},\"sameAs\":[\"https:\/\/www.facebook.com\/revertiaresiduos\/\",\"https:\/\/x.com\/revertia\",\"https:\/\/www.linkedin.com\/company\/revertia\",\"https:\/\/www.youtube.com\/user\/revertia\"]}]}<\/script>\n<!-- \/ Yoast SEO plugin. -->","yoast_head_json":{"title":"[:es]Digitalizaci\u00f3n Sostenible[:] - Revertia","description":"Iniciativa solidaria impulsada por la CEOE y los Sistemas Colectivos de Responsabilidad Ampliada del Productor (SCRAP)","robots":{"index":"index","follow":"follow","max-snippet":"max-snippet:-1","max-image-preview":"max-image-preview:large","max-video-preview":"max-video-preview:-1"},"canonical":"https:\/\/revertia.com\/digitalizacion-sostenible\/","og_locale":"es_ES","og_type":"article","og_title":"[:es]Digitalizaci\u00f3n Sostenible[:] - Revertia","og_description":"Iniciativa solidaria impulsada por la CEOE y los Sistemas Colectivos de Responsabilidad Ampliada del Productor (SCRAP)","og_url":"https:\/\/revertia.com\/digitalizacion-sostenible\/","og_site_name":"Revertia","article_publisher":"https:\/\/www.facebook.com\/revertiaresiduos\/","article_modified_time":"2025-06-16T07:38:20+00:00","twitter_card":"summary_large_image","twitter_site":"@revertia","twitter_misc":{"Tiempo de lectura":"2 minutos"},"schema":{"@context":"https:\/\/schema.org","@graph":[{"@type":"WebPage","@id":"https:\/\/revertia.com\/digitalizacion-sostenible\/","url":"https:\/\/revertia.com\/digitalizacion-sostenible\/","name":"[:es]Digitalizaci\u00f3n Sostenible[:] - Revertia","isPartOf":{"@id":"https:\/\/revertia.com\/es\/#website"},"datePublished":"2025-06-10T10:45:36+00:00","dateModified":"2025-06-16T07:38:20+00:00","description":"Iniciativa solidaria impulsada por la CEOE y los Sistemas Colectivos de Responsabilidad Ampliada del Productor (SCRAP)","breadcrumb":{"@id":"https:\/\/revertia.com\/digitalizacion-sostenible\/#breadcrumb"},"inLanguage":"es","potentialAction":[{"@type":"ReadAction","target":["https:\/\/revertia.com\/digitalizacion-sostenible\/"]}]},{"@type":"BreadcrumbList","@id":"https:\/\/revertia.com\/digitalizacion-sostenible\/#breadcrumb","itemListElement":[{"@type":"ListItem","position":1,"name":"Portada","item":"https:\/\/revertia.com\/"},{"@type":"ListItem","position":2,"name":"Digitalizaci\u00f3n Sostenible"}]},{"@type":"WebSite","@id":"https:\/\/revertia.com\/es\/#website","url":"https:\/\/revertia.com\/es\/","name":"Revertia","description":"","publisher":{"@id":"https:\/\/revertia.com\/es\/#organization"},"potentialAction":[{"@type":"SearchAction","target":{"@type":"EntryPoint","urlTemplate":"https:\/\/revertia.com\/es\/?s={search_term_string}"},"query-input":"required name=search_term_string"}],"inLanguage":"es"},{"@type":"Organization","@id":"https:\/\/revertia.com\/es\/#organization","name":"Revertia","url":"https:\/\/revertia.com\/es\/","logo":{"@type":"ImageObject","inLanguage":"es","@id":"https:\/\/revertia.com\/es\/#\/schema\/logo\/image\/","url":"https:\/\/revertia.com\/wp-content\/uploads\/2018\/08\/logo-revertia.png","contentUrl":"https:\/\/revertia.com\/wp-content\/uploads\/2018\/08\/logo-revertia.png","width":199,"height":38,"caption":"Revertia"},"image":{"@id":"https:\/\/revertia.com\/es\/#\/schema\/logo\/image\/"},"sameAs":["https:\/\/www.facebook.com\/revertiaresiduos\/","https:\/\/x.com\/revertia","https:\/\/www.linkedin.com\/company\/revertia","https:\/\/www.youtube.com\/user\/revertia"]}]}},"_links":{"self":[{"href":"https:\/\/revertia.com\/es\/wp-json\/wp\/v2\/pages\/50997"}],"collection":[{"href":"https:\/\/revertia.com\/es\/wp-json\/wp\/v2\/pages"}],"about":[{"href":"https:\/\/revertia.com\/es\/wp-json\/wp\/v2\/types\/page"}],"author":[{"embeddable":true,"href":"https:\/\/revertia.com\/es\/wp-json\/wp\/v2\/users\/10"}],"replies":[{"embeddable":true,"href":"https:\/\/revertia.com\/es\/wp-json\/wp\/v2\/comments?post=50997"}],"version-history":[{"count":25,"href":"https:\/\/revertia.com\/es\/wp-json\/wp\/v2\/pages\/50997\/revisions"}],"predecessor-version":[{"id":51018,"href":"https:\/\/revertia.com\/es\/wp-json\/wp\/v2\/pages\/50997\/revisions\/51018"}],"wp:attachment":[{"href":"https:\/\/revertia.com\/es\/wp-json\/wp\/v2\/media?parent=50997"}],"curies":[{"name":"wp","href":"https:\/\/api.w.org\/{rel}","templated":true}]}}