{"id":40651,"date":"2025-06-11T17:46:43","date_gmt":"2025-06-11T15:46:43","guid":{"rendered":"https:\/\/revertia.com\/?page_id=40651"},"modified":"2025-12-09T14:05:29","modified_gmt":"2025-12-09T13:05:29","slug":"mapa-web","status":"publish","type":"page","link":"https:\/\/revertia.com\/es\/mapa-web\/","title":{"rendered":"Mapa web"},"content":{"rendered":"<p>[vc_row css=\u00bb.vc_custom_1749656802340{margin-top: 50px !important;}\u00bb][vc_column][vc_column_text]<\/p>\n<h4 style=\"text-align: center;\">Estos son los contenidos disponibles en nuestra p\u00e1gina web.<\/h4>\n<p>[\/vc_column_text][\/vc_column][\/vc_row][vc_row][vc_column width=\u00bb1\/6&#8243;][\/vc_column][vc_column width=\u00bb2\/3&#8243;][vc_column_text css=\u00bb.vc_custom_1765285298810{padding-top: 5px !important;padding-right: 10px !important;padding-bottom: 5px !important;padding-left: 10px !important;background-color: #f7f7f7 !important;background-position: center !important;background-repeat: no-repeat !important;background-size: cover !important;}\u00bb]<\/p>\n<p style=\"text-align: center;\"><strong>1. SERVICIOS<\/strong><br \/>\n<a href=\"https:\/\/revertia.com\/es\/recogida-y-gestion-de-raees\/\">Recogida y gestion de RAEES<\/a><br \/>\n<a href=\"https:\/\/revertia.com\/borrado-de-datos\/\">Borrado de datos seguro<\/a><br \/>\n<a href=\"https:\/\/revertia.com\/es\/cumplimiento-normativo\/\">Cumplimiento normativo<\/a><br \/>\n<a href=\"https:\/\/revertia.com\/es\/consultoria-ambiental\/\">Consultor\u00eda ambiental<\/a><\/p>\n<p>[\/vc_column_text][vc_column_text css=\u00bb.vc_custom_1758283541442{padding-top: 5px !important;padding-right: 10px !important;padding-bottom: 5px !important;padding-left: 10px !important;background-color: #e5e5e5 !important;background-position: center !important;background-repeat: no-repeat !important;background-size: cover !important;}\u00bb]<\/p>\n<h4 style=\"text-align: center;\"><strong>2. NOSOTROS<\/strong><\/h4>\n<p style=\"text-align: center;\"><a href=\"https:\/\/revertia.com\/es\/quienes-somos-empresa-especializada-en-residuos-electronicos\/\">Qui\u00e9nes somos<\/a><br \/>\n<a href=\"https:\/\/revertia.com\/es\/certificaciones-de-revertia\/\">Certificaciones de Calidad y Medioambiente<\/a><br \/>\n<a href=\"https:\/\/revertia.com\/es\/innovacion\/\">Innovaci\u00f3n<\/a><br \/>\n<a href=\"https:\/\/revertia.com\/es\/nuestras-colaboraciones\/\">Colaboradores<\/a><\/p>\n<p>[\/vc_column_text][vc_column_text css=\u00bb.vc_custom_1759478489840{padding-top: 5px !important;padding-right: 10px !important;padding-bottom: 5px !important;padding-left: 10px !important;background-color: #e5e5e5 !important;background-position: center !important;background-repeat: no-repeat !important;background-size: cover !important;}\u00bb]<\/p>\n<p style=\"text-align: center;\"><strong>3. SOSTENIBILIDAD<br \/>\n<\/strong><a href=\"https:\/\/revertia.com\/es\/nuestra-huella-de-carbono\/\">Neutros en carbono<\/a><br \/>\n<a href=\"https:\/\/revertia.com\/es\/memoria-de-sostenibilidad\/\">Memoria anual<\/a><br \/>\n<a href=\"https:\/\/revertia.com\/es\/bosque-revertia\/\">Bosque Revertia<\/a><br \/>\n<a href=\"https:\/\/revertia.com\/es\/digitalizacion-sostenible\/\">Digitalizaci\u00f3n Sostenible<\/a><br \/>\n<a href=\"https:\/\/revertia.com\/es\/category\/proyectos_solidarios\/\">Proyectos Solidarios<\/a><\/p>\n<p>[\/vc_column_text][vc_column_text css=\u00bb.vc_custom_1759478497101{padding-top: 5px !important;padding-right: 10px !important;padding-bottom: 5px !important;padding-left: 10px !important;background-color: #f7f7f7 !important;background-position: center !important;background-repeat: no-repeat !important;background-size: cover !important;}\u00bb]<\/p>\n<p style=\"text-align: center;\"><strong>4. <a href=\"https:\/\/revertia.com\/es\/?page_id=22860\">ACTUALIDAD<\/a><br \/>\n<\/strong><a href=\"https:\/\/revertia.com\/es\/category\/noticias\/\">Noticias<\/a><br \/>\n<a href=\"https:\/\/revertia.com\/es\/category\/eventos\/\">Eventos<\/a><br \/>\n<a href=\"https:\/\/revertia.com\/es\/recursos-documentos-normativa\/\">Publicaciones\u00a0<\/a><br \/>\n<a href=\"https:\/\/revertia.com\/es\/boletin\/\">Bolet\u00edn de noticias<\/a><\/p>\n<p>[\/vc_column_text][vc_column_text css=\u00bb.vc_custom_1759478502079{padding-top: 5px !important;padding-right: 10px !important;padding-bottom: 5px !important;padding-left: 10px !important;background-color: #e5e5e5 !important;background-position: center !important;background-repeat: no-repeat !important;background-size: cover !important;}\u00bb]<\/p>\n<p style=\"text-align: center;\"><strong>5. <a href=\"https:\/\/revertia.com\/contacto\/\">CONTACTO<\/a><\/strong><\/p>\n<p>[\/vc_column_text][vc_column_text css=\u00bb.vc_custom_1759478507871{padding-top: 5px !important;padding-right: 10px !important;padding-bottom: 5px !important;padding-left: 10px !important;background-color: #e5e5e5 !important;background-position: center !important;background-repeat: no-repeat !important;background-size: cover !important;}\u00bb]<\/p>\n<p style=\"text-align: center;\"><strong>6. <a href=\"https:\/\/revertia.com\/convocatoria-axudas\/\">AYUDAS<\/a><\/strong><\/p>\n<p>[\/vc_column_text][vc_column_text css=\u00bb.vc_custom_1759478513975{padding-top: 5px !important;padding-right: 10px !important;padding-bottom: 5px !important;padding-left: 10px !important;background-color: #e5e5e5 !important;background-position: center !important;background-repeat: no-repeat !important;background-size: cover !important;}\u00bb]<\/p>\n<p style=\"text-align: center;\"><strong>7. <a href=\"https:\/\/portalcliente.revertia.com\/Account\/Login\" target=\"_blank\" rel=\"noopener\">PORTAL DE CLIENTE<\/a><\/strong><\/p>\n<p>[\/vc_column_text][\/vc_column][vc_column width=\u00bb1\/6&#8243;][\/vc_column][\/vc_row]<\/p>","protected":false},"excerpt":{"rendered":"<p>[vc_row css=\u00bb.vc_custom_1749656802340{margin-top: 50px !important;}\u00bb][vc_column][vc_column_text] Estos son los contenidos disponibles en nuestra p\u00e1gina web. [\/vc_column_text][\/vc_column][\/vc_row][vc_row][vc_column width=\u00bb1\/6&#8243;][\/vc_column][vc_column width=\u00bb2\/3&#8243;][vc_column_text css=\u00bb.vc_custom_1765285298810{padding-top: 5px !important;padding-right: 10px !important;padding-bottom: 5px !important;padding-left: 10px !important;background-color: #f7f7f7 !important;background-position: center !important;background-repeat: no-repeat !important;background-size: cover !important;}\u00bb] 1. SERVICIOS Recogida y gestion de RAEES Borrado de datos seguro Cumplimiento normativo Consultor\u00eda ambiental [\/vc_column_text][vc_column_text css=\u00bb.vc_custom_1758283541442{padding-top: 5px !important;padding-right: 10px !important;padding-bottom: 5px [&hellip;]<\/p>\n","protected":false},"author":10,"featured_media":0,"parent":0,"menu_order":0,"comment_status":"closed","ping_status":"closed","template":"","meta":{"_acf_changed":false,"inline_featured_image":false,"footnotes":""},"acf":[],"yoast_head":"<!-- This site is optimized with the Yoast SEO plugin v22.8 - https:\/\/yoast.com\/wordpress\/plugins\/seo\/ -->\n<title>Mapa web - Revertia<\/title>\n<meta name=\"description\" content=\"Aqu\u00ed te presentamos una gu\u00eda de todos los contenidos de nuestra web: servicios, localizaci\u00f3n, contacto y novedades de revertia\" \/>\n<meta name=\"robots\" content=\"index, follow, max-snippet:-1, max-image-preview:large, max-video-preview:-1\" \/>\n<link rel=\"canonical\" href=\"https:\/\/revertia.com\/mapa-web\/\" \/>\n<meta property=\"og:locale\" content=\"es_ES\" \/>\n<meta property=\"og:type\" content=\"article\" \/>\n<meta property=\"og:title\" content=\"Mapa web - Revertia\" \/>\n<meta property=\"og:description\" content=\"Aqu\u00ed te presentamos una gu\u00eda de todos los contenidos de nuestra web: servicios, localizaci\u00f3n, contacto y novedades de revertia\" \/>\n<meta property=\"og:url\" content=\"https:\/\/revertia.com\/mapa-web\/\" \/>\n<meta property=\"og:site_name\" content=\"Revertia\" \/>\n<meta property=\"article:publisher\" content=\"https:\/\/www.facebook.com\/revertiaresiduos\/\" \/>\n<meta property=\"article:modified_time\" content=\"2025-12-09T13:05:29+00:00\" \/>\n<meta name=\"twitter:card\" content=\"summary_large_image\" \/>\n<meta name=\"twitter:site\" content=\"@revertia\" \/>\n<meta name=\"twitter:label1\" content=\"Tiempo de lectura\" \/>\n\t<meta name=\"twitter:data1\" content=\"1 minuto\" \/>\n<script type=\"application\/ld+json\" class=\"yoast-schema-graph\">{\"@context\":\"https:\/\/schema.org\",\"@graph\":[{\"@type\":\"WebPage\",\"@id\":\"https:\/\/revertia.com\/mapa-web\/\",\"url\":\"https:\/\/revertia.com\/mapa-web\/\",\"name\":\"Mapa web - Revertia\",\"isPartOf\":{\"@id\":\"https:\/\/revertia.com\/es\/#website\"},\"datePublished\":\"2025-06-11T15:46:43+00:00\",\"dateModified\":\"2025-12-09T13:05:29+00:00\",\"description\":\"Aqu\u00ed te presentamos una gu\u00eda de todos los contenidos de nuestra web: servicios, localizaci\u00f3n, contacto y novedades de revertia\",\"breadcrumb\":{\"@id\":\"https:\/\/revertia.com\/mapa-web\/#breadcrumb\"},\"inLanguage\":\"es\",\"potentialAction\":[{\"@type\":\"ReadAction\",\"target\":[\"https:\/\/revertia.com\/mapa-web\/\"]}]},{\"@type\":\"BreadcrumbList\",\"@id\":\"https:\/\/revertia.com\/mapa-web\/#breadcrumb\",\"itemListElement\":[{\"@type\":\"ListItem\",\"position\":1,\"name\":\"Portada\",\"item\":\"https:\/\/revertia.com\/\"},{\"@type\":\"ListItem\",\"position\":2,\"name\":\"Mapa web\"}]},{\"@type\":\"WebSite\",\"@id\":\"https:\/\/revertia.com\/es\/#website\",\"url\":\"https:\/\/revertia.com\/es\/\",\"name\":\"Revertia\",\"description\":\"\",\"publisher\":{\"@id\":\"https:\/\/revertia.com\/es\/#organization\"},\"potentialAction\":[{\"@type\":\"SearchAction\",\"target\":{\"@type\":\"EntryPoint\",\"urlTemplate\":\"https:\/\/revertia.com\/es\/?s={search_term_string}\"},\"query-input\":\"required name=search_term_string\"}],\"inLanguage\":\"es\"},{\"@type\":\"Organization\",\"@id\":\"https:\/\/revertia.com\/es\/#organization\",\"name\":\"Revertia\",\"url\":\"https:\/\/revertia.com\/es\/\",\"logo\":{\"@type\":\"ImageObject\",\"inLanguage\":\"es\",\"@id\":\"https:\/\/revertia.com\/es\/#\/schema\/logo\/image\/\",\"url\":\"https:\/\/revertia.com\/wp-content\/uploads\/2018\/08\/logo-revertia.png\",\"contentUrl\":\"https:\/\/revertia.com\/wp-content\/uploads\/2018\/08\/logo-revertia.png\",\"width\":199,\"height\":38,\"caption\":\"Revertia\"},\"image\":{\"@id\":\"https:\/\/revertia.com\/es\/#\/schema\/logo\/image\/\"},\"sameAs\":[\"https:\/\/www.facebook.com\/revertiaresiduos\/\",\"https:\/\/x.com\/revertia\",\"https:\/\/www.linkedin.com\/company\/revertia\",\"https:\/\/www.youtube.com\/user\/revertia\"]}]}<\/script>\n<!-- \/ Yoast SEO plugin. -->","yoast_head_json":{"title":"Mapa web - Revertia","description":"Aqu\u00ed te presentamos una gu\u00eda de todos los contenidos de nuestra web: servicios, localizaci\u00f3n, contacto y novedades de revertia","robots":{"index":"index","follow":"follow","max-snippet":"max-snippet:-1","max-image-preview":"max-image-preview:large","max-video-preview":"max-video-preview:-1"},"canonical":"https:\/\/revertia.com\/mapa-web\/","og_locale":"es_ES","og_type":"article","og_title":"Mapa web - Revertia","og_description":"Aqu\u00ed te presentamos una gu\u00eda de todos los contenidos de nuestra web: servicios, localizaci\u00f3n, contacto y novedades de revertia","og_url":"https:\/\/revertia.com\/mapa-web\/","og_site_name":"Revertia","article_publisher":"https:\/\/www.facebook.com\/revertiaresiduos\/","article_modified_time":"2025-12-09T13:05:29+00:00","twitter_card":"summary_large_image","twitter_site":"@revertia","twitter_misc":{"Tiempo de lectura":"1 minuto"},"schema":{"@context":"https:\/\/schema.org","@graph":[{"@type":"WebPage","@id":"https:\/\/revertia.com\/mapa-web\/","url":"https:\/\/revertia.com\/mapa-web\/","name":"Mapa web - Revertia","isPartOf":{"@id":"https:\/\/revertia.com\/es\/#website"},"datePublished":"2025-06-11T15:46:43+00:00","dateModified":"2025-12-09T13:05:29+00:00","description":"Aqu\u00ed te presentamos una gu\u00eda de todos los contenidos de nuestra web: servicios, localizaci\u00f3n, contacto y novedades de revertia","breadcrumb":{"@id":"https:\/\/revertia.com\/mapa-web\/#breadcrumb"},"inLanguage":"es","potentialAction":[{"@type":"ReadAction","target":["https:\/\/revertia.com\/mapa-web\/"]}]},{"@type":"BreadcrumbList","@id":"https:\/\/revertia.com\/mapa-web\/#breadcrumb","itemListElement":[{"@type":"ListItem","position":1,"name":"Portada","item":"https:\/\/revertia.com\/"},{"@type":"ListItem","position":2,"name":"Mapa web"}]},{"@type":"WebSite","@id":"https:\/\/revertia.com\/es\/#website","url":"https:\/\/revertia.com\/es\/","name":"Revertia","description":"","publisher":{"@id":"https:\/\/revertia.com\/es\/#organization"},"potentialAction":[{"@type":"SearchAction","target":{"@type":"EntryPoint","urlTemplate":"https:\/\/revertia.com\/es\/?s={search_term_string}"},"query-input":"required name=search_term_string"}],"inLanguage":"es"},{"@type":"Organization","@id":"https:\/\/revertia.com\/es\/#organization","name":"Revertia","url":"https:\/\/revertia.com\/es\/","logo":{"@type":"ImageObject","inLanguage":"es","@id":"https:\/\/revertia.com\/es\/#\/schema\/logo\/image\/","url":"https:\/\/revertia.com\/wp-content\/uploads\/2018\/08\/logo-revertia.png","contentUrl":"https:\/\/revertia.com\/wp-content\/uploads\/2018\/08\/logo-revertia.png","width":199,"height":38,"caption":"Revertia"},"image":{"@id":"https:\/\/revertia.com\/es\/#\/schema\/logo\/image\/"},"sameAs":["https:\/\/www.facebook.com\/revertiaresiduos\/","https:\/\/x.com\/revertia","https:\/\/www.linkedin.com\/company\/revertia","https:\/\/www.youtube.com\/user\/revertia"]}]}},"_links":{"self":[{"href":"https:\/\/revertia.com\/es\/wp-json\/wp\/v2\/pages\/40651"}],"collection":[{"href":"https:\/\/revertia.com\/es\/wp-json\/wp\/v2\/pages"}],"about":[{"href":"https:\/\/revertia.com\/es\/wp-json\/wp\/v2\/types\/page"}],"author":[{"embeddable":true,"href":"https:\/\/revertia.com\/es\/wp-json\/wp\/v2\/users\/10"}],"replies":[{"embeddable":true,"href":"https:\/\/revertia.com\/es\/wp-json\/wp\/v2\/comments?post=40651"}],"version-history":[{"count":21,"href":"https:\/\/revertia.com\/es\/wp-json\/wp\/v2\/pages\/40651\/revisions"}],"predecessor-version":[{"id":65222,"href":"https:\/\/revertia.com\/es\/wp-json\/wp\/v2\/pages\/40651\/revisions\/65222"}],"wp:attachment":[{"href":"https:\/\/revertia.com\/es\/wp-json\/wp\/v2\/media?parent=40651"}],"curies":[{"name":"wp","href":"https:\/\/api.w.org\/{rel}","templated":true}]}}