{"id":40561,"date":"2024-10-08T19:58:23","date_gmt":"2024-10-08T17:58:23","guid":{"rendered":"https:\/\/revertia.com\/?page_id=40561"},"modified":"2025-04-30T10:23:08","modified_gmt":"2025-04-30T08:23:08","slug":"la-huella-de-carbono-y-su-importancia","status":"publish","type":"page","link":"https:\/\/revertia.com\/es\/la-huella-de-carbono-y-su-importancia\/","title":{"rendered":"La huella de carbono y su importancia"},"content":{"rendered":"<p>[vc_row full_width=\u00bbstretch_row\u00bb equal_height=\u00bbyes\u00bb css=\u00bb.vc_custom_1728418377921{margin-top: -70px !important;padding-top: 50px !important;padding-bottom: 50px !important;background-color: #8faadc !important;background-position: center !important;background-repeat: no-repeat !important;background-size: cover !important;}\u00bb][vc_column css=\u00bb.vc_custom_1728643772290{margin-top: 50px !important;margin-bottom: 50px !important;padding-right: 100px !important;padding-left: 100px !important;background-color: rgba(255,255,255,0.42) !important;background-position: center !important;background-repeat: no-repeat !important;background-size: contain !important;*background-color: rgb(255,255,255) !important;border-radius: 30px !important;}\u00bb][vc_row_inner][vc_column_inner width=\u00bb1\/2&#8243;][vc_single_image image=\u00bb40479&#8243; img_size=\u00bbfull\u00bb][\/vc_column_inner][vc_column_inner width=\u00bb1\/2&#8243;][vc_empty_space height=\u00bb20&#8243;][vc_custom_heading text=\u00bbEL IMPACTO DE UNA BUENA GESTI\u00d3N DE RESIDUOS EN TU HUELLA DE CARBONO\u00bb font_container=\u00bbtag:h2|font_size:30|text_align:center|color:%23365600&#8243; google_fonts=\u00bbfont_family:Raleway%3A100%2C200%2C300%2Cregular%2C500%2C600%2C700%2C800%2C900|font_style:500%20bold%20regular%3A500%3Anormal\u00bb css_animation=\u00bbfadeIn\u00bb css=\u00bb.vc_custom_1728989604628{background-position: center !important;background-repeat: no-repeat !important;background-size: cover !important;}\u00bb][vc_custom_heading text=\u00bbHemos creado una gu\u00eda para que conozcas la importancia de la huella de carbono de tu organizaci\u00f3n para reducir las emisiones de CO2 a la atm\u00f3sfera y mejorar la gesti\u00f3n de tus residuos para reducir su impacto.\u00bb font_container=\u00bbtag:h4|font_size:18|text_align:center|color:%230b3646&#8243; use_theme_fonts=\u00bbyes\u00bb css_animation=\u00bbfadeIn\u00bb css=\u00bb.vc_custom_1729080742233{background-position: center !important;background-repeat: no-repeat !important;background-size: cover !important;}\u00bb][vc_custom_heading text=\u00bb<strong>Consulta toda la informaci\u00f3n y descarga el documento<\/strong>\u00bb font_container=\u00bbtag:h4|font_size:18|text_align:center|color:%230b3646&#8243; use_theme_fonts=\u00bbyes\u00bb css_animation=\u00bbfadeIn\u00bb css=\u00bb.vc_custom_1742896435286{background-position: center !important;background-repeat: no-repeat !important;background-size: cover !important;}\u00bb][vc_custom_heading text=\u00bb<strong> Hemos actualizado la gu\u00eda con el cambio sobre el registro voluntario de la huella de carbono, ahora obligatorio, derivado de la aprobaci\u00f3n del Real Decreto 163\/2014, de 14 de Marzo que regula el registro de Huella de Carbono, compensaci\u00f3n y proyectos de absorci\u00f3n de di\u00f3xido de carbono, donde se especifica el Registro y Declaraci\u00f3n de la Huella de Carbono para tipo de empresas e instituciones y del Real Decreto214\/2014, de 18 de Marzo que deroga el anterior. <\/strong>\u00bb font_container=\u00bbtag:h4|font_size:14|text_align:center|color:%23db510d\u00bb use_theme_fonts=\u00bbyes\u00bb css_animation=\u00bbfadeIn\u00bb css=\u00bb.vc_custom_1746001386545{background-position: center !important;background-repeat: no-repeat !important;background-size: cover !important;}\u00bb][vc_custom_heading text=\u00bb<strong><u>Consulta las novedades introducidas con la aprobaci\u00f3n del Real Decreto. <\/u><\/strong>\u00bb font_container=\u00bbtag:h4|font_size:14|text_align:center|color:%23db510d\u00bb use_theme_fonts=\u00bbyes\u00bb css_animation=\u00bbfadeIn\u00bb css=\u00bb.vc_custom_1744275516197{background-position: center !important;background-repeat: no-repeat !important;background-size: cover !important;}\u00bb link=\u00bburl:https%3A%2F%2Frevertia.com%2Fregistro-obligatorio-de-la-huella-de-carbono-declaracion-oficial-de-las-emisiones-de-las-empresas-por-ley%2F|title:%5B%3Aes%5DRegistro%20obligatorio%20de%20la%20huella%20de%20carbono%3A%20declaraci%C3%B3n%20oficial%20de%20las%20emisiones%20de%20las%20empresas%20por%20ley%5B%3A%5D||\u00bb][vc_icon icon_fontawesome=\u00bbfa fa-angle-down\u00bb color=\u00bbcustom\u00bb size=\u00bblg\u00bb align=\u00bbcenter\u00bb custom_color=\u00bb#698254&#8243; link=\u00bburl:https%3A%2F%2Frevertia.com%2Fes%2Fla-huella-de-carbono-y-su-importancia%2F%23descargaguia|||\u00bb][\/vc_column_inner][\/vc_row_inner][\/vc_column][\/vc_row][vc_row full_width=\u00bbstretch_row\u00bb equal_height=\u00bbyes\u00bb css=\u00bb.vc_custom_1724145948765{padding-top: 50px !important;padding-bottom: 50px !important;}\u00bb][vc_column width=\u00bb1\/3&#8243; css=\u00bb.vc_custom_1724143794699{background-position: center !important;background-repeat: no-repeat !important;background-size: contain !important;}\u00bb][vc_single_image image=\u00bb40574&#8243; img_size=\u00bbmedium\u00bb alignment=\u00bbcenter\u00bb][vc_empty_space height=\u00bb20&#8243;][\/vc_column][vc_column width=\u00bb2\/3&#8243;][vc_custom_heading text=\u00bb\u00bfQu\u00e9 es la HUELLA DE CARBONO? \u00bfPor qu\u00e9 debes medirla?\u00bfC\u00f3mo se mide?\u00bfC\u00f3mo se compensa? \u00bfQu\u00e9 es la ACV? \u00bfCu\u00e1l es el impacto de \u2028una correcta gesti\u00f3n de residuos?\u00bb font_container=\u00bbtag:h4|font_size:18|text_align:left|color:%230b3646&#8243; use_theme_fonts=\u00bbyes\u00bb css_animation=\u00bbnone\u00bb css=\u00bb.vc_custom_1728989789429{background-position: center !important;background-repeat: no-repeat !important;background-size: cover !important;}\u00bb][vc_column_text]<\/p>\n<h4><strong>La huella de carbono es una forma de medir la contribuci\u00f3n de la actividad humana al cambio clim\u00e1tico por la cantidad de gases de efecto invernadero que se emiten en la atm\u00f3sfera. Esta gu\u00eda te dar\u00e1 las claves para:<\/strong><\/h4>\n<p>[\/vc_column_text][vc_column_text css=\u00bb.vc_custom_1728989508980{padding-top: 20px !important;padding-right: 20px !important;padding-bottom: 20px !important;padding-left: 20px !important;background-color: #6cb26d !important;background-position: center !important;background-repeat: no-repeat !important;background-size: cover !important;border-radius: 25px !important;}\u00bb]<span style=\"color: #ffffff;\">Conocer la diferencia entre la huella de carbono y la huella ambiental.<\/span>[\/vc_column_text][vc_column_text css=\u00bb.vc_custom_1728989464415{margin-top: -25px !important;padding-top: 20px !important;padding-right: 20px !important;padding-bottom: 20px !important;padding-left: 20px !important;background-color: #31859c !important;background-position: center !important;background-repeat: no-repeat !important;background-size: cover !important;border-radius: 25px !important;}\u00bb]<\/p>\n<div class=\"page\" title=\"Page 5\">\n<div class=\"section\">\n<div class=\"layoutArea\">\n<div class=\"column\">\n<p><span style=\"color: #ffffff;\">Conocer su origen y te explicamos gr\u00e1ficamente que son los aspectos, impacto e indicadores ambientales.<\/span><\/p>\n<\/div>\n<\/div>\n<\/div>\n<\/div>\n<p>[\/vc_column_text][vc_column_text css=\u00bb.vc_custom_1728989470888{margin-top: -25px !important;padding-top: 20px !important;padding-right: 20px !important;padding-bottom: 20px !important;padding-left: 20px !important;background-color: #c2ce2c !important;background-position: center !important;background-repeat: no-repeat !important;background-size: cover !important;border-radius: 25px !important;}\u00bb]<\/p>\n<div class=\"page\" title=\"Page 5\">\n<div class=\"section\">\n<div class=\"layoutArea\">\n<div class=\"column\"><\/div>\n<p><span style=\"color: #ffffff;\">Identificar oportunidades para reducir las emisiones y tomar decisiones m\u00e1s sostenibles.<br \/>\n<\/span><\/p>\n<\/div>\n<\/div>\n<\/div>\n<p>[\/vc_column_text][\/vc_column][\/vc_row][vc_row full_width=\u00bbstretch_row\u00bb equal_height=\u00bbyes\u00bb css=\u00bb.vc_custom_1728418191361{padding-top: 50px !important;padding-bottom: 50px !important;background-color: #8faadc !important;background-position: center !important;background-repeat: no-repeat !important;background-size: contain !important;}\u00bb][vc_column css=\u00bb.vc_custom_1678970737766{background-position: center !important;background-repeat: no-repeat !important;background-size: contain !important;}\u00bb][vc_row_inner][vc_column_inner width=\u00bb1\/3&#8243;][vc_single_image image=\u00bb40625&#8243; img_size=\u00bbfull\u00bb][\/vc_column_inner][vc_column_inner width=\u00bb1\/3&#8243;][vc_single_image image=\u00bb40626&#8243; img_size=\u00bbfull\u00bb][\/vc_column_inner][vc_column_inner width=\u00bb1\/3&#8243;][vc_single_image image=\u00bb40627&#8243; img_size=\u00bbfull\u00bb style=\u00bbvc_box_border\u00bb border_color=\u00bbwhite\u00bb][\/vc_column_inner][\/vc_row_inner][vc_column_text]<\/p>\n<p style=\"text-align: center;\"><em>El contenido de esta gu\u00eda ha sido creado por <a href=\"https:\/\/reversegroup.es\" target=\"_blank\" rel=\"noopener\">Reverse Group<\/a> para Revertia<\/em><\/p>\n<p>[\/vc_column_text][\/vc_column][\/vc_row][vc_row full_width=\u00bbstretch_row\u00bb equal_height=\u00bbyes\u00bb css=\u00bb.vc_custom_1724150221790{padding-top: 50px !important;padding-bottom: 50px !important;background-color: #eaeaea !important;background-position: center !important;background-repeat: no-repeat !important;background-size: cover !important;}\u00bb][vc_column css=\u00bb.vc_custom_1678970737766{background-position: center !important;background-repeat: no-repeat !important;background-size: contain !important;}\u00bb][vc_row_inner css=\u00bb.vc_custom_1686045283820{padding-top: 50px !important;padding-bottom: 50px !important;}\u00bb][vc_column_inner width=\u00bb1\/6&#8243;][\/vc_column_inner][vc_column_inner width=\u00bb2\/3&#8243;][vc_custom_heading text=\u00bbSi est\u00e1s interesado en la consulta en detalle todo este contenido, descarga esta gu\u00eda ahora:\u00bb font_container=\u00bbtag:p|font_size:22|text_align:left|color:%230b3646&#8243; use_theme_fonts=\u00bbyes\u00bb css_animation=\u00bbnone\u00bb css=\u00bb.vc_custom_1728417729960{padding-top: 10px !important;padding-bottom: 10px !important;padding-left: 20px !important;background-position: center !important;background-repeat: no-repeat !important;background-size: cover !important;}\u00bb el_id=\u00bbdescargaguia\u00bb]\n<div class=\"wpcf7 no-js\" id=\"wpcf7-f40572-o1\" lang=\"es-ES\" dir=\"ltr\">\n<div class=\"screen-reader-response\"><p role=\"status\" aria-live=\"polite\" aria-atomic=\"true\"><\/p> <ul><\/ul><\/div>\n<form action=\"\/es\/wp-json\/wp\/v2\/pages\/40561#wpcf7-f40572-o1\" method=\"post\" class=\"wpcf7-form init\" aria-label=\"Formulario de contacto\" novalidate=\"novalidate\" data-status=\"init\">\n<div style=\"display: none;\">\n<input type=\"hidden\" name=\"_wpcf7\" value=\"40572\" \/>\n<input type=\"hidden\" name=\"_wpcf7_version\" value=\"5.9.5\" \/>\n<input type=\"hidden\" name=\"_wpcf7_locale\" value=\"es_ES\" \/>\n<input type=\"hidden\" name=\"_wpcf7_unit_tag\" value=\"wpcf7-f40572-o1\" \/>\n<input type=\"hidden\" name=\"_wpcf7_container_post\" value=\"0\" \/>\n<input type=\"hidden\" name=\"_wpcf7_posted_data_hash\" value=\"\" \/>\n<input type=\"hidden\" name=\"_wpcf7_recaptcha_response\" value=\"\" \/>\n<\/div>\n<p>&nbsp;\n<\/p>\n<div class=\"formulario-material\">\n\t<p><span class=\"wpcf7-form-control-wrap\" data-name=\"your-name\"><input size=\"40\" class=\"wpcf7-form-control wpcf7-text wpcf7-validates-as-required form-control floating-label\" aria-required=\"true\" aria-invalid=\"false\" placeholder=\"Nombre*\" value=\"\" type=\"text\" name=\"your-name\" \/><\/span>\n\t<\/p>\n\t<p><span class=\"wpcf7-form-control-wrap\" data-name=\"your-email\"><input size=\"40\" class=\"wpcf7-form-control wpcf7-email wpcf7-validates-as-required wpcf7-text wpcf7-validates-as-email form-control floating-label\" aria-required=\"true\" aria-invalid=\"false\" placeholder=\"Email corporativo*\" value=\"\" type=\"email\" name=\"your-email\" \/><\/span>\n\t<\/p>\n\t<p><span class=\"wpcf7-form-control-wrap\" data-name=\"text-30\"><input size=\"40\" class=\"wpcf7-form-control wpcf7-text wpcf7-validates-as-required form-control floating-label\" aria-required=\"true\" aria-invalid=\"false\" placeholder=\"Empresa*\" value=\"\" type=\"text\" name=\"text-30\" \/><\/span>\n\t<\/p>\n\t<p class=\"politica-legal\"><br \/>\n<span class=\"wpcf7-form-control-wrap\" data-name=\"acceptance-135\"><span class=\"wpcf7-form-control wpcf7-acceptance\"><span class=\"wpcf7-list-item\"><input type=\"checkbox\" name=\"acceptance-135\" value=\"1\" aria-invalid=\"false\" \/><\/span><\/span><\/span> He le\u00eddo y acepto <a href=\"\/es\/politica-de-privacidad\/ \"><strong>los t\u00e9rminos legales<\/strong> <\/a> y estoy de acuerdo en recibir comunicaciones comerciales de revertia.\n\t<\/p>\n\t<p><input class=\"wpcf7-form-control wpcf7-submit has-spinner btn btn-verde\" type=\"submit\" value=\"DESCARGA LA HUELLA DE CARBONO Y SU IMPORTANCIA\" \/>\n\t<\/p>\n<\/div><div class=\"wpcf7-response-output\" aria-hidden=\"true\"><\/div>\n<\/form>\n<\/div>\n[\/vc_column_inner][vc_column_inner width=\u00bb1\/6&#8243;][\/vc_column_inner][\/vc_row_inner][\/vc_column][\/vc_row][vc_row full_width=\u00bbstretch_row\u00bb gap=\u00bb5&#8243; equal_height=\u00bbyes\u00bb css=\u00bb.vc_custom_1715173974424{margin-bottom: -50px !important;padding-top: 50px !important;background-color: #ffffff !important;background-position: center !important;background-repeat: no-repeat !important;background-size: cover !important;}\u00bb][vc_column width=\u00bb1\/4&#8243; css=\u00bb.vc_custom_1713969469625{background: rgba(216,216,216,0.4) url(https:\/\/revertia.com\/wp-content\/uploads\/2023\/06\/fondo_memoria_sostenibilidad.jpg?id=24590) !important;background-position: center !important;background-repeat: no-repeat !important;background-size: cover !important;*background-color: rgb(216,216,216) !important;border-radius: 25px !important;}\u00bb][vc_empty_space height=\u00bb60&#8243;][vc_icon icon_fontawesome=\u00bbfa fa-clipboard\u00bb color=\u00bbcustom\u00bb align=\u00bbcenter\u00bb custom_color=\u00bb#f7f7f7&#8243; link=\u00bburl:https%3A%2F%2Frevertia.com%2Fmemoria-de-sostenibilidad%2F|title:%5B%3Aes%5DMemoria%20de%20sostenibilidad%5B%3A%5D|target:%20_blank|\u00bb][vc_custom_heading text=\u00bbSOSTENIBILIDAD\u00bb font_container=\u00bbtag:h2|font_size:24|text_align:center|color:%23f2f2f2&#8243; google_fonts=\u00bbfont_family:Raleway%3A100%2C200%2C300%2Cregular%2C500%2C600%2C700%2C800%2C900|font_style:500%20bold%20regular%3A500%3Anormal\u00bb][vc_empty_space height=\u00bb60&#8243;][\/vc_column][vc_column width=\u00bb1\/4&#8243; css=\u00bb.vc_custom_1713980173416{background: rgba(66,66,66,0.43) url(https:\/\/revertia.com\/wp-content\/uploads\/2023\/05\/emisionescero_elcambioclimaticoesreal.png?id=24497) !important;*background-color: rgb(66,66,66) !important;border-radius: 25px !important;}\u00bb][vc_empty_space height=\u00bb60&#8243;][vc_icon icon_fontawesome=\u00bbfa fa-certificate\u00bb color=\u00bbcustom\u00bb align=\u00bbcenter\u00bb custom_color=\u00bb#f7f7f7&#8243; link=\u00bburl:https%3A%2F%2Frevertia.com%2Fnuestra-huella-de-carbono%2F|title:%5B%3Aes%5DMemoria%20de%20sostenibilidad%5B%3A%5D|target:%20_blank|\u00bb][vc_custom_heading text=\u00bbNEUTROS EN C02&#8243; font_container=\u00bbtag:h2|font_size:24|text_align:center|color:%23f2f2f2&#8243; google_fonts=\u00bbfont_family:Raleway%3A100%2C200%2C300%2Cregular%2C500%2C600%2C700%2C800%2C900|font_style:500%20bold%20regular%3A500%3Anormal\u00bb][vc_empty_space height=\u00bb60&#8243;][\/vc_column][vc_column css_animation=\u00bbnone\u00bb width=\u00bb1\/4&#8243; css=\u00bb.vc_custom_1713981272219{background: rgba(104,104,104,0.47) url(https:\/\/revertia.com\/wp-content\/uploads\/2023\/04\/revertia_galeria_3.jpg?id=23252) !important;background-position: center !important;background-repeat: no-repeat !important;background-size: cover !important;*background-color: rgb(104,104,104) !important;border-radius: 25px !important;}\u00bb][vc_empty_space height=\u00bb60&#8243;][vc_icon icon_fontawesome=\u00bbfa fa-check\u00bb color=\u00bbcustom\u00bb align=\u00bbcenter\u00bb custom_color=\u00bb#f7f7f7&#8243; link=\u00bburl:https%3A%2F%2Frevertia.com%2Fcertificaciones-de-revertia%2F|title:%5B%3Aes%5DMemoria%20de%20sostenibilidad%5B%3A%5D|target:%20_blank|\u00bb][vc_custom_heading text=\u00bbCERTIFICACIONES\u00bb font_container=\u00bbtag:h2|font_size:24|text_align:center|color:%23f2f2f2&#8243; google_fonts=\u00bbfont_family:Raleway%3A100%2C200%2C300%2Cregular%2C500%2C600%2C700%2C800%2C900|font_style:500%20bold%20regular%3A500%3Anormal\u00bb][vc_empty_space height=\u00bb60&#8243;][\/vc_column][vc_column width=\u00bb1\/4&#8243; css=\u00bb.vc_custom_1713981183477{background: rgba(86,86,86,0.48) url(https:\/\/revertia.com\/wp-content\/uploads\/2023\/02\/REVERTIA_3.jpg?id=21391) !important;background-position: center !important;background-repeat: no-repeat !important;background-size: cover !important;*background-color: rgb(86,86,86) !important;border-radius: 25px !important;}\u00bb][vc_empty_space height=\u00bb60&#8243;][vc_icon icon_fontawesome=\u00bbfa fa-newspaper-o\u00bb color=\u00bbcustom\u00bb align=\u00bbcenter\u00bb custom_color=\u00bb#f7f7f7&#8243; link=\u00bburl:%20https%3A%2F%2Frevertia.com%2Frecursos-documentos-normativa%2F||target:%20_blank|\u00bb][vc_custom_heading text=\u00bbRECURSOS\u00bb font_container=\u00bbtag:h2|font_size:24|text_align:center|color:%23f2f2f2&#8243; google_fonts=\u00bbfont_family:Raleway%3A100%2C200%2C300%2Cregular%2C500%2C600%2C700%2C800%2C900|font_style:500%20bold%20regular%3A500%3Anormal\u00bb][vc_empty_space height=\u00bb60&#8243;][\/vc_column][vc_column][vc_row_inner][vc_column_inner][\/vc_column_inner][\/vc_row_inner][\/vc_column][\/vc_row]<\/p>","protected":false},"excerpt":{"rendered":"<p>[vc_row full_width=\u00bbstretch_row\u00bb equal_height=\u00bbyes\u00bb css=\u00bb.vc_custom_1728418377921{margin-top: -70px !important;padding-top: 50px !important;padding-bottom: 50px !important;background-color: #8faadc !important;background-position: center !important;background-repeat: no-repeat !important;background-size: cover !important;}\u00bb][vc_column css=\u00bb.vc_custom_1728643772290{margin-top: 50px !important;margin-bottom: 50px !important;padding-right: 100px !important;padding-left: 100px !important;background-color: rgba(255,255,255,0.42) !important;background-position: center !important;background-repeat: no-repeat !important;background-size: contain !important;*background-color: rgb(255,255,255) !important;border-radius: 30px !important;}\u00bb][vc_row_inner][vc_column_inner width=\u00bb1\/2&#8243;][vc_single_image image=\u00bb40479&#8243; img_size=\u00bbfull\u00bb][\/vc_column_inner][vc_column_inner width=\u00bb1\/2&#8243;][vc_empty_space height=\u00bb20&#8243;][vc_custom_heading text=\u00bbEL IMPACTO DE UNA BUENA GESTI\u00d3N DE RESIDUOS EN TU HUELLA [&hellip;]<\/p>\n","protected":false},"author":3,"featured_media":0,"parent":0,"menu_order":0,"comment_status":"closed","ping_status":"closed","template":"","meta":{"_acf_changed":false,"inline_featured_image":false,"footnotes":""},"acf":[],"yoast_head":"<!-- This site is optimized with the Yoast SEO plugin v22.8 - https:\/\/yoast.com\/wordpress\/plugins\/seo\/ -->\n<title>Huella de carbono - Revertia<\/title>\n<meta name=\"description\" content=\"Qu\u00e9 es la huella de carbono, c\u00f3mo se mide y cual es el impacto de una buena gesti\u00f3n de tus residuos en una gu\u00eda practica.\" \/>\n<meta name=\"robots\" content=\"index, follow, max-snippet:-1, max-image-preview:large, max-video-preview:-1\" \/>\n<link rel=\"canonical\" href=\"https:\/\/revertia.com\/la-huella-de-carbono-y-su-importancia\/\" \/>\n<meta property=\"og:locale\" content=\"es_ES\" \/>\n<meta property=\"og:type\" content=\"article\" \/>\n<meta property=\"og:title\" content=\"Huella de carbono - Revertia\" \/>\n<meta property=\"og:description\" content=\"Qu\u00e9 es la huella de carbono, c\u00f3mo se mide y cual es el impacto de una buena gesti\u00f3n de tus residuos en una gu\u00eda practica.\" \/>\n<meta property=\"og:url\" content=\"https:\/\/revertia.com\/la-huella-de-carbono-y-su-importancia\/\" \/>\n<meta property=\"og:site_name\" content=\"Revertia\" \/>\n<meta property=\"article:publisher\" content=\"https:\/\/www.facebook.com\/revertiaresiduos\/\" \/>\n<meta property=\"article:modified_time\" content=\"2025-04-30T08:23:08+00:00\" \/>\n<meta name=\"twitter:card\" content=\"summary_large_image\" \/>\n<meta name=\"twitter:site\" content=\"@revertia\" \/>\n<meta name=\"twitter:label1\" content=\"Tiempo de lectura\" \/>\n\t<meta name=\"twitter:data1\" content=\"4 minutos\" \/>\n<script type=\"application\/ld+json\" class=\"yoast-schema-graph\">{\"@context\":\"https:\/\/schema.org\",\"@graph\":[{\"@type\":\"WebPage\",\"@id\":\"https:\/\/revertia.com\/la-huella-de-carbono-y-su-importancia\/\",\"url\":\"https:\/\/revertia.com\/la-huella-de-carbono-y-su-importancia\/\",\"name\":\"Huella de carbono - Revertia\",\"isPartOf\":{\"@id\":\"https:\/\/revertia.com\/es\/#website\"},\"datePublished\":\"2024-10-08T17:58:23+00:00\",\"dateModified\":\"2025-04-30T08:23:08+00:00\",\"description\":\"Qu\u00e9 es la huella de carbono, c\u00f3mo se mide y cual es el impacto de una buena gesti\u00f3n de tus residuos en una gu\u00eda practica.\",\"breadcrumb\":{\"@id\":\"https:\/\/revertia.com\/la-huella-de-carbono-y-su-importancia\/#breadcrumb\"},\"inLanguage\":\"es\",\"potentialAction\":[{\"@type\":\"ReadAction\",\"target\":[\"https:\/\/revertia.com\/la-huella-de-carbono-y-su-importancia\/\"]}]},{\"@type\":\"BreadcrumbList\",\"@id\":\"https:\/\/revertia.com\/la-huella-de-carbono-y-su-importancia\/#breadcrumb\",\"itemListElement\":[{\"@type\":\"ListItem\",\"position\":1,\"name\":\"Portada\",\"item\":\"https:\/\/revertia.com\/\"},{\"@type\":\"ListItem\",\"position\":2,\"name\":\"La huella de carbono y su importancia\"}]},{\"@type\":\"WebSite\",\"@id\":\"https:\/\/revertia.com\/es\/#website\",\"url\":\"https:\/\/revertia.com\/es\/\",\"name\":\"Revertia\",\"description\":\"\",\"publisher\":{\"@id\":\"https:\/\/revertia.com\/es\/#organization\"},\"potentialAction\":[{\"@type\":\"SearchAction\",\"target\":{\"@type\":\"EntryPoint\",\"urlTemplate\":\"https:\/\/revertia.com\/es\/?s={search_term_string}\"},\"query-input\":\"required name=search_term_string\"}],\"inLanguage\":\"es\"},{\"@type\":\"Organization\",\"@id\":\"https:\/\/revertia.com\/es\/#organization\",\"name\":\"Revertia\",\"url\":\"https:\/\/revertia.com\/es\/\",\"logo\":{\"@type\":\"ImageObject\",\"inLanguage\":\"es\",\"@id\":\"https:\/\/revertia.com\/es\/#\/schema\/logo\/image\/\",\"url\":\"https:\/\/revertia.com\/wp-content\/uploads\/2018\/08\/logo-revertia.png\",\"contentUrl\":\"https:\/\/revertia.com\/wp-content\/uploads\/2018\/08\/logo-revertia.png\",\"width\":199,\"height\":38,\"caption\":\"Revertia\"},\"image\":{\"@id\":\"https:\/\/revertia.com\/es\/#\/schema\/logo\/image\/\"},\"sameAs\":[\"https:\/\/www.facebook.com\/revertiaresiduos\/\",\"https:\/\/x.com\/revertia\",\"https:\/\/www.linkedin.com\/company\/revertia\",\"https:\/\/www.youtube.com\/user\/revertia\"]}]}<\/script>\n<!-- \/ Yoast SEO plugin. -->","yoast_head_json":{"title":"Huella de carbono - Revertia","description":"Qu\u00e9 es la huella de carbono, c\u00f3mo se mide y cual es el impacto de una buena gesti\u00f3n de tus residuos en una gu\u00eda practica.","robots":{"index":"index","follow":"follow","max-snippet":"max-snippet:-1","max-image-preview":"max-image-preview:large","max-video-preview":"max-video-preview:-1"},"canonical":"https:\/\/revertia.com\/la-huella-de-carbono-y-su-importancia\/","og_locale":"es_ES","og_type":"article","og_title":"Huella de carbono - Revertia","og_description":"Qu\u00e9 es la huella de carbono, c\u00f3mo se mide y cual es el impacto de una buena gesti\u00f3n de tus residuos en una gu\u00eda practica.","og_url":"https:\/\/revertia.com\/la-huella-de-carbono-y-su-importancia\/","og_site_name":"Revertia","article_publisher":"https:\/\/www.facebook.com\/revertiaresiduos\/","article_modified_time":"2025-04-30T08:23:08+00:00","twitter_card":"summary_large_image","twitter_site":"@revertia","twitter_misc":{"Tiempo de lectura":"4 minutos"},"schema":{"@context":"https:\/\/schema.org","@graph":[{"@type":"WebPage","@id":"https:\/\/revertia.com\/la-huella-de-carbono-y-su-importancia\/","url":"https:\/\/revertia.com\/la-huella-de-carbono-y-su-importancia\/","name":"Huella de carbono - Revertia","isPartOf":{"@id":"https:\/\/revertia.com\/es\/#website"},"datePublished":"2024-10-08T17:58:23+00:00","dateModified":"2025-04-30T08:23:08+00:00","description":"Qu\u00e9 es la huella de carbono, c\u00f3mo se mide y cual es el impacto de una buena gesti\u00f3n de tus residuos en una gu\u00eda practica.","breadcrumb":{"@id":"https:\/\/revertia.com\/la-huella-de-carbono-y-su-importancia\/#breadcrumb"},"inLanguage":"es","potentialAction":[{"@type":"ReadAction","target":["https:\/\/revertia.com\/la-huella-de-carbono-y-su-importancia\/"]}]},{"@type":"BreadcrumbList","@id":"https:\/\/revertia.com\/la-huella-de-carbono-y-su-importancia\/#breadcrumb","itemListElement":[{"@type":"ListItem","position":1,"name":"Portada","item":"https:\/\/revertia.com\/"},{"@type":"ListItem","position":2,"name":"La huella de carbono y su importancia"}]},{"@type":"WebSite","@id":"https:\/\/revertia.com\/es\/#website","url":"https:\/\/revertia.com\/es\/","name":"Revertia","description":"","publisher":{"@id":"https:\/\/revertia.com\/es\/#organization"},"potentialAction":[{"@type":"SearchAction","target":{"@type":"EntryPoint","urlTemplate":"https:\/\/revertia.com\/es\/?s={search_term_string}"},"query-input":"required name=search_term_string"}],"inLanguage":"es"},{"@type":"Organization","@id":"https:\/\/revertia.com\/es\/#organization","name":"Revertia","url":"https:\/\/revertia.com\/es\/","logo":{"@type":"ImageObject","inLanguage":"es","@id":"https:\/\/revertia.com\/es\/#\/schema\/logo\/image\/","url":"https:\/\/revertia.com\/wp-content\/uploads\/2018\/08\/logo-revertia.png","contentUrl":"https:\/\/revertia.com\/wp-content\/uploads\/2018\/08\/logo-revertia.png","width":199,"height":38,"caption":"Revertia"},"image":{"@id":"https:\/\/revertia.com\/es\/#\/schema\/logo\/image\/"},"sameAs":["https:\/\/www.facebook.com\/revertiaresiduos\/","https:\/\/x.com\/revertia","https:\/\/www.linkedin.com\/company\/revertia","https:\/\/www.youtube.com\/user\/revertia"]}]}},"_links":{"self":[{"href":"https:\/\/revertia.com\/es\/wp-json\/wp\/v2\/pages\/40561"}],"collection":[{"href":"https:\/\/revertia.com\/es\/wp-json\/wp\/v2\/pages"}],"about":[{"href":"https:\/\/revertia.com\/es\/wp-json\/wp\/v2\/types\/page"}],"author":[{"embeddable":true,"href":"https:\/\/revertia.com\/es\/wp-json\/wp\/v2\/users\/3"}],"replies":[{"embeddable":true,"href":"https:\/\/revertia.com\/es\/wp-json\/wp\/v2\/comments?post=40561"}],"version-history":[{"count":91,"href":"https:\/\/revertia.com\/es\/wp-json\/wp\/v2\/pages\/40561\/revisions"}],"predecessor-version":[{"id":48588,"href":"https:\/\/revertia.com\/es\/wp-json\/wp\/v2\/pages\/40561\/revisions\/48588"}],"wp:attachment":[{"href":"https:\/\/revertia.com\/es\/wp-json\/wp\/v2\/media?parent=40561"}],"curies":[{"name":"wp","href":"https:\/\/api.w.org\/{rel}","templated":true}]}}