{"id":37688,"date":"2024-07-30T19:33:30","date_gmt":"2024-07-30T17:33:30","guid":{"rendered":"https:\/\/revertia.com\/?page_id=37688"},"modified":"2024-07-31T15:39:20","modified_gmt":"2024-07-31T13:39:20","slug":"explicit","status":"publish","type":"page","link":"https:\/\/revertia.com\/es\/explicit\/","title":{"rendered":"Explicit"},"content":{"rendered":"<p>[vc_row full_width=\u00bbstretch_row\u00bb equal_height=\u00bbyes\u00bb css=\u00bb.vc_custom_1722361064318{margin-top: -80px !important;padding-top: 50px !important;padding-bottom: 50px !important;background-image: url(https:\/\/revertia.com\/wp-content\/uploads\/2024\/07\/EXPLICIT.jpg?id=37700) !important;background-position: center !important;background-repeat: no-repeat !important;background-size: cover !important;}\u00bb][vc_column css=\u00bb.vc_custom_1722360563192{margin-top: 50px !important;margin-bottom: 50px !important;padding-top: 50px !important;padding-right: 100px !important;padding-bottom: 50px !important;padding-left: 100px !important;background-color: #70b62c !important;background-position: center !important;background-repeat: no-repeat !important;background-size: contain !important;}\u00bb][vc_custom_heading text=\u00bbExplicit\u00bb font_container=\u00bbtag:h4|font_size:40|text_align:center|color:%23ffffff\u00bb google_fonts=\u00bbfont_family:Oswald%3A300%2Cregular%2C700|font_style:300%20light%20regular%3A300%3Anormal\u00bb css_animation=\u00bbfadeIn\u00bb css=\u00bb.vc_custom_1722360427553{background-position: center !important;background-repeat: no-repeat !important;background-size: cover !important;}\u00bb][vc_custom_heading text=\u00bbExploring Plausible Circular Futures\u00bb font_container=\u00bbtag:p|font_size:24|text_align:center|color:%23ffffff\u00bb use_theme_fonts=\u00bbyes\u00bb css_animation=\u00bbfadeIn\u00bb css=\u00bb.vc_custom_1722361226721{background-position: center !important;background-repeat: no-repeat !important;background-size: cover !important;}\u00bb][\/vc_column][\/vc_row][vc_row full_width=\u00bbstretch_row\u00bb equal_height=\u00bbyes\u00bb css=\u00bb.vc_custom_1685088170793{padding-top: 50px !important;padding-bottom: 50px !important;background-color: #ededed !important;background-position: center !important;background-repeat: no-repeat !important;background-size: contain !important;}\u00bb][vc_column width=\u00bb1\/3&#8243; css=\u00bb.vc_custom_1722360710860{background-position: center !important;background-repeat: no-repeat !important;background-size: contain !important;}\u00bb][vc_single_image image=\u00bb37691&#8243; img_size=\u00bb150&#215;120&#8243; alignment=\u00bbcenter\u00bb][vc_custom_heading text=\u00bbProyecto Europeo\u00bb font_container=\u00bbtag:h4|font_size:35|text_align:center|color:%23282828&#8243; google_fonts=\u00bbfont_family:Oswald%3A300%2Cregular%2C700|font_style:300%20light%20regular%3A300%3Anormal\u00bb css_animation=\u00bbfadeIn\u00bb css=\u00bb.vc_custom_1722360605216{background-position: center !important;background-repeat: no-repeat !important;background-size: cover !important;}\u00bb][vc_empty_space height=\u00bb20&#8243;][\/vc_column][vc_column width=\u00bb2\/3&#8243;][vc_column_text css=\u00bb.vc_custom_1722361270646{padding-top: 20px !important;padding-right: 20px !important;padding-bottom: 20px !important;padding-left: 20px !important;background-color: #d8d8d8 !important;background-position: center !important;background-repeat: no-repeat !important;background-size: cover !important;}\u00bb]<\/p>\n<div class=\"page\" title=\"Page 5\">\n<div class=\"section\">\n<div class=\"layoutArea\">\n<div class=\"column\"><\/div>\n<div class=\"page\" title=\"Page 11\">\n<div class=\"section\">\n<div class=\"layoutArea\">\n<div class=\"column\">\n<h3>Revertia participa en el proyecto ExPliCit que se centra en la investigaci\u00f3n te\u00f3rica y pr\u00e1ctica a trav\u00e9s de intercambios de personal entre el mundo acad\u00e9mico y la industria.<\/h3>\n<\/div>\n<\/div>\n<\/div>\n<\/div>\n<\/div>\n<\/div>\n<\/div>\n<p>[\/vc_column_text][vc_column_text]El proyecto Explicit\u00a0 establece un debate para deconstruir el discurso actual sobre econom\u00eda circular para incluir en el mismo otras dimensiones como las normativas y pol\u00edticas y deliberar sobre sus implicaciones en la organizaci\u00f3n de las redes de producci\u00f3n y distribuci\u00f3n con una perspectiva m\u00e1s cercana a los agentes involucrados.<\/p>\n<p>La mayor\u00eda de los trabajos sobre Econom\u00eda Circular se llevan a cabo a nivel pr\u00e1ctico y t\u00e9cnico, analizando los flujos de materiales y energ\u00eda en los sistemas de producci\u00f3n-consumo.<\/p>\n<p>[\/vc_column_text][\/vc_column][\/vc_row][vc_row full_width=\u00bbstretch_row\u00bb equal_height=\u00bbyes\u00bb css=\u00bb.vc_custom_1684798436693{margin-top: -150px !important;padding-top: 50px !important;padding-bottom: 50px !important;background-position: center !important;background-repeat: no-repeat !important;background-size: contain !important;}\u00bb][vc_column css=\u00bb.vc_custom_1678970737766{background-position: center !important;background-repeat: no-repeat !important;background-size: contain !important;}\u00bb][vc_icon icon_fontawesome=\u00bbfa fa-angle-double-down\u00bb color=\u00bbcustom\u00bb background_style=\u00bbrounded\u00bb size=\u00bbxl\u00bb align=\u00bbcenter\u00bb custom_color=\u00bb#282828&#8243;][vc_empty_space height=\u00bb50&#8243;][vc_custom_heading text=\u00bbEl proyecto ExPliCit tratar\u00e1 de colmar esta laguna mediante la investigaci\u00f3n te\u00f3rica y pr\u00e1ctica a trav\u00e9s de intercambios de personal entre el mundo acad\u00e9mico y la industria, donde Revertia participa para colaborar en base a su experiencia como empresa circular y en otorgar ideas de los futuros que depara la mayor generaci\u00f3n de RAEE.\u00bb font_container=\u00bbtag:h4|font_size:24|text_align:center|color:%23282828&#8243; google_fonts=\u00bbfont_family:Oswald%3A300%2Cregular%2C700|font_style:300%20light%20regular%3A300%3Anormal\u00bb css_animation=\u00bbfadeIn\u00bb css=\u00bb.vc_custom_1722361972499{background-position: center !important;background-repeat: no-repeat !important;background-size: cover !important;}\u00bb][vc_empty_space height=\u00bb50&#8243;][vc_empty_space height=\u00bb50&#8243;][\/vc_column][\/vc_row][vc_row full_width=\u00bbstretch_row\u00bb equal_height=\u00bbyes\u00bb parallax=\u00bbcontent-moving\u00bb css=\u00bb.vc_custom_1708598497889{padding-top: 50px !important;padding-bottom: 50px !important;background-color: #282828 !important;background-position: center;background-repeat: no-repeat !important;background-size: cover !important;}\u00bb][vc_column css=\u00bb.vc_custom_1678970737766{background-position: center !important;background-repeat: no-repeat !important;background-size: contain !important;}\u00bb][vc_custom_heading text=\u00bbEl papel de revertia en este proyecto:\u00bb font_container=\u00bbtag:h4|font_size:24|text_align:center|color:%23ffffff\u00bb google_fonts=\u00bbfont_family:Oswald%3A300%2Cregular%2C700|font_style:300%20light%20regular%3A300%3Anormal\u00bb css_animation=\u00bbfadeIn\u00bb css=\u00bb.vc_custom_1722362037564{background-position: center !important;background-repeat: no-repeat !important;background-size: cover !important;}\u00bb][vc_custom_heading text=\u00bbDiferentes actividades marcan este proyecto: visitas e intercambios, talleres, etc. que finalizar\u00e1 a finales de 2025, por lo que a\u00fan queda mucho por aprender de otros partners involucrados en el proyecto. Se abre por tanto un abanico de oportunidades para intercambiar informaci\u00f3n con colaboradores industriales y acad\u00e9micos a conocer fuera de Espa\u00f1a.\u00bb font_container=\u00bbtag:h4|font_size:24|text_align:center|color:%23f7f7f7&#8243; google_fonts=\u00bbfont_family:Oswald%3A300%2Cregular%2C700|font_style:300%20light%20regular%3A300%3Anormal\u00bb css_animation=\u00bbfadeIn\u00bb css=\u00bb.vc_custom_1722433158487{background-position: center !important;background-repeat: no-repeat !important;background-size: cover !important;}\u00bb][\/vc_column][\/vc_row][vc_row full_width=\u00bbstretch_row\u00bb equal_height=\u00bbyes\u00bb css=\u00bb.vc_custom_1686045052088{margin-top: -50px !important;padding-top: 50px !important;padding-bottom: 50px !important;background-position: center !important;background-repeat: no-repeat !important;background-size: cover !important;}\u00bb][vc_column css=\u00bb.vc_custom_1678970737766{background-position: center !important;background-repeat: no-repeat !important;background-size: contain !important;}\u00bb][vc_custom_heading text=\u00bbNOTICIAS RELACIONADAS\u00bb font_container=\u00bbtag:h4|font_size:35|text_align:center|color:%23282828&#8243; google_fonts=\u00bbfont_family:Oswald%3A300%2Cregular%2C700|font_style:300%20light%20regular%3A300%3Anormal\u00bb css_animation=\u00bbfadeIn\u00bb css=\u00bb.vc_custom_1708598398916{background-position: center !important;background-repeat: no-repeat !important;background-size: cover !important;}\u00bb][vc_empty_space height=\u00bb50&#8243;][vc_basic_grid post_type=\u00bbpost\u00bb max_items=\u00bb8&#8243; element_width=\u00bb3&#8243; item=\u00bb7266&#8243; grid_id=\u00bbvc_gid:1722433141374-ccddb425-6fdc-10&#8243; taxonomies=\u00bb45&#8243;][\/vc_column][\/vc_row][vc_row full_width=\u00bbstretch_row\u00bb equal_height=\u00bbyes\u00bb css=\u00bb.vc_custom_1686045052088{margin-top: -50px !important;padding-top: 50px !important;padding-bottom: 50px !important;background-position: center !important;background-repeat: no-repeat !important;background-size: cover !important;}\u00bb][vc_column css=\u00bb.vc_custom_1678970737766{background-position: center !important;background-repeat: no-repeat !important;background-size: contain !important;}\u00bb][vc_column_text]<\/p>\n<p style=\"text-align: center;\"><strong><br \/>\n<a href=\"https:\/\/revertia.com\/perte-naval\/\">VER M\u00c1S PROYECTOS EUROPEOS &gt;&gt;<\/a><\/strong><\/p>\n<p>[\/vc_column_text][\/vc_column][\/vc_row]<\/p>","protected":false},"excerpt":{"rendered":"<p>[vc_row full_width=\u00bbstretch_row\u00bb equal_height=\u00bbyes\u00bb css=\u00bb.vc_custom_1722361064318{margin-top: -80px !important;padding-top: 50px !important;padding-bottom: 50px !important;background-image: url(https:\/\/revertia.com\/wp-content\/uploads\/2024\/07\/EXPLICIT.jpg?id=37700) !important;background-position: center !important;background-repeat: no-repeat !important;background-size: cover !important;}\u00bb][vc_column css=\u00bb.vc_custom_1722360563192{margin-top: 50px !important;margin-bottom: 50px !important;padding-top: 50px !important;padding-right: 100px !important;padding-bottom: 50px !important;padding-left: 100px !important;background-color: #70b62c !important;background-position: center !important;background-repeat: no-repeat !important;background-size: contain !important;}\u00bb][vc_custom_heading text=\u00bbExplicit\u00bb font_container=\u00bbtag:h4|font_size:40|text_align:center|color:%23ffffff\u00bb google_fonts=\u00bbfont_family:Oswald%3A300%2Cregular%2C700|font_style:300%20light%20regular%3A300%3Anormal\u00bb css_animation=\u00bbfadeIn\u00bb css=\u00bb.vc_custom_1722360427553{background-position: center !important;background-repeat: no-repeat !important;background-size: cover !important;}\u00bb][vc_custom_heading text=\u00bbExploring Plausible Circular Futures\u00bb font_container=\u00bbtag:p|font_size:24|text_align:center|color:%23ffffff\u00bb [&hellip;]<\/p>\n","protected":false},"author":10,"featured_media":0,"parent":0,"menu_order":0,"comment_status":"closed","ping_status":"closed","template":"","meta":{"_acf_changed":false,"inline_featured_image":false,"footnotes":""},"acf":[],"yoast_head":"<!-- This site is optimized with the Yoast SEO plugin v22.8 - https:\/\/yoast.com\/wordpress\/plugins\/seo\/ -->\n<title>Explicit - Revertia<\/title>\n<meta name=\"robots\" content=\"index, follow, max-snippet:-1, max-image-preview:large, max-video-preview:-1\" \/>\n<link rel=\"canonical\" href=\"https:\/\/revertia.com\/explicit\/\" \/>\n<meta property=\"og:locale\" content=\"es_ES\" \/>\n<meta property=\"og:type\" content=\"article\" \/>\n<meta property=\"og:title\" content=\"[:es]Explicit[:] - Revertia\" \/>\n<meta property=\"og:description\" content=\"[vc_row full_width=\u00bbstretch_row\u00bb equal_height=\u00bbyes\u00bb css=\u00bb.vc_custom_1722361064318{margin-top: -80px !important;padding-top: 50px !important;padding-bottom: 50px !important;background-image: url(https:\/\/revertia.com\/wp-content\/uploads\/2024\/07\/EXPLICIT.jpg?id=37700) !important;background-position: center !important;background-repeat: no-repeat !important;background-size: cover !important;}\u00bb][vc_column css=\u00bb.vc_custom_1722360563192{margin-top: 50px !important;margin-bottom: 50px !important;padding-top: 50px !important;padding-right: 100px !important;padding-bottom: 50px !important;padding-left: 100px !important;background-color: #70b62c !important;background-position: center !important;background-repeat: no-repeat !important;background-size: contain !important;}\u00bb][vc_custom_heading text=\u00bbExplicit\u00bb font_container=\u00bbtag:h4|font_size:40|text_align:center|color:%23ffffff\u00bb google_fonts=\u00bbfont_family:Oswald%3A300%2Cregular%2C700|font_style:300%20light%20regular%3A300%3Anormal\u00bb css_animation=\u00bbfadeIn\u00bb css=\u00bb.vc_custom_1722360427553{background-position: center !important;background-repeat: no-repeat !important;background-size: cover !important;}\u00bb][vc_custom_heading text=\u00bbExploring Plausible Circular Futures\u00bb font_container=\u00bbtag:p|font_size:24|text_align:center|color:%23ffffff\u00bb [&hellip;]\" \/>\n<meta property=\"og:url\" content=\"https:\/\/revertia.com\/explicit\/\" \/>\n<meta property=\"og:site_name\" content=\"Revertia\" \/>\n<meta property=\"article:publisher\" content=\"https:\/\/www.facebook.com\/revertiaresiduos\/\" \/>\n<meta property=\"article:modified_time\" content=\"2024-07-31T13:39:20+00:00\" \/>\n<meta name=\"twitter:card\" content=\"summary_large_image\" \/>\n<meta name=\"twitter:site\" content=\"@revertia\" \/>\n<meta name=\"twitter:label1\" content=\"Tiempo de lectura\" \/>\n\t<meta name=\"twitter:data1\" content=\"3 minutos\" \/>\n<script type=\"application\/ld+json\" class=\"yoast-schema-graph\">{\"@context\":\"https:\/\/schema.org\",\"@graph\":[{\"@type\":\"WebPage\",\"@id\":\"https:\/\/revertia.com\/explicit\/\",\"url\":\"https:\/\/revertia.com\/explicit\/\",\"name\":\"[:es]Explicit[:] - Revertia\",\"isPartOf\":{\"@id\":\"https:\/\/revertia.com\/es\/#website\"},\"datePublished\":\"2024-07-30T17:33:30+00:00\",\"dateModified\":\"2024-07-31T13:39:20+00:00\",\"breadcrumb\":{\"@id\":\"https:\/\/revertia.com\/explicit\/#breadcrumb\"},\"inLanguage\":\"es\",\"potentialAction\":[{\"@type\":\"ReadAction\",\"target\":[\"https:\/\/revertia.com\/explicit\/\"]}]},{\"@type\":\"BreadcrumbList\",\"@id\":\"https:\/\/revertia.com\/explicit\/#breadcrumb\",\"itemListElement\":[{\"@type\":\"ListItem\",\"position\":1,\"name\":\"Portada\",\"item\":\"https:\/\/revertia.com\/\"},{\"@type\":\"ListItem\",\"position\":2,\"name\":\"Explicit\"}]},{\"@type\":\"WebSite\",\"@id\":\"https:\/\/revertia.com\/es\/#website\",\"url\":\"https:\/\/revertia.com\/es\/\",\"name\":\"Revertia\",\"description\":\"\",\"publisher\":{\"@id\":\"https:\/\/revertia.com\/es\/#organization\"},\"potentialAction\":[{\"@type\":\"SearchAction\",\"target\":{\"@type\":\"EntryPoint\",\"urlTemplate\":\"https:\/\/revertia.com\/es\/?s={search_term_string}\"},\"query-input\":\"required name=search_term_string\"}],\"inLanguage\":\"es\"},{\"@type\":\"Organization\",\"@id\":\"https:\/\/revertia.com\/es\/#organization\",\"name\":\"Revertia\",\"url\":\"https:\/\/revertia.com\/es\/\",\"logo\":{\"@type\":\"ImageObject\",\"inLanguage\":\"es\",\"@id\":\"https:\/\/revertia.com\/es\/#\/schema\/logo\/image\/\",\"url\":\"https:\/\/revertia.com\/wp-content\/uploads\/2018\/08\/logo-revertia.png\",\"contentUrl\":\"https:\/\/revertia.com\/wp-content\/uploads\/2018\/08\/logo-revertia.png\",\"width\":199,\"height\":38,\"caption\":\"Revertia\"},\"image\":{\"@id\":\"https:\/\/revertia.com\/es\/#\/schema\/logo\/image\/\"},\"sameAs\":[\"https:\/\/www.facebook.com\/revertiaresiduos\/\",\"https:\/\/x.com\/revertia\",\"https:\/\/www.linkedin.com\/company\/revertia\",\"https:\/\/www.youtube.com\/user\/revertia\"]}]}<\/script>\n<!-- \/ Yoast SEO plugin. -->","yoast_head_json":{"title":"[:es]Explicit[:] - Revertia","robots":{"index":"index","follow":"follow","max-snippet":"max-snippet:-1","max-image-preview":"max-image-preview:large","max-video-preview":"max-video-preview:-1"},"canonical":"https:\/\/revertia.com\/explicit\/","og_locale":"es_ES","og_type":"article","og_title":"[:es]Explicit[:] - Revertia","og_description":"[vc_row full_width=\u00bbstretch_row\u00bb equal_height=\u00bbyes\u00bb css=\u00bb.vc_custom_1722361064318{margin-top: -80px !important;padding-top: 50px !important;padding-bottom: 50px !important;background-image: url(https:\/\/revertia.com\/wp-content\/uploads\/2024\/07\/EXPLICIT.jpg?id=37700) !important;background-position: center !important;background-repeat: no-repeat !important;background-size: cover !important;}\u00bb][vc_column css=\u00bb.vc_custom_1722360563192{margin-top: 50px !important;margin-bottom: 50px !important;padding-top: 50px !important;padding-right: 100px !important;padding-bottom: 50px !important;padding-left: 100px !important;background-color: #70b62c !important;background-position: center !important;background-repeat: no-repeat !important;background-size: contain !important;}\u00bb][vc_custom_heading text=\u00bbExplicit\u00bb font_container=\u00bbtag:h4|font_size:40|text_align:center|color:%23ffffff\u00bb google_fonts=\u00bbfont_family:Oswald%3A300%2Cregular%2C700|font_style:300%20light%20regular%3A300%3Anormal\u00bb css_animation=\u00bbfadeIn\u00bb css=\u00bb.vc_custom_1722360427553{background-position: center !important;background-repeat: no-repeat !important;background-size: cover !important;}\u00bb][vc_custom_heading text=\u00bbExploring Plausible Circular Futures\u00bb font_container=\u00bbtag:p|font_size:24|text_align:center|color:%23ffffff\u00bb [&hellip;]","og_url":"https:\/\/revertia.com\/explicit\/","og_site_name":"Revertia","article_publisher":"https:\/\/www.facebook.com\/revertiaresiduos\/","article_modified_time":"2024-07-31T13:39:20+00:00","twitter_card":"summary_large_image","twitter_site":"@revertia","twitter_misc":{"Tiempo de lectura":"3 minutos"},"schema":{"@context":"https:\/\/schema.org","@graph":[{"@type":"WebPage","@id":"https:\/\/revertia.com\/explicit\/","url":"https:\/\/revertia.com\/explicit\/","name":"[:es]Explicit[:] - Revertia","isPartOf":{"@id":"https:\/\/revertia.com\/es\/#website"},"datePublished":"2024-07-30T17:33:30+00:00","dateModified":"2024-07-31T13:39:20+00:00","breadcrumb":{"@id":"https:\/\/revertia.com\/explicit\/#breadcrumb"},"inLanguage":"es","potentialAction":[{"@type":"ReadAction","target":["https:\/\/revertia.com\/explicit\/"]}]},{"@type":"BreadcrumbList","@id":"https:\/\/revertia.com\/explicit\/#breadcrumb","itemListElement":[{"@type":"ListItem","position":1,"name":"Portada","item":"https:\/\/revertia.com\/"},{"@type":"ListItem","position":2,"name":"Explicit"}]},{"@type":"WebSite","@id":"https:\/\/revertia.com\/es\/#website","url":"https:\/\/revertia.com\/es\/","name":"Revertia","description":"","publisher":{"@id":"https:\/\/revertia.com\/es\/#organization"},"potentialAction":[{"@type":"SearchAction","target":{"@type":"EntryPoint","urlTemplate":"https:\/\/revertia.com\/es\/?s={search_term_string}"},"query-input":"required name=search_term_string"}],"inLanguage":"es"},{"@type":"Organization","@id":"https:\/\/revertia.com\/es\/#organization","name":"Revertia","url":"https:\/\/revertia.com\/es\/","logo":{"@type":"ImageObject","inLanguage":"es","@id":"https:\/\/revertia.com\/es\/#\/schema\/logo\/image\/","url":"https:\/\/revertia.com\/wp-content\/uploads\/2018\/08\/logo-revertia.png","contentUrl":"https:\/\/revertia.com\/wp-content\/uploads\/2018\/08\/logo-revertia.png","width":199,"height":38,"caption":"Revertia"},"image":{"@id":"https:\/\/revertia.com\/es\/#\/schema\/logo\/image\/"},"sameAs":["https:\/\/www.facebook.com\/revertiaresiduos\/","https:\/\/x.com\/revertia","https:\/\/www.linkedin.com\/company\/revertia","https:\/\/www.youtube.com\/user\/revertia"]}]}},"_links":{"self":[{"href":"https:\/\/revertia.com\/es\/wp-json\/wp\/v2\/pages\/37688"}],"collection":[{"href":"https:\/\/revertia.com\/es\/wp-json\/wp\/v2\/pages"}],"about":[{"href":"https:\/\/revertia.com\/es\/wp-json\/wp\/v2\/types\/page"}],"author":[{"embeddable":true,"href":"https:\/\/revertia.com\/es\/wp-json\/wp\/v2\/users\/10"}],"replies":[{"embeddable":true,"href":"https:\/\/revertia.com\/es\/wp-json\/wp\/v2\/comments?post=37688"}],"version-history":[{"count":18,"href":"https:\/\/revertia.com\/es\/wp-json\/wp\/v2\/pages\/37688\/revisions"}],"predecessor-version":[{"id":37746,"href":"https:\/\/revertia.com\/es\/wp-json\/wp\/v2\/pages\/37688\/revisions\/37746"}],"wp:attachment":[{"href":"https:\/\/revertia.com\/es\/wp-json\/wp\/v2\/media?parent=37688"}],"curies":[{"name":"wp","href":"https:\/\/api.w.org\/{rel}","templated":true}]}}