{"id":29382,"date":"2024-01-23T09:12:40","date_gmt":"2024-01-23T08:12:40","guid":{"rendered":"https:\/\/revertia.com\/?page_id=29382"},"modified":"2025-11-10T18:28:58","modified_gmt":"2025-11-10T17:28:58","slug":"acciones-de-reforestacion","status":"publish","type":"page","link":"https:\/\/revertia.com\/es\/acciones-de-reforestacion\/","title":{"rendered":"Acciones de reforestaci\u00f3n"},"content":{"rendered":"<p><\/p>\n<p>[vc_row full_width=\u00bbstretch_row\u00bb css=\u00bb.vc_custom_1706002390781{margin-top: -80px !important;padding-top: 50px !important;padding-bottom: 100px !important;background-image: url(https:\/\/revertia.com\/wp-content\/uploads\/2024\/01\/fondo_5_bosquia.jpg?id=29405) !important;background-position: center !important;background-repeat: no-repeat !important;background-size: cover !important;}\u00bb][vc_column][vc_row_inner][vc_column_inner width=\u00bb1\/2&#8243;][vc_single_image image=\u00bb8388&#8243; img_size=\u00bb300&#215;60&#8243; css=\u00bb.vc_custom_1706006945366{background-position: center !important;background-repeat: no-repeat !important;background-size: cover !important;}\u00bb][\/vc_column_inner][vc_column_inner width=\u00bb1\/2&#8243;][\/vc_column_inner][\/vc_row_inner][vc_row_inner][vc_column_inner css=\u00bb.vc_custom_1705412849330{background-position: center !important;background-repeat: no-repeat !important;background-size: contain !important;}\u00bb][vc_custom_heading text=\u00bb<strong>Qui\u00e9n planta un \u00e1rbol, planta una esperanza<\/strong>\u00bb font_container=\u00bbtag:h2|font_size:16|text_align:center|color:%23ffffff\u00bb google_fonts=\u00bbfont_family:Raleway%3A100%2C200%2C300%2Cregular%2C500%2C600%2C700%2C800%2C900|font_style:400%20regular%3A400%3Anormal\u00bb css_animation=\u00bbfadeIn\u00bb][vc_custom_heading text=\u00bbPLANTAMOS 100 \u00c1RBOLES REVERTIA 2025&#8243; font_container=\u00bbtag:h2|font_size:45|text_align:center|color:%23ffffff\u00bb google_fonts=\u00bbfont_family:Raleway%3A100%2C200%2C300%2Cregular%2C500%2C600%2C700%2C800%2C900|font_style:400%20regular%3A400%3Anormal\u00bb css_animation=\u00bbfadeIn\u00bb][vc_custom_heading text=\u00bbSabemos que cuidar y proteger la naturaleza es<br \/>\ncuidar y proteger a las personas y su futuro.\u00bb font_container=\u00bbtag:p|font_size:20|text_align:center|color:%23ffffff\u00bb google_fonts=\u00bbfont_family:Raleway%3A100%2C200%2C300%2Cregular%2C500%2C600%2C700%2C800%2C900|font_style:400%20regular%3A400%3Anormal\u00bb css_animation=\u00bbfadeIn\u00bb][vc_empty_space height=\u00bb50&#8243;][vc_empty_space height=\u00bb20&#8243;][\/vc_column_inner][\/vc_row_inner][vc_empty_space height=\u00bb30&#8243;][vc_row_inner][vc_column_inner width=\u00bb1\/6&#8243;][\/vc_column_inner][vc_column_inner width=\u00bb2\/3&#8243; css=\u00bb.vc_custom_1706002862284{background-color: rgba(255,255,255,0.64) !important;background-position: center !important;background-repeat: no-repeat !important;background-size: cover !important;*background-color: rgb(255,255,255) !important;border-radius: 5px !important;}\u00bb][vc_raw_html]JTNDZGl2JTIwc3R5bGUlM0QlMjJwYWRkaW5nJTNBNTYuMjUlMjUlMjAwJTIwMCUyMDAlM0Jwb3NpdGlvbiUzQXJlbGF0aXZlJTNCJTIyJTNFJTNDaWZyYW1lJTIwc3JjJTNEJTIyaHR0cHMlM0ElMkYlMkZwbGF5ZXIudmltZW8uY29tJTJGdmlkZW8lMkYxMTM1NDEwODI1JTNGYmFkZ2UlM0QwJTI2YW1wJTNCYXV0b3BhdXNlJTNEMCUyNmFtcCUzQnBsYXllcl9pZCUzRDAlMjZhbXAlM0JhcHBfaWQlM0Q1ODQ3OSUyNmFtcCUzQmF1dG9wbGF5JTNEMSUyNmFtcCUzQmxvb3AlM0QxJTIyJTIwZnJhbWVib3JkZXIlM0QlMjIwJTIyJTIwYWxsb3clM0QlMjJhdXRvcGxheSUzQiUyMGZ1bGxzY3JlZW4lM0IlMjBwaWN0dXJlLWluLXBpY3R1cmUlM0IlMjBjbGlwYm9hcmQtd3JpdGUlM0IlMjBlbmNyeXB0ZWQtbWVkaWElM0IlMjB3ZWItc2hhcmUlMjIlMjByZWZlcnJlcnBvbGljeSUzRCUyMnN0cmljdC1vcmlnaW4td2hlbi1jcm9zcy1vcmlnaW4lMjIlMjBzdHlsZSUzRCUyMnBvc2l0aW9uJTNBYWJzb2x1dGUlM0J0b3AlM0EwJTNCbGVmdCUzQTAlM0J3aWR0aCUzQTEwMCUyNSUzQmhlaWdodCUzQTEwMCUyNSUzQiUyMiUyMHRpdGxlJTNEJTIyMTAwJTIwJUMzJUExcmJvbGVzJTIwcXVlJTIwc2UlMjBzdW1hbiUyMGElMjBudWVzdHJvJTIwcHJveWVjdG8lMjB2ZXJkZS4lMjIlM0UlM0MlMkZpZnJhbWUlM0UlM0MlMkZkaXYlM0UlM0NzY3JpcHQlMjBzcmMlM0QlMjJodHRwcyUzQSUyRiUyRnBsYXllci52aW1lby5jb20lMkZhcGklMkZwbGF5ZXIuanMlMjIlM0UlM0MlMkZzY3JpcHQlM0U=[\/vc_raw_html][\/vc_column_inner][vc_column_inner width=\u00bb1\/6&#8243;][\/vc_column_inner][\/vc_row_inner][\/vc_column][\/vc_row][vc_row full_width=\u00bbstretch_row\u00bb equal_height=\u00bbyes\u00bb css=\u00bb.vc_custom_1685088170793{padding-top: 50px !important;padding-bottom: 50px !important;background-color: #ededed !important;background-position: center !important;background-repeat: no-repeat !important;background-size: contain !important;}\u00bb][vc_column width=\u00bb1\/6&#8243; css=\u00bb.vc_custom_1706003268239{background-position: center !important;background-repeat: no-repeat !important;background-size: contain !important;}\u00bb][\/vc_column][vc_column width=\u00bb2\/6&#8243;][vc_custom_heading text=\u00bbLa plantaci\u00f3n se realizar\u00e1 con \u00e1rboles que pertenecen a nuestros clientes y colaboradores m\u00e1s cercanos.\u00bb font_container=\u00bbtag:p|font_size:18|text_align:left|color:%230b3646&#8243; google_fonts=\u00bbfont_family:Raleway%3A100%2C200%2C300%2Cregular%2C500%2C600%2C700%2C800%2C900|font_style:300%20light%20regular%3A300%3Anormal\u00bb css_animation=\u00bbfadeIn\u00bb css=\u00bb.vc_custom_1761926641369{background-position: center !important;background-repeat: no-repeat !important;background-size: cover !important;}\u00bb][vc_custom_heading text=\u00bbGracias al \u00e9xito de esta iniciativa en a\u00f1os anteriores, hemos llevado a cabo junto a Bosquia, una plantaci\u00f3n en Miraflores de la Sierra (Madrid), con especies aut\u00f3ctonas como la encina, la retama, el endrino, el tomillo y el espino albar.\u00bb font_container=\u00bbtag:p|font_size:18|text_align:left|color:%230b3646&#8243; google_fonts=\u00bbfont_family:Raleway%3A100%2C200%2C300%2Cregular%2C500%2C600%2C700%2C800%2C900|font_style:300%20light%20regular%3A300%3Anormal\u00bb css_animation=\u00bbfadeIn\u00bb css=\u00bb.vc_custom_1711034919266{background-position: center !important;background-repeat: no-repeat !important;background-size: cover !important;}\u00bb][vc_empty_space height=\u00bb20&#8243;][vc_row_inner][vc_column_inner width=\u00bb1\/2&#8243;][\/vc_column_inner][vc_column_inner width=\u00bb1\/2&#8243;][\/vc_column_inner][\/vc_row_inner][\/vc_column][vc_column width=\u00bb2\/6&#8243;][vc_custom_heading text=\u00bbPara el equipo de Reverse\/Revertia es un orgullo que participes de forma directa en este proyecto.\u00bb font_container=\u00bbtag:p|font_size:18|text_align:left|color:%230b3646&#8243; google_fonts=\u00bbfont_family:Raleway%3A100%2C200%2C300%2Cregular%2C500%2C600%2C700%2C800%2C900|font_style:500%20bold%20regular%3A500%3Anormal\u00bb css_animation=\u00bbfadeIn\u00bb css=\u00bb.vc_custom_1710937075061{background-position: center !important;background-repeat: no-repeat !important;background-size: cover !important;}\u00bb][vc_custom_heading text=\u00bbEs nuestra manera de agradecer tu fidelidad y confianza. Por eso, plantamos un \u00e1rbol en tu nombre, que traer\u00e1 vida y ox\u00edgeno al planeta.\u00bb font_container=\u00bbtag:p|font_size:18|text_align:left|color:%230b3646&#8243; google_fonts=\u00bbfont_family:Raleway%3A100%2C200%2C300%2Cregular%2C500%2C600%2C700%2C800%2C900|font_style:500%20bold%20regular%3A500%3Anormal\u00bb css_animation=\u00bbfadeIn\u00bb css=\u00bb.vc_custom_1710937080259{background-position: center !important;background-repeat: no-repeat !important;background-size: cover !important;}\u00bb][\/vc_column][vc_column width=\u00bb1\/6&#8243;][\/vc_column][\/vc_row][vc_row full_width=\u00bbstretch_row\u00bb equal_height=\u00bbyes\u00bb css=\u00bb.vc_custom_1706004085579{margin-top: -150px !important;padding-top: 50px !important;background-position: center !important;background-repeat: no-repeat !important;background-size: contain !important;}\u00bb][vc_column css=\u00bb.vc_custom_1678970737766{background-position: center !important;background-repeat: no-repeat !important;background-size: contain !important;}\u00bb][vc_icon icon_fontawesome=\u00bbfa fa-angle-double-down\u00bb color=\u00bbcustom\u00bb background_style=\u00bbrounded\u00bb size=\u00bbxl\u00bb align=\u00bbcenter\u00bb custom_color=\u00bb#1a2e3c\u00bb][vc_empty_space height=\u00bb50&#8243;][vc_custom_heading text=\u00bb<strong>Ahora d\u00ednos, \u00bfquieres formar parte del equipo voluntario en pr\u00f3ximas plantaciones?<\/strong><br \/>\nTe informamos de los pr\u00f3ximos eventos para compartir con nosotros y otras empresas una jornada en la naturaleza.\u00bb font_container=\u00bbtag:p|font_size:20|text_align:center|color:%230b3646&#8243; google_fonts=\u00bbfont_family:Raleway%3A100%2C200%2C300%2Cregular%2C500%2C600%2C700%2C800%2C900|font_style:300%20light%20regular%3A300%3Anormal\u00bb css_animation=\u00bbfadeIn\u00bb css=\u00bb.vc_custom_1710785257688{background-position: center !important;background-repeat: no-repeat !important;background-size: cover !important;}\u00bb][\/vc_column][\/vc_row][vc_row full_width=\u00bbstretch_row\u00bb equal_height=\u00bbyes\u00bb css=\u00bb.vc_custom_1686042407900{margin-top: -30px !important;padding-top: 50px !important;padding-bottom: 50px !important;}\u00bb][vc_column width=\u00bb1\/3&#8243; css=\u00bb.vc_custom_1706003723500{background-position: center !important;background-repeat: no-repeat !important;background-size: cover !important;}\u00bb][\/vc_column][vc_column width=\u00bb1\/3&#8243; css=\u00bb.vc_custom_1706003711571{background-color: rgba(26,46,60,0.41) !important;background-position: center !important;background-repeat: no-repeat !important;background-size: cover !important;*background-color: rgb(26,46,60) !important;border-radius: 10px !important;}\u00bb][vc_empty_space height=\u00bb50&#8243;][vc_single_image image=\u00bb29403&#8243; img_size=\u00bb200&#215;200&#8243; alignment=\u00bbcenter\u00bb][vc_empty_space height=\u00bb20&#8243;]\n<div class=\"wpcf7 no-js\" id=\"wpcf7-f29406-o1\" lang=\"es-ES\" dir=\"ltr\">\n<div class=\"screen-reader-response\"><p role=\"status\" aria-live=\"polite\" aria-atomic=\"true\"><\/p> <ul><\/ul><\/div>\n<form action=\"\/es\/wp-json\/wp\/v2\/pages\/29382#wpcf7-f29406-o1\" method=\"post\" class=\"wpcf7-form init\" aria-label=\"Formulario de contacto\" novalidate=\"novalidate\" data-status=\"init\">\n<div style=\"display: none;\">\n<input type=\"hidden\" name=\"_wpcf7\" value=\"29406\" \/>\n<input type=\"hidden\" name=\"_wpcf7_version\" value=\"5.9.5\" \/>\n<input type=\"hidden\" name=\"_wpcf7_locale\" value=\"es_ES\" \/>\n<input type=\"hidden\" name=\"_wpcf7_unit_tag\" value=\"wpcf7-f29406-o1\" \/>\n<input type=\"hidden\" name=\"_wpcf7_container_post\" value=\"0\" \/>\n<input type=\"hidden\" name=\"_wpcf7_posted_data_hash\" value=\"\" \/>\n<input type=\"hidden\" name=\"_wpcf7_recaptcha_response\" value=\"\" \/>\n<\/div>\n<div class=\"formulario-material\">\n\t<p><span class=\"wpcf7-form-control-wrap\" data-name=\"your-name\"><input size=\"40\" class=\"wpcf7-form-control wpcf7-text wpcf7-validates-as-required form-control floating-label\" aria-required=\"true\" aria-invalid=\"false\" placeholder=\"&lt;strong&gt;Nombre*&lt;\/strong&gt;\" value=\"\" type=\"text\" name=\"your-name\" \/><\/span>\n\t<\/p>\n\t<p><strong><span class=\"wpcf7-form-control-wrap\" data-name=\"your-email\"><input size=\"40\" class=\"wpcf7-form-control wpcf7-email wpcf7-validates-as-required wpcf7-text wpcf7-validates-as-email form-control floating-label\" aria-required=\"true\" aria-invalid=\"false\" placeholder=\"Email*\" value=\"\" type=\"email\" name=\"your-email\" \/><\/span><\/strong>\n\t<\/p>\n\t<p><strong><span class=\"wpcf7-form-control-wrap\" data-name=\"text-534\"><input size=\"40\" class=\"wpcf7-form-control wpcf7-text wpcf7-validates-as-required form-control floating-label\" aria-required=\"true\" aria-invalid=\"false\" placeholder=\"Empresa*\" value=\"\" type=\"text\" name=\"text-534\" \/><\/span><\/strong>\n\t<\/p>\n\t<p><strong><span class=\"wpcf7-form-control-wrap\" data-name=\"text-997\"><input size=\"40\" class=\"wpcf7-form-control wpcf7-text form-control floating-label\" aria-invalid=\"false\" placeholder=\"Comenta:\" value=\"\" type=\"text\" name=\"text-997\" \/><\/span><\/strong>\n\t<\/p>\n\t<div style=\"font-size:12px;\">\n\t\t<p class=\"politica-legal\"><br \/>\n<span class=\"wpcf7-form-control-wrap\" data-name=\"acceptance-135\"><span class=\"wpcf7-form-control wpcf7-acceptance\"><span class=\"wpcf7-list-item\"><input type=\"checkbox\" name=\"acceptance-135\" value=\"1\" aria-invalid=\"false\" \/><\/span><\/span><\/span> He le\u00eddo y acepto los <a href=\"https:\/\/revertia.com\/aviso-legal\/\"><strong> t\u00e9rminos legales<\/strong><\/a>\n\t\t<\/p>\n\t<\/div>\n\t<p><input class=\"wpcf7-form-control wpcf7-submit has-spinner btn btn-black\" type=\"submit\" value=\"Enviar\" \/>\n\t<\/p>\n<\/div><div class=\"wpcf7-response-output\" aria-hidden=\"true\"><\/div>\n<\/form>\n<\/div>\n[\/vc_column][vc_column width=\u00bb1\/3&#8243;][\/vc_column][\/vc_row][vc_row full_width=\u00bbstretch_row\u00bb css=\u00bb.vc_custom_1710785291829{margin-bottom: -50px !important;background-color: #e8e8e8 !important;background-position: center !important;background-repeat: no-repeat !important;background-size: cover !important;}\u00bb][vc_column][vc_empty_space height=\u00bb20&#8243;][vc_custom_heading text=\u00bbNoticias relacionadas\u00bb font_container=\u00bbtag:h4|font_size:30|text_align:center|color:%230b3646&#8243; google_fonts=\u00bbfont_family:Raleway%3A100%2C200%2C300%2Cregular%2C500%2C600%2C700%2C800%2C900|font_style:400%20regular%3A400%3Anormal\u00bb css_animation=\u00bbfadeIn\u00bb][vc_empty_space height=\u00bb20&#8243;][vc_basic_grid post_type=\u00bbpost\u00bb max_items=\u00bb\u00bb gap=\u00bb15&#8243; item=\u00bb7266&#8243; grid_id=\u00bbvc_gid:1762795716414-fc7dab73-2eae-8&#8243; el_class=\u00bbpost-blog\u00bb taxonomies=\u00bb60&#8243;][vc_empty_space height=\u00bb50&#8243;][\/vc_column][\/vc_row]<\/p>\n<p><\/p>","protected":false},"excerpt":{"rendered":"<p>[vc_row full_width=\u00bbstretch_row\u00bb css=\u00bb.vc_custom_1706002390781{margin-top: -80px !important;padding-top: 50px !important;padding-bottom: 100px !important;background-image: url(https:\/\/revertia.com\/wp-content\/uploads\/2024\/01\/fondo_5_bosquia.jpg?id=29405) !important;background-position: center !important;background-repeat: no-repeat !important;background-size: cover !important;}\u00bb][vc_column][vc_row_inner][vc_column_inner width=\u00bb1\/2&#8243;][vc_single_image image=\u00bb8388&#8243; img_size=\u00bb300&#215;60&#8243; css=\u00bb.vc_custom_1706006945366{background-position: center !important;background-repeat: no-repeat !important;background-size: cover !important;}\u00bb][\/vc_column_inner][vc_column_inner width=\u00bb1\/2&#8243;][\/vc_column_inner][\/vc_row_inner][vc_row_inner][vc_column_inner css=\u00bb.vc_custom_1705412849330{background-position: center !important;background-repeat: no-repeat !important;background-size: contain !important;}\u00bb][vc_custom_heading text=\u00bbQui\u00e9n planta un \u00e1rbol, planta una esperanza\u00bb font_container=\u00bbtag:h2|font_size:16|text_align:center|color:%23ffffff\u00bb google_fonts=\u00bbfont_family:Raleway%3A100%2C200%2C300%2Cregular%2C500%2C600%2C700%2C800%2C900|font_style:400%20regular%3A400%3Anormal\u00bb css_animation=\u00bbfadeIn\u00bb][vc_custom_heading text=\u00bbPLANTAMOS 100 \u00c1RBOLES REVERTIA 2025&#8243; font_container=\u00bbtag:h2|font_size:45|text_align:center|color:%23ffffff\u00bb google_fonts=\u00bbfont_family:Raleway%3A100%2C200%2C300%2Cregular%2C500%2C600%2C700%2C800%2C900|font_style:400%20regular%3A400%3Anormal\u00bb css_animation=\u00bbfadeIn\u00bb][vc_custom_heading text=\u00bbSabemos que [&hellip;]<\/p>\n","protected":false},"author":3,"featured_media":0,"parent":0,"menu_order":0,"comment_status":"closed","ping_status":"closed","template":"","meta":{"_acf_changed":false,"inline_featured_image":false,"footnotes":""},"acf":[],"yoast_head":"<!-- This site is optimized with the Yoast SEO plugin v22.8 - https:\/\/yoast.com\/wordpress\/plugins\/seo\/ -->\n<title>Acciones de reforestaci\u00f3n  - Revertia<\/title>\n<meta name=\"robots\" content=\"index, follow, max-snippet:-1, max-image-preview:large, max-video-preview:-1\" \/>\n<link rel=\"canonical\" href=\"https:\/\/revertia.com\/acciones-de-reforestacion\/\" \/>\n<meta property=\"og:locale\" content=\"es_ES\" \/>\n<meta property=\"og:type\" content=\"article\" \/>\n<meta property=\"og:title\" content=\"[:es]Acciones de reforestaci\u00f3n [:] - Revertia\" \/>\n<meta property=\"og:description\" content=\"[vc_row full_width=\u00bbstretch_row\u00bb css=\u00bb.vc_custom_1706002390781{margin-top: -80px !important;padding-top: 50px !important;padding-bottom: 100px !important;background-image: url(https:\/\/revertia.com\/wp-content\/uploads\/2024\/01\/fondo_5_bosquia.jpg?id=29405) !important;background-position: center !important;background-repeat: no-repeat !important;background-size: cover !important;}\u00bb][vc_column][vc_row_inner][vc_column_inner width=\u00bb1\/2&#8243;][vc_single_image image=\u00bb8388&#8243; img_size=\u00bb300&#215;60&#8243; css=\u00bb.vc_custom_1706006945366{background-position: center !important;background-repeat: no-repeat !important;background-size: cover !important;}\u00bb][\/vc_column_inner][vc_column_inner width=\u00bb1\/2&#8243;][\/vc_column_inner][\/vc_row_inner][vc_row_inner][vc_column_inner css=\u00bb.vc_custom_1705412849330{background-position: center !important;background-repeat: no-repeat !important;background-size: contain !important;}\u00bb][vc_custom_heading text=\u00bbQui\u00e9n planta un \u00e1rbol, planta una esperanza\u00bb font_container=\u00bbtag:h2|font_size:16|text_align:center|color:%23ffffff\u00bb google_fonts=\u00bbfont_family:Raleway%3A100%2C200%2C300%2Cregular%2C500%2C600%2C700%2C800%2C900|font_style:400%20regular%3A400%3Anormal\u00bb css_animation=\u00bbfadeIn\u00bb][vc_custom_heading text=\u00bbPLANTAMOS 100 \u00c1RBOLES REVERTIA 2025&#8243; font_container=\u00bbtag:h2|font_size:45|text_align:center|color:%23ffffff\u00bb google_fonts=\u00bbfont_family:Raleway%3A100%2C200%2C300%2Cregular%2C500%2C600%2C700%2C800%2C900|font_style:400%20regular%3A400%3Anormal\u00bb css_animation=\u00bbfadeIn\u00bb][vc_custom_heading text=\u00bbSabemos que [&hellip;]\" \/>\n<meta property=\"og:url\" content=\"https:\/\/revertia.com\/acciones-de-reforestacion\/\" \/>\n<meta property=\"og:site_name\" content=\"Revertia\" \/>\n<meta property=\"article:publisher\" content=\"https:\/\/www.facebook.com\/revertiaresiduos\/\" \/>\n<meta property=\"article:modified_time\" content=\"2025-11-10T17:28:58+00:00\" \/>\n<meta name=\"twitter:card\" content=\"summary_large_image\" \/>\n<meta name=\"twitter:site\" content=\"@revertia\" \/>\n<meta name=\"twitter:label1\" content=\"Tiempo de lectura\" \/>\n\t<meta name=\"twitter:data1\" content=\"2 minutos\" \/>\n<script type=\"application\/ld+json\" class=\"yoast-schema-graph\">{\"@context\":\"https:\/\/schema.org\",\"@graph\":[{\"@type\":\"WebPage\",\"@id\":\"https:\/\/revertia.com\/acciones-de-reforestacion\/\",\"url\":\"https:\/\/revertia.com\/acciones-de-reforestacion\/\",\"name\":\"[:es]Acciones de reforestaci\u00f3n [:] - Revertia\",\"isPartOf\":{\"@id\":\"https:\/\/revertia.com\/es\/#website\"},\"datePublished\":\"2024-01-23T08:12:40+00:00\",\"dateModified\":\"2025-11-10T17:28:58+00:00\",\"breadcrumb\":{\"@id\":\"https:\/\/revertia.com\/acciones-de-reforestacion\/#breadcrumb\"},\"inLanguage\":\"es\",\"potentialAction\":[{\"@type\":\"ReadAction\",\"target\":[\"https:\/\/revertia.com\/acciones-de-reforestacion\/\"]}]},{\"@type\":\"BreadcrumbList\",\"@id\":\"https:\/\/revertia.com\/acciones-de-reforestacion\/#breadcrumb\",\"itemListElement\":[{\"@type\":\"ListItem\",\"position\":1,\"name\":\"Portada\",\"item\":\"https:\/\/revertia.com\/\"},{\"@type\":\"ListItem\",\"position\":2,\"name\":\"Acciones de reforestaci\u00f3n\"}]},{\"@type\":\"WebSite\",\"@id\":\"https:\/\/revertia.com\/es\/#website\",\"url\":\"https:\/\/revertia.com\/es\/\",\"name\":\"Revertia\",\"description\":\"\",\"publisher\":{\"@id\":\"https:\/\/revertia.com\/es\/#organization\"},\"potentialAction\":[{\"@type\":\"SearchAction\",\"target\":{\"@type\":\"EntryPoint\",\"urlTemplate\":\"https:\/\/revertia.com\/es\/?s={search_term_string}\"},\"query-input\":\"required name=search_term_string\"}],\"inLanguage\":\"es\"},{\"@type\":\"Organization\",\"@id\":\"https:\/\/revertia.com\/es\/#organization\",\"name\":\"Revertia\",\"url\":\"https:\/\/revertia.com\/es\/\",\"logo\":{\"@type\":\"ImageObject\",\"inLanguage\":\"es\",\"@id\":\"https:\/\/revertia.com\/es\/#\/schema\/logo\/image\/\",\"url\":\"https:\/\/revertia.com\/wp-content\/uploads\/2018\/08\/logo-revertia.png\",\"contentUrl\":\"https:\/\/revertia.com\/wp-content\/uploads\/2018\/08\/logo-revertia.png\",\"width\":199,\"height\":38,\"caption\":\"Revertia\"},\"image\":{\"@id\":\"https:\/\/revertia.com\/es\/#\/schema\/logo\/image\/\"},\"sameAs\":[\"https:\/\/www.facebook.com\/revertiaresiduos\/\",\"https:\/\/x.com\/revertia\",\"https:\/\/www.linkedin.com\/company\/revertia\",\"https:\/\/www.youtube.com\/user\/revertia\"]}]}<\/script>\n<!-- \/ Yoast SEO plugin. -->","yoast_head_json":{"title":"[:es]Acciones de reforestaci\u00f3n [:] - Revertia","robots":{"index":"index","follow":"follow","max-snippet":"max-snippet:-1","max-image-preview":"max-image-preview:large","max-video-preview":"max-video-preview:-1"},"canonical":"https:\/\/revertia.com\/acciones-de-reforestacion\/","og_locale":"es_ES","og_type":"article","og_title":"[:es]Acciones de reforestaci\u00f3n [:] - Revertia","og_description":"[vc_row full_width=\u00bbstretch_row\u00bb css=\u00bb.vc_custom_1706002390781{margin-top: -80px !important;padding-top: 50px !important;padding-bottom: 100px !important;background-image: url(https:\/\/revertia.com\/wp-content\/uploads\/2024\/01\/fondo_5_bosquia.jpg?id=29405) !important;background-position: center !important;background-repeat: no-repeat !important;background-size: cover !important;}\u00bb][vc_column][vc_row_inner][vc_column_inner width=\u00bb1\/2&#8243;][vc_single_image image=\u00bb8388&#8243; img_size=\u00bb300&#215;60&#8243; css=\u00bb.vc_custom_1706006945366{background-position: center !important;background-repeat: no-repeat !important;background-size: cover !important;}\u00bb][\/vc_column_inner][vc_column_inner width=\u00bb1\/2&#8243;][\/vc_column_inner][\/vc_row_inner][vc_row_inner][vc_column_inner css=\u00bb.vc_custom_1705412849330{background-position: center !important;background-repeat: no-repeat !important;background-size: contain !important;}\u00bb][vc_custom_heading text=\u00bbQui\u00e9n planta un \u00e1rbol, planta una esperanza\u00bb font_container=\u00bbtag:h2|font_size:16|text_align:center|color:%23ffffff\u00bb google_fonts=\u00bbfont_family:Raleway%3A100%2C200%2C300%2Cregular%2C500%2C600%2C700%2C800%2C900|font_style:400%20regular%3A400%3Anormal\u00bb css_animation=\u00bbfadeIn\u00bb][vc_custom_heading text=\u00bbPLANTAMOS 100 \u00c1RBOLES REVERTIA 2025&#8243; font_container=\u00bbtag:h2|font_size:45|text_align:center|color:%23ffffff\u00bb google_fonts=\u00bbfont_family:Raleway%3A100%2C200%2C300%2Cregular%2C500%2C600%2C700%2C800%2C900|font_style:400%20regular%3A400%3Anormal\u00bb css_animation=\u00bbfadeIn\u00bb][vc_custom_heading text=\u00bbSabemos que [&hellip;]","og_url":"https:\/\/revertia.com\/acciones-de-reforestacion\/","og_site_name":"Revertia","article_publisher":"https:\/\/www.facebook.com\/revertiaresiduos\/","article_modified_time":"2025-11-10T17:28:58+00:00","twitter_card":"summary_large_image","twitter_site":"@revertia","twitter_misc":{"Tiempo de lectura":"2 minutos"},"schema":{"@context":"https:\/\/schema.org","@graph":[{"@type":"WebPage","@id":"https:\/\/revertia.com\/acciones-de-reforestacion\/","url":"https:\/\/revertia.com\/acciones-de-reforestacion\/","name":"[:es]Acciones de reforestaci\u00f3n [:] - Revertia","isPartOf":{"@id":"https:\/\/revertia.com\/es\/#website"},"datePublished":"2024-01-23T08:12:40+00:00","dateModified":"2025-11-10T17:28:58+00:00","breadcrumb":{"@id":"https:\/\/revertia.com\/acciones-de-reforestacion\/#breadcrumb"},"inLanguage":"es","potentialAction":[{"@type":"ReadAction","target":["https:\/\/revertia.com\/acciones-de-reforestacion\/"]}]},{"@type":"BreadcrumbList","@id":"https:\/\/revertia.com\/acciones-de-reforestacion\/#breadcrumb","itemListElement":[{"@type":"ListItem","position":1,"name":"Portada","item":"https:\/\/revertia.com\/"},{"@type":"ListItem","position":2,"name":"Acciones de reforestaci\u00f3n"}]},{"@type":"WebSite","@id":"https:\/\/revertia.com\/es\/#website","url":"https:\/\/revertia.com\/es\/","name":"Revertia","description":"","publisher":{"@id":"https:\/\/revertia.com\/es\/#organization"},"potentialAction":[{"@type":"SearchAction","target":{"@type":"EntryPoint","urlTemplate":"https:\/\/revertia.com\/es\/?s={search_term_string}"},"query-input":"required name=search_term_string"}],"inLanguage":"es"},{"@type":"Organization","@id":"https:\/\/revertia.com\/es\/#organization","name":"Revertia","url":"https:\/\/revertia.com\/es\/","logo":{"@type":"ImageObject","inLanguage":"es","@id":"https:\/\/revertia.com\/es\/#\/schema\/logo\/image\/","url":"https:\/\/revertia.com\/wp-content\/uploads\/2018\/08\/logo-revertia.png","contentUrl":"https:\/\/revertia.com\/wp-content\/uploads\/2018\/08\/logo-revertia.png","width":199,"height":38,"caption":"Revertia"},"image":{"@id":"https:\/\/revertia.com\/es\/#\/schema\/logo\/image\/"},"sameAs":["https:\/\/www.facebook.com\/revertiaresiduos\/","https:\/\/x.com\/revertia","https:\/\/www.linkedin.com\/company\/revertia","https:\/\/www.youtube.com\/user\/revertia"]}]}},"_links":{"self":[{"href":"https:\/\/revertia.com\/es\/wp-json\/wp\/v2\/pages\/29382"}],"collection":[{"href":"https:\/\/revertia.com\/es\/wp-json\/wp\/v2\/pages"}],"about":[{"href":"https:\/\/revertia.com\/es\/wp-json\/wp\/v2\/types\/page"}],"author":[{"embeddable":true,"href":"https:\/\/revertia.com\/es\/wp-json\/wp\/v2\/users\/3"}],"replies":[{"embeddable":true,"href":"https:\/\/revertia.com\/es\/wp-json\/wp\/v2\/comments?post=29382"}],"version-history":[{"count":58,"href":"https:\/\/revertia.com\/es\/wp-json\/wp\/v2\/pages\/29382\/revisions"}],"predecessor-version":[{"id":63563,"href":"https:\/\/revertia.com\/es\/wp-json\/wp\/v2\/pages\/29382\/revisions\/63563"}],"wp:attachment":[{"href":"https:\/\/revertia.com\/es\/wp-json\/wp\/v2\/media?parent=29382"}],"curies":[{"name":"wp","href":"https:\/\/api.w.org\/{rel}","templated":true}]}}