{"id":24587,"date":"2023-06-06T09:31:17","date_gmt":"2023-06-06T07:31:17","guid":{"rendered":"https:\/\/revertia.com\/?page_id=24587"},"modified":"2025-12-09T19:03:08","modified_gmt":"2025-12-09T18:03:08","slug":"memoria-de-sostenibilidad","status":"publish","type":"page","link":"https:\/\/revertia.com\/es\/memoria-de-sostenibilidad\/","title":{"rendered":"Memoria de sostenibilidad"},"content":{"rendered":"<p>[vc_row full_width=\u00bbstretch_row\u00bb equal_height=\u00bbyes\u00bb css=\u00bb.vc_custom_1724143714654{margin-top: -80px !important;padding-top: 50px !important;padding-bottom: 50px !important;background-image: url(https:\/\/revertia.com\/wp-content\/uploads\/2024\/04\/especialistasenraee.jpg?id=33858) !important;background-position: center !important;background-repeat: no-repeat !important;background-size: cover !important;}\u00bb][vc_column css=\u00bb.vc_custom_1765303320609{margin-top: 50px !important;margin-bottom: 50px !important;padding-top: 25px !important;padding-right: 100px !important;padding-bottom: 25px !important;padding-left: 100px !important;background-position: center !important;background-repeat: no-repeat !important;background-size: contain !important;border-radius: 25px !important;}\u00bb][vc_custom_heading text=\u00bbMemoria de Sostenibilidad 2024&#8243; font_container=\u00bbtag:h1|font_size:40|text_align:center|color:%23ffffff\u00bb google_fonts=\u00bbfont_family:Raleway%3A100%2C200%2C300%2Cregular%2C500%2C600%2C700%2C800%2C900|font_style:500%20bold%20regular%3A500%3Anormal\u00bb css_animation=\u00bbfadeIn\u00bb css=\u00bb.vc_custom_1765303303103{background-position: center !important;background-repeat: no-repeat !important;background-size: cover !important;}\u00bb][vc_custom_heading text=\u00bbEstos son nuestros principales hitos y huella de carbono\u00bb font_container=\u00bbtag:p|font_size:25|text_align:center|color:%23ffffff\u00bb use_theme_fonts=\u00bbyes\u00bb css_animation=\u00bbfadeIn\u00bb css=\u00bb.vc_custom_1765303387275{background-position: center !important;background-repeat: no-repeat !important;background-size: cover !important;}\u00bb][\/vc_column][\/vc_row][vc_row full_width=\u00bbstretch_row\u00bb equal_height=\u00bbyes\u00bb css=\u00bb.vc_custom_1724145948765{padding-top: 50px !important;padding-bottom: 50px !important;}\u00bb][vc_column width=\u00bb1\/3&#8243; css=\u00bb.vc_custom_1724143794699{background-position: center !important;background-repeat: no-repeat !important;background-size: contain !important;}\u00bb][vc_single_image image=\u00bb38383&#8243; img_size=\u00bbfull\u00bb alignment=\u00bbcenter\u00bb css_animation=\u00bbfadeIn\u00bb][vc_custom_heading text=\u00bbPRESENTACI\u00d3N 2024&#8243; font_container=\u00bbtag:h4|font_size:35|text_align:center|color:%230b3646&#8243; google_fonts=\u00bbfont_family:Oswald%3A300%2Cregular%2C700|font_style:300%20light%20regular%3A300%3Anormal\u00bb css_animation=\u00bbfadeIn\u00bb css=\u00bb.vc_custom_1758099618201{background-position: center !important;background-repeat: no-repeat !important;background-size: cover !important;}\u00bb][vc_empty_space height=\u00bb20&#8243;][\/vc_column][vc_column width=\u00bb2\/3&#8243;][vc_column_text]<\/p>\n<div class=\"page\" title=\"Page 5\">\n<div class=\"section\">\n<div class=\"layoutArea\">\n<div class=\"column\">\n<p>2024 ya est\u00e1 registrado como el a\u00f1o m\u00e1s c\u00e1lido registrado. Con un contexto social, pol\u00edtico y econ\u00f3mico polarizado, destacan sin embargo, los avances tecnol\u00f3gicos relacionados con la inteligencia artificial. Con respecto al sector de los residuos, la entrada en vigor de distintas directivas y normativas europeas y nacionales, afectan directamente al lugar que la estrategia ambiental debe ocupar en las empresas. Desde Revertia, hemos afrontado nuevos retos gracias a la profesionalidad de nuestro equipo y la eficiencia en nuestros procesos que han permitido:<\/p>\n<\/div>\n<\/div>\n<\/div>\n<\/div>\n<p>[\/vc_column_text][vc_column_text css=\u00bb.vc_custom_1758100008032{padding-top: 20px !important;padding-right: 20px !important;padding-bottom: 20px !important;padding-left: 20px !important;background-color: #6cb26d !important;background-position: center !important;background-repeat: no-repeat !important;background-size: cover !important;border-radius: 25px !important;}\u00bb]<span style=\"color: #ffffff;\">Consolidar nuestros servicios de Gesti\u00f3n Integral de residuos: <strong>Reverse<\/strong>.<\/span>[\/vc_column_text][vc_column_text css=\u00bb.vc_custom_1724145202242{margin-top: -25px !important;padding-top: 20px !important;padding-right: 20px !important;padding-bottom: 20px !important;padding-left: 20px !important;background-color: #31859c !important;background-position: center !important;background-repeat: no-repeat !important;background-size: cover !important;border-radius: 25px !important;}\u00bb]<\/p>\n<div class=\"page\" title=\"Page 5\">\n<div class=\"section\">\n<div class=\"layoutArea\">\n<div class=\"column\">\n<p><span style=\"color: #ffffff;\">Renovar nuestro compromiso con la innovaci\u00f3n; seguimos inmersos en proyectos de investigaci\u00f3n relacionados con la inteligencia artificial, las mejores pr\u00e1cticas en econom\u00eda circular y nos hemos comprometido con nuevos proyectos a los que esperamos aportar valor con nuestra experiencia y conocimiento.<\/span><\/p>\n<\/div>\n<\/div>\n<\/div>\n<\/div>\n<p>[\/vc_column_text][vc_column_text css=\u00bb.vc_custom_1724145308188{margin-top: -25px !important;padding-top: 20px !important;padding-right: 20px !important;padding-bottom: 20px !important;padding-left: 20px !important;background-color: #c2ce2c !important;background-position: center !important;background-repeat: no-repeat !important;background-size: cover !important;border-radius: 25px !important;}\u00bb]<\/p>\n<div class=\"page\" title=\"Page 5\">\n<div class=\"section\">\n<div class=\"layoutArea\">\n<div class=\"column\"><\/div>\n<p><span style=\"color: #ffffff;\">Obtener el certificado oficial que emite el Ministerio de Agricultura, Alimentaci\u00f3n y Medio Ambiente, gracias al an\u00e1lisis y c\u00e1lculo realizado por una entidad externa. El an\u00e1lisis de nuestro impacto ambiental concluye que <b>Revertia<\/b><b> es una empresa neutra en carbono.<\/b><\/span><\/p>\n<\/div>\n<\/div>\n<\/div>\n<p>[\/vc_column_text][\/vc_column][\/vc_row][vc_row full_width=\u00bbstretch_row\u00bb equal_height=\u00bbyes\u00bb css=\u00bb.vc_custom_1724150221790{padding-top: 50px !important;padding-bottom: 50px !important;background-color: #eaeaea !important;background-position: center !important;background-repeat: no-repeat !important;background-size: cover !important;}\u00bb][vc_column css=\u00bb.vc_custom_1678970737766{background-position: center !important;background-repeat: no-repeat !important;background-size: contain !important;}\u00bb][vc_row_inner css=\u00bb.vc_custom_1686045283820{padding-top: 50px !important;padding-bottom: 50px !important;}\u00bb][vc_column_inner width=\u00bb1\/6&#8243;][\/vc_column_inner][vc_column_inner width=\u00bb2\/3&#8243;][vc_single_image image=\u00bb59983&#8243; img_size=\u00bbfull\u00bb alignment=\u00bbcenter\u00bb][vc_custom_heading text=\u00bbSi est\u00e1s interesado en la consulta en detalle todo este contenido: nuestra actividad ambiental, los datos de gesti\u00f3n de residuos en toneladas, impacto ambiental, etc. d\u00e9janos tu email y recibir\u00e1s tambi\u00e9n nuestro bolet\u00edn trimestral:\u00bb font_container=\u00bbtag:p|font_size:22|text_align:left|color:%230b3646&#8243; use_theme_fonts=\u00bbyes\u00bb css_animation=\u00bbfadeIn\u00bb css=\u00bb.vc_custom_1724150405255{padding-top: 10px !important;padding-bottom: 10px !important;padding-left: 20px !important;background-position: center !important;background-repeat: no-repeat !important;background-size: cover !important;}\u00bb]\n<div class=\"wpcf7 no-js\" id=\"wpcf7-f38402-o1\" lang=\"es-ES\" dir=\"ltr\">\n<div class=\"screen-reader-response\"><p role=\"status\" aria-live=\"polite\" aria-atomic=\"true\"><\/p> <ul><\/ul><\/div>\n<form action=\"\/es\/wp-json\/wp\/v2\/pages\/24587#wpcf7-f38402-o1\" method=\"post\" class=\"wpcf7-form init\" aria-label=\"Formulario de contacto\" novalidate=\"novalidate\" data-status=\"init\">\n<div style=\"display: none;\">\n<input type=\"hidden\" name=\"_wpcf7\" value=\"38402\" \/>\n<input type=\"hidden\" name=\"_wpcf7_version\" value=\"5.9.5\" \/>\n<input type=\"hidden\" name=\"_wpcf7_locale\" value=\"es_ES\" \/>\n<input type=\"hidden\" name=\"_wpcf7_unit_tag\" value=\"wpcf7-f38402-o1\" \/>\n<input type=\"hidden\" name=\"_wpcf7_container_post\" value=\"0\" \/>\n<input type=\"hidden\" name=\"_wpcf7_posted_data_hash\" value=\"\" \/>\n<input type=\"hidden\" name=\"_wpcf7_recaptcha_response\" value=\"\" \/>\n<\/div>\n<p>&nbsp;\n<\/p>\n<div class=\"formulario-material\">\n\t<p><span class=\"wpcf7-form-control-wrap\" data-name=\"your-name\"><input size=\"40\" class=\"wpcf7-form-control wpcf7-text wpcf7-validates-as-required form-control floating-label\" aria-required=\"true\" aria-invalid=\"false\" placeholder=\"Nombre*\" value=\"\" type=\"text\" name=\"your-name\" \/><\/span>\n\t<\/p>\n\t<p><span class=\"wpcf7-form-control-wrap\" data-name=\"your-email\"><input size=\"40\" class=\"wpcf7-form-control wpcf7-email wpcf7-validates-as-required wpcf7-text wpcf7-validates-as-email form-control floating-label\" aria-required=\"true\" aria-invalid=\"false\" placeholder=\"Email corporativo*\" value=\"\" type=\"email\" name=\"your-email\" \/><\/span>\n\t<\/p>\n\t<p><span class=\"wpcf7-form-control-wrap\" data-name=\"text-30\"><input size=\"40\" class=\"wpcf7-form-control wpcf7-text wpcf7-validates-as-required form-control floating-label\" aria-required=\"true\" aria-invalid=\"false\" placeholder=\"Empresa*\" value=\"\" type=\"text\" name=\"text-30\" \/><\/span>\n\t<\/p>\n\t<p class=\"politica-legal\"><br \/>\n<span class=\"wpcf7-form-control-wrap\" data-name=\"acceptance-135\"><span class=\"wpcf7-form-control wpcf7-acceptance\"><span class=\"wpcf7-list-item\"><input type=\"checkbox\" name=\"acceptance-135\" value=\"1\" aria-invalid=\"false\" \/><\/span><\/span><\/span> He le\u00eddo y acepto <a href=\"\/es\/politica-de-privacidad\/ \"><strong>los t\u00e9rminos legales<\/strong> <\/a> y estoy de acuerdo en recibir comunicaciones comerciales de revertia.\n\t<\/p>\n\t<p><input class=\"wpcf7-form-control wpcf7-submit has-spinner btn btn-verde\" type=\"submit\" value=\"DESCARGA LA MEMORIA DE SOSTENIBILIDAD 2023\" \/>\n\t<\/p>\n<\/div><div class=\"wpcf7-response-output\" aria-hidden=\"true\"><\/div>\n<\/form>\n<\/div>\n[\/vc_column_inner][vc_column_inner width=\u00bb1\/6&#8243;][\/vc_column_inner][\/vc_row_inner][\/vc_column][\/vc_row][vc_row full_width=\u00bbstretch_row\u00bb gap=\u00bb5&#8243; equal_height=\u00bbyes\u00bb css=\u00bb.vc_custom_1715173974424{margin-bottom: -50px !important;padding-top: 50px !important;background-color: #ffffff !important;background-position: center !important;background-repeat: no-repeat !important;background-size: cover !important;}\u00bb][vc_column width=\u00bb1\/4&#8243; css=\u00bb.vc_custom_1713969469625{background: rgba(216,216,216,0.4) url(https:\/\/revertia.com\/wp-content\/uploads\/2023\/06\/fondo_memoria_sostenibilidad.jpg?id=24590) !important;background-position: center !important;background-repeat: no-repeat !important;background-size: cover !important;*background-color: rgb(216,216,216) !important;border-radius: 25px !important;}\u00bb][vc_empty_space height=\u00bb60&#8243;][vc_icon icon_fontawesome=\u00bbfa fa-clipboard\u00bb color=\u00bbcustom\u00bb align=\u00bbcenter\u00bb custom_color=\u00bb#f7f7f7&#8243; link=\u00bburl:https%3A%2F%2Frevertia.com%2Fmemoria-de-sostenibilidad%2F|title:%5B%3Aes%5DMemoria%20de%20sostenibilidad%5B%3A%5D|target:%20_blank|\u00bb][vc_custom_heading text=\u00bbSOSTENIBILIDAD\u00bb font_container=\u00bbtag:h2|font_size:24|text_align:center|color:%23f2f2f2&#8243; google_fonts=\u00bbfont_family:Raleway%3A100%2C200%2C300%2Cregular%2C500%2C600%2C700%2C800%2C900|font_style:500%20bold%20regular%3A500%3Anormal\u00bb][vc_empty_space height=\u00bb60&#8243;][\/vc_column][vc_column width=\u00bb1\/4&#8243; css=\u00bb.vc_custom_1713980173416{background: rgba(66,66,66,0.43) url(https:\/\/revertia.com\/wp-content\/uploads\/2023\/05\/emisionescero_elcambioclimaticoesreal.png?id=24497) !important;*background-color: rgb(66,66,66) !important;border-radius: 25px !important;}\u00bb][vc_empty_space height=\u00bb60&#8243;][vc_icon icon_fontawesome=\u00bbfa fa-certificate\u00bb color=\u00bbcustom\u00bb align=\u00bbcenter\u00bb custom_color=\u00bb#f7f7f7&#8243; link=\u00bburl:https%3A%2F%2Frevertia.com%2Fnuestra-huella-de-carbono%2F|title:%5B%3Aes%5DMemoria%20de%20sostenibilidad%5B%3A%5D|target:%20_blank|\u00bb][vc_custom_heading text=\u00bbNEUTROS EN C02&#8243; font_container=\u00bbtag:h2|font_size:24|text_align:center|color:%23f2f2f2&#8243; google_fonts=\u00bbfont_family:Raleway%3A100%2C200%2C300%2Cregular%2C500%2C600%2C700%2C800%2C900|font_style:500%20bold%20regular%3A500%3Anormal\u00bb][vc_empty_space height=\u00bb60&#8243;][\/vc_column][vc_column css_animation=\u00bbnone\u00bb width=\u00bb1\/4&#8243; css=\u00bb.vc_custom_1713981272219{background: rgba(104,104,104,0.47) url(https:\/\/revertia.com\/wp-content\/uploads\/2023\/04\/revertia_galeria_3.jpg?id=23252) !important;background-position: center !important;background-repeat: no-repeat !important;background-size: cover !important;*background-color: rgb(104,104,104) !important;border-radius: 25px !important;}\u00bb][vc_empty_space height=\u00bb60&#8243;][vc_icon icon_fontawesome=\u00bbfa fa-check\u00bb color=\u00bbcustom\u00bb align=\u00bbcenter\u00bb custom_color=\u00bb#f7f7f7&#8243; link=\u00bburl:https%3A%2F%2Frevertia.com%2Fcertificaciones-de-revertia%2F|title:%5B%3Aes%5DMemoria%20de%20sostenibilidad%5B%3A%5D|target:%20_blank|\u00bb][vc_custom_heading text=\u00bbCERTIFICACIONES\u00bb font_container=\u00bbtag:h2|font_size:24|text_align:center|color:%23f2f2f2&#8243; google_fonts=\u00bbfont_family:Raleway%3A100%2C200%2C300%2Cregular%2C500%2C600%2C700%2C800%2C900|font_style:500%20bold%20regular%3A500%3Anormal\u00bb][vc_empty_space height=\u00bb60&#8243;][\/vc_column][vc_column width=\u00bb1\/4&#8243; css=\u00bb.vc_custom_1713981183477{background: rgba(86,86,86,0.48) url(https:\/\/revertia.com\/wp-content\/uploads\/2023\/02\/REVERTIA_3.jpg?id=21391) !important;background-position: center !important;background-repeat: no-repeat !important;background-size: cover !important;*background-color: rgb(86,86,86) !important;border-radius: 25px !important;}\u00bb][vc_empty_space height=\u00bb60&#8243;][vc_icon icon_fontawesome=\u00bbfa fa-newspaper-o\u00bb color=\u00bbcustom\u00bb align=\u00bbcenter\u00bb custom_color=\u00bb#f7f7f7&#8243; link=\u00bburl:%20https%3A%2F%2Frevertia.com%2Frecursos-documentos-normativa%2F||target:%20_blank|\u00bb][vc_custom_heading text=\u00bbRECURSOS\u00bb font_container=\u00bbtag:h2|font_size:24|text_align:center|color:%23f2f2f2&#8243; google_fonts=\u00bbfont_family:Raleway%3A100%2C200%2C300%2Cregular%2C500%2C600%2C700%2C800%2C900|font_style:500%20bold%20regular%3A500%3Anormal\u00bb][vc_empty_space height=\u00bb60&#8243;][\/vc_column][vc_column][vc_row_inner][vc_column_inner][\/vc_column_inner][\/vc_row_inner][\/vc_column][\/vc_row]<\/p>","protected":false},"excerpt":{"rendered":"<p>[vc_row full_width=\u00bbstretch_row\u00bb equal_height=\u00bbyes\u00bb css=\u00bb.vc_custom_1724143714654{margin-top: -80px !important;padding-top: 50px !important;padding-bottom: 50px !important;background-image: url(https:\/\/revertia.com\/wp-content\/uploads\/2024\/04\/especialistasenraee.jpg?id=33858) !important;background-position: center !important;background-repeat: no-repeat !important;background-size: cover !important;}\u00bb][vc_column css=\u00bb.vc_custom_1765303320609{margin-top: 50px !important;margin-bottom: 50px !important;padding-top: 25px !important;padding-right: 100px !important;padding-bottom: 25px !important;padding-left: 100px !important;background-position: center !important;background-repeat: no-repeat !important;background-size: contain !important;border-radius: 25px !important;}\u00bb][vc_custom_heading text=\u00bbMemoria de Sostenibilidad 2024&#8243; font_container=\u00bbtag:h1|font_size:40|text_align:center|color:%23ffffff\u00bb google_fonts=\u00bbfont_family:Raleway%3A100%2C200%2C300%2Cregular%2C500%2C600%2C700%2C800%2C900|font_style:500%20bold%20regular%3A500%3Anormal\u00bb css_animation=\u00bbfadeIn\u00bb css=\u00bb.vc_custom_1765303303103{background-position: center !important;background-repeat: no-repeat !important;background-size: cover !important;}\u00bb][vc_custom_heading text=\u00bbEstos son [&hellip;]<\/p>\n","protected":false},"author":3,"featured_media":59983,"parent":0,"menu_order":0,"comment_status":"closed","ping_status":"closed","template":"","meta":{"_acf_changed":false,"inline_featured_image":false,"footnotes":""},"acf":[],"yoast_head":"<!-- This site is optimized with the Yoast SEO plugin v22.8 - https:\/\/yoast.com\/wordpress\/plugins\/seo\/ -->\n<title>Consulta la Memoria de Sostenibilidad 2024 - Revertia<\/title>\n<meta name=\"description\" content=\"Consulta y descarga la memoria de sostenibilidad 2024 de revertia con nuestros principales hitos e indicadores de impacto ambiental.\" \/>\n<meta name=\"robots\" content=\"index, follow, max-snippet:-1, max-image-preview:large, max-video-preview:-1\" \/>\n<link rel=\"canonical\" href=\"https:\/\/revertia.com\/memoria-de-sostenibilidad\/\" \/>\n<meta property=\"og:locale\" content=\"es_ES\" \/>\n<meta property=\"og:type\" content=\"article\" \/>\n<meta property=\"og:title\" content=\"Consulta la Memoria de Sostenibilidad 2024 - Revertia\" \/>\n<meta property=\"og:description\" content=\"Consulta y descarga la memoria de sostenibilidad 2024 de revertia con nuestros principales hitos e indicadores de impacto ambiental.\" \/>\n<meta property=\"og:url\" content=\"https:\/\/revertia.com\/memoria-de-sostenibilidad\/\" \/>\n<meta property=\"og:site_name\" content=\"Revertia\" \/>\n<meta property=\"article:publisher\" content=\"https:\/\/www.facebook.com\/revertiaresiduos\/\" \/>\n<meta property=\"article:modified_time\" content=\"2025-12-09T18:03:08+00:00\" \/>\n<meta property=\"og:image\" content=\"https:\/\/revertia.com\/wp-content\/uploads\/2025\/09\/descarga_memoria_2024.png\" \/>\n\t<meta property=\"og:image:width\" content=\"747\" \/>\n\t<meta property=\"og:image:height\" content=\"596\" \/>\n\t<meta property=\"og:image:type\" content=\"image\/png\" \/>\n<meta name=\"twitter:card\" content=\"summary_large_image\" \/>\n<meta name=\"twitter:site\" content=\"@revertia\" \/>\n<meta name=\"twitter:label1\" content=\"Tiempo de lectura\" \/>\n\t<meta name=\"twitter:data1\" content=\"3 minutos\" \/>\n<script type=\"application\/ld+json\" class=\"yoast-schema-graph\">{\"@context\":\"https:\/\/schema.org\",\"@graph\":[{\"@type\":\"WebPage\",\"@id\":\"https:\/\/revertia.com\/memoria-de-sostenibilidad\/\",\"url\":\"https:\/\/revertia.com\/memoria-de-sostenibilidad\/\",\"name\":\"Consulta la Memoria de Sostenibilidad 2024 - Revertia\",\"isPartOf\":{\"@id\":\"https:\/\/revertia.com\/es\/#website\"},\"primaryImageOfPage\":{\"@id\":\"https:\/\/revertia.com\/memoria-de-sostenibilidad\/#primaryimage\"},\"image\":{\"@id\":\"https:\/\/revertia.com\/memoria-de-sostenibilidad\/#primaryimage\"},\"thumbnailUrl\":\"https:\/\/revertia.com\/wp-content\/uploads\/2025\/09\/descarga_memoria_2024.png\",\"datePublished\":\"2023-06-06T07:31:17+00:00\",\"dateModified\":\"2025-12-09T18:03:08+00:00\",\"description\":\"Consulta y descarga la memoria de sostenibilidad 2024 de revertia con nuestros principales hitos e indicadores de impacto ambiental.\",\"breadcrumb\":{\"@id\":\"https:\/\/revertia.com\/memoria-de-sostenibilidad\/#breadcrumb\"},\"inLanguage\":\"es\",\"potentialAction\":[{\"@type\":\"ReadAction\",\"target\":[\"https:\/\/revertia.com\/memoria-de-sostenibilidad\/\"]}]},{\"@type\":\"ImageObject\",\"inLanguage\":\"es\",\"@id\":\"https:\/\/revertia.com\/memoria-de-sostenibilidad\/#primaryimage\",\"url\":\"https:\/\/revertia.com\/wp-content\/uploads\/2025\/09\/descarga_memoria_2024.png\",\"contentUrl\":\"https:\/\/revertia.com\/wp-content\/uploads\/2025\/09\/descarga_memoria_2024.png\",\"width\":747,\"height\":596},{\"@type\":\"BreadcrumbList\",\"@id\":\"https:\/\/revertia.com\/memoria-de-sostenibilidad\/#breadcrumb\",\"itemListElement\":[{\"@type\":\"ListItem\",\"position\":1,\"name\":\"Portada\",\"item\":\"https:\/\/revertia.com\/\"},{\"@type\":\"ListItem\",\"position\":2,\"name\":\"Memoria de sostenibilidad\"}]},{\"@type\":\"WebSite\",\"@id\":\"https:\/\/revertia.com\/es\/#website\",\"url\":\"https:\/\/revertia.com\/es\/\",\"name\":\"Revertia\",\"description\":\"\",\"publisher\":{\"@id\":\"https:\/\/revertia.com\/es\/#organization\"},\"potentialAction\":[{\"@type\":\"SearchAction\",\"target\":{\"@type\":\"EntryPoint\",\"urlTemplate\":\"https:\/\/revertia.com\/es\/?s={search_term_string}\"},\"query-input\":\"required name=search_term_string\"}],\"inLanguage\":\"es\"},{\"@type\":\"Organization\",\"@id\":\"https:\/\/revertia.com\/es\/#organization\",\"name\":\"Revertia\",\"url\":\"https:\/\/revertia.com\/es\/\",\"logo\":{\"@type\":\"ImageObject\",\"inLanguage\":\"es\",\"@id\":\"https:\/\/revertia.com\/es\/#\/schema\/logo\/image\/\",\"url\":\"https:\/\/revertia.com\/wp-content\/uploads\/2018\/08\/logo-revertia.png\",\"contentUrl\":\"https:\/\/revertia.com\/wp-content\/uploads\/2018\/08\/logo-revertia.png\",\"width\":199,\"height\":38,\"caption\":\"Revertia\"},\"image\":{\"@id\":\"https:\/\/revertia.com\/es\/#\/schema\/logo\/image\/\"},\"sameAs\":[\"https:\/\/www.facebook.com\/revertiaresiduos\/\",\"https:\/\/x.com\/revertia\",\"https:\/\/www.linkedin.com\/company\/revertia\",\"https:\/\/www.youtube.com\/user\/revertia\"]}]}<\/script>\n<!-- \/ Yoast SEO plugin. -->","yoast_head_json":{"title":"Consulta la Memoria de Sostenibilidad 2024 - Revertia","description":"Consulta y descarga la memoria de sostenibilidad 2024 de revertia con nuestros principales hitos e indicadores de impacto ambiental.","robots":{"index":"index","follow":"follow","max-snippet":"max-snippet:-1","max-image-preview":"max-image-preview:large","max-video-preview":"max-video-preview:-1"},"canonical":"https:\/\/revertia.com\/memoria-de-sostenibilidad\/","og_locale":"es_ES","og_type":"article","og_title":"Consulta la Memoria de Sostenibilidad 2024 - Revertia","og_description":"Consulta y descarga la memoria de sostenibilidad 2024 de revertia con nuestros principales hitos e indicadores de impacto ambiental.","og_url":"https:\/\/revertia.com\/memoria-de-sostenibilidad\/","og_site_name":"Revertia","article_publisher":"https:\/\/www.facebook.com\/revertiaresiduos\/","article_modified_time":"2025-12-09T18:03:08+00:00","og_image":[{"width":747,"height":596,"url":"https:\/\/revertia.com\/wp-content\/uploads\/2025\/09\/descarga_memoria_2024.png","type":"image\/png"}],"twitter_card":"summary_large_image","twitter_site":"@revertia","twitter_misc":{"Tiempo de lectura":"3 minutos"},"schema":{"@context":"https:\/\/schema.org","@graph":[{"@type":"WebPage","@id":"https:\/\/revertia.com\/memoria-de-sostenibilidad\/","url":"https:\/\/revertia.com\/memoria-de-sostenibilidad\/","name":"Consulta la Memoria de Sostenibilidad 2024 - Revertia","isPartOf":{"@id":"https:\/\/revertia.com\/es\/#website"},"primaryImageOfPage":{"@id":"https:\/\/revertia.com\/memoria-de-sostenibilidad\/#primaryimage"},"image":{"@id":"https:\/\/revertia.com\/memoria-de-sostenibilidad\/#primaryimage"},"thumbnailUrl":"https:\/\/revertia.com\/wp-content\/uploads\/2025\/09\/descarga_memoria_2024.png","datePublished":"2023-06-06T07:31:17+00:00","dateModified":"2025-12-09T18:03:08+00:00","description":"Consulta y descarga la memoria de sostenibilidad 2024 de revertia con nuestros principales hitos e indicadores de impacto ambiental.","breadcrumb":{"@id":"https:\/\/revertia.com\/memoria-de-sostenibilidad\/#breadcrumb"},"inLanguage":"es","potentialAction":[{"@type":"ReadAction","target":["https:\/\/revertia.com\/memoria-de-sostenibilidad\/"]}]},{"@type":"ImageObject","inLanguage":"es","@id":"https:\/\/revertia.com\/memoria-de-sostenibilidad\/#primaryimage","url":"https:\/\/revertia.com\/wp-content\/uploads\/2025\/09\/descarga_memoria_2024.png","contentUrl":"https:\/\/revertia.com\/wp-content\/uploads\/2025\/09\/descarga_memoria_2024.png","width":747,"height":596},{"@type":"BreadcrumbList","@id":"https:\/\/revertia.com\/memoria-de-sostenibilidad\/#breadcrumb","itemListElement":[{"@type":"ListItem","position":1,"name":"Portada","item":"https:\/\/revertia.com\/"},{"@type":"ListItem","position":2,"name":"Memoria de sostenibilidad"}]},{"@type":"WebSite","@id":"https:\/\/revertia.com\/es\/#website","url":"https:\/\/revertia.com\/es\/","name":"Revertia","description":"","publisher":{"@id":"https:\/\/revertia.com\/es\/#organization"},"potentialAction":[{"@type":"SearchAction","target":{"@type":"EntryPoint","urlTemplate":"https:\/\/revertia.com\/es\/?s={search_term_string}"},"query-input":"required name=search_term_string"}],"inLanguage":"es"},{"@type":"Organization","@id":"https:\/\/revertia.com\/es\/#organization","name":"Revertia","url":"https:\/\/revertia.com\/es\/","logo":{"@type":"ImageObject","inLanguage":"es","@id":"https:\/\/revertia.com\/es\/#\/schema\/logo\/image\/","url":"https:\/\/revertia.com\/wp-content\/uploads\/2018\/08\/logo-revertia.png","contentUrl":"https:\/\/revertia.com\/wp-content\/uploads\/2018\/08\/logo-revertia.png","width":199,"height":38,"caption":"Revertia"},"image":{"@id":"https:\/\/revertia.com\/es\/#\/schema\/logo\/image\/"},"sameAs":["https:\/\/www.facebook.com\/revertiaresiduos\/","https:\/\/x.com\/revertia","https:\/\/www.linkedin.com\/company\/revertia","https:\/\/www.youtube.com\/user\/revertia"]}]}},"_links":{"self":[{"href":"https:\/\/revertia.com\/es\/wp-json\/wp\/v2\/pages\/24587"}],"collection":[{"href":"https:\/\/revertia.com\/es\/wp-json\/wp\/v2\/pages"}],"about":[{"href":"https:\/\/revertia.com\/es\/wp-json\/wp\/v2\/types\/page"}],"author":[{"embeddable":true,"href":"https:\/\/revertia.com\/es\/wp-json\/wp\/v2\/users\/3"}],"replies":[{"embeddable":true,"href":"https:\/\/revertia.com\/es\/wp-json\/wp\/v2\/comments?post=24587"}],"version-history":[{"count":95,"href":"https:\/\/revertia.com\/es\/wp-json\/wp\/v2\/pages\/24587\/revisions"}],"predecessor-version":[{"id":65287,"href":"https:\/\/revertia.com\/es\/wp-json\/wp\/v2\/pages\/24587\/revisions\/65287"}],"wp:featuredmedia":[{"embeddable":true,"href":"https:\/\/revertia.com\/es\/wp-json\/wp\/v2\/media\/59983"}],"wp:attachment":[{"href":"https:\/\/revertia.com\/es\/wp-json\/wp\/v2\/media?parent=24587"}],"curies":[{"name":"wp","href":"https:\/\/api.w.org\/{rel}","templated":true}]}}