{"id":21442,"date":"2023-02-24T13:35:21","date_gmt":"2023-02-24T12:35:21","guid":{"rendered":"https:\/\/revertia.com\/?page_id=21442"},"modified":"2025-12-09T18:40:24","modified_gmt":"2025-12-09T17:40:24","slug":"certificaciones-de-revertia","status":"publish","type":"page","link":"https:\/\/revertia.com\/es\/certificaciones-de-revertia\/","title":{"rendered":"Certificaciones de Revertia"},"content":{"rendered":"<p>[vc_row full_width=\u00bbstretch_row\u00bb equal_height=\u00bbyes\u00bb css=\u00bb.vc_custom_1765301678520{margin-top: -80px !important;padding-top: 25px !important;padding-bottom: 25px !important;background-image: url(https:\/\/revertia.com\/wp-content\/uploads\/2023\/02\/especialistas-en-raee.jpg?id=21408) !important;background-position: center !important;background-repeat: no-repeat !important;background-size: cover !important;}\u00bb][vc_column css=\u00bb.vc_custom_1765301692625{margin-top: 50px !important;margin-bottom: 50px !important;border-top-width: 3px !important;border-right-width: 3px !important;border-bottom-width: 3px !important;border-left-width: 3px !important;padding-top: 50px !important;padding-right: 100px !important;padding-bottom: 50px !important;padding-left: 100px !important;background-position: center !important;background-repeat: no-repeat !important;background-size: cover !important;}\u00bb][vc_custom_heading text=\u00bbCertificaciones de Calidad y Medioambiente\u00bb font_container=\u00bbtag:h1|font_size:40|text_align:center|color:%23ffffff\u00bb google_fonts=\u00bbfont_family:Oswald%3A300%2Cregular%2C700|font_style:400%20regular%3A400%3Anormal\u00bb css_animation=\u00bbfadeIn\u00bb css=\u00bb.vc_custom_1765301936858{padding-left: 50px !important;}\u00bb][vc_custom_heading text=\u00bbSeguimos todas las normativas para dar respuesta a las necesidades de gesti\u00f3n y tratamiento de tus RAEE.\u00bb font_container=\u00bbtag:h2|font_size:25|text_align:center|color:%23ffffff\u00bb google_fonts=\u00bbfont_family:Oswald%3A300%2Cregular%2C700|font_style:400%20regular%3A400%3Anormal\u00bb css_animation=\u00bbfadeIn\u00bb css=\u00bb.vc_custom_1765302022921{padding-left: 50px !important;}\u00bb][\/vc_column][\/vc_row][vc_row full_width=\u00bbstretch_row\u00bb equal_height=\u00bbyes\u00bb css=\u00bb.vc_custom_1683218709084{background-color: #ffffff !important;background-position: center !important;background-repeat: no-repeat !important;background-size: cover !important;}\u00bb][vc_column width=\u00bb1\/2&#8243; css=\u00bb.vc_custom_1749748297499{background-position: center !important;background-repeat: no-repeat !important;background-size: cover !important;}\u00bb][vc_column_text css=\u00bb.vc_custom_1678664499387{padding-left: 50px !important;}\u00bb]<\/p>\n<h3>Pol\u00edtica de Calidad, Medio Ambiente y Seguridad de la Informaci\u00f3n.<\/h3>\n<p><strong>Revertia<\/strong>\u00a0apuesta de manera firme y decidida por el desarrollo sostenible, ofreciendo la mejor calidad en los servicios ofertados y asumiendo un compromiso de respeto y protecci\u00f3n del medio ambiente. Todo ello garantizando la seguridad de la informaci\u00f3n de los soportes recibidos. Por este motivo hemos implantado un Sistema Integrado de Calidad, Medio Ambiente y Seguridad de Informaci\u00f3n basado en las normas\u00a0<strong>UNE-EN ISO 9001<\/strong>,\u00a0<strong>UNE-EN IS0 1400<\/strong>1 y\u00a0<strong>UNE-ISO\/IEC 27001<\/strong>.[\/vc_column_text][vc_custom_heading text=\u00bbEn Revertia contamos con la certificaci\u00f3n ambiental que nos autoriza a preparar los RAEE para su posterior reutilizaci\u00f3n seg\u00fan el Real Decreto 110\/2015.\u00bb font_container=\u00bbtag:p|font_size:18|text_align:left|color:%234c5561&#8243; use_theme_fonts=\u00bbyes\u00bb css_animation=\u00bbfadeInRight\u00bb css=\u00bb.vc_custom_1749748363796{padding-left: 50px !important;}\u00bb][vc_empty_space height=\u00bb100&#8243;][\/vc_column][vc_column width=\u00bb1\/2&#8243;][vc_single_image image=\u00bb42947&#8243; img_size=\u00bblarge\u00bb css=\u00bb.vc_custom_1749748572634{padding-top: 50px !important;padding-left: 50px !important;}\u00bb][\/vc_column][\/vc_row][vc_row full_width=\u00bbstretch_row\u00bb gap=\u00bb35&#8243; equal_height=\u00bbyes\u00bb css=\u00bb.vc_custom_1749749065134{padding-bottom: 50px !important;background-color: #e8e8e8 !important;background-position: center !important;background-repeat: no-repeat !important;background-size: cover !important;}\u00bb][vc_column width=\u00bb1\/2&#8243;][vc_empty_space height=\u00bb50&#8243;][vc_column_text css=\u00bb.vc_custom_1749748785037{padding-left: 50px !important;}\u00bb]<\/p>\n<h3>Pol\u00edtica de Calidad, Medio Ambiente y Seguridad de la Informaci\u00f3n.<\/h3>\n<p>Esta\u00a0<a href=\"https:\/\/revertia.com\/pdf\/politica_SIG.pdf\" target=\"_blank\" rel=\"noopener noreferrer\"><u>pol\u00edtica de calidad, medio ambiente y seguridad de la informaci\u00f3n<\/u><\/a>\u00a0es entendida, implantada y mantenida al d\u00eda en todos los niveles de la organizaci\u00f3n por parte de la Direcci\u00f3n para que, con el esfuerzo y dedicaci\u00f3n de todo el personal, podamos contribuir al desarrollo sostenible de nuestra sociedad.<\/p>\n<p>Igualmente nuestro compromiso ambiental puede evidenciarse a trav\u00e9s de la\u00a0<a href=\"https:\/\/revertia.com\/wp-content\/uploads\/2023\/Informacion_ambiental_2023.pdf\">Informaci\u00f3n Ambiental<\/a> de nuestro sistema integrado de gesti\u00f3n.[\/vc_column_text][vc_empty_space height=\u00bb50&#8243;][\/vc_column][vc_column width=\u00bb1\/2&#8243;][vc_empty_space height=\u00bb50&#8243;][vc_column_text css=\u00bb.vc_custom_1749748821454{padding-left: 50px !important;}\u00bb]<\/p>\n<h3 class=\" align-center black\">Compromiso con nuestros proveedores<\/h3>\n<div class=\" pi-text-center\">\n<p>En la relaci\u00f3n con nuestros proveedores hemos adquirido una serie de compromisos que garantizan los est\u00e1ndares de Calidad, Medio Ambiente y Seguridad de la Informaci\u00f3n de nuestra compa\u00f1\u00eda. Compromisos establecidos para su selecci\u00f3n, seguimiento y valoraci\u00f3n.<\/p>\n<p>Si en cualquier momento de este proceso se produjera alguna incidencia, \u00e9sta ser\u00eda comunicada y tenida en cuenta en su homologaci\u00f3n como proveedor. <a href=\"https:\/\/revertia.com\/wp-content\/uploads\/2022\/03\/COMUNICADO-A-PROVEEDORES.pdf\"><u>Comunicado a Proveedores<\/u><\/a><\/p>\n<\/div>\n<p>[\/vc_column_text][vc_empty_space height=\u00bb50&#8243;][\/vc_column][\/vc_row][vc_row][vc_column][vc_empty_space][\/vc_column][\/vc_row][vc_row full_width=\u00bbstretch_row\u00bb gap=\u00bb5&#8243; equal_height=\u00bbyes\u00bb css=\u00bb.vc_custom_1758113813743{margin-bottom: -50px !important;border-top-width: 100px !important;background-color: #ffffff !important;background-position: center !important;background-repeat: no-repeat !important;background-size: cover !important;}\u00bb][vc_column width=\u00bb1\/4&#8243; css=\u00bb.vc_custom_1713969469625{background: rgba(216,216,216,0.4) url(https:\/\/revertia.com\/wp-content\/uploads\/2023\/06\/fondo_memoria_sostenibilidad.jpg?id=24590) !important;background-position: center !important;background-repeat: no-repeat !important;background-size: cover !important;*background-color: rgb(216,216,216) !important;border-radius: 25px !important;}\u00bb][vc_empty_space height=\u00bb60&#8243;][vc_icon icon_fontawesome=\u00bbfa fa-clipboard\u00bb color=\u00bbcustom\u00bb align=\u00bbcenter\u00bb custom_color=\u00bb#f7f7f7&#8243; link=\u00bburl:https%3A%2F%2Frevertia.com%2Fmemoria-de-sostenibilidad%2F|title:%5B%3Aes%5DMemoria%20de%20sostenibilidad%5B%3A%5D|target:%20_blank|\u00bb][vc_custom_heading text=\u00bbMEMORIA DE<br \/>\nSOSTENIBILIDAD\u00bb font_container=\u00bbtag:h2|font_size:24|text_align:center|color:%23f2f2f2&#8243; google_fonts=\u00bbfont_family:Raleway%3A100%2C200%2C300%2Cregular%2C500%2C600%2C700%2C800%2C900|font_style:500%20bold%20regular%3A500%3Anormal\u00bb][vc_empty_space height=\u00bb10&#8243;][\/vc_column][vc_column width=\u00bb1\/4&#8243; css=\u00bb.vc_custom_1713980173416{background: rgba(66,66,66,0.43) url(https:\/\/revertia.com\/wp-content\/uploads\/2023\/05\/emisionescero_elcambioclimaticoesreal.png?id=24497) !important;*background-color: rgb(66,66,66) !important;border-radius: 25px !important;}\u00bb][vc_empty_space height=\u00bb60&#8243;][vc_icon icon_fontawesome=\u00bbfa fa-certificate\u00bb color=\u00bbcustom\u00bb align=\u00bbcenter\u00bb custom_color=\u00bb#f7f7f7&#8243; link=\u00bburl:https%3A%2F%2Frevertia.com%2Fnuestra-huella-de-carbono%2F|title:%5B%3Aes%5DMemoria%20de%20sostenibilidad%5B%3A%5D|target:%20_blank|\u00bb][vc_custom_heading text=\u00bbNEUTROS EN<br \/>\nC02&#8243; font_container=\u00bbtag:h2|font_size:24|text_align:center|color:%23f2f2f2&#8243; google_fonts=\u00bbfont_family:Raleway%3A100%2C200%2C300%2Cregular%2C500%2C600%2C700%2C800%2C900|font_style:500%20bold%20regular%3A500%3Anormal\u00bb][vc_empty_space height=\u00bb10&#8243;][\/vc_column][vc_column css_animation=\u00bbnone\u00bb width=\u00bb1\/4&#8243; css=\u00bb.vc_custom_1713981272219{background: rgba(104,104,104,0.47) url(https:\/\/revertia.com\/wp-content\/uploads\/2023\/04\/revertia_galeria_3.jpg?id=23252) !important;background-position: center !important;background-repeat: no-repeat !important;background-size: cover !important;*background-color: rgb(104,104,104) !important;border-radius: 25px !important;}\u00bb][vc_empty_space height=\u00bb60&#8243;][vc_icon icon_fontawesome=\u00bbfa fa-check\u00bb color=\u00bbcustom\u00bb align=\u00bbcenter\u00bb custom_color=\u00bb#f7f7f7&#8243; link=\u00bburl:https%3A%2F%2Frevertia.com%2Fcertificaciones-de-revertia%2F|title:%5B%3Aes%5DMemoria%20de%20sostenibilidad%5B%3A%5D|target:%20_blank|\u00bb][vc_custom_heading text=\u00bbCERTIFICACIONES<br \/>\nCALIDAD\u00bb font_container=\u00bbtag:h2|font_size:24|text_align:center|color:%23f2f2f2&#8243; google_fonts=\u00bbfont_family:Raleway%3A100%2C200%2C300%2Cregular%2C500%2C600%2C700%2C800%2C900|font_style:500%20bold%20regular%3A500%3Anormal\u00bb][vc_empty_space height=\u00bb10&#8243;][\/vc_column][vc_column width=\u00bb1\/4&#8243; css=\u00bb.vc_custom_1713981183477{background: rgba(86,86,86,0.48) url(https:\/\/revertia.com\/wp-content\/uploads\/2023\/02\/REVERTIA_3.jpg?id=21391) !important;background-position: center !important;background-repeat: no-repeat !important;background-size: cover !important;*background-color: rgb(86,86,86) !important;border-radius: 25px !important;}\u00bb][vc_empty_space height=\u00bb60&#8243;][vc_icon icon_fontawesome=\u00bbfa fa-newspaper-o\u00bb color=\u00bbcustom\u00bb align=\u00bbcenter\u00bb custom_color=\u00bb#f7f7f7&#8243; link=\u00bburl:https%3A%2F%2Frevertia.com%2Fes%2Fpublicaciones%2F||target:%20_blank|\u00bb][vc_custom_heading text=\u00bbPUBLICACIONES\u00bb font_container=\u00bbtag:h2|font_size:24|text_align:center|color:%23f2f2f2&#8243; google_fonts=\u00bbfont_family:Raleway%3A100%2C200%2C300%2Cregular%2C500%2C600%2C700%2C800%2C900|font_style:500%20bold%20regular%3A500%3Anormal\u00bb][vc_empty_space height=\u00bb10&#8243;][\/vc_column][\/vc_row]<\/p>","protected":false},"excerpt":{"rendered":"<p>[vc_row full_width=\u00bbstretch_row\u00bb equal_height=\u00bbyes\u00bb css=\u00bb.vc_custom_1765301678520{margin-top: -80px !important;padding-top: 25px !important;padding-bottom: 25px !important;background-image: url(https:\/\/revertia.com\/wp-content\/uploads\/2023\/02\/especialistas-en-raee.jpg?id=21408) !important;background-position: center !important;background-repeat: no-repeat !important;background-size: cover !important;}\u00bb][vc_column css=\u00bb.vc_custom_1765301692625{margin-top: 50px !important;margin-bottom: 50px !important;border-top-width: 3px !important;border-right-width: 3px !important;border-bottom-width: 3px !important;border-left-width: 3px !important;padding-top: 50px !important;padding-right: 100px !important;padding-bottom: 50px !important;padding-left: 100px !important;background-position: center !important;background-repeat: no-repeat !important;background-size: cover !important;}\u00bb][vc_custom_heading text=\u00bbCertificaciones de Calidad y Medioambiente\u00bb font_container=\u00bbtag:h1|font_size:40|text_align:center|color:%23ffffff\u00bb google_fonts=\u00bbfont_family:Oswald%3A300%2Cregular%2C700|font_style:400%20regular%3A400%3Anormal\u00bb css_animation=\u00bbfadeIn\u00bb css=\u00bb.vc_custom_1765301936858{padding-left: 50px [&hellip;]<\/p>\n","protected":false},"author":3,"featured_media":0,"parent":0,"menu_order":0,"comment_status":"closed","ping_status":"closed","template":"","meta":{"_acf_changed":false,"inline_featured_image":false,"footnotes":""},"acf":[],"yoast_head":"<!-- This site is optimized with the Yoast SEO plugin v22.8 - https:\/\/yoast.com\/wordpress\/plugins\/seo\/ -->\n<title>Certificaciones de calidad y medioambiente de revertia - Revertia<\/title>\n<meta name=\"description\" content=\"Revertia cuenta con certificaciones de Calidad, Medio Ambiente y Seguridad de la Informaci\u00f3n: UNE-EN ISO 9001, 14001 y UNE-ISO\/IEC 27001\" \/>\n<meta name=\"robots\" content=\"index, follow, max-snippet:-1, max-image-preview:large, max-video-preview:-1\" \/>\n<link rel=\"canonical\" href=\"https:\/\/revertia.com\/certificaciones-de-revertia\/\" \/>\n<meta property=\"og:locale\" content=\"es_ES\" \/>\n<meta property=\"og:type\" content=\"article\" \/>\n<meta property=\"og:title\" content=\"Certificaciones de calidad y medioambiente de revertia - Revertia\" \/>\n<meta property=\"og:description\" content=\"Revertia cuenta con certificaciones de Calidad, Medio Ambiente y Seguridad de la Informaci\u00f3n: UNE-EN ISO 9001, 14001 y UNE-ISO\/IEC 27001\" \/>\n<meta property=\"og:url\" content=\"https:\/\/revertia.com\/certificaciones-de-revertia\/\" \/>\n<meta property=\"og:site_name\" content=\"Revertia\" \/>\n<meta property=\"article:publisher\" content=\"https:\/\/www.facebook.com\/revertiaresiduos\/\" \/>\n<meta property=\"article:modified_time\" content=\"2025-12-09T17:40:24+00:00\" \/>\n<meta property=\"og:image\" content=\"https:\/\/revertia.com\/wp-content\/uploads\/2022\/10\/normativas.svg\" \/>\n<meta name=\"twitter:card\" content=\"summary_large_image\" \/>\n<meta name=\"twitter:site\" content=\"@revertia\" \/>\n<meta name=\"twitter:label1\" content=\"Tiempo de lectura\" \/>\n\t<meta name=\"twitter:data1\" content=\"3 minutos\" \/>\n<script type=\"application\/ld+json\" class=\"yoast-schema-graph\">{\"@context\":\"https:\/\/schema.org\",\"@graph\":[{\"@type\":\"WebPage\",\"@id\":\"https:\/\/revertia.com\/certificaciones-de-revertia\/\",\"url\":\"https:\/\/revertia.com\/certificaciones-de-revertia\/\",\"name\":\"Certificaciones de calidad y medioambiente de revertia - Revertia\",\"isPartOf\":{\"@id\":\"https:\/\/revertia.com\/es\/#website\"},\"primaryImageOfPage\":{\"@id\":\"https:\/\/revertia.com\/certificaciones-de-revertia\/#primaryimage\"},\"image\":{\"@id\":\"https:\/\/revertia.com\/certificaciones-de-revertia\/#primaryimage\"},\"thumbnailUrl\":\"https:\/\/revertia.com\/wp-content\/uploads\/2022\/10\/normativas.svg\",\"datePublished\":\"2023-02-24T12:35:21+00:00\",\"dateModified\":\"2025-12-09T17:40:24+00:00\",\"description\":\"Revertia cuenta con certificaciones de Calidad, Medio Ambiente y Seguridad de la Informaci\u00f3n: UNE-EN ISO 9001, 14001 y UNE-ISO\/IEC 27001\",\"breadcrumb\":{\"@id\":\"https:\/\/revertia.com\/certificaciones-de-revertia\/#breadcrumb\"},\"inLanguage\":\"es\",\"potentialAction\":[{\"@type\":\"ReadAction\",\"target\":[\"https:\/\/revertia.com\/certificaciones-de-revertia\/\"]}]},{\"@type\":\"ImageObject\",\"inLanguage\":\"es\",\"@id\":\"https:\/\/revertia.com\/certificaciones-de-revertia\/#primaryimage\",\"url\":\"https:\/\/revertia.com\/wp-content\/uploads\/2022\/10\/normativas.svg\",\"contentUrl\":\"https:\/\/revertia.com\/wp-content\/uploads\/2022\/10\/normativas.svg\"},{\"@type\":\"BreadcrumbList\",\"@id\":\"https:\/\/revertia.com\/certificaciones-de-revertia\/#breadcrumb\",\"itemListElement\":[{\"@type\":\"ListItem\",\"position\":1,\"name\":\"Portada\",\"item\":\"https:\/\/revertia.com\/\"},{\"@type\":\"ListItem\",\"position\":2,\"name\":\"Certificaciones de Revertia\"}]},{\"@type\":\"WebSite\",\"@id\":\"https:\/\/revertia.com\/es\/#website\",\"url\":\"https:\/\/revertia.com\/es\/\",\"name\":\"Revertia\",\"description\":\"\",\"publisher\":{\"@id\":\"https:\/\/revertia.com\/es\/#organization\"},\"potentialAction\":[{\"@type\":\"SearchAction\",\"target\":{\"@type\":\"EntryPoint\",\"urlTemplate\":\"https:\/\/revertia.com\/es\/?s={search_term_string}\"},\"query-input\":\"required name=search_term_string\"}],\"inLanguage\":\"es\"},{\"@type\":\"Organization\",\"@id\":\"https:\/\/revertia.com\/es\/#organization\",\"name\":\"Revertia\",\"url\":\"https:\/\/revertia.com\/es\/\",\"logo\":{\"@type\":\"ImageObject\",\"inLanguage\":\"es\",\"@id\":\"https:\/\/revertia.com\/es\/#\/schema\/logo\/image\/\",\"url\":\"https:\/\/revertia.com\/wp-content\/uploads\/2018\/08\/logo-revertia.png\",\"contentUrl\":\"https:\/\/revertia.com\/wp-content\/uploads\/2018\/08\/logo-revertia.png\",\"width\":199,\"height\":38,\"caption\":\"Revertia\"},\"image\":{\"@id\":\"https:\/\/revertia.com\/es\/#\/schema\/logo\/image\/\"},\"sameAs\":[\"https:\/\/www.facebook.com\/revertiaresiduos\/\",\"https:\/\/x.com\/revertia\",\"https:\/\/www.linkedin.com\/company\/revertia\",\"https:\/\/www.youtube.com\/user\/revertia\"]}]}<\/script>\n<!-- \/ Yoast SEO plugin. -->","yoast_head_json":{"title":"Certificaciones de calidad y medioambiente de revertia - Revertia","description":"Revertia cuenta con certificaciones de Calidad, Medio Ambiente y Seguridad de la Informaci\u00f3n: UNE-EN ISO 9001, 14001 y UNE-ISO\/IEC 27001","robots":{"index":"index","follow":"follow","max-snippet":"max-snippet:-1","max-image-preview":"max-image-preview:large","max-video-preview":"max-video-preview:-1"},"canonical":"https:\/\/revertia.com\/certificaciones-de-revertia\/","og_locale":"es_ES","og_type":"article","og_title":"Certificaciones de calidad y medioambiente de revertia - Revertia","og_description":"Revertia cuenta con certificaciones de Calidad, Medio Ambiente y Seguridad de la Informaci\u00f3n: UNE-EN ISO 9001, 14001 y UNE-ISO\/IEC 27001","og_url":"https:\/\/revertia.com\/certificaciones-de-revertia\/","og_site_name":"Revertia","article_publisher":"https:\/\/www.facebook.com\/revertiaresiduos\/","article_modified_time":"2025-12-09T17:40:24+00:00","og_image":[{"url":"https:\/\/revertia.com\/wp-content\/uploads\/2022\/10\/normativas.svg"}],"twitter_card":"summary_large_image","twitter_site":"@revertia","twitter_misc":{"Tiempo de lectura":"3 minutos"},"schema":{"@context":"https:\/\/schema.org","@graph":[{"@type":"WebPage","@id":"https:\/\/revertia.com\/certificaciones-de-revertia\/","url":"https:\/\/revertia.com\/certificaciones-de-revertia\/","name":"Certificaciones de calidad y medioambiente de revertia - Revertia","isPartOf":{"@id":"https:\/\/revertia.com\/es\/#website"},"primaryImageOfPage":{"@id":"https:\/\/revertia.com\/certificaciones-de-revertia\/#primaryimage"},"image":{"@id":"https:\/\/revertia.com\/certificaciones-de-revertia\/#primaryimage"},"thumbnailUrl":"https:\/\/revertia.com\/wp-content\/uploads\/2022\/10\/normativas.svg","datePublished":"2023-02-24T12:35:21+00:00","dateModified":"2025-12-09T17:40:24+00:00","description":"Revertia cuenta con certificaciones de Calidad, Medio Ambiente y Seguridad de la Informaci\u00f3n: UNE-EN ISO 9001, 14001 y UNE-ISO\/IEC 27001","breadcrumb":{"@id":"https:\/\/revertia.com\/certificaciones-de-revertia\/#breadcrumb"},"inLanguage":"es","potentialAction":[{"@type":"ReadAction","target":["https:\/\/revertia.com\/certificaciones-de-revertia\/"]}]},{"@type":"ImageObject","inLanguage":"es","@id":"https:\/\/revertia.com\/certificaciones-de-revertia\/#primaryimage","url":"https:\/\/revertia.com\/wp-content\/uploads\/2022\/10\/normativas.svg","contentUrl":"https:\/\/revertia.com\/wp-content\/uploads\/2022\/10\/normativas.svg"},{"@type":"BreadcrumbList","@id":"https:\/\/revertia.com\/certificaciones-de-revertia\/#breadcrumb","itemListElement":[{"@type":"ListItem","position":1,"name":"Portada","item":"https:\/\/revertia.com\/"},{"@type":"ListItem","position":2,"name":"Certificaciones de Revertia"}]},{"@type":"WebSite","@id":"https:\/\/revertia.com\/es\/#website","url":"https:\/\/revertia.com\/es\/","name":"Revertia","description":"","publisher":{"@id":"https:\/\/revertia.com\/es\/#organization"},"potentialAction":[{"@type":"SearchAction","target":{"@type":"EntryPoint","urlTemplate":"https:\/\/revertia.com\/es\/?s={search_term_string}"},"query-input":"required name=search_term_string"}],"inLanguage":"es"},{"@type":"Organization","@id":"https:\/\/revertia.com\/es\/#organization","name":"Revertia","url":"https:\/\/revertia.com\/es\/","logo":{"@type":"ImageObject","inLanguage":"es","@id":"https:\/\/revertia.com\/es\/#\/schema\/logo\/image\/","url":"https:\/\/revertia.com\/wp-content\/uploads\/2018\/08\/logo-revertia.png","contentUrl":"https:\/\/revertia.com\/wp-content\/uploads\/2018\/08\/logo-revertia.png","width":199,"height":38,"caption":"Revertia"},"image":{"@id":"https:\/\/revertia.com\/es\/#\/schema\/logo\/image\/"},"sameAs":["https:\/\/www.facebook.com\/revertiaresiduos\/","https:\/\/x.com\/revertia","https:\/\/www.linkedin.com\/company\/revertia","https:\/\/www.youtube.com\/user\/revertia"]}]}},"_links":{"self":[{"href":"https:\/\/revertia.com\/es\/wp-json\/wp\/v2\/pages\/21442"}],"collection":[{"href":"https:\/\/revertia.com\/es\/wp-json\/wp\/v2\/pages"}],"about":[{"href":"https:\/\/revertia.com\/es\/wp-json\/wp\/v2\/types\/page"}],"author":[{"embeddable":true,"href":"https:\/\/revertia.com\/es\/wp-json\/wp\/v2\/users\/3"}],"replies":[{"embeddable":true,"href":"https:\/\/revertia.com\/es\/wp-json\/wp\/v2\/comments?post=21442"}],"version-history":[{"count":115,"href":"https:\/\/revertia.com\/es\/wp-json\/wp\/v2\/pages\/21442\/revisions"}],"predecessor-version":[{"id":65272,"href":"https:\/\/revertia.com\/es\/wp-json\/wp\/v2\/pages\/21442\/revisions\/65272"}],"wp:attachment":[{"href":"https:\/\/revertia.com\/es\/wp-json\/wp\/v2\/media?parent=21442"}],"curies":[{"name":"wp","href":"https:\/\/api.w.org\/{rel}","templated":true}]}}