{"id":7314,"date":"2020-02-19T12:46:21","date_gmt":"2020-02-19T11:46:21","guid":{"rendered":"https:\/\/revertia.com\/?page_id=7314"},"modified":"2020-05-08T19:37:59","modified_gmt":"2020-05-08T17:37:59","slug":"declaracion-de-cookies","status":"publish","type":"page","link":"https:\/\/revertia.com\/en\/declaracion-de-cookies\/","title":{"rendered":"Cookie statement"},"content":{"rendered":"<p><\/p>\n<h3 id=\"sobre-la-politica-de-privacidad\"><span>About the privacy policy<\/span><\/h3>\n<div><span>The cookies on this website are used to personalize content and advertisements, offer social media features, and analyze traffic.\u00a0In addition, we share information about your use of the website with our social media, advertising and web analytics partners, who may combine it with other information that you have provided or that they have collected from your use of their services.<\/span><\/div>\n<div><span>Your consent applies to the following domains: revertia.com<\/span><\/div>\n<h3 id=\"que-son-las-cookies\"><span>What are cookies?<\/span><\/h3>\n<div>\n<p><span>Cookies are small text files that web pages can use to make the user experience more efficient.\u00a0The law states that we can store cookies on your device if they are strictly necessary for the operation of this page.\u00a0For all other types of cookies we need your permission.\u00a0You can change or withdraw your consent at any time from the Cookie Declaration on our website.\u00a0Find out more about who we are, how you can contact us and how we process personal data in our Privacy Policy.\u00a0When contacting us regarding your consent, please indicate the ID and date of your consent.<\/span><\/p>\n<\/div>\n<h3 id=\"como-usamos-las-cookies\"><span>How do we use cookies?<\/span><\/h3>\n<div>\n<p><span>This page uses different types of cookies.\u00a0Some cookies are placed by third-party services that appear on our pages.<\/span><\/p>\n<\/div>\n<h3 id=\"que-tipos-de-cookies-usamos\"><span>What types of cookies do we use?<\/span><\/h3>\n<div>\n<p><strong><span>Necessary<\/span><\/strong><span>\u00a0: The necessary cookies help to make a web page usable by activating basic functions such as navigation on the page and access to secure areas of the web page.\u00a0The website cannot function properly without these cookies.<\/span><\/p>\n<p><strong><span>Preferences<\/span><\/strong><span>\u00a0:\u00a0<strong>Preference<\/strong>\u00a0cookies allow the website to remember information that changes the way the page behaves or what it looks like, such as your preferred language or the region in which you are located.<\/span><\/p>\n<p><strong><span>Statistics<\/span><\/strong><span>\u00a0:\u00a0<strong>Statistical<\/strong>\u00a0cookies help web page owners understand how visitors interact with web pages by collecting and providing information anonymously.<\/span><\/p>\n<p><strong><span>Marketing<\/span><\/strong><span>\u00a0:\u00a0<strong>Marketing<\/strong>\u00a0cookies are used to track visitors on web pages.\u00a0The intention is to show ads that are relevant and attractive to the individual user, and therefore more valuable to publishers and third-party advertisers.<\/span><\/p>\n<p><strong><span>Unclassified<\/span><\/strong><span>\u00a0:\u00a0<strong>Unclassified<\/strong>\u00a0cookies are cookies for which we are still in the process of classifying, along with individual cookie providers.<\/span><\/p>\n<p><span>List of cookies on our portal:<\/span><\/p>\n<\/div>\n<table class=\"cookielawinfo-row-cat-table cookielawinfo-classic\">\n<thead>\n<tr>\n<th class=\"cookielawinfo-column-1\"><span>COOKIE<\/span><\/th>\n<th class=\"cookielawinfo-column-4\"><span>DESCRIPTION<\/span><\/th>\n<\/tr>\n<\/thead>\n<tbody>\n<tr class=\"cookielawinfo-row\">\n<td class=\"cookielawinfo-column-1\"><span>__qca<\/span><\/td>\n<td class=\"cookielawinfo-column-4\"><span>It collects data related to the user&#8217;s visits to the website, such as the number of visits, the average time spent on the website and which pages have been loaded, with the purpose of generating reports to optimize the content of the website.<\/span><\/td>\n<\/tr>\n<tr class=\"cookielawinfo-row\">\n<td class=\"cookielawinfo-column-1\"><span>_ga<\/span><\/td>\n<td class=\"cookielawinfo-column-4\"><span>This cookie is installed by Google Analytics.\u00a0The cookie is used to calculate visitor, session, campaign data, and to track site usage for the site analytics report.\u00a0Cookies store information anonymously and assign a randomly generated number to identify unique visitors.<\/span><\/td>\n<\/tr>\n<tr class=\"cookielawinfo-row\">\n<td class=\"cookielawinfo-column-1\"><span>_gat<\/span><\/td>\n<td class=\"cookielawinfo-column-4\"><span>Google Universal Analytics installs these cookies to reduce request speed and limit the collection of data on high-traffic sites.<\/span><\/td>\n<\/tr>\n<tr class=\"cookielawinfo-row\">\n<td class=\"cookielawinfo-column-1\"><span>_gid<\/span><\/td>\n<td class=\"cookielawinfo-column-4\"><span>This cookie is installed by Google Analytics.\u00a0The cookie is used to store information about how visitors use a website and helps create an analytical report on how the website works.\u00a0The data collected, including the number of visitors, the source they came from and the pages, appeared anonymously.<\/span><\/td>\n<\/tr>\n<tr class=\"cookielawinfo-row\">\n<td class=\"cookielawinfo-column-1\"><span>ARRAffinity<\/span><\/td>\n<td class=\"cookielawinfo-column-4\"><span>Used to distribute traffic to the website on various servers to optimize response times.<\/span><\/td>\n<\/tr>\n<tr class=\"cookielawinfo-row\">\n<td class=\"cookielawinfo-column-1\">bcookie<\/td>\n<td class=\"cookielawinfo-column-4\"><span>Used by the social networking service LinkedIn to track the use of embedded services.<\/span><\/td>\n<\/tr>\n<tr class=\"cookielawinfo-row\">\n<td class=\"cookielawinfo-column-1\">dextp<\/td>\n<td class=\"cookielawinfo-column-4\"><span>The audience administrator sets this cookie to determine the time and frequency of the visitor&#8217;s data synchronization.\u00a0The synchronization of the data cookie is used to synchronize and collect visitor data from various websites.<\/span><\/td>\n<\/tr>\n<tr class=\"cookielawinfo-row\">\n<td class=\"cookielawinfo-column-1\"><span>flowplayerTestStorage<\/span><\/td>\n<td class=\"cookielawinfo-column-4\"><span>This cookie is used to store data in the visitor&#8217;s Flowplayer status, which determines whether the visitor can access multimedia content on the website.<\/span><\/td>\n<\/tr>\n<tr class=\"cookielawinfo-row\">\n<td class=\"cookielawinfo-column-1\"><span>lang<\/span><\/td>\n<td class=\"cookielawinfo-column-4\"><span>Remember the language selected by a user with which to view a web page<\/span><\/td>\n<\/tr>\n<tr class=\"cookielawinfo-row\">\n<td class=\"cookielawinfo-column-1\"><span>NOT<\/span><\/td>\n<td class=\"cookielawinfo-column-4\"><span>This cookie is used for a profile based on user interest and displays personalized advertisements to users.<\/span><\/td>\n<\/tr>\n<tr class=\"cookielawinfo-row\">\n<td class=\"cookielawinfo-column-1\"><span>pdomid<\/span><\/td>\n<td class=\"cookielawinfo-column-4\"><span>It records which group of servers is serving the visitor.\u00a0This is used in conjunction with load balancing to optimize the user experience.<\/span><\/td>\n<\/tr>\n<tr class=\"cookielawinfo-row\">\n<td class=\"cookielawinfo-column-1\">qtrans_front_language<\/td>\n<td class=\"cookielawinfo-column-4\"><span>This cookie is configured through the WordPress qTranslate plugin.\u00a0The cookie is used to manage the visitor&#8217;s preferred language.<\/span><\/td>\n<\/tr>\n<tr class=\"cookielawinfo-row\">\n<td class=\"cookielawinfo-column-1\">sessionPageNumbers<\/td>\n<td class=\"cookielawinfo-column-4\"><span>Set an identifier for the session.\u00a0This allows the website to obtain data on visitor behavior for statistical purposes.<\/span><\/td>\n<\/tr>\n<tr class=\"cookielawinfo-row\">\n<td class=\"cookielawinfo-column-1\">sessionStartTime<\/td>\n<td class=\"cookielawinfo-column-4\"><span>This cookie is used to determine the last time the visitor visited the different subpages on the website.\u00a0The cookie also sets a timestamp at the time of logging in.<\/span><\/td>\n<\/tr>\n<tr class=\"cookielawinfo-row\">\n<td class=\"cookielawinfo-column-1\">VISITOR_INFO1_LIVE<\/td>\n<td class=\"cookielawinfo-column-4\"><span>Try to calculate user bandwidth on pages with embedded YouTube videos.<\/span><\/td>\n<\/tr>\n<tr class=\"cookielawinfo-row\">\n<td class=\"cookielawinfo-column-1\"><span>YSC<\/span><\/td>\n<td class=\"cookielawinfo-column-4\"><span>Registers a unique ID to keep statistics of which YouTube videos the user has seen. &#8220;&gt; Registers a unique identification to keep statistics of which YouTube videos the user has seen.<\/span><\/td>\n<\/tr>\n<tr class=\"cookielawinfo-row\">\n<td class=\"cookielawinfo-column-1\">yt-remote-cast-installed<\/td>\n<td class=\"cookielawinfo-column-4\"><span>Records user video player preferences when watching embedded YouTube videos<\/span><\/td>\n<\/tr>\n<tr class=\"cookielawinfo-row\">\n<td class=\"cookielawinfo-column-1\"><span>zc<\/span><\/td>\n<td class=\"cookielawinfo-column-4\"><span>It registers data of visitors from multiple visits and from multiple websites.\u00a0This information is used to measure the efficiency of advertising on the web<\/span><\/td>\n<\/tr>\n<tr class=\"cookielawinfo-row\">\n<td class=\"cookielawinfo-column-1\">cookielawinfo-checkbox-non-necessary<\/td>\n<td class=\"cookielawinfo-column-4\"><span>This cookie is configured by the GDPR Cookie Consent plugin.\u00a0Cookies are used to store user consent for cookies in the &#8220;Not required&#8221; category.<\/span><\/td>\n<\/tr>\n<\/tbody>\n<\/table>\n<h3 id=\"como-controlar-las-cookies\"><span>How to control cookies<\/span><\/h3>\n<div>\n<p><span>When you visit a website, it can store or retrieve information in your browser, mainly in the form of cookies.\u00a0This information may be about you, your preferences, or your device and is primarily used to make the site work as expected.\u00a0The information generally does not directly identify you, but may provide you with a more personalized web experience.\u00a0Since we respect your privacy, you can choose to exclude some types of cookies.\u00a0You can click on the different category headings to get more information and change our default settings.\u00a0However, if you block some types of cookies, your experience of using the site may be affected and also the services we can offer you.<\/span><\/p>\n<p><span>For more information on cookie handling and deletion, visit\u00a0\u00a0<\/span><a href=\"https:\/\/es.wikipedia.org\/wiki\/Wikipedia:Portada\" target=\"_blank\" rel=\"noopener noreferrer\"><span>wikipedia.org<\/span><\/a><span>\u00a0,\u00a0\u00a0<\/span><a href=\"https:\/\/www.allaboutcookies.org\/\" target=\"_blank\" rel=\"noopener noreferrer\"><span>www.allaboutcookies.org<\/span><\/a><span>\u00a0.<\/span><\/p>\n<\/div>\n<p><\/p>","protected":false},"excerpt":{"rendered":"<p>About the privacy policy The cookies on this website are used to personalize content and advertisements, offer social media features, and analyze traffic.\u00a0In addition, we share information about your use of the website with our social media, advertising and web analytics partners, who may combine it with other information that you have provided or that [&hellip;]<\/p>\n","protected":false},"author":3,"featured_media":0,"parent":0,"menu_order":0,"comment_status":"closed","ping_status":"closed","template":"","meta":{"_acf_changed":false,"inline_featured_image":false,"footnotes":""},"acf":[],"yoast_head":"<!-- This site is optimized with the Yoast SEO plugin v22.8 - https:\/\/yoast.com\/wordpress\/plugins\/seo\/ -->\n<title>Cookie statement - Revertia<\/title>\n<meta name=\"robots\" content=\"index, follow, max-snippet:-1, max-image-preview:large, max-video-preview:-1\" \/>\n<link rel=\"canonical\" href=\"https:\/\/revertia.com\/es\/declaracion-de-cookies\/\" \/>\n<meta property=\"og:locale\" content=\"en_US\" \/>\n<meta property=\"og:type\" content=\"article\" \/>\n<meta property=\"og:title\" content=\"[:es]Declaraci\u00f3n de cookies[:en]Cookie statement[:pt]Declara\u00e7\u00e3o de cookie[:] - Revertia\" \/>\n<meta property=\"og:description\" content=\"About the privacy policy The cookies on this website are used to personalize content and advertisements, offer social media features, and analyze traffic.\u00a0In addition, we share information about your use of the website with our social media, advertising and web analytics partners, who may combine it with other information that you have provided or that [&hellip;]\" \/>\n<meta property=\"og:url\" content=\"https:\/\/revertia.com\/es\/declaracion-de-cookies\/\" \/>\n<meta property=\"og:site_name\" content=\"Revertia\" \/>\n<meta property=\"article:publisher\" content=\"https:\/\/www.facebook.com\/revertiaresiduos\/\" \/>\n<meta property=\"article:modified_time\" content=\"2020-05-08T17:37:59+00:00\" \/>\n<meta name=\"twitter:card\" content=\"summary_large_image\" \/>\n<meta name=\"twitter:site\" content=\"@revertia\" \/>\n<meta name=\"twitter:label1\" content=\"Est. reading time\" \/>\n\t<meta name=\"twitter:data1\" content=\"14 minutes\" \/>\n<script type=\"application\/ld+json\" class=\"yoast-schema-graph\">{\"@context\":\"https:\/\/schema.org\",\"@graph\":[{\"@type\":\"WebPage\",\"@id\":\"https:\/\/revertia.com\/es\/declaracion-de-cookies\/\",\"url\":\"https:\/\/revertia.com\/es\/declaracion-de-cookies\/\",\"name\":\"[:es]Declaraci\u00f3n de cookies[:en]Cookie statement[:pt]Declara\u00e7\u00e3o de cookie[:] - Revertia\",\"isPartOf\":{\"@id\":\"https:\/\/revertia.com\/es\/#website\"},\"datePublished\":\"2020-02-19T11:46:21+00:00\",\"dateModified\":\"2020-05-08T17:37:59+00:00\",\"breadcrumb\":{\"@id\":\"https:\/\/revertia.com\/es\/declaracion-de-cookies\/#breadcrumb\"},\"inLanguage\":\"en-US\",\"potentialAction\":[{\"@type\":\"ReadAction\",\"target\":[\"https:\/\/revertia.com\/es\/declaracion-de-cookies\/\"]}]},{\"@type\":\"BreadcrumbList\",\"@id\":\"https:\/\/revertia.com\/es\/declaracion-de-cookies\/#breadcrumb\",\"itemListElement\":[{\"@type\":\"ListItem\",\"position\":1,\"name\":\"Portada\",\"item\":\"https:\/\/revertia.com\/\"},{\"@type\":\"ListItem\",\"position\":2,\"name\":\"Declaraci\u00f3n de cookies\"}]},{\"@type\":\"WebSite\",\"@id\":\"https:\/\/revertia.com\/es\/#website\",\"url\":\"https:\/\/revertia.com\/es\/\",\"name\":\"Revertia\",\"description\":\"\",\"publisher\":{\"@id\":\"https:\/\/revertia.com\/es\/#organization\"},\"potentialAction\":[{\"@type\":\"SearchAction\",\"target\":{\"@type\":\"EntryPoint\",\"urlTemplate\":\"https:\/\/revertia.com\/es\/?s={search_term_string}\"},\"query-input\":\"required name=search_term_string\"}],\"inLanguage\":\"en-US\"},{\"@type\":\"Organization\",\"@id\":\"https:\/\/revertia.com\/es\/#organization\",\"name\":\"Revertia\",\"url\":\"https:\/\/revertia.com\/es\/\",\"logo\":{\"@type\":\"ImageObject\",\"inLanguage\":\"en-US\",\"@id\":\"https:\/\/revertia.com\/es\/#\/schema\/logo\/image\/\",\"url\":\"https:\/\/revertia.com\/wp-content\/uploads\/2018\/08\/logo-revertia.png\",\"contentUrl\":\"https:\/\/revertia.com\/wp-content\/uploads\/2018\/08\/logo-revertia.png\",\"width\":199,\"height\":38,\"caption\":\"Revertia\"},\"image\":{\"@id\":\"https:\/\/revertia.com\/es\/#\/schema\/logo\/image\/\"},\"sameAs\":[\"https:\/\/www.facebook.com\/revertiaresiduos\/\",\"https:\/\/x.com\/revertia\",\"https:\/\/www.linkedin.com\/company\/revertia\",\"https:\/\/www.youtube.com\/user\/revertia\"]}]}<\/script>\n<!-- \/ Yoast SEO plugin. -->","yoast_head_json":{"title":"[:es]Declaraci\u00f3n de cookies[:en]Cookie statement[:pt]Declara\u00e7\u00e3o de cookie[:] - Revertia","robots":{"index":"index","follow":"follow","max-snippet":"max-snippet:-1","max-image-preview":"max-image-preview:large","max-video-preview":"max-video-preview:-1"},"canonical":"https:\/\/revertia.com\/es\/declaracion-de-cookies\/","og_locale":"en_US","og_type":"article","og_title":"[:es]Declaraci\u00f3n de cookies[:en]Cookie statement[:pt]Declara\u00e7\u00e3o de cookie[:] - Revertia","og_description":"About the privacy policy The cookies on this website are used to personalize content and advertisements, offer social media features, and analyze traffic.\u00a0In addition, we share information about your use of the website with our social media, advertising and web analytics partners, who may combine it with other information that you have provided or that [&hellip;]","og_url":"https:\/\/revertia.com\/es\/declaracion-de-cookies\/","og_site_name":"Revertia","article_publisher":"https:\/\/www.facebook.com\/revertiaresiduos\/","article_modified_time":"2020-05-08T17:37:59+00:00","twitter_card":"summary_large_image","twitter_site":"@revertia","twitter_misc":{"Est. reading time":"14 minutes"},"schema":{"@context":"https:\/\/schema.org","@graph":[{"@type":"WebPage","@id":"https:\/\/revertia.com\/es\/declaracion-de-cookies\/","url":"https:\/\/revertia.com\/es\/declaracion-de-cookies\/","name":"[:es]Declaraci\u00f3n de cookies[:en]Cookie statement[:pt]Declara\u00e7\u00e3o de cookie[:] - Revertia","isPartOf":{"@id":"https:\/\/revertia.com\/es\/#website"},"datePublished":"2020-02-19T11:46:21+00:00","dateModified":"2020-05-08T17:37:59+00:00","breadcrumb":{"@id":"https:\/\/revertia.com\/es\/declaracion-de-cookies\/#breadcrumb"},"inLanguage":"en-US","potentialAction":[{"@type":"ReadAction","target":["https:\/\/revertia.com\/es\/declaracion-de-cookies\/"]}]},{"@type":"BreadcrumbList","@id":"https:\/\/revertia.com\/es\/declaracion-de-cookies\/#breadcrumb","itemListElement":[{"@type":"ListItem","position":1,"name":"Portada","item":"https:\/\/revertia.com\/"},{"@type":"ListItem","position":2,"name":"Declaraci\u00f3n de cookies"}]},{"@type":"WebSite","@id":"https:\/\/revertia.com\/es\/#website","url":"https:\/\/revertia.com\/es\/","name":"Revertia","description":"","publisher":{"@id":"https:\/\/revertia.com\/es\/#organization"},"potentialAction":[{"@type":"SearchAction","target":{"@type":"EntryPoint","urlTemplate":"https:\/\/revertia.com\/es\/?s={search_term_string}"},"query-input":"required name=search_term_string"}],"inLanguage":"en-US"},{"@type":"Organization","@id":"https:\/\/revertia.com\/es\/#organization","name":"Revertia","url":"https:\/\/revertia.com\/es\/","logo":{"@type":"ImageObject","inLanguage":"en-US","@id":"https:\/\/revertia.com\/es\/#\/schema\/logo\/image\/","url":"https:\/\/revertia.com\/wp-content\/uploads\/2018\/08\/logo-revertia.png","contentUrl":"https:\/\/revertia.com\/wp-content\/uploads\/2018\/08\/logo-revertia.png","width":199,"height":38,"caption":"Revertia"},"image":{"@id":"https:\/\/revertia.com\/es\/#\/schema\/logo\/image\/"},"sameAs":["https:\/\/www.facebook.com\/revertiaresiduos\/","https:\/\/x.com\/revertia","https:\/\/www.linkedin.com\/company\/revertia","https:\/\/www.youtube.com\/user\/revertia"]}]}},"_links":{"self":[{"href":"https:\/\/revertia.com\/en\/wp-json\/wp\/v2\/pages\/7314"}],"collection":[{"href":"https:\/\/revertia.com\/en\/wp-json\/wp\/v2\/pages"}],"about":[{"href":"https:\/\/revertia.com\/en\/wp-json\/wp\/v2\/types\/page"}],"author":[{"embeddable":true,"href":"https:\/\/revertia.com\/en\/wp-json\/wp\/v2\/users\/3"}],"replies":[{"embeddable":true,"href":"https:\/\/revertia.com\/en\/wp-json\/wp\/v2\/comments?post=7314"}],"version-history":[{"count":13,"href":"https:\/\/revertia.com\/en\/wp-json\/wp\/v2\/pages\/7314\/revisions"}],"predecessor-version":[{"id":29223,"href":"https:\/\/revertia.com\/en\/wp-json\/wp\/v2\/pages\/7314\/revisions\/29223"}],"wp:attachment":[{"href":"https:\/\/revertia.com\/en\/wp-json\/wp\/v2\/media?parent=7314"}],"curies":[{"name":"wp","href":"https:\/\/api.w.org\/{rel}","templated":true}]}}