{"id":22706,"date":"2023-03-23T16:40:17","date_gmt":"2023-03-23T15:40:17","guid":{"rendered":"https:\/\/revertia.com\/?page_id=22706"},"modified":"2025-12-10T18:25:26","modified_gmt":"2025-12-10T17:25:26","slug":"quienes-somos-empresa-especializada-en-residuos-electronicos","status":"publish","type":"page","link":"https:\/\/revertia.com\/en\/quienes-somos-empresa-especializada-en-residuos-electronicos\/","title":{"rendered":"ABOUT US"},"content":{"rendered":"<p>[vc_row full_width=&#8221;stretch_row&#8221; equal_height=&#8221;yes&#8221; css=&#8221;.vc_custom_1683107164460{background-color: #ffffff !important;background-position: center !important;background-repeat: no-repeat !important;background-size: cover !important;}&#8221;][vc_column width=&#8221;1\/2&#8243; css=&#8221;.vc_custom_1679583836895{background-image: url(https:\/\/revertia.com\/wp-content\/uploads\/2023\/03\/experiencia.jpg?id=22728) !important;background-position: center !important;background-repeat: no-repeat !important;background-size: cover !important;}&#8221;][vc_empty_space height=&#8221;200&#8243;][vc_custom_heading text=&#8221;More than 10 years creating opportunities using corporate electronic and electrical waste&#8221; font_container=&#8221;tag:h2|font_size:40|text_align:left|color:%23f2f2f2&#8243; google_fonts=&#8221;font_family:Oswald%3A300%2Cregular%2C700|font_style:400%20regular%3A400%3Anormal&#8221; css_animation=&#8221;fadeIn&#8221; css=&#8221;.vc_custom_1684483850565{padding-left: 50px !important;}&#8221;][\/vc_column][vc_column width=&#8221;1\/2&#8243;][vc_empty_space height=&#8221;100&#8243;][vc_column_text css=&#8221;.vc_custom_1684483878306{padding-left: 50px !important;}&#8221;]<\/p>\n<h3>As an environmental consultant, we offer everything you need to meet your sustainability commitments and take advantage of your electronic and electrical waste.<\/h3>\n<p>[\/vc_column_text][vc_column_text css=&#8221;.vc_custom_1684483893235{padding-left: 50px !important;}&#8221;]<\/p>\n<h3>We work across Spain from our treatment plants in Madrid and Galicia.<\/h3>\n<p>[\/vc_column_text][vc_single_image image=&#8221;22710&#8243; img_size=&#8221;large&#8221; alignment=&#8221;center&#8221; css_animation=&#8221;rotateIn&#8221;][\/vc_column][\/vc_row][vc_row full_width=&#8221;stretch_row&#8221; equal_height=&#8221;yes&#8221; css=&#8221;.vc_custom_1683216244574{background-position: center !important;background-repeat: no-repeat !important;background-size: cover !important;}&#8221;][vc_column width=&#8221;1\/3&#8243; css=&#8221;.vc_custom_1683215933231{margin-right: -15px !important;margin-left: -15px !important;background-position: center !important;background-repeat: no-repeat !important;background-size: cover !important;}&#8221;][vc_single_image image=&#8221;23251&#8243; img_size=&#8221;full&#8221; alignment=&#8221;center&#8221; css=&#8221;.vc_custom_1683100054594{background-position: center !important;background-repeat: no-repeat !important;background-size: cover !important;}&#8221;][\/vc_column][vc_column width=&#8221;1\/3&#8243; css=&#8221;.vc_custom_1683215941961{margin-right: -15px !important;margin-left: -15px !important;}&#8221;][vc_single_image image=&#8221;23319&#8243; img_size=&#8221;full&#8221; alignment=&#8221;center&#8221;][\/vc_column][vc_column width=&#8221;1\/3&#8243; css=&#8221;.vc_custom_1683215957551{margin-right: -15px !important;margin-left: -15px !important;}&#8221;][vc_single_image image=&#8221;23597&#8243; img_size=&#8221;full&#8221; alignment=&#8221;center&#8221;][\/vc_column][\/vc_row][vc_row full_width=&#8221;stretch_row&#8221; equal_height=&#8221;yes&#8221; css=&#8221;.vc_custom_1683216128695{margin-top: -80px !important;margin-bottom: 50px !important;background-position: center !important;background-repeat: no-repeat !important;background-size: cover !important;}&#8221;][vc_column width=&#8221;1\/3&#8243; css=&#8221;.vc_custom_1683215933231{margin-right: -15px !important;margin-left: -15px !important;background-position: center !important;background-repeat: no-repeat !important;background-size: cover !important;}&#8221;][vc_single_image image=&#8221;23252&#8243; img_size=&#8221;full&#8221; alignment=&#8221;center&#8221;][\/vc_column][vc_column width=&#8221;1\/3&#8243; css=&#8221;.vc_custom_1683215941961{margin-right: -15px !important;margin-left: -15px !important;}&#8221;][vc_single_image image=&#8221;23609&#8243; img_size=&#8221;full&#8221; alignment=&#8221;center&#8221; css=&#8221;.vc_custom_1683216000850{background-position: center !important;background-repeat: no-repeat !important;background-size: cover !important;}&#8221;][\/vc_column][vc_column width=&#8221;1\/3&#8243; css=&#8221;.vc_custom_1683215957551{margin-right: -15px !important;margin-left: -15px !important;}&#8221;][vc_single_image image=&#8221;23602&#8243; img_size=&#8221;full&#8221; alignment=&#8221;center&#8221;][\/vc_column][\/vc_row][vc_row full_width=&#8221;stretch_row&#8221; gap=&#8221;35&#8243; equal_height=&#8221;yes&#8221; css=&#8221;.vc_custom_1681829707609{margin-top: -30px !important;background-color: #f7f7f7 !important;background-position: center !important;background-repeat: no-repeat !important;background-size: cover !important;}&#8221;][vc_column][vc_empty_space height=&#8221;50&#8243;][vc_column_text]<\/p>\n<h3 style=\"text-align: center;\">We offer solutions based on values of sustainability:<\/h3>\n<p>[\/vc_column_text][vc_empty_space height=&#8221;50&#8243;][vc_row_inner][vc_column_inner width=&#8221;1\/4&#8243;][\/vc_column_inner][vc_column_inner width=&#8221;1\/4&#8243;][vc_column_text]<\/p>\n<p style=\"text-align: center;\"><img loading=\"lazy\" decoding=\"async\" class=\"alignnone wp-image-19251\" src=\"https:\/\/revertia.com\/wp-content\/uploads\/2022\/10\/todos-residuos.svg\" alt=\"\" width=\"80\" height=\"80\" \/><\/p>\n<p>[\/vc_column_text][vc_custom_heading text=&#8221;One company, all the different types of waste&#8221; font_container=&#8221;tag:p|font_size:25|text_align:left|color:%230b3646&#8243; google_fonts=&#8221;font_family:Oswald%3A300%2Cregular%2C700|font_style:400%20regular%3A400%3Anormal&#8221;][vc_column_text]We make it easy. Working with Revertia, you\u2019ll have control over the management of all your electronic waste (computer equipment, small electrical appliances, batteries&#8230;)<\/p>\n<p>Do you need to manage other types of waste? <a href=\"https:\/\/reversegroup.es\/\" target=\"_blank\" rel=\"noopener noreferrer\">Consult our integral management services.<\/a>[\/vc_column_text][\/vc_column_inner][vc_column_inner width=&#8221;1\/4&#8243;][vc_column_text]<\/p>\n<p style=\"text-align: center;\"><img loading=\"lazy\" decoding=\"async\" class=\"alignnone wp-image-19243\" src=\"https:\/\/revertia.com\/wp-content\/uploads\/2022\/10\/respuestas.svg\" alt=\"\" width=\"80\" height=\"80\" \/><\/p>\n<p>[\/vc_column_text][vc_custom_heading text=&#8221;Ensuring fast solutions&#8221; font_container=&#8221;tag:p|font_size:25|text_align:left|color:%230b3646&#8243; google_fonts=&#8221;font_family:Oswald%3A300%2Cregular%2C700|font_style:400%20regular%3A400%3Anormal&#8221;][vc_column_text]We act fast. We know that retaining some waste can generate costs, and the speed of our service can mean significant savings for your company.[\/vc_column_text][\/vc_column_inner][vc_column_inner width=&#8221;1\/4&#8243;][\/vc_column_inner][\/vc_row_inner][vc_row_inner][vc_column_inner width=&#8221;1\/4&#8243;][\/vc_column_inner][vc_column_inner width=&#8221;1\/4&#8243;][vc_column_text]<\/p>\n<p style=\"text-align: center;\"><img loading=\"lazy\" decoding=\"async\" class=\"alignnone wp-image-19235\" src=\"https:\/\/revertia.com\/wp-content\/uploads\/2022\/10\/reacondicionamiento.svg\" alt=\"\" width=\"80\" height=\"80\" \/><\/p>\n<p>[\/vc_column_text][vc_custom_heading text=&#8221;Custom solutions&#8221; font_container=&#8221;tag:p|font_size:25|text_align:left|color:%230b3646&#8243; google_fonts=&#8221;font_family:Oswald%3A300%2Cregular%2C700|font_style:400%20regular%3A400%3Anormal&#8221;][vc_column_text]We adapt. We listen to you and solve all situations: small actions and big changes in your organisation.[\/vc_column_text][\/vc_column_inner][vc_column_inner width=&#8221;1\/4&#8243;][vc_column_text]<\/p>\n<p style=\"text-align: center;\"><img loading=\"lazy\" decoding=\"async\" class=\"alignnone wp-image-19247\" src=\"https:\/\/revertia.com\/wp-content\/uploads\/2022\/10\/sin-molestias.svg\" alt=\"\" width=\"80\" height=\"80\" \/><\/p>\n<p>[\/vc_column_text][vc_custom_heading text=&#8221;No unnecessary issues&#8221; font_container=&#8221;tag:p|font_size:25|text_align:left|color:%230b3646&#8243; google_fonts=&#8221;font_family:Oswald%3A300%2Cregular%2C700|font_style:400%20regular%3A400%3Anormal&#8221;][vc_column_text]We respect your time. We ensure that waste collection is a stress-free process.[\/vc_column_text][\/vc_column_inner][vc_column_inner width=&#8221;1\/4&#8243;][\/vc_column_inner][\/vc_row_inner][vc_empty_space height=&#8221;50&#8243;][vc_empty_space height=&#8221;50&#8243;][\/vc_column][\/vc_row][vc_row full_width=&#8221;stretch_row_content&#8221; equal_height=&#8221;yes&#8221;][vc_column width=&#8221;1\/2&#8243; css=&#8221;.vc_custom_1679901092362{padding-left: 100px !important;background-color: #c8d544 !important;background-position: center !important;background-repeat: no-repeat !important;background-size: contain !important;}&#8221;][vc_empty_space height=&#8221;200&#8243;][vc_custom_heading text=&#8221;Our experience<br \/>\ncovers a huge<br \/>\nrange of sectors.&#8221; font_container=&#8221;tag:p|font_size:35|text_align:left|color:%23ffffff|line_height:1&#8243; google_fonts=&#8221;font_family:Oswald%3A300%2Cregular%2C700|font_style:400%20regular%3A400%3Anormal&#8221; css_animation=&#8221;fadeIn&#8221; css=&#8221;.vc_custom_1684484324422{padding-left: 50px !important;}&#8221;][vc_custom_heading text=&#8221;Sustainability<br \/>\nis a transversal<br \/>\ncommitment.&#8221; font_container=&#8221;tag:p|font_size:35|text_align:left|color:%234c5561|line_height:1&#8243; google_fonts=&#8221;font_family:Oswald%3A300%2Cregular%2C700|font_style:400%20regular%3A400%3Anormal&#8221; css_animation=&#8221;fadeIn&#8221; css=&#8221;.vc_custom_1684484359170{padding-left: 50px !important;}&#8221;][vc_empty_space height=&#8221;200&#8243;][\/vc_column][vc_column width=&#8221;1\/2&#8243; css=&#8221;.vc_custom_1678663498978{padding-left: 50px !important;background-color: #1a2e3c !important;background-position: center !important;background-repeat: no-repeat !important;background-size: cover !important;}&#8221;][vc_empty_space height=&#8221;50&#8243;][vc_column_text css_animation=&#8221;none&#8221;]<\/p>\n<h2 style=\"text-align: center; color: #fff;\">Contact us<\/h2>\n<p>[\/vc_column_text]\n<div class=\"wpcf7 no-js\" id=\"wpcf7-f21083-o2\" lang=\"es-ES\" dir=\"ltr\">\n<div class=\"screen-reader-response\"><p role=\"status\" aria-live=\"polite\" aria-atomic=\"true\"><\/p> <ul><\/ul><\/div>\n<form action=\"\/en\/wp-json\/wp\/v2\/pages\/22706#wpcf7-f21083-o2\" method=\"post\" class=\"wpcf7-form init\" aria-label=\"Formulario de contacto\" novalidate=\"novalidate\" data-status=\"init\">\n<div style=\"display: none;\">\n<input type=\"hidden\" name=\"_wpcf7\" value=\"21083\" \/>\n<input type=\"hidden\" name=\"_wpcf7_version\" value=\"5.9.5\" \/>\n<input type=\"hidden\" name=\"_wpcf7_locale\" value=\"es_ES\" \/>\n<input type=\"hidden\" name=\"_wpcf7_unit_tag\" value=\"wpcf7-f21083-o2\" \/>\n<input type=\"hidden\" name=\"_wpcf7_container_post\" value=\"0\" \/>\n<input type=\"hidden\" name=\"_wpcf7_posted_data_hash\" value=\"\" \/>\n<input type=\"hidden\" name=\"_wpcf7_recaptcha_response\" value=\"\" \/>\n<\/div>\n<p>&nbsp;\n<\/p>\n<div class=\"formulario-material\">\n\t<p><span class=\"wpcf7-form-control-wrap\" data-name=\"your-name\"><input size=\"40\" class=\"wpcf7-form-control wpcf7-text wpcf7-validates-as-required form-control floating-label\" aria-required=\"true\" aria-invalid=\"false\" placeholder=\"Name*\" value=\"\" type=\"text\" name=\"your-name\" \/><\/span>\n\t<\/p>\n\t<p><span class=\"wpcf7-form-control-wrap\" data-name=\"your-email\"><input size=\"40\" class=\"wpcf7-form-control wpcf7-email wpcf7-validates-as-required wpcf7-text wpcf7-validates-as-email form-control floating-label\" aria-required=\"true\" aria-invalid=\"false\" placeholder=\"Email*\" value=\"\" type=\"email\" name=\"your-email\" \/><\/span>\n\t<\/p>\n\t<p><span class=\"wpcf7-form-control-wrap\" data-name=\"your-phone\"><input size=\"40\" class=\"wpcf7-form-control wpcf7-tel wpcf7-validates-as-required wpcf7-text wpcf7-validates-as-tel form-control floating-label\" aria-required=\"true\" aria-invalid=\"false\" placeholder=\"Subject*\" value=\"\" type=\"tel\" name=\"your-phone\" \/><\/span>\n\t<\/p>\n\t<p><span class=\"wpcf7-form-control-wrap\" data-name=\"your-message\"><textarea cols=\"40\" rows=\"10\" class=\"wpcf7-form-control wpcf7-textarea form-control floating-label\" aria-invalid=\"false\" placeholder=\"Message*\" name=\"your-message\"><\/textarea><\/span>\n\t<\/p>\n\t<font color=\"#ffffff\">\n\t\t<p><span class=\"wpcf7-form-control-wrap\" data-name=\"acceptance-173\"><span class=\"wpcf7-form-control wpcf7-acceptance\"><span class=\"wpcf7-list-item\"><input type=\"checkbox\" name=\"acceptance-173\" value=\"1\" aria-invalid=\"false\" \/><\/span><\/span><\/span> I accept <a href=\"https:\/\/revertia.com\/aviso-legal\/\">the terms and conditions<\/a>\n\t\t<\/p>\n\t<\/font>\n\t<font color=\"#ffffff\">\n\t\t<p><span class=\"wpcf7-form-control-wrap\" data-name=\"acceptance-929\"><span class=\"wpcf7-form-control wpcf7-acceptance optional\"><span class=\"wpcf7-list-item\"><input type=\"checkbox\" name=\"acceptance-929\" value=\"1\" aria-invalid=\"false\" \/><\/span><\/span><\/span> I would like to receive information about services and offers from Revertia\n\t\t<\/p>\n\t<\/font>\n\t<div style=\"font-size:10px;\">\n\t\t<font color=\"#ffffff\">Revertia Reusing and Recycling S.L., con domicilio en Pol\u00edgono Oceanis Nave 5.12 Cataboy \u2013 36418 O Porri\u00f1o, Pontevedra es el responsable del tratamiento de los datos personales contenidos en este formulario con el fin de atender su consulta. De igual forma, si est\u00e1s interesado en permitir que Revertia\/Reboots te env\u00ede informaci\u00f3n sobre promociones, puedes dar tu consentimiento marcando la casilla reservada a tal efecto. Puede ejercitar los derechos de acceso, rectificaci\u00f3n, supresi\u00f3n, restricci\u00f3n, cesi\u00f3n, oposici\u00f3n a trav\u00e9s de la direcci\u00f3n info@revertia.com. Puede encontrar informaci\u00f3n m\u00e1s detallada sobre el procesamiento de datos personales en el documento pol\u00edtica de privacidad.\n\t\t<\/font>\n\t<\/div>\n\t<p>&nbsp;\n\t<\/p>\n\t<p><input class=\"wpcf7-form-control wpcf7-submit has-spinner btn btn-verde\" type=\"submit\" value=\"Send\" \/>\n\t<\/p>\n<\/div><div class=\"wpcf7-response-output\" aria-hidden=\"true\"><\/div>\n<\/form>\n<\/div>\n[vc_empty_space height=&#8221;100&#8243;][\/vc_column][\/vc_row]<\/p>","protected":false},"excerpt":{"rendered":"<p>[vc_row full_width=&#8221;stretch_row&#8221; equal_height=&#8221;yes&#8221; css=&#8221;.vc_custom_1683107164460{background-color: #ffffff !important;background-position: center !important;background-repeat: no-repeat !important;background-size: cover !important;}&#8221;][vc_column width=&#8221;1\/2&#8243; css=&#8221;.vc_custom_1679583836895{background-image: url(https:\/\/revertia.com\/wp-content\/uploads\/2023\/03\/experiencia.jpg?id=22728) !important;background-position: center !important;background-repeat: no-repeat !important;background-size: cover !important;}&#8221;][vc_empty_space height=&#8221;200&#8243;][vc_custom_heading text=&#8221;More than 10 years creating opportunities using corporate electronic and electrical waste&#8221; font_container=&#8221;tag:h2|font_size:40|text_align:left|color:%23f2f2f2&#8243; google_fonts=&#8221;font_family:Oswald%3A300%2Cregular%2C700|font_style:400%20regular%3A400%3Anormal&#8221; css_animation=&#8221;fadeIn&#8221; css=&#8221;.vc_custom_1684483850565{padding-left: 50px !important;}&#8221;][\/vc_column][vc_column width=&#8221;1\/2&#8243;][vc_empty_space height=&#8221;100&#8243;][vc_column_text css=&#8221;.vc_custom_1684483878306{padding-left: 50px !important;}&#8221;] As an environmental consultant, we offer everything you need [&hellip;]<\/p>\n","protected":false},"author":3,"featured_media":0,"parent":0,"menu_order":0,"comment_status":"closed","ping_status":"closed","template":"","meta":{"_acf_changed":false,"inline_featured_image":false,"footnotes":""},"acf":[],"yoast_head":"<!-- This site is optimized with the Yoast SEO plugin v22.8 - https:\/\/yoast.com\/wordpress\/plugins\/seo\/ -->\n<title>Empresa especializada en residuos electr\u00f3nicos y el\u00e9ctricos RAEE<\/title>\n<meta name=\"description\" content=\"Empresa especializada en residuos electr\u00f3nicos y el\u00e9ctricos RAEE. Reutilizaci\u00f3n y reciclaje para conseguir la sostenibilidad.\" \/>\n<meta name=\"robots\" content=\"index, follow, max-snippet:-1, max-image-preview:large, max-video-preview:-1\" \/>\n<link rel=\"canonical\" href=\"https:\/\/revertia.com\/quienes-somos-empresa-especializada-en-residuos-electronicos\/\" \/>\n<meta property=\"og:locale\" content=\"en_US\" \/>\n<meta property=\"og:type\" content=\"article\" \/>\n<meta property=\"og:title\" content=\"Empresa especializada en residuos electr\u00f3nicos y el\u00e9ctricos RAEE\" \/>\n<meta property=\"og:description\" content=\"Empresa especializada en residuos electr\u00f3nicos y el\u00e9ctricos RAEE. Reutilizaci\u00f3n y reciclaje para conseguir la sostenibilidad.\" \/>\n<meta property=\"og:url\" content=\"https:\/\/revertia.com\/quienes-somos-empresa-especializada-en-residuos-electronicos\/\" \/>\n<meta property=\"og:site_name\" content=\"Revertia\" \/>\n<meta property=\"article:publisher\" content=\"https:\/\/www.facebook.com\/revertiaresiduos\/\" \/>\n<meta property=\"article:modified_time\" content=\"2025-12-10T17:25:26+00:00\" \/>\n<meta property=\"og:image\" content=\"https:\/\/revertia.com\/wp-content\/uploads\/2022\/10\/respuestas.svg\" \/>\n<meta name=\"twitter:card\" content=\"summary_large_image\" \/>\n<meta name=\"twitter:site\" content=\"@revertia\" \/>\n<meta name=\"twitter:label1\" content=\"Est. reading time\" \/>\n\t<meta name=\"twitter:data1\" content=\"4 minutes\" \/>\n<script type=\"application\/ld+json\" class=\"yoast-schema-graph\">{\"@context\":\"https:\/\/schema.org\",\"@graph\":[{\"@type\":\"WebPage\",\"@id\":\"https:\/\/revertia.com\/quienes-somos-empresa-especializada-en-residuos-electronicos\/\",\"url\":\"https:\/\/revertia.com\/quienes-somos-empresa-especializada-en-residuos-electronicos\/\",\"name\":\"Empresa especializada en residuos electr\u00f3nicos y el\u00e9ctricos RAEE\",\"isPartOf\":{\"@id\":\"https:\/\/revertia.com\/es\/#website\"},\"primaryImageOfPage\":{\"@id\":\"https:\/\/revertia.com\/quienes-somos-empresa-especializada-en-residuos-electronicos\/#primaryimage\"},\"image\":{\"@id\":\"https:\/\/revertia.com\/quienes-somos-empresa-especializada-en-residuos-electronicos\/#primaryimage\"},\"thumbnailUrl\":\"https:\/\/revertia.com\/wp-content\/uploads\/2022\/10\/respuestas.svg\",\"datePublished\":\"2023-03-23T15:40:17+00:00\",\"dateModified\":\"2025-12-10T17:25:26+00:00\",\"description\":\"Empresa especializada en residuos electr\u00f3nicos y el\u00e9ctricos RAEE. Reutilizaci\u00f3n y reciclaje para conseguir la sostenibilidad.\",\"breadcrumb\":{\"@id\":\"https:\/\/revertia.com\/quienes-somos-empresa-especializada-en-residuos-electronicos\/#breadcrumb\"},\"inLanguage\":\"en-US\",\"potentialAction\":[{\"@type\":\"ReadAction\",\"target\":[\"https:\/\/revertia.com\/quienes-somos-empresa-especializada-en-residuos-electronicos\/\"]}]},{\"@type\":\"ImageObject\",\"inLanguage\":\"en-US\",\"@id\":\"https:\/\/revertia.com\/quienes-somos-empresa-especializada-en-residuos-electronicos\/#primaryimage\",\"url\":\"https:\/\/revertia.com\/wp-content\/uploads\/2022\/10\/respuestas.svg\",\"contentUrl\":\"https:\/\/revertia.com\/wp-content\/uploads\/2022\/10\/respuestas.svg\"},{\"@type\":\"BreadcrumbList\",\"@id\":\"https:\/\/revertia.com\/quienes-somos-empresa-especializada-en-residuos-electronicos\/#breadcrumb\",\"itemListElement\":[{\"@type\":\"ListItem\",\"position\":1,\"name\":\"Portada\",\"item\":\"https:\/\/revertia.com\/\"},{\"@type\":\"ListItem\",\"position\":2,\"name\":\"Qui\u00e9nes somos\"}]},{\"@type\":\"WebSite\",\"@id\":\"https:\/\/revertia.com\/es\/#website\",\"url\":\"https:\/\/revertia.com\/es\/\",\"name\":\"Revertia\",\"description\":\"\",\"publisher\":{\"@id\":\"https:\/\/revertia.com\/es\/#organization\"},\"potentialAction\":[{\"@type\":\"SearchAction\",\"target\":{\"@type\":\"EntryPoint\",\"urlTemplate\":\"https:\/\/revertia.com\/es\/?s={search_term_string}\"},\"query-input\":\"required name=search_term_string\"}],\"inLanguage\":\"en-US\"},{\"@type\":\"Organization\",\"@id\":\"https:\/\/revertia.com\/es\/#organization\",\"name\":\"Revertia\",\"url\":\"https:\/\/revertia.com\/es\/\",\"logo\":{\"@type\":\"ImageObject\",\"inLanguage\":\"en-US\",\"@id\":\"https:\/\/revertia.com\/es\/#\/schema\/logo\/image\/\",\"url\":\"https:\/\/revertia.com\/wp-content\/uploads\/2018\/08\/logo-revertia.png\",\"contentUrl\":\"https:\/\/revertia.com\/wp-content\/uploads\/2018\/08\/logo-revertia.png\",\"width\":199,\"height\":38,\"caption\":\"Revertia\"},\"image\":{\"@id\":\"https:\/\/revertia.com\/es\/#\/schema\/logo\/image\/\"},\"sameAs\":[\"https:\/\/www.facebook.com\/revertiaresiduos\/\",\"https:\/\/x.com\/revertia\",\"https:\/\/www.linkedin.com\/company\/revertia\",\"https:\/\/www.youtube.com\/user\/revertia\"]}]}<\/script>\n<!-- \/ Yoast SEO plugin. -->","yoast_head_json":{"title":"Empresa especializada en residuos electr\u00f3nicos y el\u00e9ctricos RAEE","description":"Empresa especializada en residuos electr\u00f3nicos y el\u00e9ctricos RAEE. Reutilizaci\u00f3n y reciclaje para conseguir la sostenibilidad.","robots":{"index":"index","follow":"follow","max-snippet":"max-snippet:-1","max-image-preview":"max-image-preview:large","max-video-preview":"max-video-preview:-1"},"canonical":"https:\/\/revertia.com\/quienes-somos-empresa-especializada-en-residuos-electronicos\/","og_locale":"en_US","og_type":"article","og_title":"Empresa especializada en residuos electr\u00f3nicos y el\u00e9ctricos RAEE","og_description":"Empresa especializada en residuos electr\u00f3nicos y el\u00e9ctricos RAEE. Reutilizaci\u00f3n y reciclaje para conseguir la sostenibilidad.","og_url":"https:\/\/revertia.com\/quienes-somos-empresa-especializada-en-residuos-electronicos\/","og_site_name":"Revertia","article_publisher":"https:\/\/www.facebook.com\/revertiaresiduos\/","article_modified_time":"2025-12-10T17:25:26+00:00","og_image":[{"url":"https:\/\/revertia.com\/wp-content\/uploads\/2022\/10\/respuestas.svg"}],"twitter_card":"summary_large_image","twitter_site":"@revertia","twitter_misc":{"Est. reading time":"4 minutes"},"schema":{"@context":"https:\/\/schema.org","@graph":[{"@type":"WebPage","@id":"https:\/\/revertia.com\/quienes-somos-empresa-especializada-en-residuos-electronicos\/","url":"https:\/\/revertia.com\/quienes-somos-empresa-especializada-en-residuos-electronicos\/","name":"Empresa especializada en residuos electr\u00f3nicos y el\u00e9ctricos RAEE","isPartOf":{"@id":"https:\/\/revertia.com\/es\/#website"},"primaryImageOfPage":{"@id":"https:\/\/revertia.com\/quienes-somos-empresa-especializada-en-residuos-electronicos\/#primaryimage"},"image":{"@id":"https:\/\/revertia.com\/quienes-somos-empresa-especializada-en-residuos-electronicos\/#primaryimage"},"thumbnailUrl":"https:\/\/revertia.com\/wp-content\/uploads\/2022\/10\/respuestas.svg","datePublished":"2023-03-23T15:40:17+00:00","dateModified":"2025-12-10T17:25:26+00:00","description":"Empresa especializada en residuos electr\u00f3nicos y el\u00e9ctricos RAEE. Reutilizaci\u00f3n y reciclaje para conseguir la sostenibilidad.","breadcrumb":{"@id":"https:\/\/revertia.com\/quienes-somos-empresa-especializada-en-residuos-electronicos\/#breadcrumb"},"inLanguage":"en-US","potentialAction":[{"@type":"ReadAction","target":["https:\/\/revertia.com\/quienes-somos-empresa-especializada-en-residuos-electronicos\/"]}]},{"@type":"ImageObject","inLanguage":"en-US","@id":"https:\/\/revertia.com\/quienes-somos-empresa-especializada-en-residuos-electronicos\/#primaryimage","url":"https:\/\/revertia.com\/wp-content\/uploads\/2022\/10\/respuestas.svg","contentUrl":"https:\/\/revertia.com\/wp-content\/uploads\/2022\/10\/respuestas.svg"},{"@type":"BreadcrumbList","@id":"https:\/\/revertia.com\/quienes-somos-empresa-especializada-en-residuos-electronicos\/#breadcrumb","itemListElement":[{"@type":"ListItem","position":1,"name":"Portada","item":"https:\/\/revertia.com\/"},{"@type":"ListItem","position":2,"name":"Qui\u00e9nes somos"}]},{"@type":"WebSite","@id":"https:\/\/revertia.com\/es\/#website","url":"https:\/\/revertia.com\/es\/","name":"Revertia","description":"","publisher":{"@id":"https:\/\/revertia.com\/es\/#organization"},"potentialAction":[{"@type":"SearchAction","target":{"@type":"EntryPoint","urlTemplate":"https:\/\/revertia.com\/es\/?s={search_term_string}"},"query-input":"required name=search_term_string"}],"inLanguage":"en-US"},{"@type":"Organization","@id":"https:\/\/revertia.com\/es\/#organization","name":"Revertia","url":"https:\/\/revertia.com\/es\/","logo":{"@type":"ImageObject","inLanguage":"en-US","@id":"https:\/\/revertia.com\/es\/#\/schema\/logo\/image\/","url":"https:\/\/revertia.com\/wp-content\/uploads\/2018\/08\/logo-revertia.png","contentUrl":"https:\/\/revertia.com\/wp-content\/uploads\/2018\/08\/logo-revertia.png","width":199,"height":38,"caption":"Revertia"},"image":{"@id":"https:\/\/revertia.com\/es\/#\/schema\/logo\/image\/"},"sameAs":["https:\/\/www.facebook.com\/revertiaresiduos\/","https:\/\/x.com\/revertia","https:\/\/www.linkedin.com\/company\/revertia","https:\/\/www.youtube.com\/user\/revertia"]}]}},"_links":{"self":[{"href":"https:\/\/revertia.com\/en\/wp-json\/wp\/v2\/pages\/22706"}],"collection":[{"href":"https:\/\/revertia.com\/en\/wp-json\/wp\/v2\/pages"}],"about":[{"href":"https:\/\/revertia.com\/en\/wp-json\/wp\/v2\/types\/page"}],"author":[{"embeddable":true,"href":"https:\/\/revertia.com\/en\/wp-json\/wp\/v2\/users\/3"}],"replies":[{"embeddable":true,"href":"https:\/\/revertia.com\/en\/wp-json\/wp\/v2\/comments?post=22706"}],"version-history":[{"count":229,"href":"https:\/\/revertia.com\/en\/wp-json\/wp\/v2\/pages\/22706\/revisions"}],"predecessor-version":[{"id":65449,"href":"https:\/\/revertia.com\/en\/wp-json\/wp\/v2\/pages\/22706\/revisions\/65449"}],"wp:attachment":[{"href":"https:\/\/revertia.com\/en\/wp-json\/wp\/v2\/media?parent=22706"}],"curies":[{"name":"wp","href":"https:\/\/api.w.org\/{rel}","templated":true}]}}