{"id":22657,"date":"2023-03-21T13:46:01","date_gmt":"2023-03-21T12:46:01","guid":{"rendered":"https:\/\/revertia.com\/?page_id=22657"},"modified":"2025-09-19T13:54:20","modified_gmt":"2025-09-19T11:54:20","slug":"innovacion","status":"publish","type":"page","link":"https:\/\/revertia.com\/en\/innovacion\/","title":{"rendered":"INNOVATION"},"content":{"rendered":"<p>[vc_row full_width=&#8221;stretch_row&#8221; equal_height=&#8221;yes&#8221; css=&#8221;.vc_custom_1683211094064{background-color: #ffffff !important;background-position: center !important;background-repeat: no-repeat !important;background-size: cover !important;}&#8221;][vc_column][vc_column_text]<\/p>\n<p style=\"text-align: center;\">Here you can consult all the Innovation and R&amp;D projects we are currently working on:<\/p>\n<p>[\/vc_column_text][\/vc_column][\/vc_row][vc_row full_width=&#8221;stretch_row&#8221; css=&#8221;.vc_custom_1679902187824{background-color: #ffffff !important;background-position: center !important;background-repeat: no-repeat !important;background-size: cover !important;}&#8221;][vc_column parallax=&#8221;content-moving&#8221; parallax_speed_bg=&#8221;1&#8243; css=&#8221;.vc_custom_1679902394211{background-position: center !important;background-repeat: no-repeat !important;background-size: contain !important;}&#8221;][vc_single_image image=&#8221;19227&#8243; img_size=&#8221;50&#215;50&#8243; alignment=&#8221;center&#8221; css=&#8221;.vc_custom_1679902156498{margin-top: 30px !important;}&#8221;][vc_custom_heading text=&#8221;ESTRAEE PROJECT&#8221; font_container=&#8221;tag:p|font_size:40|text_align:center|color:%230b3646&#8243; google_fonts=&#8221;font_family:Oswald%3A300%2Cregular%2C700|font_style:400%20regular%3A400%3Anormal&#8221; css_animation=&#8221;none&#8221; css=&#8221;.vc_custom_1685346719602{margin-top: -20px !important;background-position: center !important;background-repeat: no-repeat !important;background-size: cover !important;}&#8221;][vc_single_image image=&#8221;18687&#8243; img_size=&#8221;medium&#8221; alignment=&#8221;center&#8221;][\/vc_column][\/vc_row][vc_row full_width=&#8221;stretch_row&#8221; css=&#8221;.vc_custom_1679402984663{background-color: #e5e5e5 !important;background-position: center !important;background-repeat: no-repeat !important;background-size: cover !important;}&#8221;][vc_column parallax=&#8221;content-moving&#8221; parallax_speed_bg=&#8221;1&#8243; css=&#8221;.vc_custom_1678957870443{margin-top: 100px !important;background-position: center !important;background-repeat: no-repeat !important;background-size: contain !important;}&#8221;][vc_single_image image=&#8221;19227&#8243; img_size=&#8221;50&#215;50&#8243; alignment=&#8221;center&#8221; css=&#8221;.vc_custom_1679402194847{margin-top: -80px !important;}&#8221;][vc_custom_heading text=&#8221;ECORAEE PROJECT&#8221; font_container=&#8221;tag:p|font_size:40|text_align:center|color:%230b3646&#8243; google_fonts=&#8221;font_family:Oswald%3A300%2Cregular%2C700|font_style:400%20regular%3A400%3Anormal&#8221; css_animation=&#8221;none&#8221; css=&#8221;.vc_custom_1685346871910{margin-top: -20px !important;background-position: center !important;background-repeat: no-repeat !important;background-size: cover !important;}&#8221;][vc_single_image image=&#8221;4067&#8243; img_size=&#8221;medium&#8221; alignment=&#8221;center&#8221;][vc_tta_accordion style=&#8221;modern&#8221; c_align=&#8221;center&#8221; c_icon=&#8221;&#8221; active_section=&#8221;&#8221; collapsible_all=&#8221;true&#8221;][vc_tta_section i_position=&#8221;right&#8221; i_icon_fontawesome=&#8221;fa fa-angle-down&#8221; add_icon=&#8221;true&#8221; title=&#8221;<strong>CONSULT COMPLETE ECORAEE PROJECT:<\/strong> What is ECORAEE?&#8221; tab_id=&#8221;1679402683470-1511c2b0-1adf&#8221;][vc_column_text]<\/p>\n<h2>What is ECORAEE?<\/h2>\n<p><a href=\"http:\/\/www.life-ecoraee.eu\/es\/\" target=\"_blank\" rel=\"noopener noreferrer\"><img loading=\"lazy\" decoding=\"async\" class=\"size-full wp-image-3266 alignright\" style=\"color: #333333; font-style: normal; line-height: 24px; margin-top: 0.4em;\" title=\"life\" src=\"https:\/\/revertia.com\/wp-content\/uploads\/2014\/01\/life.jpg\" alt=\"\" width=\"167\" height=\"121\" \/><\/a><\/p>\n<p><a href=\"http:\/\/www.life-ecoraee.eu\/es\/\" target=\"_blank\" rel=\"noopener noreferrer\">ECORAEE<\/a> (<em>\u201cDemonstration of a re-use process of WEEE addressed to propose regulatory policies in accordance to EU law\u201d<\/em>) was one of the 35 projects selected and awarded under the 2011 call of the EU&#8217;s &#8220;LIFE +&#8221; programme under the sub-programme for environment policy and governance.[\/vc_column_text][\/vc_tta_section][\/vc_tta_accordion][\/vc_column][\/vc_row][vc_row full_width=&#8221;stretch_row&#8221; css=&#8221;.vc_custom_1679402784935{background-color: #ffffff !important;background-position: center !important;background-repeat: no-repeat !important;background-size: cover !important;}&#8221;][vc_column parallax=&#8221;content-moving&#8221; parallax_speed_bg=&#8221;1&#8243; css=&#8221;.vc_custom_1678957870443{margin-top: 100px !important;background-position: center !important;background-repeat: no-repeat !important;background-size: contain !important;}&#8221;][vc_single_image image=&#8221;19227&#8243; img_size=&#8221;50&#215;50&#8243; alignment=&#8221;center&#8221; css=&#8221;.vc_custom_1679402194847{margin-top: -80px !important;}&#8221;][vc_custom_heading text=&#8221;PROGRAMME Re-Acciona&#8221; font_container=&#8221;tag:p|font_size:40|text_align:center|color:%230b3646&#8243; google_fonts=&#8221;font_family:Oswald%3A300%2Cregular%2C700|font_style:400%20regular%3A400%3Anormal&#8221; css_animation=&#8221;none&#8221; css=&#8221;.vc_custom_1685346920223{margin-top: -20px !important;background-position: center !important;background-repeat: no-repeat !important;background-size: cover !important;}&#8221;][vc_column_text]<img loading=\"lazy\" decoding=\"async\" class=\"aligncenter wp-image-5408\" src=\"https:\/\/revertia.com\/wp-content\/uploads\/2017\/02\/APCP.-Publicidad-web-Ene-17.png\" alt=\"\" width=\"500\" height=\"325\" srcset=\"https:\/\/revertia.com\/wp-content\/uploads\/2017\/02\/APCP.-Publicidad-web-Ene-17.png 800w, https:\/\/revertia.com\/wp-content\/uploads\/2017\/02\/APCP.-Publicidad-web-Ene-17-300x195.png 300w\" sizes=\"(max-width: 500px) 100vw, 500px\" \/>[\/vc_column_text][\/vc_column][\/vc_row][vc_row full_width=&#8221;stretch_row&#8221; css=&#8221;.vc_custom_1679403170001{background-color: #e5e5e5 !important;background-position: center !important;background-repeat: no-repeat !important;background-size: cover !important;}&#8221;][vc_column parallax=&#8221;content-moving&#8221; parallax_speed_bg=&#8221;1&#8243; css=&#8221;.vc_custom_1678957870443{margin-top: 100px !important;background-position: center !important;background-repeat: no-repeat !important;background-size: contain !important;}&#8221;][vc_single_image image=&#8221;19227&#8243; img_size=&#8221;50&#215;50&#8243; alignment=&#8221;center&#8221;][vc_custom_heading text=&#8221;INTERNATIONALISATION PROGRAMME FOEXGA and Programme Dixitalisation Industry 4.0&#8243; font_container=&#8221;tag:p|font_size:40|text_align:center|color:%230b3646&#8243; google_fonts=&#8221;font_family:Oswald%3A300%2Cregular%2C700|font_style:400%20regular%3A400%3Anormal&#8221; css_animation=&#8221;none&#8221; css=&#8221;.vc_custom_1685347007503{margin-top: -20px !important;background-position: center !important;background-repeat: no-repeat !important;background-size: cover !important;}&#8221;][vc_row_inner][vc_column_inner width=&#8221;1\/2&#8243;][vc_column_text]<img loading=\"lazy\" decoding=\"async\" class=\"size-full wp-image-7802 aligncenter\" src=\"https:\/\/revertia.com\/wp-content\/uploads\/2020\/11\/FEDER-IG240-Dixitalizacion.png\" alt=\"\" width=\"800\" height=\"520\" srcset=\"https:\/\/revertia.com\/wp-content\/uploads\/2020\/11\/FEDER-IG240-Dixitalizacion.png 800w, https:\/\/revertia.com\/wp-content\/uploads\/2020\/11\/FEDER-IG240-Dixitalizacion-300x195.png 300w, https:\/\/revertia.com\/wp-content\/uploads\/2020\/11\/FEDER-IG240-Dixitalizacion-640x416.png 640w\" sizes=\"(max-width: 800px) 100vw, 800px\" \/>[\/vc_column_text][\/vc_column_inner][vc_column_inner width=&#8221;1\/2&#8243;][vc_column_text]<img loading=\"lazy\" decoding=\"async\" class=\"alignnone wp-image-22681 size-full\" src=\"https:\/\/revertia.com\/wp-content\/uploads\/2023\/03\/FEDER-IG240-Dixitalizacion_foexga.jpg\" alt=\"\" width=\"800\" height=\"548\" srcset=\"https:\/\/revertia.com\/wp-content\/uploads\/2023\/03\/FEDER-IG240-Dixitalizacion_foexga.jpg 800w, https:\/\/revertia.com\/wp-content\/uploads\/2023\/03\/FEDER-IG240-Dixitalizacion_foexga-300x206.jpg 300w, https:\/\/revertia.com\/wp-content\/uploads\/2023\/03\/FEDER-IG240-Dixitalizacion_foexga-640x438.jpg 640w\" sizes=\"(max-width: 800px) 100vw, 800px\" \/>[\/vc_column_text][\/vc_column_inner][\/vc_row_inner][\/vc_column][\/vc_row][vc_row][vc_column][vc_single_image image=&#8221;19227&#8243; img_size=&#8221;50&#215;50&#8243; alignment=&#8221;center&#8221;][vc_custom_heading text=&#8221;AXENCIA GALEGA INNOVATION PROJECTS (GAIN)&#8221; font_container=&#8221;tag:p|font_size:40|text_align:center|color:%230b3646&#8243; google_fonts=&#8221;font_family:Oswald%3A300%2Cregular%2C700|font_style:400%20regular%3A400%3Anormal&#8221; css_animation=&#8221;none&#8221; css=&#8221;.vc_custom_1685347058237{margin-top: -20px !important;background-position: center !important;background-repeat: no-repeat !important;background-size: cover !important;}&#8221;][vc_row_inner][vc_column_inner width=&#8221;1\/2&#8243;][vc_column_text]<img loading=\"lazy\" decoding=\"async\" class=\"alignnone size-full wp-image-12849\" src=\"https:\/\/revertia.com\/wp-content\/uploads\/2021\/12\/REVERTIA21INNOVAPEME_ModeloCartel_FEDER_page-0001.jpg\" alt=\"\" width=\"2481\" height=\"1755\" srcset=\"https:\/\/revertia.com\/wp-content\/uploads\/2021\/12\/REVERTIA21INNOVAPEME_ModeloCartel_FEDER_page-0001.jpg 2481w, https:\/\/revertia.com\/wp-content\/uploads\/2021\/12\/REVERTIA21INNOVAPEME_ModeloCartel_FEDER_page-0001-300x212.jpg 300w, https:\/\/revertia.com\/wp-content\/uploads\/2021\/12\/REVERTIA21INNOVAPEME_ModeloCartel_FEDER_page-0001-1024x724.jpg 1024w, https:\/\/revertia.com\/wp-content\/uploads\/2021\/12\/REVERTIA21INNOVAPEME_ModeloCartel_FEDER_page-0001-1536x1087.jpg 1536w, https:\/\/revertia.com\/wp-content\/uploads\/2021\/12\/REVERTIA21INNOVAPEME_ModeloCartel_FEDER_page-0001-2048x1449.jpg 2048w, https:\/\/revertia.com\/wp-content\/uploads\/2021\/12\/REVERTIA21INNOVAPEME_ModeloCartel_FEDER_page-0001-640x453.jpg 640w\" sizes=\"(max-width: 2481px) 100vw, 2481px\" \/>[\/vc_column_text][\/vc_column_inner][vc_column_inner width=&#8221;1\/2&#8243;][vc_column_text]<img loading=\"lazy\" decoding=\"async\" class=\"alignnone size-full wp-image-12728\" src=\"https:\/\/revertia.com\/wp-content\/uploads\/2021\/11\/Cartel-A3.-Publicidad-002_page-0002.jpg\" alt=\"\" width=\"2481\" height=\"1755\" srcset=\"https:\/\/revertia.com\/wp-content\/uploads\/2021\/11\/Cartel-A3.-Publicidad-002_page-0002.jpg 2481w, https:\/\/revertia.com\/wp-content\/uploads\/2021\/11\/Cartel-A3.-Publicidad-002_page-0002-300x212.jpg 300w, https:\/\/revertia.com\/wp-content\/uploads\/2021\/11\/Cartel-A3.-Publicidad-002_page-0002-1024x724.jpg 1024w, https:\/\/revertia.com\/wp-content\/uploads\/2021\/11\/Cartel-A3.-Publicidad-002_page-0002-1536x1087.jpg 1536w, https:\/\/revertia.com\/wp-content\/uploads\/2021\/11\/Cartel-A3.-Publicidad-002_page-0002-2048x1449.jpg 2048w, https:\/\/revertia.com\/wp-content\/uploads\/2021\/11\/Cartel-A3.-Publicidad-002_page-0002-640x453.jpg 640w\" sizes=\"(max-width: 2481px) 100vw, 2481px\" \/>[\/vc_column_text][\/vc_column_inner][\/vc_row_inner][\/vc_column][\/vc_row]<\/p>","protected":false},"excerpt":{"rendered":"<p>[vc_row full_width=&#8221;stretch_row&#8221; equal_height=&#8221;yes&#8221; css=&#8221;.vc_custom_1683211094064{background-color: #ffffff !important;background-position: center !important;background-repeat: no-repeat !important;background-size: cover !important;}&#8221;][vc_column][vc_column_text] Here you can consult all the Innovation and R&amp;D projects we are currently working on: [\/vc_column_text][\/vc_column][\/vc_row][vc_row full_width=&#8221;stretch_row&#8221; css=&#8221;.vc_custom_1679902187824{background-color: #ffffff !important;background-position: center !important;background-repeat: no-repeat !important;background-size: cover !important;}&#8221;][vc_column parallax=&#8221;content-moving&#8221; parallax_speed_bg=&#8221;1&#8243; css=&#8221;.vc_custom_1679902394211{background-position: center !important;background-repeat: no-repeat !important;background-size: contain !important;}&#8221;][vc_single_image image=&#8221;19227&#8243; img_size=&#8221;50&#215;50&#8243; alignment=&#8221;center&#8221; css=&#8221;.vc_custom_1679902156498{margin-top: 30px !important;}&#8221;][vc_custom_heading text=&#8221;ESTRAEE PROJECT&#8221; [&hellip;]<\/p>\n","protected":false},"author":3,"featured_media":0,"parent":0,"menu_order":0,"comment_status":"closed","ping_status":"closed","template":"","meta":{"_acf_changed":false,"inline_featured_image":false,"footnotes":""},"acf":[],"yoast_head":"<!-- This site is optimized with the Yoast SEO plugin v22.8 - https:\/\/yoast.com\/wordpress\/plugins\/seo\/ -->\n<title>Innovaci\u00f3n - Revertia<\/title>\n<meta name=\"description\" content=\"Puedes consultar todos los proyectos de Innovaci\u00f3n e I+D en los que revertia est\u00e1 trabajando actualmente: Estraee y Ecoraee.\" \/>\n<meta name=\"robots\" content=\"index, follow, max-snippet:-1, max-image-preview:large, max-video-preview:-1\" \/>\n<link rel=\"canonical\" href=\"https:\/\/revertia.com\/innovacion\/\" \/>\n<meta property=\"og:locale\" content=\"en_US\" \/>\n<meta property=\"og:type\" content=\"article\" \/>\n<meta property=\"og:title\" content=\"Innovaci\u00f3n - Revertia\" \/>\n<meta property=\"og:description\" content=\"Puedes consultar todos los proyectos de Innovaci\u00f3n e I+D en los que revertia est\u00e1 trabajando actualmente: Estraee y Ecoraee.\" \/>\n<meta property=\"og:url\" content=\"https:\/\/revertia.com\/innovacion\/\" \/>\n<meta property=\"og:site_name\" content=\"Revertia\" \/>\n<meta property=\"article:publisher\" content=\"https:\/\/www.facebook.com\/revertiaresiduos\/\" \/>\n<meta property=\"article:modified_time\" content=\"2025-09-19T11:54:20+00:00\" \/>\n<meta property=\"og:image\" content=\"https:\/\/revertia.com\/wp-content\/uploads\/2014\/01\/life.jpg\" \/>\n<meta name=\"twitter:card\" content=\"summary_large_image\" \/>\n<meta name=\"twitter:site\" content=\"@revertia\" \/>\n<meta name=\"twitter:label1\" content=\"Est. reading time\" \/>\n\t<meta name=\"twitter:data1\" content=\"9 minutes\" \/>\n<script type=\"application\/ld+json\" class=\"yoast-schema-graph\">{\"@context\":\"https:\/\/schema.org\",\"@graph\":[{\"@type\":\"WebPage\",\"@id\":\"https:\/\/revertia.com\/innovacion\/\",\"url\":\"https:\/\/revertia.com\/innovacion\/\",\"name\":\"Innovaci\u00f3n - Revertia\",\"isPartOf\":{\"@id\":\"https:\/\/revertia.com\/es\/#website\"},\"primaryImageOfPage\":{\"@id\":\"https:\/\/revertia.com\/innovacion\/#primaryimage\"},\"image\":{\"@id\":\"https:\/\/revertia.com\/innovacion\/#primaryimage\"},\"thumbnailUrl\":\"https:\/\/revertia.com\/wp-content\/uploads\/2014\/01\/life.jpg\",\"datePublished\":\"2023-03-21T12:46:01+00:00\",\"dateModified\":\"2025-09-19T11:54:20+00:00\",\"description\":\"Puedes consultar todos los proyectos de Innovaci\u00f3n e I+D en los que revertia est\u00e1 trabajando actualmente: Estraee y Ecoraee.\",\"breadcrumb\":{\"@id\":\"https:\/\/revertia.com\/innovacion\/#breadcrumb\"},\"inLanguage\":\"en-US\",\"potentialAction\":[{\"@type\":\"ReadAction\",\"target\":[\"https:\/\/revertia.com\/innovacion\/\"]}]},{\"@type\":\"ImageObject\",\"inLanguage\":\"en-US\",\"@id\":\"https:\/\/revertia.com\/innovacion\/#primaryimage\",\"url\":\"https:\/\/revertia.com\/wp-content\/uploads\/2014\/01\/life.jpg\",\"contentUrl\":\"https:\/\/revertia.com\/wp-content\/uploads\/2014\/01\/life.jpg\"},{\"@type\":\"BreadcrumbList\",\"@id\":\"https:\/\/revertia.com\/innovacion\/#breadcrumb\",\"itemListElement\":[{\"@type\":\"ListItem\",\"position\":1,\"name\":\"Portada\",\"item\":\"https:\/\/revertia.com\/\"},{\"@type\":\"ListItem\",\"position\":2,\"name\":\"Innovaci\u00f3n\"}]},{\"@type\":\"WebSite\",\"@id\":\"https:\/\/revertia.com\/es\/#website\",\"url\":\"https:\/\/revertia.com\/es\/\",\"name\":\"Revertia\",\"description\":\"\",\"publisher\":{\"@id\":\"https:\/\/revertia.com\/es\/#organization\"},\"potentialAction\":[{\"@type\":\"SearchAction\",\"target\":{\"@type\":\"EntryPoint\",\"urlTemplate\":\"https:\/\/revertia.com\/es\/?s={search_term_string}\"},\"query-input\":\"required name=search_term_string\"}],\"inLanguage\":\"en-US\"},{\"@type\":\"Organization\",\"@id\":\"https:\/\/revertia.com\/es\/#organization\",\"name\":\"Revertia\",\"url\":\"https:\/\/revertia.com\/es\/\",\"logo\":{\"@type\":\"ImageObject\",\"inLanguage\":\"en-US\",\"@id\":\"https:\/\/revertia.com\/es\/#\/schema\/logo\/image\/\",\"url\":\"https:\/\/revertia.com\/wp-content\/uploads\/2018\/08\/logo-revertia.png\",\"contentUrl\":\"https:\/\/revertia.com\/wp-content\/uploads\/2018\/08\/logo-revertia.png\",\"width\":199,\"height\":38,\"caption\":\"Revertia\"},\"image\":{\"@id\":\"https:\/\/revertia.com\/es\/#\/schema\/logo\/image\/\"},\"sameAs\":[\"https:\/\/www.facebook.com\/revertiaresiduos\/\",\"https:\/\/x.com\/revertia\",\"https:\/\/www.linkedin.com\/company\/revertia\",\"https:\/\/www.youtube.com\/user\/revertia\"]}]}<\/script>\n<!-- \/ Yoast SEO plugin. -->","yoast_head_json":{"title":"Innovaci\u00f3n - Revertia","description":"Puedes consultar todos los proyectos de Innovaci\u00f3n e I+D en los que revertia est\u00e1 trabajando actualmente: Estraee y Ecoraee.","robots":{"index":"index","follow":"follow","max-snippet":"max-snippet:-1","max-image-preview":"max-image-preview:large","max-video-preview":"max-video-preview:-1"},"canonical":"https:\/\/revertia.com\/innovacion\/","og_locale":"en_US","og_type":"article","og_title":"Innovaci\u00f3n - Revertia","og_description":"Puedes consultar todos los proyectos de Innovaci\u00f3n e I+D en los que revertia est\u00e1 trabajando actualmente: Estraee y Ecoraee.","og_url":"https:\/\/revertia.com\/innovacion\/","og_site_name":"Revertia","article_publisher":"https:\/\/www.facebook.com\/revertiaresiduos\/","article_modified_time":"2025-09-19T11:54:20+00:00","og_image":[{"url":"https:\/\/revertia.com\/wp-content\/uploads\/2014\/01\/life.jpg"}],"twitter_card":"summary_large_image","twitter_site":"@revertia","twitter_misc":{"Est. reading time":"9 minutes"},"schema":{"@context":"https:\/\/schema.org","@graph":[{"@type":"WebPage","@id":"https:\/\/revertia.com\/innovacion\/","url":"https:\/\/revertia.com\/innovacion\/","name":"Innovaci\u00f3n - Revertia","isPartOf":{"@id":"https:\/\/revertia.com\/es\/#website"},"primaryImageOfPage":{"@id":"https:\/\/revertia.com\/innovacion\/#primaryimage"},"image":{"@id":"https:\/\/revertia.com\/innovacion\/#primaryimage"},"thumbnailUrl":"https:\/\/revertia.com\/wp-content\/uploads\/2014\/01\/life.jpg","datePublished":"2023-03-21T12:46:01+00:00","dateModified":"2025-09-19T11:54:20+00:00","description":"Puedes consultar todos los proyectos de Innovaci\u00f3n e I+D en los que revertia est\u00e1 trabajando actualmente: Estraee y Ecoraee.","breadcrumb":{"@id":"https:\/\/revertia.com\/innovacion\/#breadcrumb"},"inLanguage":"en-US","potentialAction":[{"@type":"ReadAction","target":["https:\/\/revertia.com\/innovacion\/"]}]},{"@type":"ImageObject","inLanguage":"en-US","@id":"https:\/\/revertia.com\/innovacion\/#primaryimage","url":"https:\/\/revertia.com\/wp-content\/uploads\/2014\/01\/life.jpg","contentUrl":"https:\/\/revertia.com\/wp-content\/uploads\/2014\/01\/life.jpg"},{"@type":"BreadcrumbList","@id":"https:\/\/revertia.com\/innovacion\/#breadcrumb","itemListElement":[{"@type":"ListItem","position":1,"name":"Portada","item":"https:\/\/revertia.com\/"},{"@type":"ListItem","position":2,"name":"Innovaci\u00f3n"}]},{"@type":"WebSite","@id":"https:\/\/revertia.com\/es\/#website","url":"https:\/\/revertia.com\/es\/","name":"Revertia","description":"","publisher":{"@id":"https:\/\/revertia.com\/es\/#organization"},"potentialAction":[{"@type":"SearchAction","target":{"@type":"EntryPoint","urlTemplate":"https:\/\/revertia.com\/es\/?s={search_term_string}"},"query-input":"required name=search_term_string"}],"inLanguage":"en-US"},{"@type":"Organization","@id":"https:\/\/revertia.com\/es\/#organization","name":"Revertia","url":"https:\/\/revertia.com\/es\/","logo":{"@type":"ImageObject","inLanguage":"en-US","@id":"https:\/\/revertia.com\/es\/#\/schema\/logo\/image\/","url":"https:\/\/revertia.com\/wp-content\/uploads\/2018\/08\/logo-revertia.png","contentUrl":"https:\/\/revertia.com\/wp-content\/uploads\/2018\/08\/logo-revertia.png","width":199,"height":38,"caption":"Revertia"},"image":{"@id":"https:\/\/revertia.com\/es\/#\/schema\/logo\/image\/"},"sameAs":["https:\/\/www.facebook.com\/revertiaresiduos\/","https:\/\/x.com\/revertia","https:\/\/www.linkedin.com\/company\/revertia","https:\/\/www.youtube.com\/user\/revertia"]}]}},"_links":{"self":[{"href":"https:\/\/revertia.com\/en\/wp-json\/wp\/v2\/pages\/22657"}],"collection":[{"href":"https:\/\/revertia.com\/en\/wp-json\/wp\/v2\/pages"}],"about":[{"href":"https:\/\/revertia.com\/en\/wp-json\/wp\/v2\/types\/page"}],"author":[{"embeddable":true,"href":"https:\/\/revertia.com\/en\/wp-json\/wp\/v2\/users\/3"}],"replies":[{"embeddable":true,"href":"https:\/\/revertia.com\/en\/wp-json\/wp\/v2\/comments?post=22657"}],"version-history":[{"count":66,"href":"https:\/\/revertia.com\/en\/wp-json\/wp\/v2\/pages\/22657\/revisions"}],"predecessor-version":[{"id":60187,"href":"https:\/\/revertia.com\/en\/wp-json\/wp\/v2\/pages\/22657\/revisions\/60187"}],"wp:attachment":[{"href":"https:\/\/revertia.com\/en\/wp-json\/wp\/v2\/media?parent=22657"}],"curies":[{"name":"wp","href":"https:\/\/api.w.org\/{rel}","templated":true}]}}