{"id":22538,"date":"2023-03-16T21:22:21","date_gmt":"2023-03-16T20:22:21","guid":{"rendered":"https:\/\/revertia.com\/?page_id=22538"},"modified":"2025-12-10T19:50:48","modified_gmt":"2025-12-10T18:50:48","slug":"consultoria-ambiental","status":"publish","type":"page","link":"https:\/\/revertia.com\/en\/consultoria-ambiental\/","title":{"rendered":"Environmental consultancy"},"content":{"rendered":"<p>[vc_row full_width=&#8221;stretch_row&#8221; equal_height=&#8221;yes&#8221; css=&#8221;.vc_custom_1683211143995{background-color: #ffffff !important;background-position: center !important;background-repeat: no-repeat !important;background-size: cover !important;}&#8221;][vc_column width=&#8221;1\/2&#8243; css=&#8221;.vc_custom_1678805518111{background-color: #f3f5f6 !important;background-position: center !important;background-repeat: no-repeat !important;background-size: cover !important;}&#8221;][vc_empty_space height=&#8221;100&#8243;][vc_single_image image=&#8221;21374&#8243; img_size=&#8221;medium&#8221; alignment=&#8221;center&#8221; css_animation=&#8221;fadeIn&#8221; css=&#8221;.vc_custom_1678997657156{margin-top: -80px !important;}&#8221;][vc_custom_heading text=&#8221;Do you need to strengthen the culture<br \/>\nof reuse and recycling<br \/>\namong your organisation&#8217;s staff?&#8221; font_container=&#8221;tag:h4|font_size:30|text_align:center|color:%235b7389&#8243; google_fonts=&#8221;font_family:Oswald%3A300%2Cregular%2C700|font_style:300%20light%20regular%3A300%3Anormal&#8221; css_animation=&#8221;fadeIn&#8221;][vc_custom_heading text=&#8221;From doing to authentically being&#8221; font_container=&#8221;tag:p|font_size:18|text_align:center|color:%235b7389&#8243; google_fonts=&#8221;font_family:Oswald%3A300%2Cregular%2C700|font_style:300%20light%20regular%3A300%3Anormal&#8221; css_animation=&#8221;fadeIn&#8221;][\/vc_column][vc_column width=&#8221;1\/2&#8243;][vc_custom_heading text=&#8221;Raising awareness of sustainability&#8221; font_container=&#8221;tag:h4|font_size:35|text_align:left|color:%230b3646&#8243; google_fonts=&#8221;font_family:Oswald%3A300%2Cregular%2C700|font_style:300%20light%20regular%3A300%3Anormal&#8221; css_animation=&#8221;fadeIn&#8221; css=&#8221;.vc_custom_1684483342085{padding-top: 10px !important;padding-bottom: 10px !important;padding-left: 20px !important;background-position: center !important;background-repeat: no-repeat !important;background-size: cover !important;}&#8221;][vc_column_text css=&#8221;.vc_custom_1684483365643{padding-top: 20px !important;}&#8221;]<\/p>\n<div class=\"page\" title=\"Page 9\">\n<div class=\"section\">\n<div class=\"layoutArea\">\n<div class=\"column\">\n<p style=\"padding-left: 40px;\">We organise small WEEE collection campaigns in companies to promote environmental responsibility at all levels of the organisation.<\/p>\n<p style=\"padding-left: 40px;\">We also fit personalised eco-points with your brand name so that all the people in your company can deposit the small devices that have stopped working or that they no longer use so that Revertia can give them a second life.<\/p>\n<\/div>\n<\/div>\n<\/div>\n<\/div>\n<p>[\/vc_column_text][\/vc_column][\/vc_row][vc_row full_width=&#8221;stretch_row&#8221; equal_height=&#8221;yes&#8221; css=&#8221;.vc_custom_1679000338938{margin-top: 50px !important;background-color: #f3f5f6 !important;background-position: center !important;background-repeat: no-repeat !important;background-size: cover !important;}&#8221;][vc_column width=&#8221;1\/2&#8243; css=&#8221;.vc_custom_1679000407272{background: #f3f5f6 url(https:\/\/revertia.com\/wp-content\/uploads\/2022\/10\/imgCase5.webp?id=18685) !important;background-position: center !important;background-repeat: no-repeat !important;background-size: cover !important;}&#8221;][\/vc_column][vc_column width=&#8221;1\/2&#8243;][vc_custom_heading text=&#8221;1. Training&#8221; font_container=&#8221;tag:h4|font_size:35|text_align:left|color:%230b3646&#8243; google_fonts=&#8221;font_family:Oswald%3A300%2Cregular%2C700|font_style:300%20light%20regular%3A300%3Anormal&#8221; css_animation=&#8221;fadeIn&#8221; css=&#8221;.vc_custom_1684483377252{padding-top: 10px !important;padding-bottom: 10px !important;padding-left: 20px !important;background-position: center !important;background-repeat: no-repeat !important;background-size: cover !important;}&#8221;][vc_column_text css=&#8221;.vc_custom_1684483391461{padding-top: 20px !important;}&#8221;]<\/p>\n<h4 style=\"padding-left: 40px;\">Would you like your staff to be trained and updated in environmental management and waste management?<\/h4>\n<p>[\/vc_column_text][vc_column_text css=&#8221;.vc_custom_1684483461198{padding-top: 20px !important;}&#8221;]<\/p>\n<p style=\"padding-left: 40px;\">We perform all types of training activities to help promote and raise awareness of the value of giving a second life to electronic and electrical devices that might seem to have no further use. This is because we know they still have a lot of life left in them.<\/p>\n<p style=\"padding-left: 40px;\"><img loading=\"lazy\" decoding=\"async\" class=\"alignnone wp-image-19214\" src=\"https:\/\/revertia.com\/wp-content\/uploads\/2022\/10\/formacion.svg\" alt=\"\" width=\"35\" height=\"35\" \/>\u00a0 \u00a0Training for all staff teams and management<\/p>\n<p style=\"padding-left: 40px;\"><img loading=\"lazy\" decoding=\"async\" class=\"wp-image-19249 alignleft\" src=\"https:\/\/revertia.com\/wp-content\/uploads\/2022\/10\/talleres.svg\" alt=\"\" width=\"35\" height=\"35\" \/><br \/>\nWorkshops<\/p>\n<p>[\/vc_column_text][\/vc_column][\/vc_row][vc_row full_width=&#8221;stretch_row&#8221; equal_height=&#8221;yes&#8221; css=&#8221;.vc_custom_1679000530579{margin-top: 50px !important;background-color: #ffffff !important;background-position: center !important;background-repeat: no-repeat !important;background-size: cover !important;}&#8221;][vc_column width=&#8221;1\/2&#8243; css=&#8221;.vc_custom_1679000505919{background: #f3f5f6 url(https:\/\/revertia.com\/wp-content\/uploads\/2020\/05\/Imagen1.jpg?id=7476) !important;background-position: center !important;background-repeat: no-repeat !important;background-size: cover !important;}&#8221;][\/vc_column][vc_column width=&#8221;1\/2&#8243;][vc_custom_heading text=&#8221;2. Communication&#8221; font_container=&#8221;tag:h4|font_size:35|text_align:left|color:%230b3646&#8243; google_fonts=&#8221;font_family:Oswald%3A300%2Cregular%2C700|font_style:300%20light%20regular%3A300%3Anormal&#8221; css_animation=&#8221;fadeIn&#8221; css=&#8221;.vc_custom_1684483471331{padding-top: 10px !important;padding-bottom: 10px !important;padding-left: 20px !important;background-position: center !important;background-repeat: no-repeat !important;background-size: cover !important;}&#8221;][vc_column_text css=&#8221;.vc_custom_1684483482202{padding-left: 20px !important;}&#8221;]<\/p>\n<div class=\"page\" title=\"Page 9\">\n<div class=\"section\">\n<div class=\"layoutArea\">\n<div class=\"column\">\n<h4 style=\"padding-left: 40px;\">Do you want to promote your company\u2019s corporate social responsibility?<\/h4>\n<\/div>\n<\/div>\n<\/div>\n<\/div>\n<p>[\/vc_column_text][vc_column_text css=&#8221;.vc_custom_1684483569716{padding-left: 20px !important;}&#8221;]<\/p>\n<div class=\"page\" title=\"Page 9\">\n<div class=\"section\">\n<div class=\"layoutArea\">\n<div class=\"column\">\n<p style=\"padding-left: 40px;\">We can help you achieve this internally and externally:<\/p>\n<div class=\"page\" title=\"Page 9\">\n<div class=\"section\">\n<div class=\"layoutArea\">\n<div class=\"column\">\n<p style=\"padding-left: 40px;\"><img loading=\"lazy\" decoding=\"async\" class=\"alignnone wp-image-19246\" src=\"https:\/\/revertia.com\/wp-content\/uploads\/2022\/10\/sensibilizacion.svg\" alt=\"\" width=\"25\" height=\"25\" \/> Public and internal awareness events<\/p>\n<p style=\"padding-left: 40px;\"><img loading=\"lazy\" decoding=\"async\" class=\"alignnone wp-image-19241\" src=\"https:\/\/revertia.com\/wp-content\/uploads\/2022\/10\/relaciones-publicas.svg\" alt=\"\" width=\"25\" height=\"25\" \/> Public relations with media outlets<\/p>\n<p style=\"padding-left: 40px;\"><img loading=\"lazy\" decoding=\"async\" class=\"alignnone wp-image-19224\" src=\"https:\/\/revertia.com\/wp-content\/uploads\/2022\/10\/memorias.svg\" alt=\"\" width=\"25\" height=\"25\" \/> Sustainability reports<\/p>\n<p style=\"padding-left: 40px;\"><img loading=\"lazy\" decoding=\"async\" class=\"alignnone wp-image-19240\" src=\"https:\/\/revertia.com\/wp-content\/uploads\/2022\/10\/reforestacion.svg\" alt=\"\" width=\"25\" height=\"25\" \/> CSR support: Projects focused on reforestation<\/p>\n<p style=\"padding-left: 40px;\"><img loading=\"lazy\" decoding=\"async\" class=\"alignnone wp-image-19208\" src=\"https:\/\/revertia.com\/wp-content\/uploads\/2022\/10\/campanas.svg\" alt=\"\" width=\"25\" height=\"25\" \/> Participation in community projects<\/p>\n<\/div>\n<\/div>\n<\/div>\n<\/div>\n<\/div>\n<\/div>\n<\/div>\n<\/div>\n<p>[\/vc_column_text][\/vc_column][\/vc_row][vc_row equal_height=&#8221;yes&#8221; css=&#8221;.vc_custom_1678996023110{margin-top: 50px !important;padding-top: 50px !important;padding-bottom: 50px !important;padding-left: 50px !important;background-color: #f3f5f6 !important;}&#8221;][vc_column css=&#8221;.vc_custom_1678970737766{background-position: center !important;background-repeat: no-repeat !important;background-size: contain !important;}&#8221;][vc_custom_heading text=&#8221;We are committed to quality and<br \/>\ninnovation to improve our processes&#8221; font_container=&#8221;tag:h4|font_size:30|text_align:left|color:%235b7389&#8243; google_fonts=&#8221;font_family:Oswald%3A300%2Cregular%2C700|font_style:300%20light%20regular%3A300%3Anormal&#8221; css_animation=&#8221;fadeIn&#8221;][vc_row_inner][vc_column_inner width=&#8221;1\/2&#8243;][vc_column_text]<\/p>\n<p style=\"text-align: left;\">Our certifications mean we can guarantee the best service that includes a clear commitment to sustainability. Quality, the environment and information security are key factors in our business strategy.<\/p>\n<p style=\"text-align: left;\"><span style=\"color: #0b3646;\"><strong>This is our <a class=\"chakra-text css-bvm46n\" style=\"color: #0b3646;\" href=\"https:\/\/revertia.vercel.app\/pdf\/politica_SIG.pdf\" target=\"_blank\" rel=\"noopener noreferrer\">Quality, environment and information security policy.<\/a><\/strong><\/span><\/p>\n<p>[\/vc_column_text][\/vc_column_inner][vc_column_inner width=&#8221;1\/2&#8243;][vc_single_image image=&#8221;18475&#8243; img_size=&#8221;medium&#8221; alignment=&#8221;center&#8221; css=&#8221;.vc_custom_1678970789679{background-position: center !important;background-repeat: no-repeat !important;background-size: contain !important;}&#8221;][\/vc_column_inner][\/vc_row_inner][\/vc_column][\/vc_row][vc_row full_width=&#8221;stretch_row_content&#8221; equal_height=&#8221;yes&#8221; css=&#8221;.vc_custom_1678971420440{background-color: #1a2e3c !important;}&#8221;][vc_column width=&#8221;1\/4&#8243; css=&#8221;.vc_custom_1678971462465{padding-left: 50px !important;background-position: center !important;background-repeat: no-repeat !important;background-size: contain !important;}&#8221;][\/vc_column][vc_column width=&#8221;1\/2&#8243; css=&#8221;.vc_custom_1678971425637{padding-left: 50px !important;background-position: center !important;background-repeat: no-repeat !important;background-size: cover !important;}&#8221;][vc_empty_space height=&#8221;50&#8243;][vc_column_text css_animation=&#8221;none&#8221;]<\/p>\n<h2 style=\"text-align: center; color: #fff;\">Contact us<\/h2>\n<p>[\/vc_column_text]\n<div class=\"wpcf7 no-js\" id=\"wpcf7-f21083-o2\" lang=\"es-ES\" dir=\"ltr\">\n<div class=\"screen-reader-response\"><p role=\"status\" aria-live=\"polite\" aria-atomic=\"true\"><\/p> <ul><\/ul><\/div>\n<form action=\"\/en\/wp-json\/wp\/v2\/pages\/22538#wpcf7-f21083-o2\" method=\"post\" class=\"wpcf7-form init\" aria-label=\"Formulario de contacto\" novalidate=\"novalidate\" data-status=\"init\">\n<div style=\"display: none;\">\n<input type=\"hidden\" name=\"_wpcf7\" value=\"21083\" \/>\n<input type=\"hidden\" name=\"_wpcf7_version\" value=\"5.9.5\" \/>\n<input type=\"hidden\" name=\"_wpcf7_locale\" value=\"es_ES\" \/>\n<input type=\"hidden\" name=\"_wpcf7_unit_tag\" value=\"wpcf7-f21083-o2\" \/>\n<input type=\"hidden\" name=\"_wpcf7_container_post\" value=\"0\" \/>\n<input type=\"hidden\" name=\"_wpcf7_posted_data_hash\" value=\"\" \/>\n<input type=\"hidden\" name=\"_wpcf7_recaptcha_response\" value=\"\" \/>\n<\/div>\n<p>&nbsp;\n<\/p>\n<div class=\"formulario-material\">\n\t<p><span class=\"wpcf7-form-control-wrap\" data-name=\"your-name\"><input size=\"40\" class=\"wpcf7-form-control wpcf7-text wpcf7-validates-as-required form-control floating-label\" aria-required=\"true\" aria-invalid=\"false\" placeholder=\"Name*\" value=\"\" type=\"text\" name=\"your-name\" \/><\/span>\n\t<\/p>\n\t<p><span class=\"wpcf7-form-control-wrap\" data-name=\"your-email\"><input size=\"40\" class=\"wpcf7-form-control wpcf7-email wpcf7-validates-as-required wpcf7-text wpcf7-validates-as-email form-control floating-label\" aria-required=\"true\" aria-invalid=\"false\" placeholder=\"Email*\" value=\"\" type=\"email\" name=\"your-email\" \/><\/span>\n\t<\/p>\n\t<p><span class=\"wpcf7-form-control-wrap\" data-name=\"your-phone\"><input size=\"40\" class=\"wpcf7-form-control wpcf7-tel wpcf7-validates-as-required wpcf7-text wpcf7-validates-as-tel form-control floating-label\" aria-required=\"true\" aria-invalid=\"false\" placeholder=\"Subject*\" value=\"\" type=\"tel\" name=\"your-phone\" \/><\/span>\n\t<\/p>\n\t<p><span class=\"wpcf7-form-control-wrap\" data-name=\"your-message\"><textarea cols=\"40\" rows=\"10\" class=\"wpcf7-form-control wpcf7-textarea form-control floating-label\" aria-invalid=\"false\" placeholder=\"Message*\" name=\"your-message\"><\/textarea><\/span>\n\t<\/p>\n\t<font color=\"#ffffff\">\n\t\t<p><span class=\"wpcf7-form-control-wrap\" data-name=\"acceptance-173\"><span class=\"wpcf7-form-control wpcf7-acceptance\"><span class=\"wpcf7-list-item\"><input type=\"checkbox\" name=\"acceptance-173\" value=\"1\" aria-invalid=\"false\" \/><\/span><\/span><\/span> I accept <a href=\"https:\/\/revertia.com\/aviso-legal\/\">the terms and conditions<\/a>\n\t\t<\/p>\n\t<\/font>\n\t<font color=\"#ffffff\">\n\t\t<p><span class=\"wpcf7-form-control-wrap\" data-name=\"acceptance-929\"><span class=\"wpcf7-form-control wpcf7-acceptance optional\"><span class=\"wpcf7-list-item\"><input type=\"checkbox\" name=\"acceptance-929\" value=\"1\" aria-invalid=\"false\" \/><\/span><\/span><\/span> I would like to receive information about services and offers from Revertia\n\t\t<\/p>\n\t<\/font>\n\t<div style=\"font-size:10px;\">\n\t\t<font color=\"#ffffff\">Revertia Reusing and Recycling S.L., con domicilio en Pol\u00edgono Oceanis Nave 5.12 Cataboy \u2013 36418 O Porri\u00f1o, Pontevedra es el responsable del tratamiento de los datos personales contenidos en este formulario con el fin de atender su consulta. De igual forma, si est\u00e1s interesado en permitir que Revertia\/Reboots te env\u00ede informaci\u00f3n sobre promociones, puedes dar tu consentimiento marcando la casilla reservada a tal efecto. Puede ejercitar los derechos de acceso, rectificaci\u00f3n, supresi\u00f3n, restricci\u00f3n, cesi\u00f3n, oposici\u00f3n a trav\u00e9s de la direcci\u00f3n info@revertia.com. Puede encontrar informaci\u00f3n m\u00e1s detallada sobre el procesamiento de datos personales en el documento pol\u00edtica de privacidad.\n\t\t<\/font>\n\t<\/div>\n\t<p>&nbsp;\n\t<\/p>\n\t<p><input class=\"wpcf7-form-control wpcf7-submit has-spinner btn btn-verde\" type=\"submit\" value=\"Send\" \/>\n\t<\/p>\n<\/div><div class=\"wpcf7-response-output\" aria-hidden=\"true\"><\/div>\n<\/form>\n<\/div>\n[vc_empty_space height=&#8221;100&#8243;][\/vc_column][vc_column width=&#8221;1\/4&#8243;][\/vc_column][\/vc_row]<\/p>","protected":false},"excerpt":{"rendered":"<p>[vc_row full_width=&#8221;stretch_row&#8221; equal_height=&#8221;yes&#8221; css=&#8221;.vc_custom_1683211143995{background-color: #ffffff !important;background-position: center !important;background-repeat: no-repeat !important;background-size: cover !important;}&#8221;][vc_column width=&#8221;1\/2&#8243; css=&#8221;.vc_custom_1678805518111{background-color: #f3f5f6 !important;background-position: center !important;background-repeat: no-repeat !important;background-size: cover !important;}&#8221;][vc_empty_space height=&#8221;100&#8243;][vc_single_image image=&#8221;21374&#8243; img_size=&#8221;medium&#8221; alignment=&#8221;center&#8221; css_animation=&#8221;fadeIn&#8221; css=&#8221;.vc_custom_1678997657156{margin-top: -80px !important;}&#8221;][vc_custom_heading text=&#8221;Do you need to strengthen the culture of reuse and recycling among your organisation&#8217;s staff?&#8221; font_container=&#8221;tag:h4|font_size:30|text_align:center|color:%235b7389&#8243; google_fonts=&#8221;font_family:Oswald%3A300%2Cregular%2C700|font_style:300%20light%20regular%3A300%3Anormal&#8221; css_animation=&#8221;fadeIn&#8221;][vc_custom_heading text=&#8221;From doing to authentically being&#8221; font_container=&#8221;tag:p|font_size:18|text_align:center|color:%235b7389&#8243; google_fonts=&#8221;font_family:Oswald%3A300%2Cregular%2C700|font_style:300%20light%20regular%3A300%3Anormal&#8221; [&hellip;]<\/p>\n","protected":false},"author":3,"featured_media":0,"parent":0,"menu_order":0,"comment_status":"closed","ping_status":"closed","template":"","meta":{"_acf_changed":false,"inline_featured_image":false,"footnotes":""},"acf":[],"yoast_head":"<!-- This site is optimized with the Yoast SEO plugin v22.8 - https:\/\/yoast.com\/wordpress\/plugins\/seo\/ -->\n<title>Consultor\u00eda Ambiental - Revertia<\/title>\n<meta name=\"description\" content=\"Nuestro servicio de consultor\u00eda ambiental fomenta la sostenibilidad: formaci\u00f3n, comunicaci\u00f3n y Responsabilidad Social Corporativa\" \/>\n<meta name=\"robots\" content=\"index, follow, max-snippet:-1, max-image-preview:large, max-video-preview:-1\" \/>\n<link rel=\"canonical\" href=\"https:\/\/revertia.com\/consultoria-ambiental\/\" \/>\n<meta property=\"og:locale\" content=\"en_US\" \/>\n<meta property=\"og:type\" content=\"article\" \/>\n<meta property=\"og:title\" content=\"Consultor\u00eda Ambiental - Revertia\" \/>\n<meta property=\"og:description\" content=\"Nuestro servicio de consultor\u00eda ambiental fomenta la sostenibilidad: formaci\u00f3n, comunicaci\u00f3n y Responsabilidad Social Corporativa\" \/>\n<meta property=\"og:url\" content=\"https:\/\/revertia.com\/consultoria-ambiental\/\" \/>\n<meta property=\"og:site_name\" content=\"Revertia\" \/>\n<meta property=\"article:publisher\" content=\"https:\/\/www.facebook.com\/revertiaresiduos\/\" \/>\n<meta property=\"article:modified_time\" content=\"2025-12-10T18:50:48+00:00\" \/>\n<meta property=\"og:image\" content=\"https:\/\/revertia.com\/wp-content\/uploads\/2022\/10\/formacion.svg\" \/>\n<meta name=\"twitter:card\" content=\"summary_large_image\" \/>\n<meta name=\"twitter:site\" content=\"@revertia\" \/>\n<meta name=\"twitter:label1\" content=\"Est. reading time\" \/>\n\t<meta name=\"twitter:data1\" content=\"3 minutes\" \/>\n<script type=\"application\/ld+json\" class=\"yoast-schema-graph\">{\"@context\":\"https:\/\/schema.org\",\"@graph\":[{\"@type\":\"WebPage\",\"@id\":\"https:\/\/revertia.com\/consultoria-ambiental\/\",\"url\":\"https:\/\/revertia.com\/consultoria-ambiental\/\",\"name\":\"Consultor\u00eda Ambiental - Revertia\",\"isPartOf\":{\"@id\":\"https:\/\/revertia.com\/es\/#website\"},\"primaryImageOfPage\":{\"@id\":\"https:\/\/revertia.com\/consultoria-ambiental\/#primaryimage\"},\"image\":{\"@id\":\"https:\/\/revertia.com\/consultoria-ambiental\/#primaryimage\"},\"thumbnailUrl\":\"https:\/\/revertia.com\/wp-content\/uploads\/2022\/10\/formacion.svg\",\"datePublished\":\"2023-03-16T20:22:21+00:00\",\"dateModified\":\"2025-12-10T18:50:48+00:00\",\"description\":\"Nuestro servicio de consultor\u00eda ambiental fomenta la sostenibilidad: formaci\u00f3n, comunicaci\u00f3n y Responsabilidad Social Corporativa\",\"breadcrumb\":{\"@id\":\"https:\/\/revertia.com\/consultoria-ambiental\/#breadcrumb\"},\"inLanguage\":\"en-US\",\"potentialAction\":[{\"@type\":\"ReadAction\",\"target\":[\"https:\/\/revertia.com\/consultoria-ambiental\/\"]}]},{\"@type\":\"ImageObject\",\"inLanguage\":\"en-US\",\"@id\":\"https:\/\/revertia.com\/consultoria-ambiental\/#primaryimage\",\"url\":\"https:\/\/revertia.com\/wp-content\/uploads\/2022\/10\/formacion.svg\",\"contentUrl\":\"https:\/\/revertia.com\/wp-content\/uploads\/2022\/10\/formacion.svg\"},{\"@type\":\"BreadcrumbList\",\"@id\":\"https:\/\/revertia.com\/consultoria-ambiental\/#breadcrumb\",\"itemListElement\":[{\"@type\":\"ListItem\",\"position\":1,\"name\":\"Portada\",\"item\":\"https:\/\/revertia.com\/\"},{\"@type\":\"ListItem\",\"position\":2,\"name\":\"Consultor\u00eda ambiental\"}]},{\"@type\":\"WebSite\",\"@id\":\"https:\/\/revertia.com\/es\/#website\",\"url\":\"https:\/\/revertia.com\/es\/\",\"name\":\"Revertia\",\"description\":\"\",\"publisher\":{\"@id\":\"https:\/\/revertia.com\/es\/#organization\"},\"potentialAction\":[{\"@type\":\"SearchAction\",\"target\":{\"@type\":\"EntryPoint\",\"urlTemplate\":\"https:\/\/revertia.com\/es\/?s={search_term_string}\"},\"query-input\":\"required name=search_term_string\"}],\"inLanguage\":\"en-US\"},{\"@type\":\"Organization\",\"@id\":\"https:\/\/revertia.com\/es\/#organization\",\"name\":\"Revertia\",\"url\":\"https:\/\/revertia.com\/es\/\",\"logo\":{\"@type\":\"ImageObject\",\"inLanguage\":\"en-US\",\"@id\":\"https:\/\/revertia.com\/es\/#\/schema\/logo\/image\/\",\"url\":\"https:\/\/revertia.com\/wp-content\/uploads\/2018\/08\/logo-revertia.png\",\"contentUrl\":\"https:\/\/revertia.com\/wp-content\/uploads\/2018\/08\/logo-revertia.png\",\"width\":199,\"height\":38,\"caption\":\"Revertia\"},\"image\":{\"@id\":\"https:\/\/revertia.com\/es\/#\/schema\/logo\/image\/\"},\"sameAs\":[\"https:\/\/www.facebook.com\/revertiaresiduos\/\",\"https:\/\/x.com\/revertia\",\"https:\/\/www.linkedin.com\/company\/revertia\",\"https:\/\/www.youtube.com\/user\/revertia\"]}]}<\/script>\n<!-- \/ Yoast SEO plugin. -->","yoast_head_json":{"title":"Consultor\u00eda Ambiental - Revertia","description":"Nuestro servicio de consultor\u00eda ambiental fomenta la sostenibilidad: formaci\u00f3n, comunicaci\u00f3n y Responsabilidad Social Corporativa","robots":{"index":"index","follow":"follow","max-snippet":"max-snippet:-1","max-image-preview":"max-image-preview:large","max-video-preview":"max-video-preview:-1"},"canonical":"https:\/\/revertia.com\/consultoria-ambiental\/","og_locale":"en_US","og_type":"article","og_title":"Consultor\u00eda Ambiental - Revertia","og_description":"Nuestro servicio de consultor\u00eda ambiental fomenta la sostenibilidad: formaci\u00f3n, comunicaci\u00f3n y Responsabilidad Social Corporativa","og_url":"https:\/\/revertia.com\/consultoria-ambiental\/","og_site_name":"Revertia","article_publisher":"https:\/\/www.facebook.com\/revertiaresiduos\/","article_modified_time":"2025-12-10T18:50:48+00:00","og_image":[{"url":"https:\/\/revertia.com\/wp-content\/uploads\/2022\/10\/formacion.svg"}],"twitter_card":"summary_large_image","twitter_site":"@revertia","twitter_misc":{"Est. reading time":"3 minutes"},"schema":{"@context":"https:\/\/schema.org","@graph":[{"@type":"WebPage","@id":"https:\/\/revertia.com\/consultoria-ambiental\/","url":"https:\/\/revertia.com\/consultoria-ambiental\/","name":"Consultor\u00eda Ambiental - Revertia","isPartOf":{"@id":"https:\/\/revertia.com\/es\/#website"},"primaryImageOfPage":{"@id":"https:\/\/revertia.com\/consultoria-ambiental\/#primaryimage"},"image":{"@id":"https:\/\/revertia.com\/consultoria-ambiental\/#primaryimage"},"thumbnailUrl":"https:\/\/revertia.com\/wp-content\/uploads\/2022\/10\/formacion.svg","datePublished":"2023-03-16T20:22:21+00:00","dateModified":"2025-12-10T18:50:48+00:00","description":"Nuestro servicio de consultor\u00eda ambiental fomenta la sostenibilidad: formaci\u00f3n, comunicaci\u00f3n y Responsabilidad Social Corporativa","breadcrumb":{"@id":"https:\/\/revertia.com\/consultoria-ambiental\/#breadcrumb"},"inLanguage":"en-US","potentialAction":[{"@type":"ReadAction","target":["https:\/\/revertia.com\/consultoria-ambiental\/"]}]},{"@type":"ImageObject","inLanguage":"en-US","@id":"https:\/\/revertia.com\/consultoria-ambiental\/#primaryimage","url":"https:\/\/revertia.com\/wp-content\/uploads\/2022\/10\/formacion.svg","contentUrl":"https:\/\/revertia.com\/wp-content\/uploads\/2022\/10\/formacion.svg"},{"@type":"BreadcrumbList","@id":"https:\/\/revertia.com\/consultoria-ambiental\/#breadcrumb","itemListElement":[{"@type":"ListItem","position":1,"name":"Portada","item":"https:\/\/revertia.com\/"},{"@type":"ListItem","position":2,"name":"Consultor\u00eda ambiental"}]},{"@type":"WebSite","@id":"https:\/\/revertia.com\/es\/#website","url":"https:\/\/revertia.com\/es\/","name":"Revertia","description":"","publisher":{"@id":"https:\/\/revertia.com\/es\/#organization"},"potentialAction":[{"@type":"SearchAction","target":{"@type":"EntryPoint","urlTemplate":"https:\/\/revertia.com\/es\/?s={search_term_string}"},"query-input":"required name=search_term_string"}],"inLanguage":"en-US"},{"@type":"Organization","@id":"https:\/\/revertia.com\/es\/#organization","name":"Revertia","url":"https:\/\/revertia.com\/es\/","logo":{"@type":"ImageObject","inLanguage":"en-US","@id":"https:\/\/revertia.com\/es\/#\/schema\/logo\/image\/","url":"https:\/\/revertia.com\/wp-content\/uploads\/2018\/08\/logo-revertia.png","contentUrl":"https:\/\/revertia.com\/wp-content\/uploads\/2018\/08\/logo-revertia.png","width":199,"height":38,"caption":"Revertia"},"image":{"@id":"https:\/\/revertia.com\/es\/#\/schema\/logo\/image\/"},"sameAs":["https:\/\/www.facebook.com\/revertiaresiduos\/","https:\/\/x.com\/revertia","https:\/\/www.linkedin.com\/company\/revertia","https:\/\/www.youtube.com\/user\/revertia"]}]}},"_links":{"self":[{"href":"https:\/\/revertia.com\/en\/wp-json\/wp\/v2\/pages\/22538"}],"collection":[{"href":"https:\/\/revertia.com\/en\/wp-json\/wp\/v2\/pages"}],"about":[{"href":"https:\/\/revertia.com\/en\/wp-json\/wp\/v2\/types\/page"}],"author":[{"embeddable":true,"href":"https:\/\/revertia.com\/en\/wp-json\/wp\/v2\/users\/3"}],"replies":[{"embeddable":true,"href":"https:\/\/revertia.com\/en\/wp-json\/wp\/v2\/comments?post=22538"}],"version-history":[{"count":112,"href":"https:\/\/revertia.com\/en\/wp-json\/wp\/v2\/pages\/22538\/revisions"}],"predecessor-version":[{"id":65501,"href":"https:\/\/revertia.com\/en\/wp-json\/wp\/v2\/pages\/22538\/revisions\/65501"}],"wp:attachment":[{"href":"https:\/\/revertia.com\/en\/wp-json\/wp\/v2\/media?parent=22538"}],"curies":[{"name":"wp","href":"https:\/\/api.w.org\/{rel}","templated":true}]}}