{"id":21442,"date":"2023-02-24T13:35:21","date_gmt":"2023-02-24T12:35:21","guid":{"rendered":"https:\/\/revertia.com\/?page_id=21442"},"modified":"2025-12-09T18:40:24","modified_gmt":"2025-12-09T17:40:24","slug":"certificaciones-de-revertia","status":"publish","type":"page","link":"https:\/\/revertia.com\/en\/certificaciones-de-revertia\/","title":{"rendered":"Revertia Certifications"},"content":{"rendered":"<p>[vc_row full_width=&#8221;stretch_row&#8221; equal_height=&#8221;yes&#8221; css=&#8221;.vc_custom_1683218709084{background-color: #ffffff !important;background-position: center !important;background-repeat: no-repeat !important;background-size: cover !important;}&#8221;][vc_column width=&#8221;1\/2&#8243; css=&#8221;.vc_custom_1678662863579{background-image: url(https:\/\/revertia.com\/wp-content\/uploads\/2023\/02\/especialistas-en-raee.jpg?id=21408) !important;background-position: center !important;background-repeat: no-repeat !important;background-size: cover !important;}&#8221;][vc_empty_space height=&#8221;200&#8243;][vc_custom_heading text=&#8221;We follow all<br \/>\nregulations to be able to offer<br \/>\nthe best solutions for the management<br \/>\nand treatment needs of your WEEE&#8221; font_container=&#8221;tag:h2|font_size:40|text_align:left|color:%23f2f2f2&#8243; google_fonts=&#8221;font_family:Oswald%3A300%2Cregular%2C700|font_style:400%20regular%3A400%3Anormal&#8221; css_animation=&#8221;fadeIn&#8221; css=&#8221;.vc_custom_1684486727836{padding-left: 50px !important;}&#8221;][vc_custom_heading text=&#8221;(Waste from Electrical and Electronic Equipment)&#8221; font_container=&#8221;tag:p|font_size:20|text_align:left|color:%23f2f2f2&#8243; google_fonts=&#8221;font_family:Oswald%3A300%2Cregular%2C700|font_style:400%20regular%3A400%3Anormal&#8221; css_animation=&#8221;fadeIn&#8221; css=&#8221;.vc_custom_1684486740885{padding-left: 50px !important;}&#8221;][vc_empty_space height=&#8221;200&#8243;][\/vc_column][vc_column width=&#8221;1\/2&#8243;][vc_empty_space height=&#8221;100&#8243;][vc_column_text css=&#8221;.vc_custom_1678664486449{padding-left: 50px !important;}&#8221;]<span style=\"color: #4c5561;\"><img loading=\"lazy\" decoding=\"async\" class=\"alignnone wp-image-19227\" src=\"https:\/\/revertia.com\/wp-content\/uploads\/2022\/10\/normativas.svg\" alt=\"\" width=\"24\" height=\"24\" \/>\u00a0<\/span>[\/vc_column_text][vc_custom_heading text=&#8221;At Revertia we have the environmental<br \/>\ncertification that authorises us<br \/>\nto treat WEEE for subsequent<br \/>\nreuse according to Royal Decree 110\/2015.&#8221; font_container=&#8221;tag:p|font_size:18|text_align:left|color:%234c5561&#8243; use_theme_fonts=&#8221;yes&#8221; css_animation=&#8221;fadeInRight&#8221; css=&#8221;.vc_custom_1684486811027{padding-left: 50px !important;}&#8221;][vc_empty_space height=&#8221;20&#8243;][vc_column_text css=&#8221;.vc_custom_1684486950177{padding-left: 50px !important;}&#8221;]<\/p>\n<h3>Quality, Environment and Information Security Policy.<\/h3>\n<p><strong>Revertia<\/strong>\u00a0is firmly and resolutely committed to sustainable development, offering the best quality in the services offered and assuming a commitment to be friendly to and protect the environment. We ensure all of this while also guaranteeing the security of the information by any means used. Bearing this in mind, we have implemented an Integrated System of Quality, Environment and Information Security based on the\u00a0<strong>UNE-EN ISO 9001<\/strong>,\u00a0<strong>UNE-EN IS0 1400<\/strong>1 and\u00a0<strong>UNE-ISO\/IEC 27001<\/strong>.[\/vc_column_text][vc_single_image image=&#8221;39404&#8243; img_size=&#8221;full&#8221; css=&#8221;.vc_custom_1726156256761{padding-left: 50px !important;}&#8221;][vc_empty_space height=&#8221;100&#8243;][\/vc_column][\/vc_row][vc_row full_width=&#8221;stretch_row_content&#8221; gap=&#8221;35&#8243; equal_height=&#8221;yes&#8221; css=&#8221;.vc_custom_1678664779856{background-color: #e8e8e8 !important;background-position: center !important;background-repeat: no-repeat !important;background-size: cover !important;}&#8221;][vc_column width=&#8221;1\/2&#8243;][vc_empty_space height=&#8221;50&#8243;][vc_column_text css=&#8221;.vc_custom_1684487059963{padding-left: 50px !important;}&#8221;]<\/p>\n<h3>Quality, Environment and Information Security Policy<\/h3>\n<p>This\u00a0<a href=\"https:\/\/revertia.com\/pdf\/politica_SIG.pdf\" target=\"_blank\" rel=\"noopener noreferrer\">quality, environment and information security policy<\/a>\u00a0is understood, implemented and updated across all parts of the organisation on behalf of the Management so that, with the effort and dedication of all of our staff, we can contribute to the sustainable development of our society.<\/p>\n<p>In addition, our environmental commitment is demonstrated in the\u00a0<a href=\"https:\/\/revertia.com\/wp-content\/uploads\/2022\/03\/Informacion-Ambiental-2021.-Ed.pdf\">Environmental Information<\/a> available on our integrated management system.[\/vc_column_text][vc_empty_space height=&#8221;50&#8243;][\/vc_column][vc_column width=&#8221;1\/2&#8243;][vc_empty_space height=&#8221;50&#8243;][vc_column_text css=&#8221;.vc_custom_1684487114210{padding-left: 50px !important;}&#8221;]<\/p>\n<h3 class=\" align-center black\">Commitment to our suppliers<\/h3>\n<div class=\" pi-text-center\">\n<p>In our work with suppliers, we have established a diverse range of commitments that guarantee the Quality, Environment and Information Security standards of our company. Commitments established for selection, monitoring and evaluation.<\/p>\n<p>If at any time during this process an incident occurs, it will be communicated and taken into account in your approval as a supplier. <a href=\"https:\/\/revertia.com\/wp-content\/uploads\/2022\/03\/COMUNICADO-A-PROVEEDORES.pdf\">Notice to Suppliers<\/a><\/p>\n<\/div>\n<p>[\/vc_column_text][vc_empty_space height=&#8221;50&#8243;][\/vc_column][\/vc_row][vc_row full_width=&#8221;stretch_row_content&#8221; equal_height=&#8221;yes&#8221;][vc_column width=&#8221;1\/2&#8243; css=&#8221;.vc_custom_1678665696763{padding-left: 50px !important;background-color: #c8d544 !important;background-position: center !important;background-repeat: no-repeat !important;background-size: contain !important;}&#8221;][vc_empty_space height=&#8221;200&#8243;][vc_custom_heading text=&#8221;And we can prove it:&#8221; font_container=&#8221;tag:h2|font_size:40|text_align:left|color:%23f2f2f2&#8243; google_fonts=&#8221;font_family:Oswald%3A300%2Cregular%2C700|font_style:400%20regular%3A400%3Anormal&#8221; css_animation=&#8221;fadeIn&#8221;][vc_custom_heading text=&#8221;At the end of the process,<br \/>\nwe issue reports and<br \/>\ncertificates that demonstrate<br \/>\nthe correct treatment<br \/>\nof each of the types of waste.&#8221; font_container=&#8221;tag:h2|font_size:40|text_align:left|color:%234c5561&#8243; google_fonts=&#8221;font_family:Oswald%3A300%2Cregular%2C700|font_style:400%20regular%3A400%3Anormal&#8221; css_animation=&#8221;fadeIn&#8221;][vc_empty_space height=&#8221;200&#8243;][\/vc_column][vc_column width=&#8221;1\/2&#8243; css=&#8221;.vc_custom_1678663498978{padding-left: 50px !important;background-color: #1a2e3c !important;background-position: center !important;background-repeat: no-repeat !important;background-size: cover !important;}&#8221;][vc_empty_space height=&#8221;50&#8243;][vc_column_text css_animation=&#8221;none&#8221;]<\/p>\n<h2 style=\"text-align: center; color: #fff;\">Contact us<\/h2>\n<p>[\/vc_column_text]\n<div class=\"wpcf7 no-js\" id=\"wpcf7-f21083-o1\" lang=\"es-ES\" dir=\"ltr\">\n<div class=\"screen-reader-response\"><p role=\"status\" aria-live=\"polite\" aria-atomic=\"true\"><\/p> <ul><\/ul><\/div>\n<form action=\"\/en\/wp-json\/wp\/v2\/pages\/21442#wpcf7-f21083-o1\" method=\"post\" class=\"wpcf7-form init\" aria-label=\"Formulario de contacto\" novalidate=\"novalidate\" data-status=\"init\">\n<div style=\"display: none;\">\n<input type=\"hidden\" name=\"_wpcf7\" value=\"21083\" \/>\n<input type=\"hidden\" name=\"_wpcf7_version\" value=\"5.9.5\" \/>\n<input type=\"hidden\" name=\"_wpcf7_locale\" value=\"es_ES\" \/>\n<input type=\"hidden\" name=\"_wpcf7_unit_tag\" value=\"wpcf7-f21083-o1\" \/>\n<input type=\"hidden\" name=\"_wpcf7_container_post\" value=\"0\" \/>\n<input type=\"hidden\" name=\"_wpcf7_posted_data_hash\" value=\"\" \/>\n<input type=\"hidden\" name=\"_wpcf7_recaptcha_response\" value=\"\" \/>\n<\/div>\n<p>&nbsp;\n<\/p>\n<div class=\"formulario-material\">\n\t<p><span class=\"wpcf7-form-control-wrap\" data-name=\"your-name\"><input size=\"40\" class=\"wpcf7-form-control wpcf7-text wpcf7-validates-as-required form-control floating-label\" aria-required=\"true\" aria-invalid=\"false\" placeholder=\"Name*\" value=\"\" type=\"text\" name=\"your-name\" \/><\/span>\n\t<\/p>\n\t<p><span class=\"wpcf7-form-control-wrap\" data-name=\"your-email\"><input size=\"40\" class=\"wpcf7-form-control wpcf7-email wpcf7-validates-as-required wpcf7-text wpcf7-validates-as-email form-control floating-label\" aria-required=\"true\" aria-invalid=\"false\" placeholder=\"Email*\" value=\"\" type=\"email\" name=\"your-email\" \/><\/span>\n\t<\/p>\n\t<p><span class=\"wpcf7-form-control-wrap\" data-name=\"your-phone\"><input size=\"40\" class=\"wpcf7-form-control wpcf7-tel wpcf7-validates-as-required wpcf7-text wpcf7-validates-as-tel form-control floating-label\" aria-required=\"true\" aria-invalid=\"false\" placeholder=\"Subject*\" value=\"\" type=\"tel\" name=\"your-phone\" \/><\/span>\n\t<\/p>\n\t<p><span class=\"wpcf7-form-control-wrap\" data-name=\"your-message\"><textarea cols=\"40\" rows=\"10\" class=\"wpcf7-form-control wpcf7-textarea form-control floating-label\" aria-invalid=\"false\" placeholder=\"Message*\" name=\"your-message\"><\/textarea><\/span>\n\t<\/p>\n\t<font color=\"#ffffff\">\n\t\t<p><span class=\"wpcf7-form-control-wrap\" data-name=\"acceptance-173\"><span class=\"wpcf7-form-control wpcf7-acceptance\"><span class=\"wpcf7-list-item\"><input type=\"checkbox\" name=\"acceptance-173\" value=\"1\" aria-invalid=\"false\" \/><\/span><\/span><\/span> I accept <a href=\"https:\/\/revertia.com\/aviso-legal\/\">the terms and conditions<\/a>\n\t\t<\/p>\n\t<\/font>\n\t<font color=\"#ffffff\">\n\t\t<p><span class=\"wpcf7-form-control-wrap\" data-name=\"acceptance-929\"><span class=\"wpcf7-form-control wpcf7-acceptance optional\"><span class=\"wpcf7-list-item\"><input type=\"checkbox\" name=\"acceptance-929\" value=\"1\" aria-invalid=\"false\" \/><\/span><\/span><\/span> I would like to receive information about services and offers from Revertia\n\t\t<\/p>\n\t<\/font>\n\t<div style=\"font-size:10px;\">\n\t\t<font color=\"#ffffff\">Revertia Reusing and Recycling S.L., con domicilio en Pol\u00edgono Oceanis Nave 5.12 Cataboy \u2013 36418 O Porri\u00f1o, Pontevedra es el responsable del tratamiento de los datos personales contenidos en este formulario con el fin de atender su consulta. De igual forma, si est\u00e1s interesado en permitir que Revertia\/Reboots te env\u00ede informaci\u00f3n sobre promociones, puedes dar tu consentimiento marcando la casilla reservada a tal efecto. Puede ejercitar los derechos de acceso, rectificaci\u00f3n, supresi\u00f3n, restricci\u00f3n, cesi\u00f3n, oposici\u00f3n a trav\u00e9s de la direcci\u00f3n info@revertia.com. Puede encontrar informaci\u00f3n m\u00e1s detallada sobre el procesamiento de datos personales en el documento pol\u00edtica de privacidad.\n\t\t<\/font>\n\t<\/div>\n\t<p>&nbsp;\n\t<\/p>\n\t<p><input class=\"wpcf7-form-control wpcf7-submit has-spinner btn btn-verde\" type=\"submit\" value=\"Send\" \/>\n\t<\/p>\n<\/div><div class=\"wpcf7-response-output\" aria-hidden=\"true\"><\/div>\n<\/form>\n<\/div>\n[vc_empty_space height=&#8221;100&#8243;][\/vc_column][\/vc_row]<\/p>","protected":false},"excerpt":{"rendered":"<p>[vc_row full_width=&#8221;stretch_row&#8221; equal_height=&#8221;yes&#8221; css=&#8221;.vc_custom_1683218709084{background-color: #ffffff !important;background-position: center !important;background-repeat: no-repeat !important;background-size: cover !important;}&#8221;][vc_column width=&#8221;1\/2&#8243; css=&#8221;.vc_custom_1678662863579{background-image: url(https:\/\/revertia.com\/wp-content\/uploads\/2023\/02\/especialistas-en-raee.jpg?id=21408) !important;background-position: center !important;background-repeat: no-repeat !important;background-size: cover !important;}&#8221;][vc_empty_space height=&#8221;200&#8243;][vc_custom_heading text=&#8221;We follow all regulations to be able to offer the best solutions for the management and treatment needs of your WEEE&#8221; font_container=&#8221;tag:h2|font_size:40|text_align:left|color:%23f2f2f2&#8243; google_fonts=&#8221;font_family:Oswald%3A300%2Cregular%2C700|font_style:400%20regular%3A400%3Anormal&#8221; css_animation=&#8221;fadeIn&#8221; css=&#8221;.vc_custom_1684486727836{padding-left: 50px !important;}&#8221;][vc_custom_heading text=&#8221;(Waste from Electrical and Electronic [&hellip;]<\/p>\n","protected":false},"author":3,"featured_media":0,"parent":0,"menu_order":0,"comment_status":"closed","ping_status":"closed","template":"","meta":{"_acf_changed":false,"inline_featured_image":false,"footnotes":""},"acf":[],"yoast_head":"<!-- This site is optimized with the Yoast SEO plugin v22.8 - https:\/\/yoast.com\/wordpress\/plugins\/seo\/ -->\n<title>Certificaciones de calidad y medioambiente de revertia - Revertia<\/title>\n<meta name=\"description\" content=\"Revertia cuenta con certificaciones de Calidad, Medio Ambiente y Seguridad de la Informaci\u00f3n: UNE-EN ISO 9001, 14001 y UNE-ISO\/IEC 27001\" \/>\n<meta name=\"robots\" content=\"index, follow, max-snippet:-1, max-image-preview:large, max-video-preview:-1\" \/>\n<link rel=\"canonical\" href=\"https:\/\/revertia.com\/certificaciones-de-revertia\/\" \/>\n<meta property=\"og:locale\" content=\"en_US\" \/>\n<meta property=\"og:type\" content=\"article\" \/>\n<meta property=\"og:title\" content=\"Certificaciones de calidad y medioambiente de revertia - Revertia\" \/>\n<meta property=\"og:description\" content=\"Revertia cuenta con certificaciones de Calidad, Medio Ambiente y Seguridad de la Informaci\u00f3n: UNE-EN ISO 9001, 14001 y UNE-ISO\/IEC 27001\" \/>\n<meta property=\"og:url\" content=\"https:\/\/revertia.com\/certificaciones-de-revertia\/\" \/>\n<meta property=\"og:site_name\" content=\"Revertia\" \/>\n<meta property=\"article:publisher\" content=\"https:\/\/www.facebook.com\/revertiaresiduos\/\" \/>\n<meta property=\"article:modified_time\" content=\"2025-12-09T17:40:24+00:00\" \/>\n<meta property=\"og:image\" content=\"https:\/\/revertia.com\/wp-content\/uploads\/2022\/10\/normativas.svg\" \/>\n<meta name=\"twitter:card\" content=\"summary_large_image\" \/>\n<meta name=\"twitter:site\" content=\"@revertia\" \/>\n<meta name=\"twitter:label1\" content=\"Est. reading time\" \/>\n\t<meta name=\"twitter:data1\" content=\"3 minutes\" \/>\n<script type=\"application\/ld+json\" class=\"yoast-schema-graph\">{\"@context\":\"https:\/\/schema.org\",\"@graph\":[{\"@type\":\"WebPage\",\"@id\":\"https:\/\/revertia.com\/certificaciones-de-revertia\/\",\"url\":\"https:\/\/revertia.com\/certificaciones-de-revertia\/\",\"name\":\"Certificaciones de calidad y medioambiente de revertia - Revertia\",\"isPartOf\":{\"@id\":\"https:\/\/revertia.com\/es\/#website\"},\"primaryImageOfPage\":{\"@id\":\"https:\/\/revertia.com\/certificaciones-de-revertia\/#primaryimage\"},\"image\":{\"@id\":\"https:\/\/revertia.com\/certificaciones-de-revertia\/#primaryimage\"},\"thumbnailUrl\":\"https:\/\/revertia.com\/wp-content\/uploads\/2022\/10\/normativas.svg\",\"datePublished\":\"2023-02-24T12:35:21+00:00\",\"dateModified\":\"2025-12-09T17:40:24+00:00\",\"description\":\"Revertia cuenta con certificaciones de Calidad, Medio Ambiente y Seguridad de la Informaci\u00f3n: UNE-EN ISO 9001, 14001 y UNE-ISO\/IEC 27001\",\"breadcrumb\":{\"@id\":\"https:\/\/revertia.com\/certificaciones-de-revertia\/#breadcrumb\"},\"inLanguage\":\"en-US\",\"potentialAction\":[{\"@type\":\"ReadAction\",\"target\":[\"https:\/\/revertia.com\/certificaciones-de-revertia\/\"]}]},{\"@type\":\"ImageObject\",\"inLanguage\":\"en-US\",\"@id\":\"https:\/\/revertia.com\/certificaciones-de-revertia\/#primaryimage\",\"url\":\"https:\/\/revertia.com\/wp-content\/uploads\/2022\/10\/normativas.svg\",\"contentUrl\":\"https:\/\/revertia.com\/wp-content\/uploads\/2022\/10\/normativas.svg\"},{\"@type\":\"BreadcrumbList\",\"@id\":\"https:\/\/revertia.com\/certificaciones-de-revertia\/#breadcrumb\",\"itemListElement\":[{\"@type\":\"ListItem\",\"position\":1,\"name\":\"Portada\",\"item\":\"https:\/\/revertia.com\/\"},{\"@type\":\"ListItem\",\"position\":2,\"name\":\"Certificaciones de Revertia\"}]},{\"@type\":\"WebSite\",\"@id\":\"https:\/\/revertia.com\/es\/#website\",\"url\":\"https:\/\/revertia.com\/es\/\",\"name\":\"Revertia\",\"description\":\"\",\"publisher\":{\"@id\":\"https:\/\/revertia.com\/es\/#organization\"},\"potentialAction\":[{\"@type\":\"SearchAction\",\"target\":{\"@type\":\"EntryPoint\",\"urlTemplate\":\"https:\/\/revertia.com\/es\/?s={search_term_string}\"},\"query-input\":\"required name=search_term_string\"}],\"inLanguage\":\"en-US\"},{\"@type\":\"Organization\",\"@id\":\"https:\/\/revertia.com\/es\/#organization\",\"name\":\"Revertia\",\"url\":\"https:\/\/revertia.com\/es\/\",\"logo\":{\"@type\":\"ImageObject\",\"inLanguage\":\"en-US\",\"@id\":\"https:\/\/revertia.com\/es\/#\/schema\/logo\/image\/\",\"url\":\"https:\/\/revertia.com\/wp-content\/uploads\/2018\/08\/logo-revertia.png\",\"contentUrl\":\"https:\/\/revertia.com\/wp-content\/uploads\/2018\/08\/logo-revertia.png\",\"width\":199,\"height\":38,\"caption\":\"Revertia\"},\"image\":{\"@id\":\"https:\/\/revertia.com\/es\/#\/schema\/logo\/image\/\"},\"sameAs\":[\"https:\/\/www.facebook.com\/revertiaresiduos\/\",\"https:\/\/x.com\/revertia\",\"https:\/\/www.linkedin.com\/company\/revertia\",\"https:\/\/www.youtube.com\/user\/revertia\"]}]}<\/script>\n<!-- \/ Yoast SEO plugin. -->","yoast_head_json":{"title":"Certificaciones de calidad y medioambiente de revertia - Revertia","description":"Revertia cuenta con certificaciones de Calidad, Medio Ambiente y Seguridad de la Informaci\u00f3n: UNE-EN ISO 9001, 14001 y UNE-ISO\/IEC 27001","robots":{"index":"index","follow":"follow","max-snippet":"max-snippet:-1","max-image-preview":"max-image-preview:large","max-video-preview":"max-video-preview:-1"},"canonical":"https:\/\/revertia.com\/certificaciones-de-revertia\/","og_locale":"en_US","og_type":"article","og_title":"Certificaciones de calidad y medioambiente de revertia - Revertia","og_description":"Revertia cuenta con certificaciones de Calidad, Medio Ambiente y Seguridad de la Informaci\u00f3n: UNE-EN ISO 9001, 14001 y UNE-ISO\/IEC 27001","og_url":"https:\/\/revertia.com\/certificaciones-de-revertia\/","og_site_name":"Revertia","article_publisher":"https:\/\/www.facebook.com\/revertiaresiduos\/","article_modified_time":"2025-12-09T17:40:24+00:00","og_image":[{"url":"https:\/\/revertia.com\/wp-content\/uploads\/2022\/10\/normativas.svg"}],"twitter_card":"summary_large_image","twitter_site":"@revertia","twitter_misc":{"Est. reading time":"3 minutes"},"schema":{"@context":"https:\/\/schema.org","@graph":[{"@type":"WebPage","@id":"https:\/\/revertia.com\/certificaciones-de-revertia\/","url":"https:\/\/revertia.com\/certificaciones-de-revertia\/","name":"Certificaciones de calidad y medioambiente de revertia - Revertia","isPartOf":{"@id":"https:\/\/revertia.com\/es\/#website"},"primaryImageOfPage":{"@id":"https:\/\/revertia.com\/certificaciones-de-revertia\/#primaryimage"},"image":{"@id":"https:\/\/revertia.com\/certificaciones-de-revertia\/#primaryimage"},"thumbnailUrl":"https:\/\/revertia.com\/wp-content\/uploads\/2022\/10\/normativas.svg","datePublished":"2023-02-24T12:35:21+00:00","dateModified":"2025-12-09T17:40:24+00:00","description":"Revertia cuenta con certificaciones de Calidad, Medio Ambiente y Seguridad de la Informaci\u00f3n: UNE-EN ISO 9001, 14001 y UNE-ISO\/IEC 27001","breadcrumb":{"@id":"https:\/\/revertia.com\/certificaciones-de-revertia\/#breadcrumb"},"inLanguage":"en-US","potentialAction":[{"@type":"ReadAction","target":["https:\/\/revertia.com\/certificaciones-de-revertia\/"]}]},{"@type":"ImageObject","inLanguage":"en-US","@id":"https:\/\/revertia.com\/certificaciones-de-revertia\/#primaryimage","url":"https:\/\/revertia.com\/wp-content\/uploads\/2022\/10\/normativas.svg","contentUrl":"https:\/\/revertia.com\/wp-content\/uploads\/2022\/10\/normativas.svg"},{"@type":"BreadcrumbList","@id":"https:\/\/revertia.com\/certificaciones-de-revertia\/#breadcrumb","itemListElement":[{"@type":"ListItem","position":1,"name":"Portada","item":"https:\/\/revertia.com\/"},{"@type":"ListItem","position":2,"name":"Certificaciones de Revertia"}]},{"@type":"WebSite","@id":"https:\/\/revertia.com\/es\/#website","url":"https:\/\/revertia.com\/es\/","name":"Revertia","description":"","publisher":{"@id":"https:\/\/revertia.com\/es\/#organization"},"potentialAction":[{"@type":"SearchAction","target":{"@type":"EntryPoint","urlTemplate":"https:\/\/revertia.com\/es\/?s={search_term_string}"},"query-input":"required name=search_term_string"}],"inLanguage":"en-US"},{"@type":"Organization","@id":"https:\/\/revertia.com\/es\/#organization","name":"Revertia","url":"https:\/\/revertia.com\/es\/","logo":{"@type":"ImageObject","inLanguage":"en-US","@id":"https:\/\/revertia.com\/es\/#\/schema\/logo\/image\/","url":"https:\/\/revertia.com\/wp-content\/uploads\/2018\/08\/logo-revertia.png","contentUrl":"https:\/\/revertia.com\/wp-content\/uploads\/2018\/08\/logo-revertia.png","width":199,"height":38,"caption":"Revertia"},"image":{"@id":"https:\/\/revertia.com\/es\/#\/schema\/logo\/image\/"},"sameAs":["https:\/\/www.facebook.com\/revertiaresiduos\/","https:\/\/x.com\/revertia","https:\/\/www.linkedin.com\/company\/revertia","https:\/\/www.youtube.com\/user\/revertia"]}]}},"_links":{"self":[{"href":"https:\/\/revertia.com\/en\/wp-json\/wp\/v2\/pages\/21442"}],"collection":[{"href":"https:\/\/revertia.com\/en\/wp-json\/wp\/v2\/pages"}],"about":[{"href":"https:\/\/revertia.com\/en\/wp-json\/wp\/v2\/types\/page"}],"author":[{"embeddable":true,"href":"https:\/\/revertia.com\/en\/wp-json\/wp\/v2\/users\/3"}],"replies":[{"embeddable":true,"href":"https:\/\/revertia.com\/en\/wp-json\/wp\/v2\/comments?post=21442"}],"version-history":[{"count":115,"href":"https:\/\/revertia.com\/en\/wp-json\/wp\/v2\/pages\/21442\/revisions"}],"predecessor-version":[{"id":65272,"href":"https:\/\/revertia.com\/en\/wp-json\/wp\/v2\/pages\/21442\/revisions\/65272"}],"wp:attachment":[{"href":"https:\/\/revertia.com\/en\/wp-json\/wp\/v2\/media?parent=21442"}],"curies":[{"name":"wp","href":"https:\/\/api.w.org\/{rel}","templated":true}]}}